{"id":290,"date":"2017-01-27T03:48:54","date_gmt":"2017-01-27T03:48:54","guid":{"rendered":"http:\/\/blogsaverroes.juntadeandalucia.es\/ceipnuestropadrejesus\/?page_id=290"},"modified":"2021-05-25T11:41:31","modified_gmt":"2021-05-25T11:41:31","slug":"actividades-extraescolares","status":"publish","type":"page","link":"https:\/\/blogsaverroes.juntadeandalucia.es\/ceipnuestropadrejesus\/actividades-extraescolares\/","title":{"rendered":"Actividades Extraescolares"},"content":{"rendered":"<p align=\"JUSTIFY\">De acuerdo a lo recogido en la Orden de 3 de agosto de 2010, por la que se regulan los servicios complementarios de la ense\u00f1anza de aula matinal, comedor escolar y actividades extraescolares en los centros docentes p\u00fablicos, as\u00ed como la ampliaci\u00f3n de horario, los centros educativos podr\u00e1n mantener abiertas sus instalaciones hasta las 18,00 horas, todos los d\u00edas lectivos excepto los viernes, en los que el cierre se realizar\u00e1 a las 16,00 horas.<\/p>\n<p align=\"JUSTIFY\">El CEIP Ntro Padre Jes\u00fas oferta, en este horario, las siguientes actividades extraescolares:<\/p>\n<ul style=\"list-style-type: disc\">\n<li>Organizadas por la Agencia P\u00fablica Administrativa Local Sociocultural de Empleo y Deportes, dependiente del Ayuntamiento de Ronda: INFORM\u00c1TICA E INGL\u00c9S.<\/li>\n<li>Inform\u00e1tica: Tiene como objetivo reforzar y motivar el aprendizaje utilizando el ordenador como refuerzo educativo.<br \/>\n<img loading=\"lazy\" decoding=\"async\" class=\"irc_mi alignright\" src=\"http:\/\/www.elnortedecastilla.es\/noticias\/201405\/23\/Media\/26629613.jpg\" alt=\"Resultado de imagen de informatica en la escuela\" width=\"300\" height=\"180\"><\/li>\n<li>-Ingl\u00e9s: Dirigido a actividades de refuerzo y apoyo de ingl\u00e9s.<\/li>\n<\/ul>\n<p>&nbsp;<\/p>\n<ul>\n<li>Programa de Acompa\u00f1amiento Escolar: organizados en dos grupos, con la finalidad de programar actividades de refuerzo y apoyo, dirigidas al alumnado que presente dificultades de aprendizaje.<\/li>\n<\/ul>\n<p align=\"JUSTIFY\">&#8211; Grupo 1\u00ba: 3\u00ba y 4\u00ba de E.d. Primaria.<\/p>\n<p align=\"JUSTIFY\">&#8211; Grupo 2\u00ba: 5\u00ba y 6\u00ba de E.d.Primaria.<\/p>\n<p style=\"padding-left: 60px\" align=\"JUSTIFY\">&nbsp;<\/p>\n<p style=\"padding-left: 60px\" align=\"JUSTIFY\">&nbsp;<\/p>\n<ul>\n<li>Proyecto de deporte: trata sobre la pr\u00e1ctica de diferentes deportes, de manera que todos los alumnos y alumnas conozcan de forma sucesiva, diversas modalidades deportivas, conforme a su aptitud y edad.<\/li>\n<\/ul>\n<p>Las actividades trabajadas en este proyecto son las siguientes:<\/p>\n<ul>\n<li>F\u00fatbol sala.<\/li>\n<li>Multideporte.<\/li>\n<\/ul>\n<p>Estos dos talleres estar\u00e1 separados por grupos, principalmente por edades.<\/p>\n<p>El taller de multideporte desarrollar\u00e1 a lo largo del curso contenidos como: orientaci\u00f3n, actividades con m\u00fasica, baloncesto, voleibol, badminton, condici\u00f3n f\u00edsica b\u00e1sica&#8230;<\/p>\n<p>El objetivo general de este proyecto es ofrecer a nuestros alumnos y alumnas programas de actividades f\u00edsicas y deportivas adecuadas a su edad y necesidades.<\/p>\n<ul>\n<li>Lunes y martes, de 17h a 18h: f\u00fatbol sala.<\/li>\n<li>Mi\u00e9rcoles y jueves, de 17h a 18h: multideporte.<\/li>\n<\/ul>\n<p><img loading=\"lazy\" decoding=\"async\" src=\"http:\/\/www.sanraimundodepe%C3%B1afort.com\/wp\/wp-content\/uploads\/2015\/02\/deporte-ni%C3%B1os-570x230.jpg\" alt=\"Resultado de imagen de deporte en el colegio\" width=\"570\" height=\"230\"><\/p>\n","protected":false},"excerpt":{"rendered":"<p>De acuerdo a lo recogido en la Orden de 3 de agosto de 2010, por la que se regulan los servicios complementarios de la ense\u00f1anza de aula matinal, comedor escolar y actividades extraescolares en&#46;&#46;&#46;<\/p>\n","protected":false},"author":4154,"featured_media":0,"parent":0,"menu_order":0,"comment_status":"closed","ping_status":"open","template":"","meta":{"ngg_post_thumbnail":0,"footnotes":""},"aioseo_notices":[],"_links":{"self":[{"href":"https:\/\/blogsaverroes.juntadeandalucia.es\/ceipnuestropadrejesus\/wp-json\/wp\/v2\/pages\/290"}],"collection":[{"href":"https:\/\/blogsaverroes.juntadeandalucia.es\/ceipnuestropadrejesus\/wp-json\/wp\/v2\/pages"}],"about":[{"href":"https:\/\/blogsaverroes.juntadeandalucia.es\/ceipnuestropadrejesus\/wp-json\/wp\/v2\/types\/page"}],"author":[{"embeddable":true,"href":"https:\/\/blogsaverroes.juntadeandalucia.es\/ceipnuestropadrejesus\/wp-json\/wp\/v2\/users\/4154"}],"replies":[{"embeddable":true,"href":"https:\/\/blogsaverroes.juntadeandalucia.es\/ceipnuestropadrejesus\/wp-json\/wp\/v2\/comments?post=290"}],"version-history":[{"count":9,"href":"https:\/\/blogsaverroes.juntadeandalucia.es\/ceipnuestropadrejesus\/wp-json\/wp\/v2\/pages\/290\/revisions"}],"predecessor-version":[{"id":2403,"href":"https:\/\/blogsaverroes.juntadeandalucia.es\/ceipnuestropadrejesus\/wp-json\/wp\/v2\/pages\/290\/revisions\/2403"}],"wp:attachment":[{"href":"https:\/\/blogsaverroes.juntadeandalucia.es\/ceipnuestropadrejesus\/wp-json\/wp\/v2\/media?parent=290"}],"curies":[{"name":"wp","href":"https:\/\/api.w.org\/{rel}","templated":true}]}}