{"id":339,"date":"2017-03-22T11:23:41","date_gmt":"2017-03-22T11:23:41","guid":{"rendered":"http:\/\/blogsaverroes.juntadeandalucia.es\/ceipnuestropadrejesus\/?page_id=339"},"modified":"2020-11-21T17:31:02","modified_gmt":"2020-11-21T17:31:02","slug":"ubicacion-del-centro","status":"publish","type":"page","link":"https:\/\/blogsaverroes.juntadeandalucia.es\/ceipnuestropadrejesus\/ubicacion-del-centro\/","title":{"rendered":"Datos del centro"},"content":{"rendered":"<p align=\"JUSTIFY\">C.E.I.P. Ntro Padre Jes\u00fas, centro perteneciente a la Consejer\u00eda de Educaci\u00f3n de la Junta de Andaluc\u00eda.<\/p>\n<p align=\"JUSTIFY\"><strong>Direcci\u00f3n:<\/strong> C\/ Mar\u00eda Cabrera, 48<\/p>\n<p align=\"JUSTIFY\"><strong>Tel\u00e9fono\/ Fax:<\/strong> 952 16 99 27 \/ 952 16 99 27<\/p>\n<p align=\"JUSTIFY\"><strong>E-mail:<\/strong> 29007780.edu@juntadeandalucia.es<\/p>\n<h4 align=\"JUSTIFY\">Horarios:<\/h4>\n<ul>\n<li>\n<p align=\"JUSTIFY\">Aula matinal: De 7:30 a 9:00 horas<\/p>\n<\/li>\n<li>\n<p align=\"JUSTIFY\">Horario lectivo: De 9:00 a 14:00 horas<\/p>\n<\/li>\n<li>\n<p align=\"JUSTIFY\">Comedor escolar: De 14:00 a 16:00 horas<\/p>\n<\/li>\n<li>\n<p align=\"JUSTIFY\">Actividades extraescolares: De 16:00 a 18:00 horas, en d\u00edas alternos y dependiendo del tipo de actividad.<\/p>\n<\/li>\n<li>\n<p align=\"JUSTIFY\">Plan de acompa\u00f1amiento: martes y jueves de 16:00 a 18:00 horas<\/p>\n<\/li>\n<\/ul>\n<h4 align=\"JUSTIFY\">Oferta Educativa:<\/h4>\n<p align=\"JUSTIFY\">Segundo Ciclo de Educaci\u00f3n Infantil (de 3 a 5 a\u00f1os) y Educaci\u00f3n Primaria (de 1\u00ba a 6\u00ba).<\/p>\n<p align=\"JUSTIFY\"><img loading=\"lazy\" decoding=\"async\" class=\"aligncenter size-full wp-image-1992\" src=\"https:\/\/blogsaverroes.juntadeandalucia.es\/ceipnuestropadrejesus\/files\/2020\/11\/COLEGIO.jpg\" alt=\"\" width=\"259\" height=\"194\" srcset=\"https:\/\/blogsaverroes.juntadeandalucia.es\/ceipnuestropadrejesus\/files\/2020\/11\/COLEGIO.jpg 259w, https:\/\/blogsaverroes.juntadeandalucia.es\/ceipnuestropadrejesus\/files\/2020\/11\/COLEGIO-24x18.jpg 24w, https:\/\/blogsaverroes.juntadeandalucia.es\/ceipnuestropadrejesus\/files\/2020\/11\/COLEGIO-36x27.jpg 36w, https:\/\/blogsaverroes.juntadeandalucia.es\/ceipnuestropadrejesus\/files\/2020\/11\/COLEGIO-48x36.jpg 48w\" sizes=\"(max-width: 259px) 100vw, 259px\" \/><\/p>\n<p align=\"JUSTIFY\"><strong><span style=\"font-family: Arial,sans-serif\"><span style=\"font-size: large\">&nbsp;<\/span><\/span><\/strong><\/p>\n","protected":false},"excerpt":{"rendered":"<p>C.E.I.P. Ntro Padre Jes\u00fas, centro perteneciente a la Consejer\u00eda de Educaci\u00f3n de la Junta de Andaluc\u00eda. Direcci\u00f3n: C\/ Mar\u00eda Cabrera, 48 Tel\u00e9fono\/ Fax: 952 16 99 27 \/ 952 16 99 27 E-mail: 29007780.edu@juntadeandalucia.es&#46;&#46;&#46;<\/p>\n","protected":false},"author":4154,"featured_media":0,"parent":0,"menu_order":0,"comment_status":"closed","ping_status":"closed","template":"","meta":{"ngg_post_thumbnail":0,"footnotes":""},"aioseo_notices":[],"_links":{"self":[{"href":"https:\/\/blogsaverroes.juntadeandalucia.es\/ceipnuestropadrejesus\/wp-json\/wp\/v2\/pages\/339"}],"collection":[{"href":"https:\/\/blogsaverroes.juntadeandalucia.es\/ceipnuestropadrejesus\/wp-json\/wp\/v2\/pages"}],"about":[{"href":"https:\/\/blogsaverroes.juntadeandalucia.es\/ceipnuestropadrejesus\/wp-json\/wp\/v2\/types\/page"}],"author":[{"embeddable":true,"href":"https:\/\/blogsaverroes.juntadeandalucia.es\/ceipnuestropadrejesus\/wp-json\/wp\/v2\/users\/4154"}],"replies":[{"embeddable":true,"href":"https:\/\/blogsaverroes.juntadeandalucia.es\/ceipnuestropadrejesus\/wp-json\/wp\/v2\/comments?post=339"}],"version-history":[{"count":7,"href":"https:\/\/blogsaverroes.juntadeandalucia.es\/ceipnuestropadrejesus\/wp-json\/wp\/v2\/pages\/339\/revisions"}],"predecessor-version":[{"id":1993,"href":"https:\/\/blogsaverroes.juntadeandalucia.es\/ceipnuestropadrejesus\/wp-json\/wp\/v2\/pages\/339\/revisions\/1993"}],"wp:attachment":[{"href":"https:\/\/blogsaverroes.juntadeandalucia.es\/ceipnuestropadrejesus\/wp-json\/wp\/v2\/media?parent=339"}],"curies":[{"name":"wp","href":"https:\/\/api.w.org\/{rel}","templated":true}]}}