{"id":346,"date":"2017-03-22T11:47:55","date_gmt":"2017-03-22T11:47:55","guid":{"rendered":"http:\/\/blogsaverroes.juntadeandalucia.es\/ceipnuestropadrejesus\/?page_id=346"},"modified":"2022-11-13T23:45:01","modified_gmt":"2022-11-13T23:45:01","slug":"equipo-directivo","status":"publish","type":"page","link":"https:\/\/blogsaverroes.juntadeandalucia.es\/ceipnuestropadrejesus\/equipo-directivo\/","title":{"rendered":"Equipo directivo"},"content":{"rendered":"<p align=\"JUSTIFY\"><img loading=\"lazy\" decoding=\"async\" class=\"aligncenter size-full wp-image-1994\" src=\"https:\/\/blogsaverroes.juntadeandalucia.es\/ceipnuestropadrejesus\/files\/2020\/11\/EQUIPO-DIRECTIVO.jpg\" alt=\"\" width=\"259\" height=\"194\" srcset=\"https:\/\/blogsaverroes.juntadeandalucia.es\/ceipnuestropadrejesus\/files\/2020\/11\/EQUIPO-DIRECTIVO.jpg 259w, https:\/\/blogsaverroes.juntadeandalucia.es\/ceipnuestropadrejesus\/files\/2020\/11\/EQUIPO-DIRECTIVO-24x18.jpg 24w, https:\/\/blogsaverroes.juntadeandalucia.es\/ceipnuestropadrejesus\/files\/2020\/11\/EQUIPO-DIRECTIVO-36x27.jpg 36w, https:\/\/blogsaverroes.juntadeandalucia.es\/ceipnuestropadrejesus\/files\/2020\/11\/EQUIPO-DIRECTIVO-48x36.jpg 48w\" sizes=\"(max-width: 259px) 100vw, 259px\" \/><\/p>\n<p align=\"JUSTIFY\">&nbsp;<\/p>\n<p align=\"JUSTIFY\"><strong>Direcci\u00f3n:<\/strong> Josefa Ramos Herrera<\/p>\n<p align=\"JUSTIFY\"><strong>Jefatura de estudios:<\/strong> Josefa Ramos Herrera<\/p>\n<p align=\"JUSTIFY\">&nbsp;<\/p>\n<h2 align=\"CENTER\">FUNCIONES DEL EQUIPO DIRECTIVO<\/h2>\n<p>&nbsp;<\/p>\n<ol>\n<li>\n<p align=\"JUSTIFY\">Velar por el buen funcionamiento del centro.<\/p>\n<\/li>\n<li>\n<p align=\"JUSTIFY\">Establecer el horario que corresponde a cada \u00e1rea y, en general, el de cualquier otra actividad docente y no docente.<\/p>\n<\/li>\n<li>\n<p align=\"JUSTIFY\">Adoptar las medidas necesarias para la ejecuci\u00f3n coordinada de los acuerdos adoptados por el Consejo Escolar y el Claustro de Profesorado, as\u00ed como velar por el cumplimiento de las decisiones de los \u00f3rganos de coordinaci\u00f3n docente, en el \u00e1mbito de sus respectivas competencias.<\/p>\n<\/li>\n<li>\n<p align=\"JUSTIFY\">Elaborar el Plan de Centro y la memoria de autoevaluaci\u00f3n, de conformidad con lo establecido en los art\u00edculos 20.2 y 3 y 26.5 del Decreto 328\/2010 de 13 de Julio.<\/p>\n<\/li>\n<li>\n<p align=\"JUSTIFY\">Impulsar la actuaci\u00f3n coordinada del centro con el resto de centros docentes de su zona educativa, especialmente con el instituto de educaci\u00f3n secundaria al que est\u00e9 adscrito.<\/p>\n<\/li>\n<li>\n<p align=\"JUSTIFY\">Favorecer la participaci\u00f3n del centro en redes de centros que promuevan planes y proyectos educativos para la mejora permanente de la ense\u00f1anza.<\/p>\n<\/li>\n<li>\n<p align=\"JUSTIFY\">Colaborar con la Consejer\u00eda competente en materia de educaci\u00f3n en aquellos \u00f3rganos de participaci\u00f3n que, a tales efectos, se establezcan.<\/p>\n<\/li>\n<li>\n<p align=\"JUSTIFY\">Cumplimentar la documentaci\u00f3n solicitada por los \u00f3rganos y entidades dependientes de la Consejer\u00eda competente en materia de educaci\u00f3n.<\/p>\n<\/li>\n<li>\n<p align=\"JUSTIFY\">Cualesquiera otras que le sean atribuidas por Orden de la persona titular de la Consejer\u00eda competente en materia de educaci\u00f3n.<\/p>\n<\/li>\n<\/ol>\n<p align=\"CENTER\">&nbsp;<\/p>\n<h2 align=\"CENTER\">FUNCIONES DE LA PERSONA A CARGO DE LA JEFATURA DE ESTUDIOS<\/h2>\n<ol>\n<li>\n<p align=\"JUSTIFY\">Ejercer, por delegaci\u00f3n de la direcci\u00f3n y bajo su autoridad, la jefatura del personal docente en todo lo relativo al r\u00e9gimen acad\u00e9mico y controlar la asistencia al trabajo del mismo.<\/p>\n<\/li>\n<li>\n<p align=\"JUSTIFY\">Sustituir al director o directora en caso de vacante, ausencia o enfermedad.<\/p>\n<\/li>\n<li>\n<p align=\"JUSTIFY\">Ejercer, por delegaci\u00f3n de la direcci\u00f3n, la presidencia de las sesiones del equipo t\u00e9cnico de coordinaci\u00f3n pedag\u00f3gica.<\/p>\n<\/li>\n<li>\n<p align=\"JUSTIFY\">Proponer a la direcci\u00f3n del centro el nombramiento y cese de los tutores y tutoras.<\/p>\n<\/li>\n<li>\n<p align=\"JUSTIFY\">Coordinar las actividades de car\u00e1cter acad\u00e9mico y de orientaci\u00f3n, incluidas las derivadas de la coordinaci\u00f3n con los institutos de educaci\u00f3n secundaria a los que se encuentre adscrito el centro.<\/p>\n<\/li>\n<li>\n<p align=\"JUSTIFY\">Elaborar, en colaboraci\u00f3n con los restantes miembros del equipo directivo, el horario general del centro, as\u00ed como el horario lectivo del alumnado y el individual de cada maestro y maestra, de acuerdo con los criterios incluidos en el proyecto educativo, as\u00ed como velar por su estricto cumplimiento.<\/p>\n<\/li>\n<li>\n<p align=\"JUSTIFY\">Elaborar el plan de reuniones de los \u00f3rganos de coordinaci\u00f3n docente.<\/p>\n<\/li>\n<li>\n<p align=\"JUSTIFY\">Elaborar la planificaci\u00f3n general de las sesiones de evaluaci\u00f3n.<\/p>\n<\/li>\n<li>\n<p align=\"JUSTIFY\">Coordinar las actividades de los coordinadores de ciclo.<\/p>\n<\/li>\n<li>\n<p align=\"JUSTIFY\">Garantizar el cumplimiento de las programaciones did\u00e1cticas.<\/p>\n<\/li>\n<li>\n<p align=\"JUSTIFY\">Organizar los actos acad\u00e9micos.<\/p>\n<\/li>\n<li>\n<p align=\"JUSTIFY\">Organizar la atenci\u00f3n y el cuidado del alumnado en los per\u00edodos de recreo y en las actividades no lectivas.<\/p>\n<\/li>\n<li>\n<p align=\"JUSTIFY\">Cualesquiera otras que le sean atribuidas en el Plan de Centro o por Orden de la persona titular de la Consejer\u00eda competente en materia de educaci\u00f3n.<\/p>\n<\/li>\n<li>\n<p align=\"JUSTIFY\">Cualesquiera otras delegadas por la persona que ejerza la direcci\u00f3n del centro.<\/p>\n<\/li>\n<\/ol>\n<p>&nbsp;<\/p>\n<h2 align=\"CENTER\">FUNCIONES DE LA PERSONA&nbsp;A CARGO DE LA SECRETAR\u00cdA<\/h2>\n<ol>\n<li>\n<p align=\"JUSTIFY\">Ordenar el r\u00e9gimen administrativo del centro, de conformidad con las directrices de la direcci\u00f3n.<\/p>\n<\/li>\n<li>\n<p align=\"JUSTIFY\">Ejercer la secretar\u00eda de los \u00f3rganos colegiados de gobierno del centro, establecer el plan de reuniones de dichos \u00f3rganos, levantar acta de las sesiones y dar fe de los acuerdos, todo ello con el visto bueno de la direcci\u00f3n.<\/p>\n<\/li>\n<li>\n<p align=\"JUSTIFY\">Custodiar los libros oficiales y archivos del centro.<\/p>\n<\/li>\n<li>\n<p align=\"JUSTIFY\">Expedir, con el visto bueno de la direcci\u00f3n, las certificaciones que soliciten las autoridades y las personas interesadas.<\/p>\n<\/li>\n<li>\n<p align=\"JUSTIFY\">Realizar el inventario general del centro y mantenerlo actualizado.<\/p>\n<\/li>\n<li>\n<p align=\"JUSTIFY\">Adquirir el material y el equipamiento del centro, custodiar y gestionar la utilizaci\u00f3n del mismo y velar por su mantenimiento en todos los aspectos, de acuerdo con la normativa vigente y las indicaciones de la direcci\u00f3n, sin perjuicio de las facultades que en materia de contrataci\u00f3n corresponden a la persona titular de la direcci\u00f3n, de conformidad con lo recogido en el art\u00edculo 70.1.k) del Decreto 328\/2010 de 13 de Julio<\/p>\n<\/li>\n<li>\n<p align=\"JUSTIFY\">Ejercer, por delegaci\u00f3n de la direcci\u00f3n y bajo su autoridad, la jefatura del personal de administraci\u00f3n y servicios y de atenci\u00f3n educativa complementaria adscrito al centro y controlar la asistencia al trabajo del mismo.<\/p>\n<\/li>\n<li>\n<p align=\"JUSTIFY\">Elaborar, en colaboraci\u00f3n con los restantes miembros del equipo directivo, el horario del personal de administraci\u00f3n y servicios y de atenci\u00f3n educativa complementaria, as\u00ed como velar por su estricto cumplimiento.<\/p>\n<\/li>\n<li>\n<p align=\"JUSTIFY\">Elaborar el anteproyecto de presupuesto de ingresos y gastos del centro.<\/p>\n<\/li>\n<li>\n<p align=\"JUSTIFY\">Ordenar el r\u00e9gimen econ\u00f3mico del centro, de conformidad con las instrucciones de la direcci\u00f3n, realizar la contabilidad y rendir cuentas ante la Consejer\u00eda competente en materia de educaci\u00f3n y los \u00f3rganos a los que se refiere el art\u00edculo 25.4. del Decreto 328\/2010 de 13 de Julio.<\/p>\n<\/li>\n<li>\n<p align=\"JUSTIFY\">Cualesquiera otras que le sean atribuidas en el Plan de Centro o por Orden de la persona titular de la Consejer\u00eda competente en materia de educaci\u00f3n.<\/p>\n<\/li>\n<li>\n<p align=\"JUSTIFY\">Cualesquiera otras delegadas por la persona que ejerza la direcci\u00f3n del centro<\/p>\n<\/li>\n<\/ol>\n","protected":false},"excerpt":{"rendered":"<p>&nbsp; Direcci\u00f3n: Josefa Ramos Herrera Jefatura de estudios: Josefa Ramos Herrera &nbsp; FUNCIONES DEL EQUIPO DIRECTIVO &nbsp; Velar por el buen funcionamiento del centro. Establecer el horario que corresponde a cada \u00e1rea y, en&#46;&#46;&#46;<\/p>\n","protected":false},"author":4154,"featured_media":0,"parent":0,"menu_order":0,"comment_status":"closed","ping_status":"closed","template":"","meta":{"ngg_post_thumbnail":0,"footnotes":""},"aioseo_notices":[],"_links":{"self":[{"href":"https:\/\/blogsaverroes.juntadeandalucia.es\/ceipnuestropadrejesus\/wp-json\/wp\/v2\/pages\/346"}],"collection":[{"href":"https:\/\/blogsaverroes.juntadeandalucia.es\/ceipnuestropadrejesus\/wp-json\/wp\/v2\/pages"}],"about":[{"href":"https:\/\/blogsaverroes.juntadeandalucia.es\/ceipnuestropadrejesus\/wp-json\/wp\/v2\/types\/page"}],"author":[{"embeddable":true,"href":"https:\/\/blogsaverroes.juntadeandalucia.es\/ceipnuestropadrejesus\/wp-json\/wp\/v2\/users\/4154"}],"replies":[{"embeddable":true,"href":"https:\/\/blogsaverroes.juntadeandalucia.es\/ceipnuestropadrejesus\/wp-json\/wp\/v2\/comments?post=346"}],"version-history":[{"count":9,"href":"https:\/\/blogsaverroes.juntadeandalucia.es\/ceipnuestropadrejesus\/wp-json\/wp\/v2\/pages\/346\/revisions"}],"predecessor-version":[{"id":3108,"href":"https:\/\/blogsaverroes.juntadeandalucia.es\/ceipnuestropadrejesus\/wp-json\/wp\/v2\/pages\/346\/revisions\/3108"}],"wp:attachment":[{"href":"https:\/\/blogsaverroes.juntadeandalucia.es\/ceipnuestropadrejesus\/wp-json\/wp\/v2\/media?parent=346"}],"curies":[{"name":"wp","href":"https:\/\/api.w.org\/{rel}","templated":true}]}}