{"id":349,"date":"2017-03-22T11:48:14","date_gmt":"2017-03-22T11:48:14","guid":{"rendered":"http:\/\/blogsaverroes.juntadeandalucia.es\/ceipnuestropadrejesus\/?page_id=349"},"modified":"2019-02-22T18:33:20","modified_gmt":"2019-02-22T18:33:20","slug":"secretaria","status":"publish","type":"page","link":"https:\/\/blogsaverroes.juntadeandalucia.es\/ceipnuestropadrejesus\/secretaria\/","title":{"rendered":"Secretar\u00eda"},"content":{"rendered":"<p align=\"JUSTIFY\">En la Secretar\u00eda el centro, se desarrollan todas las funciones y tr\u00e1mites administrativos del mismo. El horario de atenci\u00f3n es los lunes, martes,mi\u00e9rcoles,&nbsp; jueves&nbsp; y viernes de 9:00 a 9:45 .<\/p>\n<p align=\"JUSTIFY\">Los principales tr\u00e1mites que se llevan a cabo en la Secretar\u00eda son:<\/p>\n<ul>\n<li>Certificaciones relativas al alumnado y al profesorado del centro<\/li>\n<li>Gesti\u00f3n de la documentaci\u00f3n del alumnado: Expediente personal, historial acad\u00e9mico. Gesti\u00f3n econ\u00f3mica: Presupuestos, pagos, presentaci\u00f3n de cuentas a la administraci\u00f3n, etc.<\/li>\n<li>Cumplimentaci\u00f3n y custodia de las Actas oficiales de evaluaci\u00f3n de los diferentes cursos.<\/li>\n<li>Orden y custodia del archivo hist\u00f3rico del centro.<\/li>\n<li>Dep\u00f3sito de los libros de Actas de los \u00f3rganos colegiados.<\/li>\n<li>Prescripci\u00f3n del alumnado nuevo de cara al curso siguiente (Todo el mes de marzo)<\/li>\n<li>Gesti\u00f3n de la admisi\u00f3n y escolarizaci\u00f3n del alumnado.<\/li>\n<li>Matriculaci\u00f3n para el curso siguiente (Primera semana de junio)<\/li>\n<li>Tramitaci\u00f3n de solicitudes y ayudas de los distintos servicios del centro: Comedor, aula matinal y actividades extraescolares (Primera semana de junio)<\/li>\n<li>Tramitaci\u00f3n de ayudas y becas de diversa \u00edndole convocadas por las distintas administraciones educativas.<\/li>\n<li>Tramitaci\u00f3n de los expedientes acad\u00e9micos del alumnado inmerso en procesos de traslado de centro.<\/li>\n<li>Nuestro centro esta trabajando&nbsp; y&nbsp; organizando la documentaci\u00f3n en formato digital , de manera que estamos inmersos en el proceso de digitalizaci\u00f3n del centro . Participamos en el programa PRODIG de la Consejer\u00eda de Educaci\u00f3n y entre las acciones que desarrollamos desde la secretaria&nbsp; les ofrecemos los siguientes&nbsp; servicios :<\/li>\n<li>Matricula electr\u00f3nica<\/li>\n<li>Uso de Ipasen para facilitar la comunicaci\u00f3n con las familias mediante el m\u00f3vil&nbsp;<\/li>\n<li>Uso de Iseneca para el profesorado en proceso mediante el m\u00f3vil.<\/li>\n<li>Autorizaciones de alumnos para excursiones&nbsp; v\u00eda S\u00e9neca.<\/li>\n<li>Gesti\u00f3n telem\u00e1tica de libros de entradas y salida de documentos del centro .<\/li>\n<li>Gesti\u00f3n econ\u00f3mica mediante cuadernos de transferencias&nbsp;<\/li>\n<li>Comunicaciones internas y externas a trav\u00e9s de la plataforma S\u00e9neca.<\/li>\n<\/ul>\n","protected":false},"excerpt":{"rendered":"<p>En la Secretar\u00eda el centro, se desarrollan todas las funciones y tr\u00e1mites administrativos del mismo. El horario de atenci\u00f3n es los lunes, martes,mi\u00e9rcoles,&nbsp; jueves&nbsp; y viernes de 9:00 a 9:45 . Los principales tr\u00e1mites&#46;&#46;&#46;<\/p>\n","protected":false},"author":4154,"featured_media":0,"parent":0,"menu_order":0,"comment_status":"closed","ping_status":"closed","template":"","meta":{"ngg_post_thumbnail":0,"footnotes":""},"aioseo_notices":[],"_links":{"self":[{"href":"https:\/\/blogsaverroes.juntadeandalucia.es\/ceipnuestropadrejesus\/wp-json\/wp\/v2\/pages\/349"}],"collection":[{"href":"https:\/\/blogsaverroes.juntadeandalucia.es\/ceipnuestropadrejesus\/wp-json\/wp\/v2\/pages"}],"about":[{"href":"https:\/\/blogsaverroes.juntadeandalucia.es\/ceipnuestropadrejesus\/wp-json\/wp\/v2\/types\/page"}],"author":[{"embeddable":true,"href":"https:\/\/blogsaverroes.juntadeandalucia.es\/ceipnuestropadrejesus\/wp-json\/wp\/v2\/users\/4154"}],"replies":[{"embeddable":true,"href":"https:\/\/blogsaverroes.juntadeandalucia.es\/ceipnuestropadrejesus\/wp-json\/wp\/v2\/comments?post=349"}],"version-history":[{"count":6,"href":"https:\/\/blogsaverroes.juntadeandalucia.es\/ceipnuestropadrejesus\/wp-json\/wp\/v2\/pages\/349\/revisions"}],"predecessor-version":[{"id":1170,"href":"https:\/\/blogsaverroes.juntadeandalucia.es\/ceipnuestropadrejesus\/wp-json\/wp\/v2\/pages\/349\/revisions\/1170"}],"wp:attachment":[{"href":"https:\/\/blogsaverroes.juntadeandalucia.es\/ceipnuestropadrejesus\/wp-json\/wp\/v2\/media?parent=349"}],"curies":[{"name":"wp","href":"https:\/\/api.w.org\/{rel}","templated":true}]}}