{"id":356,"date":"2017-03-22T11:48:51","date_gmt":"2017-03-22T11:48:51","guid":{"rendered":"http:\/\/blogsaverroes.juntadeandalucia.es\/ceipnuestropadrejesus\/?page_id=356"},"modified":"2022-11-13T23:43:01","modified_gmt":"2022-11-13T23:43:01","slug":"plan-de-centro","status":"publish","type":"page","link":"https:\/\/blogsaverroes.juntadeandalucia.es\/ceipnuestropadrejesus\/plan-de-centro\/","title":{"rendered":"Plan de Centro"},"content":{"rendered":"<h2>PLAN DE CENTRO 2022\/2023 .<\/h2>\n<p>&nbsp;<\/p>\n<p>&nbsp;<\/p>\n<p><a href=\"https:\/\/drive.google.com\/file\/d\/1Hu8J5BZ-kH_RVd9_BAfPnvQH1Hexg9Rx\/view?usp=share_link\"><img loading=\"lazy\" decoding=\"async\" class=\"aligncenter size-thumbnail wp-image-3106\" src=\"https:\/\/blogsaverroes.juntadeandalucia.es\/ceipnuestropadrejesus\/files\/2022\/11\/admin-ajax-150x150.jpg\" alt=\"PLAN CENTRO 2022\/2023\" width=\"150\" height=\"150\"><\/a><\/p>\n<h2>&nbsp;<\/h2>\n<h2>&nbsp;<\/h2>\n<h2>PLAN DE CENTRO 2021\/2022<\/h2>\n<p>&nbsp;<\/p>\n<p>&nbsp;<\/p>\n<p>&nbsp; &nbsp; &nbsp; &nbsp; &nbsp; &nbsp; &nbsp; &nbsp; &nbsp; &nbsp; &nbsp; &nbsp; &nbsp; &nbsp; &nbsp; &nbsp; &nbsp; &nbsp; &nbsp; &nbsp; &nbsp; &nbsp; &nbsp; &nbsp; &nbsp; &nbsp; &nbsp; &nbsp; &nbsp; &nbsp; &nbsp; &nbsp; &nbsp; &nbsp; &nbsp; &nbsp; &nbsp; &nbsp; &nbsp; &nbsp; &nbsp; &nbsp; &nbsp; &nbsp; &nbsp; &nbsp;&nbsp;<\/p>\n<div id=\"attachment_1968\" style=\"width: 220px\" class=\"wp-caption aligncenter\"><a href=\"https:\/\/blogsaverroes.juntadeandalucia.es\/ceipnuestropadrejesus\/files\/2022\/03\/PLANCENTRO2122-1.pdf\" target=\"_blank\" rel=\"noopener noreferrer\"><img loading=\"lazy\" decoding=\"async\" aria-describedby=\"caption-attachment-1968\" class=\"wp-image-1968 size-medium\" src=\"https:\/\/blogsaverroes.juntadeandalucia.es\/ceipnuestropadrejesus\/files\/2020\/11\/unnamed-copia-210x300.jpg\" alt=\"PLAN DE CENTRO\" width=\"210\" height=\"300\" srcset=\"https:\/\/blogsaverroes.juntadeandalucia.es\/ceipnuestropadrejesus\/files\/2020\/11\/unnamed-copia-210x300.jpg 210w, https:\/\/blogsaverroes.juntadeandalucia.es\/ceipnuestropadrejesus\/files\/2020\/11\/unnamed-copia-17x24.jpg 17w, https:\/\/blogsaverroes.juntadeandalucia.es\/ceipnuestropadrejesus\/files\/2020\/11\/unnamed-copia-25x36.jpg 25w, https:\/\/blogsaverroes.juntadeandalucia.es\/ceipnuestropadrejesus\/files\/2020\/11\/unnamed-copia-34x48.jpg 34w, https:\/\/blogsaverroes.juntadeandalucia.es\/ceipnuestropadrejesus\/files\/2020\/11\/unnamed-copia.jpg 701w\" sizes=\"(max-width: 210px) 100vw, 210px\" \/><\/a><p id=\"caption-attachment-1968\" class=\"wp-caption-text\"><strong>&nbsp; &nbsp; &nbsp; &nbsp; &nbsp;PLAN DE CENTRO&nbsp; &nbsp; &nbsp; &nbsp; &nbsp; &nbsp; &nbsp; &nbsp; &nbsp; &nbsp; &nbsp; &nbsp; &nbsp; &nbsp;&nbsp;<\/strong><\/p><\/div>\n<p>&nbsp;<\/p>\n<h2>Proyecto educativo del centro<\/h2>\n<p>El proyecto educativo constituye las se\u00f1as de identidad de nuestro centro docente y expresa la educaci\u00f3n que desea y va a desarrollar en unas condiciones concretas, por lo que deber\u00e1 contemplar los valores, los objetivos y las prioridades de actuaci\u00f3n, no limit\u00e1ndose s\u00f3lo a los aspectos curriculares, sino tambi\u00e9n a aquellos otros que, desde un punto de vista cultural.<\/p>\n<p>El proyecto educativo de nuestro centro define los objetivos particulares que el centro se propone alcanzar, partiendo de su realidad.<\/p>\n<p>Nuestro Centro recoge el proyecto educativo:<\/p>\n<ol>\n<li>El an\u00e1lisis del contexto.<\/li>\n<li>La asignaci\u00f3n de ense\u00f1anzas y los criterios para la elaboraci\u00f3n del horario lectivo del alumnado y del horario individual del profesorado.\n<ol>\n<li>Asignaci\u00f3n de ense\u00f1anzas.<\/li>\n<li>Criterios para la elaboraci\u00f3n del horario lectivo del alumnado y del horario individual del profesorado.<\/li>\n<\/ol>\n<\/li>\n<\/ol>\n<h2>Proyecto de gesti\u00f3n<\/h2>\n<p>Este proyecto tiene como finalidad la gesti\u00f3n eficiente de los recursos humanos y materiales del centro. Esta gesti\u00f3n deber\u00e1 repercutir directamente en el alumnado, de forma que contribuya a que reciban una formaci\u00f3n acad\u00e9mica completa y que est\u00e9 impregnada del fomento de valores como el respeto al medio ambiente y el consumo reflexivo y prudente.<\/p>\n<p>Para establecer los apoyos necesarios que garanticen los procesos de ense\u00f1anza y aprendizaje hay que aprovechar y dotar al centro de recursos y servicios. Por tanto, se actuar\u00e1 en relaci\u00f3n a los:<\/p>\n<ul>\n<li>Recursos humanos: profesorado, alumnado, persona no docente, familias, organizaciones&#8230;<\/li>\n<li>Recursos materiales: estado de las aulas, iluminaci\u00f3n, seguridad, uso de implicaciones did\u00e1cticas, inventarios&#8230;<\/li>\n<li>Recursos espacio-temporales: nueva ordenaci\u00f3n de espacios y aulas, si fuera necesario, nuevos usos, etc.<\/li>\n<li>Servicios: reordenaci\u00f3n de los servicios, si los hubiere (comedor, transporte), apertura del Centro a la Comunidad&#8230;<\/li>\n<\/ul>\n<p>1.PRINCIPIOS Y CRITERIOS GENERALES<\/p>\n<p>Aspectos econ\u00f3micos y materiales<\/p>\n<p>&#8211; Las medidas de ahorro no deben provocar dificultades para la realizaci\u00f3n de las tareas que el colegio tiene encomendadas, como centro educativo.- Un buen uso de las nuevas tecnolog\u00edas puede ser \u00fatil para conseguir rebajar la utilizaci\u00f3n de recursos b\u00e1sicos.<\/p>\n<p>En resumen, en el desarrollo de toda gesti\u00f3n econ\u00f3mica deben seguirse las orientaciones propuestas en las fases siguientes:<\/p>\n<ul>\n<li>Establecimiento de un balance que permite conocer cu\u00e1l es la situaci\u00f3n econ\u00f3mica real del centro.<\/li>\n<li>Confecci\u00f3n de un presupuesto que d\u00e9 respuesta a todas las inquietudes y proyectos que se desarrollan en el Proyecto Educativo.<\/li>\n<li>Utilizaci\u00f3n de un m\u00e9todo contable claro y preciso. En nuestro caso todo el proceso de contabilidad se realiza a trav\u00e9s de un M\u00f3dulo de Gesti\u00f3n Econ\u00f3mica incluido en la aplicaci\u00f3n S\u00e9neca.<\/li>\n<li>Presentaci\u00f3n de la liquidaci\u00f3n del presupuesto y balance econ\u00f3mico final, de acuerdo con el proceso contable seguido, al Consejo Escolar, para la aprobaci\u00f3n de su ejecuci\u00f3n y la ulterior rendici\u00f3n de cuentas a las autoridades competentes.<\/li>\n<\/ul>\n<p>Procedimiento para la elaboraci\u00f3n del inventario<\/p>\n<p>El material estar\u00e1 inventariado. Ser\u00e1 funci\u00f3n del secretario\/a del centro de elaboraci\u00f3n, control, actualizaci\u00f3n y custodia del Inventario General del Centro.<\/p>\n<p>Tendr\u00e1 car\u00e1cter de material inventariable, entre otros, el siguiente: Mobiliario, equipo de oficina, equipo inform\u00e1tico, equipo audiovisual no fungible, copiadoras, material docente no fungible, m\u00e1quinas y herramientas, material deportivo y, en general, todo aquel que no sea fungible.<\/p>\n<p>Se realizar\u00e1n al respecto algunas actuaciones:<\/p>\n<ul>\n<li>El\/la secretario\/a, cada curso, entregar\u00e1 un estadillo a todo el personal del centro para que explicite el material que tienen a su cargo en relaci\u00f3n al puesto que desempe\u00f1a y lo actualice una vez finalizado el mismo.<\/li>\n<\/ul>\n<p>&nbsp;<\/p>\n<p>2.GESTI\u00d3N SOSTENIBLE DE LOS RECURSOS DEL CENTRO<\/p>\n<p>&#8211; Papel y consumibles de sistemas de impresi\u00f3n<\/p>\n<p>&#8211; Gasoil para calefacci\u00f3n<\/p>\n<p>&#8211; Electricidad<\/p>\n<p>&#8211; Agua<\/p>\n<p>&#8211; Otros<\/p>\n<p>3.MEDIDAS DE CONSERVACI\u00d3N Y RENOVACI\u00d3N DE LAS INSTALACIONES Y EQUIPAMIENTO ESCOLAR<\/p>\n<p>Dentro del Equipamiento escolar incluiremos:<\/p>\n<ul>\n<li>Mobiliario escolar por dependencias<\/li>\n<li>Libros de texto<\/li>\n<li>Biblioteca<\/li>\n<li>Material inform\u00e1tico: Ordenadores (Sala de inform\u00e1tica), port\u00e1tiles, pizarras digitales interactivas,&#8230;<\/li>\n<li>Material deportivo<\/li>\n<li>Material did\u00e1ctico&nbsp;&nbsp;&nbsp;<\/li>\n<li>Principio de Previsi\u00f3n<\/li>\n<li>Principio de Reajuste<\/li>\n<li>Principio de Publicidad<\/li>\n<\/ul>\n<p>Cada curso escolar se presentar\u00e1 como ANEXO a este documento el presupuesto de ingresos y gastos.<\/p>\n<p>&nbsp;&nbsp;&nbsp;&nbsp;&nbsp;&nbsp;&nbsp;&nbsp;&nbsp;&nbsp;&nbsp;&nbsp;&nbsp;&nbsp; 4. EL PRESUPUESTO<br \/>\n&nbsp;&nbsp;&nbsp;&nbsp;&nbsp;&nbsp;&nbsp;&nbsp;&nbsp;&nbsp;&nbsp;&nbsp;&nbsp; &nbsp; &nbsp; &nbsp; 4.1. ESTADO DE INGRESOS<\/p>\n<ol start=\"4\">\n<li style=\"list-style-type: none\">\n<ol>\n<li>&#8211; Distribuci\u00f3n de los ingresos entre las distintas partidas de gasto<\/li>\n<\/ol>\n<\/li>\n<\/ol>\n<p>&nbsp;&nbsp;&nbsp;&nbsp;&nbsp;&nbsp;&nbsp;&nbsp;&nbsp;&nbsp;&nbsp;&nbsp;&nbsp;&nbsp;&nbsp;&nbsp;&nbsp;&nbsp; 4.2. EJECUCI\u00d3N DEL PRESUPUESTO<\/p>\n<p>&nbsp;&nbsp;&nbsp;&nbsp;&nbsp;&nbsp;&nbsp;&nbsp;&nbsp;&nbsp;&nbsp;&nbsp;&nbsp;&nbsp;&nbsp;&nbsp;&nbsp;&nbsp; 4.3. APROBACI\u00d3N DEL PRESUPUESTO<\/p>\n<h2>Reglamento de organizaci\u00f3n y funcionamiento del centro<\/h2>\n<p>&nbsp;<\/p>\n<ol>\n<li>INTRODUCCI\u00d3N: El presente ROF es un documento pr\u00e1ctico y din\u00e1mico. Ser\u00e1 un elemento de consulta y de f\u00e1cil entendimiento para toda la comunidad educativa y al alcance de quien lo necesite.Es susceptible de ser evaluado, mejorado y perfeccionado con el tiempo seg\u00fan las necesidades que vayan surgiendo con la pr\u00e1ctica diaria y las caracter\u00edsticas del centro.<\/li>\n<li>ESTRUCTURA ORGANIZATIVA Y DE FUNCIONAMIENTO 2.1. \u00d3RGANOS UNIPERSONALES1. El equipo directivo<\/li>\n<li>Art.69 del Decreto 328\/2010 (BOJA 16-07-2010). Composici\u00f3n del equipo directivo.<\/li>\n<li>Art. 68 del Decreto 328\/2010 (BOJA 16-07-2010). Funciones del equipo directivo.<\/li>\n<li>Art. 77 del Decreto 328\/2010 (BOJA 16-07-2010). R\u00e9gimen de suplencias de los miembros del equipo directivo.<\/li>\n<\/ol>\n<ol start=\"2\">\n<li style=\"list-style-type: none\">\n<ol>\n<li style=\"list-style-type: none\">\n<ol start=\"2\">\n<li>El\/La Director\/aArt. 70 del Decreto 328\/2010 (BOJA 16-07-2010). Competencias de la direcci\u00f3n.<\/li>\n<li>Jefatura de EstudiosArt. 73 del Decreto 328\/2010 (BOJA 16-07-2010). Competencias de la Jefatura de Estudios.<\/li>\n<li>El\/La Secretario\/aArt. 74 del Decreto 328\/2010 (BOJA 16-07-2010). Competencias del Secretario\/a.<\/li>\n<\/ol>\n<\/li>\n<\/ol>\n<\/li>\n<\/ol>\n<ol start=\"2\">\n<li style=\"list-style-type: none\">\n<ol start=\"2\">\n<li>\u00d3RGANOS DE COORDINACI\u00d3N DOCENTE1. Equipo T\u00e9cnico de Coordinaci\u00f3n Pedag\u00f3gicaArt. 87 del Decreto 328\/2010 (BOJA 16-07-2010). Equipo t\u00e9cnio de coordinaci\u00f3n pedag\u00f3gica.<\/li>\n<\/ol>\n<\/li>\n<\/ol>\n<ol start=\"2\">\n<li style=\"list-style-type: none\">\n<ol start=\"2\">\n<li style=\"list-style-type: none\">\n<ol start=\"2\">\n<li>Equipos de CicloArt. 80.1 del Decreto 328\/2010 (BOJA 16-07-2010). Equipos de ciclo.Art. 81 del Decreto 328\/2010 (BOJA 16-07-2010). Competencias de los equipos de ciclo.<\/li>\n<li>Art. 83 del Decreto 328\/2010 (BOJA 16-07-2010). Competencias del coordinador o coordinadora del ciclo.<\/li>\n<li>Equipo de Orientaci\u00f3n y ApoyoArt. 86 del Decreto 328\/2010 (BOJA 16-07-2010). Equipo de orientaci\u00f3n.Equipo Docente<\/li>\n<li>Art. 79 del Decreto 328\/2010 (BOJA 16-07-2010).<\/li>\n<li>Tutor\u00edas<\/li>\n<li>Art. 90 del Decreto 328\/2010 (BOJA 16-07-2010). Funciones de la tutor\u00eda.<\/li>\n<li>Art. 90.2, apartado \u00f1), del Decreto 328\/2010 (BOJA 16-07-2010). Funciones de la tutor\u00eda.<\/li>\n<\/ol>\n<\/li>\n<\/ol>\n<\/li>\n<\/ol>\n<p>&nbsp;<\/p>\n<ol start=\"2\">\n<li style=\"list-style-type: none\">\n<ol start=\"3\">\n<li>PROFESORADOArt. 79 del Decreto 328\/2010 (BOJA 16-07-2010). Funciones y deberes del profesorado.<\/li>\n<li>ALUMNADOArt. 6 del Decreto 328\/2010 (BOJA 16-07-2010). Delegados y delegadas de clase.<\/li>\n<li>PERSONAL DE ADMINISTRACI\u00d3N Y SERVICIOSArt. 13.1 del Decreto 328\/2010 (BOJA 16-07-2010). Derechos y obligaciones.<\/li>\n<\/ol>\n<\/li>\n<\/ol>\n<p>&nbsp;<\/p>\n<ol start=\"3\">\n<li>CAUCES DE PARTICIPACI\u00d3N DE LOS SECTORES DE LA COMUNIDAD EDUCATIVA1. EL CLAUSTRO DEL PROFESORADOArt. 47.3 del Decreto 328\/2010 (BOJA 16-07-2010). \u00d3rganos colegiados.<\/li>\n<li>Art. 65 del Decreto 328\/2010 (BOJA 16-07-2010). Composici\u00f3n del Claustro del Profesorado.<\/li>\n<li>Art. 66 del Decreto 328\/2010 (BOJA 16-07-2010). Competencias.<\/li>\n<li>Art. 67 del Decreto 328\/2010 (BOJA 16-07-2010). R\u00e9gimen de funcionamiento del Claustro del Profesorado.<\/li>\n<li>Art. 48 del Decreto 328\/2010 (BOJA 16-07-2010). Normas generales y supletorias de funcionamiento de los \u00f3rganos colegiados de gobierno.<\/li>\n<\/ol>\n<p>&nbsp;<\/p>\n<ol start=\"3\">\n<li style=\"list-style-type: none\">\n<ol start=\"2\">\n<li>EL CONSEJO ESCOLARArt. 47.2 del Decreto 328\/2010 (BOJA 16-07-2010). \u00d3rganos colegiados.Art. 49 del Decreto 328\/2010 (BOJA 16-07-2010). Composici\u00f3n del Consejo Escolar.<\/li>\n<li>Art. 51 del Decreto 328\/2010 (BOJA 16-07-2010). R\u00e9gimen de funcionamiento del Consejo Escolar.<\/li>\n<li>Art. 48 del Decreto 328\/2010 (BOJA 16-07-2010). Normas generales y supletorias de funcionamiento de los \u00f3rganos colegiados de gobierno.<\/li>\n<li>Art. 50 del Decreto 328\/2010 (BOJA 16-07-2010). Competencias.<\/li>\n<li>Art. 64, puntos 1 al 3, del Decreto 328\/2010 (BOJA 16-07-2010). Comisiones del Consejo Escolar.<\/li>\n<li>LA PARTICIPACI\u00d3N DEL ALUMNADOArt. 7.2, apartados I, de la LEA. Derechos del alumnado.Art. 8.3 apartados c), d) y f), de la LEA. Deberes del alumnado.<\/li>\n<li>Art. 10 de la LEA. Asociaciones del alumnado.<\/li>\n<li>Art. 11 de la LEA. Inscripci\u00f3n y registro.<\/li>\n<li>Art. 6 del Decreto 328\/2010 (BOJA 16-07-2010). Delegados y delegadas de clase.<\/li>\n<li>LA PARTICIPACI\u00d3N DE LAS FAMILIASArt. 29, apartados 2 y 3, de la LEA. Participaci\u00f3n de las familias en el proceso educativo de sus hijos e hijas.Art. 30.2 de la LEA. Participaci\u00f3n en la vida de los centros.<\/li>\n<li>Art. 31 de la LEA. El compromiso educativo.<\/li>\n<li>Art. 32 de la LEA. El compromiso de convivencia.<\/li>\n<li>Art. 33 de la LEA. Comunicaci\u00f3n electr\u00f3nica y otras formas de relaci\u00f3n.<\/li>\n<li>Art. 34 de la LEA. Creaci\u00f3n de las asociaciones.<\/li>\n<li>Art. 35 de la LEA. Inscripci\u00f3n y registro.<\/li>\n<li>Art. 12 del Decreto 328\/2010 (BOJA 16-07-2010). Asociaciones de madres y padres del alumnado.<\/li>\n<li>PARTICIPACI\u00d3N DEL PASArt. 27.3 de la LEA. Personal de administraci\u00f3n y servicios y de atenci\u00f3n educativa complementaria de los centros docentes p\u00fablicos y de los servicios educativos.Art. 13.2 del Decreto 328\/2010 (BOJA 16-07-2010). Derechos y obligaciones.<\/li>\n<\/ol>\n<\/li>\n<\/ol>\n<ol start=\"4\">\n<li>CRITERIOS Y PROCEDIMIENTOS DE RIGOR Y TRASPARENCIAArt\u00edculo 1.- Acuerdos generales sobre el gobierno y la gesti\u00f3n del Centro.Art\u00edculo 2.- Reglamento del Consejo Escolar.<\/li>\n<li>Art\u00edculo 3.- Reglamento del Claustro de Profesores y Profesoras.<\/li>\n<li>Art\u00edculo 4.- Sesiones de evaluaci\u00f3n final de ciclo.<\/li>\n<li>Art\u00edculo 5.- Repetici\u00f3n extraordinaria de ciclo, atraso y adelanto de curso.<\/li>\n<li>Art\u00edculo 6.- Reclamaciones a las evaluaciones de ciclo.<\/li>\n<li>Art\u00edculo 7.- Proceso de escolarizaci\u00f3n.<\/li>\n<li>ASPECTOS GENERALES DE ORGANIZACI\u00d3N DEL CENTRO1. NORMAS B\u00c1SICAS- 2\u00ba Ciclo de Educaci\u00f3n Infantil<\/li>\n<li>&#8211; Faltas de asistencia<\/li>\n<li>&#8211; Puntualidad y agrupamiento<\/li>\n<li>&#8211; Enfermedad, medicaci\u00f3n y accidentes<\/li>\n<li>&#8211; Desayuno, golosinas o chucher\u00edas<\/li>\n<li>&#8211; Los servicios<\/li>\n<li>&#8211; Disputas entre compa\u00f1eros\/as<\/li>\n<li>&#8211; Papeles al suelo<\/li>\n<li>&#8211; Ropa e higiene personal<\/li>\n<li>&#8211; Deterioro del material e instalaciones<\/li>\n<li>&#8211; Pasillos<\/li>\n<li>&#8211; Robos<\/li>\n<\/ol>\n<ul>\n<li style=\"list-style-type: none\">\n<ul>\n<li>Educaci\u00f3n Primaria<\/li>\n<\/ul>\n<\/li>\n<\/ul>\n<ol start=\"5\">\n<li style=\"list-style-type: none\">\n<ol start=\"2\">\n<li>VIGILANCIA DE RECREOS, ENTRADAS Y SALIDASArt\u00edculo 1.- Entradas y salidas.Art\u00edculo 2.- Recreos.<\/li>\n<li>NORMAS SOBRE EL USO DE TEL\u00c9FONOS, INTERNET Y APARTADOS ELECTR\u00d3NICOS\n<ol>\n<li>Medidas para el acceso seguro de Internet por el alumnado.<\/li>\n<\/ol>\n<\/li>\n<li>ORGANIZACI\u00d3N DE LOS ESPACIOS Y RECURSOS\n<ol>\n<li>Organizaci\u00f3n y uso de espacios, instalaciones, recursos y materiales.<\/li>\n<li>Normas para el uso correcto de espacios, instalaciones, recursos y materiales del Centro.<\/li>\n<li>Biblioteca del Centro y bibliotecas de aula.<\/li>\n<li>Normas para el uso de los recursos TIC del Centro.<\/li>\n<\/ol>\n<\/li>\n<li>NORMAS SOBRE EL UNIFORME DEL ALUMNADO<\/li>\n<li>COLABORACI\u00d3N EN EL PROGRAMA DE GRATUIDAD DE LIBROS DE TEXTO<\/li>\n<li>SERVICIO DE CONSERJER\u00cdA\n<ol>\n<li>Horas extraordinarias<\/li>\n<li>Jornada de trabajo<\/li>\n<\/ol>\n<\/li>\n<li>SERVICIO DE LIMPIEZA<\/li>\n<li>MONITOR ESCOLAR<\/li>\n<li>SERVICIO DE REPROGRAFIA, ENCUADERNACI\u00d3N, PLASTIFICADO, ETC.<\/li>\n<\/ol>\n<\/li>\n<\/ol>\n<ol start=\"6\">\n<li>PLANES Y PROGRAMAS1. PLAN DE APERTURAArt. 50, apartados 1, 2 y 3, de la LEA. Servicios complementarios de la ense\u00f1anza.<\/li>\n<li>Art. 6.3 del Decreto 230\/2007, de 31 de julio, por el que se establece la ordenaci\u00f3n y las ense\u00f1anzas correspondientes a la Educaci\u00f3n Primaria en Andaluc\u00eda (BOJA 08-08-2007). Competencias b\u00e1sicas.<\/li>\n<li>Art. 4.1 de la Orden de 3 de agosto de 2010, por la que se regulan los servicios complementarios de la ense\u00f1anza de aula matinal, comedor escolar y actividades extraescolares en los centros docentes p\u00fablicos, as\u00ed como la ampliaci\u00f3n de horario (BOJA 12-08-2010). Centros docentes autorizados.<\/li>\n<li>Art. 14, apartados 2 y 4, de la Orden de 3 de agosto de 2010, por la que se regulan los servicios complementarios de la ense\u00f1anza de aula matinal, comedor escolar y actividades extraescolares en los centros docentes p\u00fablicos, as\u00ed como la ampliaci\u00f3n de horario (BOJA 12-08-2010). Actividades extraescolares.<\/li>\n<li>6.1.1. Servicio de comedor<\/li>\n<li>6.1.2. Aula matinal<\/li>\n<li>6.1.3. Actividades extraescolares<\/li>\n<li>6.1.4. Programa de acompa\u00f1amiento escolar<\/li>\n<\/ol>\n<p>&nbsp;<\/p>\n<ol start=\"6\">\n<li style=\"list-style-type: none\">\n<ol start=\"2\">\n<li>PLAN DE IGUALDAD DE G\u00c9NERO<\/li>\n<li>PLAN DE BIBLIOTECA\n<ol>\n<li>Organizaci\u00f3n para el funcionamiento de la biblioteca. Equipos y responsables implicados:- El Equipo Directivo- El\/la responsable de la biblioteca<\/li>\n<li>&#8211; La monitora escolar en la biblioteca<\/li>\n<li>&#8211; Equipo de Apoyo a la Biblioteca Escolar<\/li>\n<li>&#8211; Funcionamiento de la Biblioteca Escolar<\/li>\n<li>&#8211; Horarios<\/li>\n<\/ol>\n<\/li>\n<\/ol>\n<\/li>\n<\/ol>\n<ol start=\"6\">\n<li style=\"list-style-type: none\">\n<ol start=\"4\">\n<li>ESCUELAS DEPORTIVAS<\/li>\n<li>ESCUELA TIC 2.0\n<ol>\n<li>Normas generales de cuidado de los equipos<\/li>\n<li>Normas y responsabilidades de uso para el alumnado<\/li>\n<li>Compromiso que adquiere la familia<\/li>\n<li>Compromiso que adquiere el centro<\/li>\n<li>Aspectos organizativos generales<\/li>\n<li>Actuaciones del profesorado<\/li>\n<\/ol>\n<\/li>\n<\/ol>\n<\/li>\n<\/ol>\n<ol start=\"7\">\n<li>LA COMUNICACI\u00d3N EN EL CENTRO<\/li>\n<\/ol>\n<ol start=\"7\">\n<li style=\"list-style-type: none\">\n<ol>\n<li>CANALES DE INFORMACI\u00d3N- Los canales de informaci\u00f3n- Consulta de la documentaci\u00f3n oficial del Centro<\/li>\n<li>&#8211; Informaciones escritas<\/li>\n<li>&#8211; Tablones<\/li>\n<li>&#8211; Buz\u00f3n de sugerencias<\/li>\n<li>&#8211; Archivos de documentaci\u00f3n<\/li>\n<li>MEDIOS DE COMUNICACI\u00d3N DEL CENTRO- Correo electr\u00f3nico- Plataforma PASEN<\/li>\n<li>&#8211; Aplicaci\u00f3n S\u00c9NECA<\/li>\n<\/ol>\n<\/li>\n<\/ol>\n<ol start=\"8\">\n<li>COMPETENCIAS Y FUNCIONES DE PREVENCI\u00d3N DE RIESGOS<\/li>\n<li>\n<p align=\"JUSTIFY\">El Plan de Autoprotecci\u00f3n del Centro es el conjunto de actuaciones y medidas organizativas adoptadas por el centro, con sus propios medios y recursos, encaminadas a prevenir y controlar los riesgos sobre las personas y los bienes, planificar las actuaciones de seguridad tendentes a neutralizar o minimizar accidentes y sus posibles consecuencias, y dar respuestas adecuadas a las posibles situaciones de emergencia hasta la llegada de las ayudas externas.<\/p>\n<\/li>\n<li>PLAN DE AUTOPROTECCI\u00d3N (ANEXO)<\/li>\n<li>PROCEDIMIENTO PARA DESIGNAR LOS MIEMBROS DEL EQUIPO DE EVALUACI\u00d3NArt. 26 del Decreto 328\/2010 (BOJA 16-07-2010). Autoevaluaci\u00f3n.<\/li>\n<li>PLAN DE ELABORACI\u00d3N, DIFUSI\u00d3N DEL ROF1. Elaboraci\u00f3n<\/li>\n<\/ol>\n<ol start=\"11\">\n<li style=\"list-style-type: none\">\n<ol start=\"2\">\n<li>Difusi\u00f3n<\/li>\n<li>Seguimiento<\/li>\n<\/ol>\n<\/li>\n<\/ol>\n","protected":false},"excerpt":{"rendered":"<p>PLAN DE CENTRO 2022\/2023 . &nbsp; &nbsp; &nbsp; &nbsp; PLAN DE CENTRO 2021\/2022 &nbsp; &nbsp; &nbsp; &nbsp; &nbsp; &nbsp; &nbsp; &nbsp; &nbsp; &nbsp; &nbsp; &nbsp; &nbsp; &nbsp; &nbsp; &nbsp; &nbsp; &nbsp; &nbsp; &nbsp; &nbsp;&#46;&#46;&#46;<\/p>\n","protected":false},"author":4154,"featured_media":0,"parent":0,"menu_order":0,"comment_status":"closed","ping_status":"closed","template":"","meta":{"ngg_post_thumbnail":0,"footnotes":""},"aioseo_notices":[],"_links":{"self":[{"href":"https:\/\/blogsaverroes.juntadeandalucia.es\/ceipnuestropadrejesus\/wp-json\/wp\/v2\/pages\/356"}],"collection":[{"href":"https:\/\/blogsaverroes.juntadeandalucia.es\/ceipnuestropadrejesus\/wp-json\/wp\/v2\/pages"}],"about":[{"href":"https:\/\/blogsaverroes.juntadeandalucia.es\/ceipnuestropadrejesus\/wp-json\/wp\/v2\/types\/page"}],"author":[{"embeddable":true,"href":"https:\/\/blogsaverroes.juntadeandalucia.es\/ceipnuestropadrejesus\/wp-json\/wp\/v2\/users\/4154"}],"replies":[{"embeddable":true,"href":"https:\/\/blogsaverroes.juntadeandalucia.es\/ceipnuestropadrejesus\/wp-json\/wp\/v2\/comments?post=356"}],"version-history":[{"count":25,"href":"https:\/\/blogsaverroes.juntadeandalucia.es\/ceipnuestropadrejesus\/wp-json\/wp\/v2\/pages\/356\/revisions"}],"predecessor-version":[{"id":471,"href":"https:\/\/blogsaverroes.juntadeandalucia.es\/ceipnuestropadrejesus\/wp-json\/wp\/v2\/pages\/356\/revisions\/471"}],"wp:attachment":[{"href":"https:\/\/blogsaverroes.juntadeandalucia.es\/ceipnuestropadrejesus\/wp-json\/wp\/v2\/media?parent=356"}],"curies":[{"name":"wp","href":"https:\/\/api.w.org\/{rel}","templated":true}]}}