{"id":12731,"date":"2018-11-28T18:29:03","date_gmt":"2018-11-28T18:29:03","guid":{"rendered":"https:\/\/blogsaverroes.juntadeandalucia.es\/ceipnuevaalmeria\/?page_id=12731"},"modified":"2022-01-07T10:42:16","modified_gmt":"2022-01-07T10:42:16","slug":"consejo-escolar","status":"publish","type":"page","link":"https:\/\/blogsaverroes.juntadeandalucia.es\/ceipnuevaalmeria\/consejo-escolar\/","title":{"rendered":"Consejo Escolar"},"content":{"rendered":"<p><img loading=\"lazy\" decoding=\"async\" class=\"aligncenter wp-image-12729 size-medium\" src=\"https:\/\/blogsaverroes.juntadeandalucia.es\/ceipnuevaalmeria\/files\/2018\/11\/Consejo-escolar-300x225.jpg\" alt=\"\" width=\"300\" height=\"225\" srcset=\"https:\/\/blogsaverroes.juntadeandalucia.es\/ceipnuevaalmeria\/files\/2018\/11\/Consejo-escolar-300x225.jpg 300w, https:\/\/blogsaverroes.juntadeandalucia.es\/ceipnuevaalmeria\/files\/2018\/11\/Consejo-escolar-1024x768.jpg 1024w, https:\/\/blogsaverroes.juntadeandalucia.es\/ceipnuevaalmeria\/files\/2018\/11\/Consejo-escolar-24x18.jpg 24w, https:\/\/blogsaverroes.juntadeandalucia.es\/ceipnuevaalmeria\/files\/2018\/11\/Consejo-escolar-36x27.jpg 36w, https:\/\/blogsaverroes.juntadeandalucia.es\/ceipnuevaalmeria\/files\/2018\/11\/Consejo-escolar-48x36.jpg 48w, https:\/\/blogsaverroes.juntadeandalucia.es\/ceipnuevaalmeria\/files\/2018\/11\/Consejo-escolar.jpg 1600w\" sizes=\"(max-width: 300px) 100vw, 300px\" \/><\/p>\n<p style=\"text-align: justify\">El Consejo Escolar de los centros docentes p\u00fablicos es el \u00f3rgano de participaci\u00f3n en los mismos de los diferentes sectores de la comunidad educativa.<\/p>\n<p style=\"text-align: justify\">Padres y madres, alumnos, profesores y personal no docente poseen voz y voto en la gesti\u00f3n de los centros, gracias a la representaci\u00f3n que todos los sectores de la comunidad educativa tienen en los miembros de los consejos escolares. Desde la aprobaci\u00f3n de los presupuestos del centro, hasta la selecci\u00f3n o cese del director, la mayor\u00eda de las decisiones importantes que se toman en un centro educativo deben pasar por este \u00f3rgano de gobierno.<\/p>\n<p style=\"text-align: justify\">\u00daltima constituci\u00f3n diciembre 2021:<\/p>\n<p><b>Presidente:<\/b><\/p>\n<p>D. Miguel \u00c1ngel Meg\u00eda Soriano<\/p>\n<p><strong>Jefa de Estudios:<\/strong><\/p>\n<p>D\u00f1a. Rosal\u00eda Rom\u00e1n Garc\u00eda<\/p>\n<p><strong>Secretaria:<\/strong><\/p>\n<p>D\u00f1a. Mar\u00eda del Carmen Sevilla Rodr\u00edguez<\/p>\n<p><strong>Representantes por el sector profesorado:<\/strong><\/p>\n<p>D\u00f1a. Mar\u00eda de los \u00c1ngeles Bonal Blanco<\/p>\n<p>D\u00f1a. Mar\u00eda Cruz Garc\u00eda<\/p>\n<p>D\u00f1a. Otilia Inmaculada Guti\u00e9rrez Rivera<\/p>\n<p>D\u00f1a. Laura Jim\u00e9nez Navarro<\/p>\n<p>D. Enrique Manuel Moreno Jover<\/p>\n<p>D. Eduardo Padial Garc\u00eda<\/p>\n<p>D. Javier Rueda Mart\u00ednez<\/p>\n<p><strong>Representantes por el sector de padres y madres:<\/strong><\/p>\n<p>D. Fernando Castillo Arenas<\/p>\n<p>D. Juan Antonio Chaich\u00edo Moreno<\/p>\n<p>D\u00f1a. Rebeca Garc\u00eda-Polo Conesa<\/p>\n<p>D\u00f1a. Patricia G\u00f3ngora Dudli<\/p>\n<p>D. Alejandro Navarro Murcia<\/p>\n<p>D. Ra\u00fal Ramos S\u00e1nchez<\/p>\n<p>D\u00f1a. Mar\u00eda Nazaret Salmer\u00f3n Gualda<\/p>\n<p>D\u00f1a. Miriam de la Torre Oliver<\/p>\n<p><strong>Representante por el sector de administraci\u00f3n y servicios:<\/strong><\/p>\n<p>D. Antonio Morales Lores<\/p>\n<p><strong>Representante del AMPA \u00abVega de Ac\u00e1\u00bb:<\/strong><\/p>\n<p>D\u00f1a. Mar\u00eda Jos\u00e9 Amat Arcos<\/p>\n<p><strong>Representante Ayuntamiento de Almer\u00eda:<\/strong><\/p>\n<p>D. David S\u00e1nchez Galindo<\/p>\n<p>&nbsp;<\/p>\n<p>&nbsp;<\/p>\n","protected":false},"excerpt":{"rendered":"<p>El Consejo Escolar de los centros docentes p\u00fablicos es el \u00f3rgano de participaci\u00f3n en los mismos de los diferentes sectores de la comunidad educativa. Padres y madres, alumnos, profesores y personal no docente poseen&#46;&#46;&#46;<\/p>\n","protected":false},"author":5011,"featured_media":0,"parent":0,"menu_order":0,"comment_status":"closed","ping_status":"closed","template":"","meta":{"ngg_post_thumbnail":0,"footnotes":"","_mc_calendar":[]},"aioseo_notices":[],"_links":{"self":[{"href":"https:\/\/blogsaverroes.juntadeandalucia.es\/ceipnuevaalmeria\/wp-json\/wp\/v2\/pages\/12731"}],"collection":[{"href":"https:\/\/blogsaverroes.juntadeandalucia.es\/ceipnuevaalmeria\/wp-json\/wp\/v2\/pages"}],"about":[{"href":"https:\/\/blogsaverroes.juntadeandalucia.es\/ceipnuevaalmeria\/wp-json\/wp\/v2\/types\/page"}],"author":[{"embeddable":true,"href":"https:\/\/blogsaverroes.juntadeandalucia.es\/ceipnuevaalmeria\/wp-json\/wp\/v2\/users\/5011"}],"replies":[{"embeddable":true,"href":"https:\/\/blogsaverroes.juntadeandalucia.es\/ceipnuevaalmeria\/wp-json\/wp\/v2\/comments?post=12731"}],"version-history":[{"count":6,"href":"https:\/\/blogsaverroes.juntadeandalucia.es\/ceipnuevaalmeria\/wp-json\/wp\/v2\/pages\/12731\/revisions"}],"predecessor-version":[{"id":62453,"href":"https:\/\/blogsaverroes.juntadeandalucia.es\/ceipnuevaalmeria\/wp-json\/wp\/v2\/pages\/12731\/revisions\/62453"}],"wp:attachment":[{"href":"https:\/\/blogsaverroes.juntadeandalucia.es\/ceipnuevaalmeria\/wp-json\/wp\/v2\/media?parent=12731"}],"curies":[{"name":"wp","href":"https:\/\/api.w.org\/{rel}","templated":true}]}}