{"id":141,"date":"2015-03-17T07:13:24","date_gmt":"2015-03-17T07:13:24","guid":{"rendered":"http:\/\/blogsaverroes.juntadeandalucia.es\/pre\/ceip\/?page_id=141"},"modified":"2024-03-08T11:08:42","modified_gmt":"2024-03-08T11:08:42","slug":"escolarizacion","status":"publish","type":"page","link":"https:\/\/blogsaverroes.juntadeandalucia.es\/ceipnuevaalmeria\/escolarizacion\/","title":{"rendered":"Escolarizaci\u00f3n"},"content":{"rendered":"<p><img loading=\"lazy\" decoding=\"async\" src=\"https:\/\/www.juntadeandalucia.es\/educacion\/portales\/documents\/100629\/0\/escolarizacion.png\/0c85f2fc-7566-8357-7619-2bfb3ab2cac6?t=1709571374475&amp;download=true\" alt=\"\" width=\"601\" height=\"153\"><\/p>\n<p><strong>Entre los d\u00edas 1 de marzo y 1 de abril<\/strong>, ambos inclusive, permanecer\u00e1 abierto en Andaluc\u00eda el plazo para la presentaci\u00f3n de solicitudes de admisi\u00f3n correspondientes al curso escolar 2024\/25.&nbsp; Se inicia de este modo el proceso de escolarizaci\u00f3n en el que participan todos los ni\u00f1os y ni\u00f1as que se incorporan por primera vez al sistema educativo, tanto en centros p\u00fablicos como privados concertados, as\u00ed como el alumnado que cambie de centro escolar.<\/p>\n<p>Para m\u00e1s informaci\u00f3n visite el <a href=\"https:\/\/www.juntadeandalucia.es\/educacion\/portales\/en\/web\/escolarizacion\/infantil-a-bachillerato\" target=\"_blank\" rel=\"noopener noreferrer\">Portal de Escolarizaci\u00f3n<\/a>.<\/p>\n<p>&nbsp;<\/p>\n<p>Descarga la app iEscolariza:<\/p>\n<div class=\"inner_cuerpo\">\n<p class=\"text-left m-0\"><a href=\"https:\/\/itunes.apple.com\/es\/app\/iescolariza\/id606516551?mt=8\"><img loading=\"lazy\" decoding=\"async\" class=\"h-auto w-100px alignnone\" title=\"App Store Banner\" src=\"https:\/\/www.juntadeandalucia.es\/export\/drupaljda\/appstore_mini.png\" alt=\"App Store Banner\" width=\"131\" height=\"43\"><\/a>&nbsp;<img decoding=\"async\" class=\"h-auto w-40px\" src=\"https:\/\/www.juntadeandalucia.es\/export\/drupaljda\/Logo%20iEscolariza.png\" alt=\"Logo iEscolariza\">&nbsp;<a href=\"https:\/\/play.google.com\/store\/apps\/details?id=es.juntadeandalucia.ced.escolarizacion&amp;hl=es\"><img loading=\"lazy\" decoding=\"async\" class=\"h-auto w-100px alignnone\" title=\"Google Play Banner\" src=\"https:\/\/www.juntadeandalucia.es\/export\/drupaljda\/google_play_mini.png\" alt=\"Google Play Banner\" width=\"131\" height=\"43\"><\/a><\/p>\n<h3 class=\"text-left\">Consulta centros y \u00e1reas de influencia<\/h3>\n<\/div>\n<p class=\"text-left\"><a href=\"https:\/\/www.juntadeandalucia.es\/educacion\/educasig\/escolarizacion\/\" target=\"_blank\" rel=\"noopener noreferrer\"><img loading=\"lazy\" decoding=\"async\" class=\"https:\/\/www.juntadeandalucia.es\/educacion\/educasig\/escolarizacion\/ alignnone\" src=\"https:\/\/www.juntadeandalucia.es\/educacion\/portales\/documents\/100629\/0\/educa.png\/cf7edb6a-2e20-10de-8706-af1149426f80?t=1677228067845\" alt=\"\" width=\"601\" height=\"400\"><\/a><\/p>\n<p><a href=\"https:\/\/www.juntadeandalucia.es\/educacion\/educasig\/escolarizacion\/\" target=\"_blank\" rel=\"noopener noreferrer\">https:\/\/www.juntadeandalucia.es\/educacion\/educasig\/escolarizacion\/<\/a><\/p>\n<p>&nbsp;<\/p>\n","protected":false},"excerpt":{"rendered":"<p>Entre los d\u00edas 1 de marzo y 1 de abril, ambos inclusive, permanecer\u00e1 abierto en Andaluc\u00eda el plazo para la presentaci\u00f3n de solicitudes de admisi\u00f3n correspondientes al curso escolar 2024\/25.&nbsp; Se inicia de este&#46;&#46;&#46;<\/p>\n","protected":false},"author":1,"featured_media":0,"parent":0,"menu_order":0,"comment_status":"open","ping_status":"open","template":"","meta":{"ngg_post_thumbnail":0,"footnotes":"","_mc_calendar":[]},"aioseo_notices":[],"_links":{"self":[{"href":"https:\/\/blogsaverroes.juntadeandalucia.es\/ceipnuevaalmeria\/wp-json\/wp\/v2\/pages\/141"}],"collection":[{"href":"https:\/\/blogsaverroes.juntadeandalucia.es\/ceipnuevaalmeria\/wp-json\/wp\/v2\/pages"}],"about":[{"href":"https:\/\/blogsaverroes.juntadeandalucia.es\/ceipnuevaalmeria\/wp-json\/wp\/v2\/types\/page"}],"author":[{"embeddable":true,"href":"https:\/\/blogsaverroes.juntadeandalucia.es\/ceipnuevaalmeria\/wp-json\/wp\/v2\/users\/1"}],"replies":[{"embeddable":true,"href":"https:\/\/blogsaverroes.juntadeandalucia.es\/ceipnuevaalmeria\/wp-json\/wp\/v2\/comments?post=141"}],"version-history":[{"count":13,"href":"https:\/\/blogsaverroes.juntadeandalucia.es\/ceipnuevaalmeria\/wp-json\/wp\/v2\/pages\/141\/revisions"}],"predecessor-version":[{"id":72407,"href":"https:\/\/blogsaverroes.juntadeandalucia.es\/ceipnuevaalmeria\/wp-json\/wp\/v2\/pages\/141\/revisions\/72407"}],"wp:attachment":[{"href":"https:\/\/blogsaverroes.juntadeandalucia.es\/ceipnuevaalmeria\/wp-json\/wp\/v2\/media?parent=141"}],"curies":[{"name":"wp","href":"https:\/\/api.w.org\/{rel}","templated":true}]}}