{"id":2457,"date":"2017-05-17T17:36:19","date_gmt":"2017-05-17T17:36:19","guid":{"rendered":"http:\/\/blogsaverroes.juntadeandalucia.es\/ceipnuevaalmeria\/?page_id=2457"},"modified":"2022-02-26T22:48:56","modified_gmt":"2022-02-26T22:48:56","slug":"plan-de-lectura-y-biblioteca","status":"publish","type":"page","link":"https:\/\/blogsaverroes.juntadeandalucia.es\/ceipnuevaalmeria\/plan-de-lectura-y-biblioteca\/","title":{"rendered":"Plan de Lectura y Biblioteca"},"content":{"rendered":"<table class=\"mceItemTable\" border=\"0\" width=\"100%\">\n<tbody>\n<tr>\n<td class=\"mceSelected\" colspan=\"5\">\n<h2><img decoding=\"async\" class=\"aligncenter\" src=\"http:\/\/www.juntadeandalucia.es\/averroes\/centros-tic\/04006100\/helvia\/sitio\/upload\/img\/Lecturaybiblioteca.jpg\" border=\"0\"><\/h2>\n<\/td>\n<\/tr>\n<tr>\n<td class=\"mceSelected\" colspan=\"5\">&nbsp;<\/td>\n<\/tr>\n<tr>\n<td class=\"mceSelected\" colspan=\"5\">\n<h2>Plan de Lectura y Bibliotecas en los centros.<\/h2>\n<\/td>\n<\/tr>\n<tr>\n<td class=\"mceSelected\" colspan=\"5\">&nbsp;<\/td>\n<\/tr>\n<tr>\n<td class=\"mceSelected\" colspan=\"5\">La Consejer\u00eda de Educaci\u00f3n pone en marcha el presente Plan de Lectura y Biblioteca, Plan LyB, dirigido a los centros docentes andaluces de titularidad p\u00fablica de Educaci\u00f3n Infantil y Primaria y Educaci\u00f3n Secundaria, con el prop\u00f3sito de impulsar una serie de medidas que faciliten a los ni\u00f1os y ni\u00f1as y a los j\u00f3venes el desarrollo de pr\u00e1cticas lectoras y habilidades intelectuales e incorporen el uso regular de la biblioteca escolar como recurso de apoyo para el aprendizaje permanente.<\/td>\n<\/tr>\n<tr>\n<td class=\"mceSelected\" colspan=\"5\">&nbsp;<\/td>\n<\/tr>\n<tr>\n<td class=\"mceSelected\" colspan=\"5\">&nbsp;\u27a1 &nbsp;<span style=\"color: #333399\"><strong>Coordinadora: D\u00aa Rosal\u00eda Rom\u00e1n Grac\u00eda<\/strong><\/span><\/td>\n<\/tr>\n<tr>\n<td class=\"mceSelected\" colspan=\"5\">&nbsp;<\/td>\n<\/tr>\n<tr>\n<td class=\"mceSelected\" width=\"33%\">\n<h3 style=\"text-align: center\">Biblioteca Escolar&nbsp;<\/h3>\n<\/td>\n<td class=\"mceSelected\" rowspan=\"3\">&nbsp;<\/td>\n<td class=\"mceSelected\" width=\"34%\">\n<h3 style=\"text-align: center\">Biblioteca de Andaluc\u00eda<\/h3>\n<\/td>\n<td class=\"mceSelected\" rowspan=\"3\">&nbsp;<\/td>\n<td class=\"mceSelected\" width=\"33%\">\n<h3 style=\"text-align: center\">Blog PLyB Lerimin<\/h3>\n<\/td>\n<\/tr>\n<tr>\n<td class=\"mceSelected\" width=\"33%\">\n<div><img loading=\"lazy\" decoding=\"async\" class=\"aligncenter\" src=\"http:\/\/www.juntadeandalucia.es\/averroes\/centros-tic\/04006100\/helvia\/sitio\/upload\/img\/cole2.jpg\" width=\"80\" height=\"80\" border=\"0\"><\/div>\n<\/td>\n<td class=\"mceSelected\" width=\"34%\">\n<div><a href=\"http:\/\/www.juntadeandalucia.es\/cultura\/ba\/\" target=\"_blank\" rel=\"noopener noreferrer\"><img loading=\"lazy\" decoding=\"async\" class=\"aligncenter\" src=\"http:\/\/www.juntadeandalucia.es\/averroes\/centros-tic\/04006100\/helvia\/sitio\/upload\/img\/bibliotecaandalucia7560.gif\" width=\"80\" height=\"80\" border=\"0\"><\/a><\/div>\n<\/td>\n<td class=\"mceSelected\" width=\"33%\">\n<div><a href=\"http:\/\/lerimin2013.blogspot.com.es\/\" target=\"_blank\" rel=\"noopener noreferrer\"><img loading=\"lazy\" decoding=\"async\" class=\"aligncenter\" src=\"http:\/\/www.juntadeandalucia.es\/averroes\/centros-tic\/04006100\/helvia\/sitio\/upload\/img\/lerimin.jpg\" width=\"80\" height=\"80\" border=\"0\"><\/a><\/div>\n<\/td>\n<\/tr>\n<tr>\n<td class=\"mceSelected\" width=\"33%\">Las bibliotecas escolares son recursos imprescindibles para la formaci\u00f3n del alumnado en una sociedad que demanda ciudadanos dotados de destreza para la consulta eficaz de las distintas fuentes informativas, la selecci\u00f3n cr\u00edtica de las informaciones y la construcci\u00f3n aut\u00f3noma del conocimiento.<br \/>\nLa biblioteca escolar ofrece la posibilidad de acceso igualitario a los recursos y a la cultura, independientemente del estado socioecon\u00f3mico de procedencia, actuando como un agente de compensaci\u00f3n social.<\/td>\n<td class=\"mceSelected\" valign=\"top\">La Biblioteca de Andaluc\u00eda es la biblioteca central del Sistema Andaluz de Bibliotecas y Centros de Documentaci\u00f3n.<\/p>\n<p>Est\u00e1 preferentemente dedicada al acceso, conservaci\u00f3n y protecci\u00f3n de los materiales documentales, hemerogr\u00e1ficos y bibliogr\u00e1ficos, y a la prestaci\u00f3n de servicios de informaci\u00f3n de inter\u00e9s para Andaluc\u00eda, a cuyo efecto cumple una serie de funciones.<\/p>\n<p><a href=\"http:\/\/www.juntadeandalucia.es\/cultura\/ba\/\" target=\"_blank\" rel=\"noopener noreferrer\"><img decoding=\"async\" src=\"http:\/\/www.juntadeandalucia.es\/averroes\/centros-tic\/04006100\/helvia\/sitio\/upload\/img\/ver.gif\" border=\"0\"><\/a><\/td>\n<td class=\"mceSelected\" valign=\"top\">Este es el blog de la biblioteca de nuestro colegio. Su mascota, Lerim\u00edn quiere compartir con todos los ni\u00f1os y ni\u00f1as del CEIP Nueva Almer\u00eda su pasi\u00f3n por la lectura, un camino abierto a la imaginaci\u00f3n.<\/p>\n<p><a href=\"http:\/\/lerimin2013.blogspot.com.es\/\" target=\"_blank\" rel=\"noopener noreferrer\"><img decoding=\"async\" src=\"http:\/\/www.juntadeandalucia.es\/averroes\/centros-tic\/04006100\/helvia\/sitio\/upload\/img\/ver.gif\" border=\"0\"><\/a><\/td>\n<\/tr>\n<\/tbody>\n<\/table>\n","protected":false},"excerpt":{"rendered":"<p>&nbsp; Plan de Lectura y Bibliotecas en los centros. &nbsp; La Consejer\u00eda de Educaci\u00f3n pone en marcha el presente Plan de Lectura y Biblioteca, Plan LyB, dirigido a los centros docentes andaluces de titularidad&#46;&#46;&#46;<\/p>\n","protected":false},"author":5011,"featured_media":0,"parent":0,"menu_order":0,"comment_status":"closed","ping_status":"closed","template":"","meta":{"ngg_post_thumbnail":0,"footnotes":"","_mc_calendar":[]},"aioseo_notices":[],"_links":{"self":[{"href":"https:\/\/blogsaverroes.juntadeandalucia.es\/ceipnuevaalmeria\/wp-json\/wp\/v2\/pages\/2457"}],"collection":[{"href":"https:\/\/blogsaverroes.juntadeandalucia.es\/ceipnuevaalmeria\/wp-json\/wp\/v2\/pages"}],"about":[{"href":"https:\/\/blogsaverroes.juntadeandalucia.es\/ceipnuevaalmeria\/wp-json\/wp\/v2\/types\/page"}],"author":[{"embeddable":true,"href":"https:\/\/blogsaverroes.juntadeandalucia.es\/ceipnuevaalmeria\/wp-json\/wp\/v2\/users\/5011"}],"replies":[{"embeddable":true,"href":"https:\/\/blogsaverroes.juntadeandalucia.es\/ceipnuevaalmeria\/wp-json\/wp\/v2\/comments?post=2457"}],"version-history":[{"count":5,"href":"https:\/\/blogsaverroes.juntadeandalucia.es\/ceipnuevaalmeria\/wp-json\/wp\/v2\/pages\/2457\/revisions"}],"predecessor-version":[{"id":66591,"href":"https:\/\/blogsaverroes.juntadeandalucia.es\/ceipnuevaalmeria\/wp-json\/wp\/v2\/pages\/2457\/revisions\/66591"}],"wp:attachment":[{"href":"https:\/\/blogsaverroes.juntadeandalucia.es\/ceipnuevaalmeria\/wp-json\/wp\/v2\/media?parent=2457"}],"curies":[{"name":"wp","href":"https:\/\/api.w.org\/{rel}","templated":true}]}}