{"id":2464,"date":"2017-05-17T17:40:04","date_gmt":"2017-05-17T17:40:04","guid":{"rendered":"http:\/\/blogsaverroes.juntadeandalucia.es\/ceipnuevaalmeria\/?page_id=2464"},"modified":"2023-01-30T18:20:28","modified_gmt":"2023-01-30T18:20:28","slug":"plan-de-autoproteccion","status":"publish","type":"page","link":"https:\/\/blogsaverroes.juntadeandalucia.es\/ceipnuevaalmeria\/plan-de-autoproteccion\/","title":{"rendered":"Plan de Autoprotecci\u00f3n"},"content":{"rendered":"<table class=\"mceItemTable\" style=\"width: 100%\" border=\"0\" width=\"100%\">\n<tbody>\n<tr>\n<td class=\"mceSelected\" style=\"width: 110.047%\" colspan=\"3\">\n<h2><img loading=\"lazy\" decoding=\"async\" class=\"aligncenter\" src=\"http:\/\/www.juntadeandalucia.es\/averroes\/centros-tic\/04006100\/helvia\/sitio\/upload\/img\/autoproteccion.png\" width=\"500\" height=\"200\" border=\"0\"><\/h2>\n<\/td>\n<\/tr>\n<tr>\n<td class=\"mceSelected\" style=\"width: 110.047%\" colspan=\"3\">\n<h2>&nbsp;<\/h2>\n<\/td>\n<\/tr>\n<tr>\n<td class=\"mceSelected\" style=\"width: 110.047%\" colspan=\"3\">&nbsp;\u27a1 &nbsp;<strong><span style=\"color: #333399\">Coordinadora: D\u00f1a. Mar\u00eda del Carmen Sevilla Rodr\u00edguez<\/span><\/strong><\/td>\n<\/tr>\n<tr>\n<td class=\"mceSelected\" style=\"width: 110.047%\" colspan=\"3\">&nbsp;<\/td>\n<\/tr>\n<tr>\n<td class=\"mceSelected\" style=\"width: 110.047%\" colspan=\"3\">\n<h2 style=\"text-align: center\">Plan de Autoprotecci\u00f3n<\/h2>\n<p style=\"text-align: center\">. <a href=\"https:\/\/blogsaverroes.juntadeandalucia.es\/ceipnuevaalmeria\/files\/2023\/01\/medidas_prevenci\u00f3n_protecci\u00f3n_covid19.pdf\">medidas_prevenci\u00f3n_protecci\u00f3n_covid19<\/a><a href=\"https:\/\/blogsaverroes.juntadeandalucia.es\/ceipnuevaalmeria\/files\/2017\/05\/Plan-de-evacuacion-2018-2019.pdf\"><img decoding=\"async\" src=\"http:\/\/www.juntadeandalucia.es\/averroes\/centros-tic\/04006100\/helvia\/sitio\/upload\/img\/icono_pdf.gif\"><\/a><\/p>\n<p style=\"text-align: center\"><a href=\"https:\/\/blogsaverroes.juntadeandalucia.es\/ceipnuevaalmeria\/files\/2020\/12\/Plan-de-autoproteccio\u0301n-2020-21.pdf\" target=\"_blank\" rel=\"noopener noreferrer\">Plan de autoproteccio\u0301n 2020 <\/a><a href=\"https:\/\/blogsaverroes.juntadeandalucia.es\/ceipnuevaalmeria\/files\/2020\/12\/Plan-de-autoproteccio\u0301n-2020-21.pdf\" target=\"_blank\" rel=\"noopener noreferrer\">\/21&nbsp; <\/a><a href=\"http:\/\/www.juntadeandalucia.es\/averroes\/centros-tic\/04006100\/helvia\/sitio\/upload\/PLAN_DE_AUTOPROTECCION_2017.pdf\" target=\"_blank\" rel=\"noopener noreferrer\"><img decoding=\"async\" src=\"http:\/\/www.juntadeandalucia.es\/averroes\/centros-tic\/04006100\/helvia\/sitio\/upload\/img\/icono_pdf.gif\" border=\"0\"><\/a><\/p>\n<h2 style=\"text-align: center\">&nbsp;<\/h2>\n<h2>&nbsp;<\/h2>\n<\/td>\n<\/tr>\n<tr>\n<td class=\"mceSelected\" style=\"width: 110.047%\" colspan=\"3\">&nbsp;<a href=\"http:\/\/www.juntadeandalucia.es\/averroes\/centros-tic\/04006100\/helvia\/sitio\/upload\/Plan_de_Autoproteccion.pdf\" target=\"_blank\" rel=\"noopener noreferrer\"><img decoding=\"async\" class=\"aligncenter\" src=\"http:\/\/www.juntadeandalucia.es\/averroes\/centros-tic\/04006100\/helvia\/sitio\/upload\/img\/Captura_1.PNG\" width=\"120\" border=\"0\"><\/a><\/td>\n<\/tr>\n<tr>\n<td class=\"mceSelected\" style=\"width: 110.047%\" colspan=\"3\">La Consejer\u00eda de Educaci\u00f3n, para dar respuesta a las nuevas realidades sociales y preocupada positivamente por la seguridad en los centros docentes, los servicios educativos y los propios edificios administrativos de las Delegaciones Provinciales de Educaci\u00f3n, con la finalidad de mejorar y ampliar la \u00abcultura de la prevenci\u00f3n de riesgos\u00bb, sensibilizar a la comunidad educativa, en general, y concienciarla de la importancia que tiene evitar la accidentalidad, as\u00ed como proceder a su prevenci\u00f3n, publica la ORDEN de 16 de abril de 2008 por la que se regula el procedimiento para la elaboraci\u00f3n, aprobaci\u00f3n y registro del Plan de Autoprotecci\u00f3n de todos los centros docentes p\u00fablicos de Andaluc\u00eda, a excepci\u00f3n de los universitarios, los centros de ense\u00f1anza de r\u00e9gimen especial y los servicios educativos, sostenidos con fondos p\u00fablicos, as\u00ed como las Delegaciones Provinciales de la Consejer\u00eda de Educaci\u00f3n, y se establece la composici\u00f3n y funciones de los \u00f3rganos de coordinaci\u00f3n y gesti\u00f3n de la prevenci\u00f3n en dichos centros y servicios educativos.<\/td>\n<\/tr>\n<tr>\n<td class=\"mceSelected\" style=\"text-align: center;width: 50%\" width=\"50%\">\n<h3>Plan de Evacuaci\u00f3n<\/h3>\n<\/td>\n<td class=\"mceSelected\" style=\"text-align: center;width: 60.0471%\" colspan=\"2\" width=\"50%\">\n<h3>Protocolos de actuaci\u00f3n ante emergencias sanitarias.<\/h3>\n<\/td>\n<\/tr>\n<tr>\n<td class=\"mceSelected\" style=\"text-align: center;width: 50%\" width=\"50%\"><img decoding=\"async\" src=\"http:\/\/www.juntadeandalucia.es\/averroes\/centros-tic\/04006100\/helvia\/sitio\/upload\/img\/rutaevacuacioncopia.jpg\" width=\"150\" border=\"0\">&nbsp;<\/td>\n<td class=\"mceSelected\" style=\"width: 60.0471%\" colspan=\"2\" width=\"50%\"><img decoding=\"async\" class=\"aligncenter\" src=\"http:\/\/www.juntadeandalucia.es\/averroes\/centros-tic\/04006100\/helvia\/sitio\/upload\/img\/emergencia.png\" width=\"150\" border=\"0\"><\/td>\n<\/tr>\n<tr>\n<td class=\"mceSelected\" style=\"width: 50%\" width=\"50%\">El Plan de Evacuaci\u00f3n y Emergencia es una parte del Plan de Autoprotecci\u00f3n en el que se prev\u00e9 la organizaci\u00f3n de la respuesta ante situaciones de emergencias, medidas de intervenci\u00f3n y protecci\u00f3n a adoptar, y los procedimientos y secuencias de actuaci\u00f3n para dar respuesta a las posibles emergencias.<\/td>\n<td class=\"mceSelected\" style=\"width: 60.0471%\" colspan=\"2\" width=\"50%\"><a href=\"http:\/\/www.juntadeandalucia.es\/averroes\/centros-tic\/04006100\/helvia\/sitio\/upload\/1227516803290_protocolodeactuacion.pdf\" target=\"_blank\" rel=\"noopener noreferrer\"><img decoding=\"async\" class=\"aligncenter\" src=\"http:\/\/www.juntadeandalucia.es\/averroes\/centros-tic\/04006100\/helvia\/sitio\/upload\/img\/EMERGENCIAS.jpg\" width=\"150\" border=\"0\"><br \/>\n<\/a><\/p>\n<p style=\"text-align: center\"><a href=\"http:\/\/www.juntadeandalucia.es\/averroes\/centros-tic\/04006100\/helvia\/sitio\/upload\/1227516803290_protocolodeactuacion.pdf\" target=\"_blank\" rel=\"noopener noreferrer\">Descargar pdf.&nbsp;<img decoding=\"async\" src=\"http:\/\/www.juntadeandalucia.es\/averroes\/centros-tic\/04006100\/helvia\/sitio\/upload\/img\/icono_pdf.gif\" border=\"0\"><\/a><\/p>\n<\/td>\n<\/tr>\n<tr>\n<td class=\"mceSelected\" style=\"width: 110.047%\" colspan=\"3\">\n<h3 style=\"text-align: center\"><strong>&nbsp;DOCUMENTOS DE LA CONSEJER\u00cdA DE EDUCACI\u00d3N:<\/strong><\/h3>\n<\/td>\n<\/tr>\n<tr>\n<td class=\"mceSelected\" style=\"width: 60.7959%\" colspan=\"2\"><a href=\"http:\/\/www.juntadeandalucia.es\/averroes\/centros-tic\/04006100\/helvia\/sitio\/upload\/Seguridad_Contra_Incendios.pdf\" target=\"_blank\" rel=\"noopener noreferrer\">Seguridad contra incendios&nbsp;<img decoding=\"async\" src=\"http:\/\/www.juntadeandalucia.es\/averroes\/centros-tic\/04006100\/helvia\/sitio\/upload\/img\/icono_pdf.gif\" border=\"0\"><\/a><\/td>\n<td class=\"mceSelected\" style=\"width: 49.2512%\">&nbsp;<img decoding=\"async\" class=\"aligncenter\" src=\"http:\/\/www.juntadeandalucia.es\/averroes\/centros-tic\/04006100\/helvia\/sitio\/upload\/img\/Captura1_1.PNG\" width=\"120\" border=\"0\"><\/td>\n<\/tr>\n<tr>\n<td class=\"mceSelected\" style=\"width: 50%\"><a href=\"http:\/\/www.juntadeandalucia.es\/averroes\/centros-tic\/04006100\/helvia\/sitio\/upload\/Seguridad_Centros_Docentes.pdf\" target=\"_blank\" rel=\"noopener noreferrer\">Seguridad en centros docentes <img decoding=\"async\" src=\"http:\/\/www.juntadeandalucia.es\/averroes\/centros-tic\/04006100\/helvia\/sitio\/upload\/img\/icono_pdf.gif\" border=\"0\">&nbsp;<\/a> &nbsp; &nbsp; &nbsp; &nbsp; &nbsp; &nbsp; &nbsp;&nbsp;<\/td>\n<td class=\"mceSelected\" style=\"width: 60.0471%\" colspan=\"2\">&nbsp;<img decoding=\"async\" class=\"aligncenter\" src=\"http:\/\/www.juntadeandalucia.es\/averroes\/centros-tic\/04006100\/helvia\/sitio\/upload\/img\/Captura2_3.PNG\" width=\"120\" border=\"0\"><\/td>\n<\/tr>\n<\/tbody>\n<\/table>\n<p>&nbsp;<\/p>\n","protected":false},"excerpt":{"rendered":"<p>&nbsp; &nbsp;\u27a1 &nbsp;Coordinadora: D\u00f1a. Mar\u00eda del Carmen Sevilla Rodr\u00edguez &nbsp; Plan de Autoprotecci\u00f3n . medidas_prevenci\u00f3n_protecci\u00f3n_covid19 Plan de autoproteccio\u0301n 2020 \/21&nbsp; &nbsp; &nbsp; &nbsp; La Consejer\u00eda de Educaci\u00f3n, para dar respuesta a las nuevas realidades&#46;&#46;&#46;<\/p>\n","protected":false},"author":5011,"featured_media":0,"parent":0,"menu_order":0,"comment_status":"closed","ping_status":"closed","template":"","meta":{"ngg_post_thumbnail":0,"footnotes":"","_mc_calendar":[]},"aioseo_notices":[],"_links":{"self":[{"href":"https:\/\/blogsaverroes.juntadeandalucia.es\/ceipnuevaalmeria\/wp-json\/wp\/v2\/pages\/2464"}],"collection":[{"href":"https:\/\/blogsaverroes.juntadeandalucia.es\/ceipnuevaalmeria\/wp-json\/wp\/v2\/pages"}],"about":[{"href":"https:\/\/blogsaverroes.juntadeandalucia.es\/ceipnuevaalmeria\/wp-json\/wp\/v2\/types\/page"}],"author":[{"embeddable":true,"href":"https:\/\/blogsaverroes.juntadeandalucia.es\/ceipnuevaalmeria\/wp-json\/wp\/v2\/users\/5011"}],"replies":[{"embeddable":true,"href":"https:\/\/blogsaverroes.juntadeandalucia.es\/ceipnuevaalmeria\/wp-json\/wp\/v2\/comments?post=2464"}],"version-history":[{"count":13,"href":"https:\/\/blogsaverroes.juntadeandalucia.es\/ceipnuevaalmeria\/wp-json\/wp\/v2\/pages\/2464\/revisions"}],"predecessor-version":[{"id":72133,"href":"https:\/\/blogsaverroes.juntadeandalucia.es\/ceipnuevaalmeria\/wp-json\/wp\/v2\/pages\/2464\/revisions\/72133"}],"wp:attachment":[{"href":"https:\/\/blogsaverroes.juntadeandalucia.es\/ceipnuevaalmeria\/wp-json\/wp\/v2\/media?parent=2464"}],"curies":[{"name":"wp","href":"https:\/\/api.w.org\/{rel}","templated":true}]}}