{"id":2466,"date":"2017-05-17T17:40:37","date_gmt":"2017-05-17T17:40:37","guid":{"rendered":"http:\/\/blogsaverroes.juntadeandalucia.es\/ceipnuevaalmeria\/?page_id=2466"},"modified":"2023-01-30T18:16:04","modified_gmt":"2023-01-30T18:16:04","slug":"habitos-de-vida-saludable","status":"publish","type":"page","link":"https:\/\/blogsaverroes.juntadeandalucia.es\/ceipnuevaalmeria\/habitos-de-vida-saludable\/","title":{"rendered":"H\u00e1bitos de Vida Saludable"},"content":{"rendered":"<table class=\"mceItemTable\" border=\"0\" width=\"100%\">\n<tbody>\n<tr style=\"height: 10px\">\n<td style=\"height: 10px\"><img loading=\"lazy\" decoding=\"async\" class=\"alignnone size-full wp-image-2691 aligncenter\" src=\"https:\/\/blogsaverroes.juntadeandalucia.es\/ceipnuevaalmeria\/files\/2017\/05\/portal_habitos_vida_saludable.png\" alt=\"\" width=\"330\" height=\"155\" srcset=\"https:\/\/blogsaverroes.juntadeandalucia.es\/ceipnuevaalmeria\/files\/2017\/05\/portal_habitos_vida_saludable.png 330w, https:\/\/blogsaverroes.juntadeandalucia.es\/ceipnuevaalmeria\/files\/2017\/05\/portal_habitos_vida_saludable-300x141.png 300w, https:\/\/blogsaverroes.juntadeandalucia.es\/ceipnuevaalmeria\/files\/2017\/05\/portal_habitos_vida_saludable-24x11.png 24w, https:\/\/blogsaverroes.juntadeandalucia.es\/ceipnuevaalmeria\/files\/2017\/05\/portal_habitos_vida_saludable-36x17.png 36w, https:\/\/blogsaverroes.juntadeandalucia.es\/ceipnuevaalmeria\/files\/2017\/05\/portal_habitos_vida_saludable-48x23.png 48w\" sizes=\"(max-width: 330px) 100vw, 330px\" \/><\/td>\n<\/tr>\n<tr style=\"height: 10px\">\n<td style=\"height: 10px\">\n<h2>&nbsp;<\/h2>\n<p>&nbsp; \u27a1&nbsp;<strong><span style=\"color: #333399\">Coordinador: D. Juan Manuel Navas Almaz\u00e1n<\/span><\/strong><\/td>\n<\/tr>\n<tr style=\"height: 22px\">\n<td class=\"mceSelected\" style=\"height: 22px\">&nbsp;<\/td>\n<\/tr>\n<tr style=\"height: 33px\">\n<td class=\"mceSelected\" style=\"height: 33px\">\n<h2 style=\"text-align: center\">Programa \u00abH\u00e1bitos de vida saludable\u00bb<\/h2>\n<\/td>\n<\/tr>\n<tr style=\"height: 22px\">\n<td class=\"mceSelected\" style=\"height: 22px\">Entre los objetivos que se persiguen con la aplicaci\u00f3n de este programa destacan:<\/td>\n<\/tr>\n<tr style=\"height: 460px\">\n<td class=\"mceSelected\" style=\"height: 460px\">\n<ul>\n<li>Sensibilizar al alumnado sobre la importancia de una alimentaci\u00f3n equilibrada y la relaci\u00f3n entre \u00e9sta y el estado de salud.<\/li>\n<li>Promover la adquisici\u00f3n de conocimientos significativos, que permitan la participaci\u00f3n del alumnado en la confecci\u00f3n de dietas, que sean cuantitativa y cualitativamente mas equilibradas.<\/li>\n<li>Trasladar a las familias esta importancia as\u00ed como la de su colaboraci\u00f3n.<\/li>\n<li>Promover el peso adecuado.<\/li>\n<li>Sensibilizar sobre los riesgos del marketing comercial en la venta de alimentos infantiles.<\/li>\n<li>Dar a conocer los beneficios de la Dieta Mediterr\u00e1nea, como dieta saludable realizada por nuestros antepasados.<\/li>\n<li>Potenciar el conocimiento y an\u00e1lisis sobre el reparto de la riqueza y los problemas de malnutrici\u00f3n en el mundo.<\/li>\n<\/ul>\n<p><strong><em>El objetivo \u00faltimo que se persigue es un cambio de las actitudes del grupo, que repercutan en el \u00e1mbito familiar y social.<\/em><\/strong><\/p>\n<p>&nbsp;<\/td>\n<\/tr>\n<tr style=\"height: 22px\">\n<td class=\"mceSelected\" style=\"height: 22px\">&nbsp;<\/td>\n<\/tr>\n<\/tbody>\n<\/table>\n","protected":false},"excerpt":{"rendered":"<p>&nbsp; &nbsp; \u27a1&nbsp;Coordinador: D. Juan Manuel Navas Almaz\u00e1n &nbsp; Programa \u00abH\u00e1bitos de vida saludable\u00bb Entre los objetivos que se persiguen con la aplicaci\u00f3n de este programa destacan: Sensibilizar al alumnado sobre la importancia de&#46;&#46;&#46;<\/p>\n","protected":false},"author":5011,"featured_media":0,"parent":0,"menu_order":0,"comment_status":"closed","ping_status":"closed","template":"","meta":{"ngg_post_thumbnail":0,"footnotes":"","_mc_calendar":[]},"aioseo_notices":[],"_links":{"self":[{"href":"https:\/\/blogsaverroes.juntadeandalucia.es\/ceipnuevaalmeria\/wp-json\/wp\/v2\/pages\/2466"}],"collection":[{"href":"https:\/\/blogsaverroes.juntadeandalucia.es\/ceipnuevaalmeria\/wp-json\/wp\/v2\/pages"}],"about":[{"href":"https:\/\/blogsaverroes.juntadeandalucia.es\/ceipnuevaalmeria\/wp-json\/wp\/v2\/types\/page"}],"author":[{"embeddable":true,"href":"https:\/\/blogsaverroes.juntadeandalucia.es\/ceipnuevaalmeria\/wp-json\/wp\/v2\/users\/5011"}],"replies":[{"embeddable":true,"href":"https:\/\/blogsaverroes.juntadeandalucia.es\/ceipnuevaalmeria\/wp-json\/wp\/v2\/comments?post=2466"}],"version-history":[{"count":6,"href":"https:\/\/blogsaverroes.juntadeandalucia.es\/ceipnuevaalmeria\/wp-json\/wp\/v2\/pages\/2466\/revisions"}],"predecessor-version":[{"id":72131,"href":"https:\/\/blogsaverroes.juntadeandalucia.es\/ceipnuevaalmeria\/wp-json\/wp\/v2\/pages\/2466\/revisions\/72131"}],"wp:attachment":[{"href":"https:\/\/blogsaverroes.juntadeandalucia.es\/ceipnuevaalmeria\/wp-json\/wp\/v2\/media?parent=2466"}],"curies":[{"name":"wp","href":"https:\/\/api.w.org\/{rel}","templated":true}]}}