{"id":2468,"date":"2017-05-17T17:41:14","date_gmt":"2017-05-17T17:41:14","guid":{"rendered":"http:\/\/blogsaverroes.juntadeandalucia.es\/ceipnuevaalmeria\/?page_id=2468"},"modified":"2023-01-30T18:15:13","modified_gmt":"2023-01-30T18:15:13","slug":"plan-de-igualdad-de-hombres-y-mujeres","status":"publish","type":"page","link":"https:\/\/blogsaverroes.juntadeandalucia.es\/ceipnuevaalmeria\/plan-de-igualdad-de-hombres-y-mujeres\/","title":{"rendered":"Plan de igualdad"},"content":{"rendered":"<table class=\"mceItemTable\" border=\"0\" width=\"100%\">\n<tbody>\n<tr>\n<td class=\"mceSelected\" colspan=\"3\">\n<h2><img decoding=\"async\" class=\"aligncenter\" src=\"http:\/\/www.juntadeandalucia.es\/averroes\/centros-tic\/04006100\/helvia\/sitio\/upload\/img\/igualdad.JPG\" border=\"0\"><\/h2>\n<\/td>\n<\/tr>\n<tr>\n<td class=\"mceSelected\" colspan=\"3\">\n<h2>&nbsp;<\/h2>\n<\/td>\n<\/tr>\n<tr>\n<td class=\"mceSelected\" colspan=\"3\"><strong><span style=\"color: #333399\">Coordinador: D\u00f1a. Laura Jim\u00e9nez Navarro<\/span><\/strong><\/td>\n<\/tr>\n<tr>\n<td class=\"mceSelected\" colspan=\"3\">&nbsp;<\/td>\n<\/tr>\n<tr>\n<td class=\"mceSelected\" colspan=\"3\">\n<h2 style=\"text-align: center\">Plan de igualdad entre hombres y mujeres<\/h2>\n<\/td>\n<\/tr>\n<tr>\n<td class=\"mceSelected\" colspan=\"3\">&nbsp;<\/td>\n<\/tr>\n<tr>\n<td class=\"mceSelected\" colspan=\"3\">&nbsp; El avance conseguido en las \u00faltimas d\u00e9cadas en la igualdad entre hombres y mujeres ha llevado a nuestra sociedad andaluza a la incorporaci\u00f3n y participaci\u00f3n de las mujeres en todas las esferas de la vida pol\u00edtica, social y cultural. Sin embargo, estos cambios no siempre han venido acompa\u00f1ados de nuevos modelos de relaciones entre los g\u00e9neros.<\/p>\n<div class=\"caja_imagen_izquierda_texto_generico\">\n<div class=\"texto_parrafo_texto_generico\">Aunque se han dado cambios importantes en los modelos de familia, podemos decir que, mientras el modelo de feminidad tradicional ha sufrido una importante transformaci\u00f3n, los varones no se han incorporado de la misma forma a los \u00e1mbitos de la vida privada y al espacio dom\u00e9stico. Adem\u00e1s, las relaciones de poder dominantes en nuestra sociedad se siguen manifestando en discriminaciones laborales, y en la violencia contra las mujeres como la forma m\u00e1s arcaica de dominaci\u00f3n y sometimiento.<\/div>\n<div class=\"texto_parrafo_texto_generico\"><img decoding=\"async\" class=\"aligncenter\" src=\"http:\/\/www.juntadeandalucia.es\/averroes\/centros-tic\/04006100\/helvia\/sitio\/upload\/img\/nino_as.jpg\" width=\"500\" border=\"0\"><\/div>\n<div class=\"texto_parrafo_texto_generico\">La Consejer\u00eda de Educaci\u00f3n, consciente de esta realidad y de la importancia que tiene la actuaci\u00f3n&nbsp;desde las pol\u00edticas p\u00fablicas para que el principio de igualdad entre hombres y mujeres consagrado en nuestra Constituci\u00f3n y en el Estatuto de Autonom\u00eda para Andaluc\u00eda sea una realidad, ha determinado desde su \u00e1mbito de competencias desarrollar una intervenci\u00f3n global en el marco educativo a trav\u00e9s de este&nbsp;<strong>II Plan de Igualdad entre Hombres y Mujeres en Educaci\u00f3n.<\/strong><\/div>\n<div class=\"texto_parrafo_texto_generico\">La educaci\u00f3n integral de las personas implica la adquisici\u00f3n de un conjunto de capacidades b\u00e1sicas de tipo cognitivo, emocional y \u00e9tico. Esto supone que a la necesidad incuestionable de educar en habilidades y conocimientos se a\u00f1ade la de educar para una mejor calidad de vida y para dotar a esta de sentido moral.<\/div>\n<div class=\"texto_parrafo_texto_generico\">El sistema educativo debe hacerse cargo de crear las condiciones necesarias para que la escuela potencie los aprendizajes para la vida afectiva e incorpore el valor y la riqueza que supone la diversidad de modos de ser hombre y de ser mujer que son el sustrato imprescindible para establecer unas relaciones basadas en la equidad, el respeto y la corresponsabilidad.<\/div>\n<\/div>\n<\/td>\n<\/tr>\n<tr>\n<td class=\"mceSelected\" colspan=\"3\">&nbsp;<\/td>\n<\/tr>\n<tr>\n<td class=\"mceSelected\" colspan=\"3\">\n<h3>Talleres de coeducaci\u00f3n<\/h3>\n<\/td>\n<\/tr>\n<tr>\n<td class=\"mceSelected\">\n<div>En nuestro centro se vienen celebrando, coincidiendo con el d\u00eda internacional contra la violencia de g\u00e9nero unos talleres de COEDUCACI\u00d6N con los que se pretende sensibilizar a nuestros alumnos&nbsp;en la aceptaci\u00f3n de la diversidad de modos de ser hombre y de ser mujer que son el sustrato imprescindible para establecer unas relaciones basadas en la equidad, el respeto y la corresponsabilidad.<\/div>\n<\/td>\n<td class=\"mceSelected\" colspan=\"2\"><img decoding=\"async\" src=\"http:\/\/www.juntadeandalucia.es\/averroes\/centros-tic\/04006100\/helvia\/sitio\/upload\/img\/coeducacion1.jpg\" width=\"120\" border=\"0\"><\/td>\n<\/tr>\n<tr>\n<td class=\"mceSelected\" colspan=\"3\">Estos talleres se realizan en colaboraci\u00f3n con la AMPA Vega de Ac\u00e1 al amparo de las Resoluciones&nbsp;de la Direcci\u00f3n General de Participaci\u00f3n y Equidad, por la que se conceden subvenciones para la realizaci\u00f3n de proyectos de coeducaci\u00f3n presentados por las asociaciones de madres y padres del alumnado de centros docentes sostenidos con fondos p\u00fablicos para el fomento de la igualdad entre hombres y mujeres.<\/td>\n<\/tr>\n<tr>\n<td class=\"mceSelected\" colspan=\"3\">El equipo de pisc\u00f3logos de Family Consulting son los encargados de la programaci\u00f3n y realizaci\u00f3n de estos talleres.&nbsp;<\/td>\n<\/tr>\n<tr>\n<td class=\"mceSelected\" colspan=\"3\">&nbsp;<\/td>\n<\/tr>\n<tr>\n<td class=\"mceSelected\" colspan=\"3\"><a href=\"http:\/\/www.juntadeandalucia.es\/educacion\/webportal\/web\/portal-de-igualdad\" target=\"_blank\" rel=\"noopener noreferrer\"><img decoding=\"async\" class=\"aligncenter\" src=\"http:\/\/www.juntadeandalucia.es\/averroes\/centros-tic\/04006100\/helvia\/sitio\/upload\/img\/portal_igualdad.png\" border=\"0\"><\/a><\/td>\n<\/tr>\n<\/tbody>\n<\/table>\n","protected":false},"excerpt":{"rendered":"<p>&nbsp; Coordinador: D\u00f1a. Laura Jim\u00e9nez Navarro &nbsp; Plan de igualdad entre hombres y mujeres &nbsp; &nbsp; El avance conseguido en las \u00faltimas d\u00e9cadas en la igualdad entre hombres y mujeres ha llevado a nuestra&#46;&#46;&#46;<\/p>\n","protected":false},"author":5011,"featured_media":0,"parent":0,"menu_order":0,"comment_status":"closed","ping_status":"closed","template":"","meta":{"ngg_post_thumbnail":0,"footnotes":"","_mc_calendar":[]},"aioseo_notices":[],"_links":{"self":[{"href":"https:\/\/blogsaverroes.juntadeandalucia.es\/ceipnuevaalmeria\/wp-json\/wp\/v2\/pages\/2468"}],"collection":[{"href":"https:\/\/blogsaverroes.juntadeandalucia.es\/ceipnuevaalmeria\/wp-json\/wp\/v2\/pages"}],"about":[{"href":"https:\/\/blogsaverroes.juntadeandalucia.es\/ceipnuevaalmeria\/wp-json\/wp\/v2\/types\/page"}],"author":[{"embeddable":true,"href":"https:\/\/blogsaverroes.juntadeandalucia.es\/ceipnuevaalmeria\/wp-json\/wp\/v2\/users\/5011"}],"replies":[{"embeddable":true,"href":"https:\/\/blogsaverroes.juntadeandalucia.es\/ceipnuevaalmeria\/wp-json\/wp\/v2\/comments?post=2468"}],"version-history":[{"count":8,"href":"https:\/\/blogsaverroes.juntadeandalucia.es\/ceipnuevaalmeria\/wp-json\/wp\/v2\/pages\/2468\/revisions"}],"predecessor-version":[{"id":72130,"href":"https:\/\/blogsaverroes.juntadeandalucia.es\/ceipnuevaalmeria\/wp-json\/wp\/v2\/pages\/2468\/revisions\/72130"}],"wp:attachment":[{"href":"https:\/\/blogsaverroes.juntadeandalucia.es\/ceipnuevaalmeria\/wp-json\/wp\/v2\/media?parent=2468"}],"curies":[{"name":"wp","href":"https:\/\/api.w.org\/{rel}","templated":true}]}}