{"id":2474,"date":"2017-05-17T17:42:57","date_gmt":"2017-05-17T17:42:57","guid":{"rendered":"http:\/\/blogsaverroes.juntadeandalucia.es\/ceipnuevaalmeria\/?page_id=2474"},"modified":"2017-06-27T17:43:28","modified_gmt":"2017-06-27T17:43:28","slug":"proyecto-ecohuerto","status":"publish","type":"page","link":"https:\/\/blogsaverroes.juntadeandalucia.es\/ceipnuevaalmeria\/proyecto-ecohuerto\/","title":{"rendered":"Proyecto Ecohuerto"},"content":{"rendered":"<div>\n<p><img decoding=\"async\" src=\"https:\/\/encrypted-tbn0.gstatic.com\/images?q=tbn:ANd9GcQjXo2oVuUsJwGvbzHUH8NadSVrC-oIjfwl0lMYaiERf3RPLLZz\" alt=\"Imagen relacionada\"><\/p>\n<p><img decoding=\"async\" class=\"aligncenter\" src=\"http:\/\/www.juntadeandalucia.es\/medioambiente\/portal_web\/web\/temas_ambientales\/educacion_ambiental_y_formacion_nuevo\/aldea\/catalogo_16_17\/imagenes_catalogo\/05.jpg\" alt=\"Resultado de imagen de proyecto ecohuerto aldea\"><\/p>\n<p>El&nbsp;<strong>huerto escolar<\/strong>&nbsp;constituye un recurso educativo de primer orden para reforzar contenidos curriculares y para transmitir al alumnado la importancia de las t\u00e9cnicas productivas con la alimentaci\u00f3n, en relaci\u00f3n con los ciclos naturales y el respeto al medio ambiente. Sembrar y plantar verduras y hortalizas tiene valor en s\u00ed mismo y ayuda a comprender la multitud de ritmos que dominan la naturaleza, la dependencia que el ser humano tiene de ella y la asincron\u00eda, cada vez m\u00e1s pronunciada, que existe entre ambos.<\/p>\n<p>Si adem\u00e1s utilizamos especies ecol\u00f3gicas y locales estamos consiguiendo m\u00faltiples objetivos acercando los productos al alumnado, propiciando su consumo desde la experiencia y concienciando sobre las ventajas que tiene el consumo de productos cada vez m\u00e1s cercanos en la lucha contra el cambio clim\u00e1tico.<\/p>\n<p>Con este objetivo se ha construido un arriate en una zona lateral del patio, en el que los alumnos plantan las verduras y hortalizas que previamente han sembrado en los semilleros que han cuidado y regado en sus respectivas aulas.<\/p>\n<\/div>\n<div><img decoding=\"async\" class=\"aligncenter\" src=\"http:\/\/www.juntadeandalucia.es\/averroes\/centros-tic\/04006100\/helvia\/sitio\/upload\/img\/page1_1.jpg\" border=\"0\"><\/div>\n<div><img decoding=\"async\" class=\"aligncenter\" src=\"http:\/\/www.juntadeandalucia.es\/averroes\/centros-tic\/04006100\/helvia\/sitio\/upload\/img\/page2_3.jpg\" border=\"0\"><\/div>\n<div><img decoding=\"async\" class=\"aligncenter\" src=\"http:\/\/www.juntadeandalucia.es\/averroes\/centros-tic\/04006100\/helvia\/sitio\/upload\/img\/collage_1.jpg\" border=\"0\"><\/div>\n<div>&nbsp;<\/div>\n","protected":false},"excerpt":{"rendered":"<p>El&nbsp;huerto escolar&nbsp;constituye un recurso educativo de primer orden para reforzar contenidos curriculares y para transmitir al alumnado la importancia de las t\u00e9cnicas productivas con la alimentaci\u00f3n, en relaci\u00f3n con los ciclos naturales y el&#46;&#46;&#46;<\/p>\n","protected":false},"author":5011,"featured_media":0,"parent":0,"menu_order":0,"comment_status":"closed","ping_status":"closed","template":"","meta":{"ngg_post_thumbnail":0,"footnotes":"","_mc_calendar":[]},"aioseo_notices":[],"_links":{"self":[{"href":"https:\/\/blogsaverroes.juntadeandalucia.es\/ceipnuevaalmeria\/wp-json\/wp\/v2\/pages\/2474"}],"collection":[{"href":"https:\/\/blogsaverroes.juntadeandalucia.es\/ceipnuevaalmeria\/wp-json\/wp\/v2\/pages"}],"about":[{"href":"https:\/\/blogsaverroes.juntadeandalucia.es\/ceipnuevaalmeria\/wp-json\/wp\/v2\/types\/page"}],"author":[{"embeddable":true,"href":"https:\/\/blogsaverroes.juntadeandalucia.es\/ceipnuevaalmeria\/wp-json\/wp\/v2\/users\/5011"}],"replies":[{"embeddable":true,"href":"https:\/\/blogsaverroes.juntadeandalucia.es\/ceipnuevaalmeria\/wp-json\/wp\/v2\/comments?post=2474"}],"version-history":[{"count":5,"href":"https:\/\/blogsaverroes.juntadeandalucia.es\/ceipnuevaalmeria\/wp-json\/wp\/v2\/pages\/2474\/revisions"}],"predecessor-version":[{"id":2703,"href":"https:\/\/blogsaverroes.juntadeandalucia.es\/ceipnuevaalmeria\/wp-json\/wp\/v2\/pages\/2474\/revisions\/2703"}],"wp:attachment":[{"href":"https:\/\/blogsaverroes.juntadeandalucia.es\/ceipnuevaalmeria\/wp-json\/wp\/v2\/media?parent=2474"}],"curies":[{"name":"wp","href":"https:\/\/api.w.org\/{rel}","templated":true}]}}