{"id":2588,"date":"2017-06-22T17:01:03","date_gmt":"2017-06-22T17:01:03","guid":{"rendered":"http:\/\/blogsaverroes.juntadeandalucia.es\/ceipnuevaalmeria\/?page_id=2588"},"modified":"2022-06-21T16:39:46","modified_gmt":"2022-06-21T16:39:46","slug":"ed-infantil-5-anos","status":"publish","type":"page","link":"https:\/\/blogsaverroes.juntadeandalucia.es\/ceipnuevaalmeria\/ed-infantil-5-anos\/","title":{"rendered":"M &#8211; Ed. Infantil 5 a\u00f1os"},"content":{"rendered":"<p>CURSO 2022-2023&nbsp; &nbsp; &nbsp; &nbsp; &nbsp; &nbsp; &nbsp; &nbsp; &nbsp; &nbsp; &nbsp; &nbsp;<\/p>\n<p>MATERIAL DE EDUCACI\u00d3N INFANTIL 5 A\u00d1OS (PDF <a href=\"https:\/\/blogsaverroes.juntadeandalucia.es\/ceipnuevaalmeria\/files\/2022\/06\/5-an\u0303os.pdf\">5 an\u0303os<\/a>)<\/p>\n<ul>\n<li><strong>&nbsp;<\/strong><strong>&nbsp;<\/strong><strong>LIBROS:<\/strong><\/li>\n<\/ul>\n<p><strong>&nbsp;<\/strong>&#8211; Proyecto \u201cGOGUIS\u201d 5 a\u00f1os. 1\u00ba, 2\u00ba y 3&nbsp; trimestre. Editorial VICENS VIVES<\/p>\n<p>ISBN LIBRO<br \/>\n9788468251189<br \/>\nGoguis Plus P5 Carpeta 1er Trimestre<br \/>\n9788468251196<br \/>\nGoguis Plus P5 Carpeta 2\u00ba Trimestre<br \/>\n9788468251202<br \/>\nGoguis Plus P5 Carpeta 3er Trimestre<\/p>\n<ul>\n<li><strong>MATERIAL:<\/strong><br \/>\n\u2022 Un paquete de 500 folios DIN A-4 de 80 gramos.<br \/>\n\u2022 3 fundas para plastificar.<br \/>\n\u2022 1 caja de 24 plastidecor.<br \/>\n\u2022 Una caja de 12 rotuladores de doble punta (fina y gruesa).<br \/>\n\u2022 2 l\u00e1pices STAEDTLER noris HB 2 (finos).<br \/>\n\u2022 Una goma blanda.<br \/>\n\u2022 Un bote de cola blanca Apli o Fixo.<br \/>\n\u2022 Un bote de pegamento con purpurina GIOTTO.<br \/>\n\u2022 1 paquete de toallitas h\u00famedas.<br \/>\n\u2022 1 caja de pa\u00f1uelos de papel.<br \/>\n\u2022 1 rollo de papel de cocina.<\/li>\n<li><strong>INFORMACI\u00d3N IMPORTANTE:<\/strong>\n<ul>\n<li>PARA EL DESAYUNO DE MEDIA MA\u00d1ANA TRAER\u00c1N UNA MOCHILA PEQUE\u00d1A (nunca con ruedas), con una botellita de agua y un desayuno saludable. Mochila y botella con el nombre marcado.<\/li>\n<li>PONER EL NOMBRE EN LOS MATERIALES.<\/li>\n<li>ESTE MATERIAL SE ENTREGAR\u00c1 A LA TUTORA O TUTOR DE SU HIJO\/A <strong>DEL 5 AL 8 DE SEPTIEMBRE<\/strong>.<\/li>\n<\/ul>\n<\/li>\n<\/ul>\n","protected":false},"excerpt":{"rendered":"<p>CURSO 2022-2023&nbsp; &nbsp; &nbsp; &nbsp; &nbsp; &nbsp; &nbsp; &nbsp; &nbsp; &nbsp; &nbsp; &nbsp; MATERIAL DE EDUCACI\u00d3N INFANTIL 5 A\u00d1OS (PDF 5 an\u0303os) &nbsp;&nbsp;LIBROS: &nbsp;&#8211; Proyecto \u201cGOGUIS\u201d 5 a\u00f1os. 1\u00ba, 2\u00ba y 3&nbsp; trimestre. Editorial&#46;&#46;&#46;<\/p>\n","protected":false},"author":5011,"featured_media":0,"parent":0,"menu_order":0,"comment_status":"closed","ping_status":"closed","template":"","meta":{"ngg_post_thumbnail":0,"footnotes":"","_mc_calendar":[]},"aioseo_notices":[],"_links":{"self":[{"href":"https:\/\/blogsaverroes.juntadeandalucia.es\/ceipnuevaalmeria\/wp-json\/wp\/v2\/pages\/2588"}],"collection":[{"href":"https:\/\/blogsaverroes.juntadeandalucia.es\/ceipnuevaalmeria\/wp-json\/wp\/v2\/pages"}],"about":[{"href":"https:\/\/blogsaverroes.juntadeandalucia.es\/ceipnuevaalmeria\/wp-json\/wp\/v2\/types\/page"}],"author":[{"embeddable":true,"href":"https:\/\/blogsaverroes.juntadeandalucia.es\/ceipnuevaalmeria\/wp-json\/wp\/v2\/users\/5011"}],"replies":[{"embeddable":true,"href":"https:\/\/blogsaverroes.juntadeandalucia.es\/ceipnuevaalmeria\/wp-json\/wp\/v2\/comments?post=2588"}],"version-history":[{"count":13,"href":"https:\/\/blogsaverroes.juntadeandalucia.es\/ceipnuevaalmeria\/wp-json\/wp\/v2\/pages\/2588\/revisions"}],"predecessor-version":[{"id":71995,"href":"https:\/\/blogsaverroes.juntadeandalucia.es\/ceipnuevaalmeria\/wp-json\/wp\/v2\/pages\/2588\/revisions\/71995"}],"wp:attachment":[{"href":"https:\/\/blogsaverroes.juntadeandalucia.es\/ceipnuevaalmeria\/wp-json\/wp\/v2\/media?parent=2588"}],"curies":[{"name":"wp","href":"https:\/\/api.w.org\/{rel}","templated":true}]}}