{"id":72712,"date":"2025-03-24T09:52:54","date_gmt":"2025-03-24T09:52:54","guid":{"rendered":"https:\/\/blogsaverroes.juntadeandalucia.es\/ceipnuevaalmeria\/?page_id=72712"},"modified":"2025-03-24T09:52:54","modified_gmt":"2025-03-24T09:52:54","slug":"periodico-digital","status":"publish","type":"page","link":"https:\/\/blogsaverroes.juntadeandalucia.es\/ceipnuevaalmeria\/periodico-digital\/","title":{"rendered":"Peri\u00f3dico Digital"},"content":{"rendered":"<p style=\"text-align: center\" align=\"center\"><strong><span style=\"font-size: 18.0pt\">THE DAILY PROPHET &#8211; CEIP Nueva Almer\u00eda<\/span><\/strong><\/p>\n<p align=\"center\">&nbsp;<\/p>\n<p style=\"text-align: justify;text-indent: 35.4pt\"><span style=\"font-size: 14.0pt\">Los alumnos son los aut\u00e9nticos protagonistas de <strong>\u00abThe Daily Prophet\u00bb<\/strong>, el peri\u00f3dico digital de nuestro colegio, en el que se publican tanto noticias reales como relatos ficticios creados por los alumnos de todas las clases.<\/span><\/p>\n<p style=\"text-align: justify;text-indent: 35.4pt\"><span style=\"font-size: 14.0pt\">El objetivo de esta iniciativa es doble: desarrollar el amor por la escritura y fomentar la colaboraci\u00f3n entre los estudiantes, quienes se encargan de <strong>maquetar, editar y dar forma al peri\u00f3dico<\/strong> antes de compartirlo con toda nuestra comunidad educativa. Este peri\u00f3dico, que refleja el talento y la creatividad de nuestros alumnos, se convierte en un puente entre las aulas y las familias, mostrando el incre\u00edble potencial que tienen nuestros j\u00f3venes creadores y abriendo la puerta a toda la comunidad educativa para estrechar lazos.<\/span><\/p>\n<p style=\"text-align: justify;text-indent: 35.4pt\"><span style=\"font-size: 14.0pt\">Estamos muy emocionados de ver c\u00f3mo nuestras aulas se llenan de peque\u00f1os escritores y periodistas, listos para dejar su huella en el mundo a trav\u00e9s de las palabras. \u00a1Sigue atento a las pr\u00f3ximas publicaciones de <strong>\u00abThe Daily Prophet\u00bb<\/strong> y descubre todo lo que nuestros alumnos tienen que contar!<\/span><\/p>\n<p>&nbsp;<\/p>\n<p>&nbsp;<\/p>\n<h2>N\u00daMERO 1:<\/h2>\n<p>&nbsp;<\/p>\n<p><iframe loading=\"lazy\" src=\"https:\/\/drive.google.com\/file\/d\/1aeLXIFSEK1F2aNLVg_D5zpVhHvKZFtJ0\/preview\" width=\"640\" height=\"480\"><\/iframe><\/p>\n<p>&nbsp;<\/p>\n<h2>N\u00daMERO 2:<\/h2>\n<p>&nbsp;<iframe loading=\"lazy\" src=\"https:\/\/drive.google.com\/file\/d\/1AP3YP2wA9UvQklIC37b60rfKUYZ4ZJjF\/preview\" width=\"640\" height=\"480\"><\/iframe><\/p>\n","protected":false},"excerpt":{"rendered":"<p>THE DAILY PROPHET &#8211; CEIP Nueva Almer\u00eda &nbsp; Los alumnos son los aut\u00e9nticos protagonistas de \u00abThe Daily Prophet\u00bb, el peri\u00f3dico digital de nuestro colegio, en el que se publican tanto noticias reales como relatos&#46;&#46;&#46;<\/p>\n","protected":false},"author":5011,"featured_media":0,"parent":0,"menu_order":0,"comment_status":"closed","ping_status":"closed","template":"","meta":{"ngg_post_thumbnail":0,"footnotes":"","_mc_calendar":[]},"aioseo_notices":[],"_links":{"self":[{"href":"https:\/\/blogsaverroes.juntadeandalucia.es\/ceipnuevaalmeria\/wp-json\/wp\/v2\/pages\/72712"}],"collection":[{"href":"https:\/\/blogsaverroes.juntadeandalucia.es\/ceipnuevaalmeria\/wp-json\/wp\/v2\/pages"}],"about":[{"href":"https:\/\/blogsaverroes.juntadeandalucia.es\/ceipnuevaalmeria\/wp-json\/wp\/v2\/types\/page"}],"author":[{"embeddable":true,"href":"https:\/\/blogsaverroes.juntadeandalucia.es\/ceipnuevaalmeria\/wp-json\/wp\/v2\/users\/5011"}],"replies":[{"embeddable":true,"href":"https:\/\/blogsaverroes.juntadeandalucia.es\/ceipnuevaalmeria\/wp-json\/wp\/v2\/comments?post=72712"}],"version-history":[{"count":8,"href":"https:\/\/blogsaverroes.juntadeandalucia.es\/ceipnuevaalmeria\/wp-json\/wp\/v2\/pages\/72712\/revisions"}],"predecessor-version":[{"id":72729,"href":"https:\/\/blogsaverroes.juntadeandalucia.es\/ceipnuevaalmeria\/wp-json\/wp\/v2\/pages\/72712\/revisions\/72729"}],"wp:attachment":[{"href":"https:\/\/blogsaverroes.juntadeandalucia.es\/ceipnuevaalmeria\/wp-json\/wp\/v2\/media?parent=72712"}],"curies":[{"name":"wp","href":"https:\/\/api.w.org\/{rel}","templated":true}]}}