{"id":82,"date":"2023-09-03T23:32:55","date_gmt":"2023-09-03T23:32:55","guid":{"rendered":"http:\/\/blogsaverroes.juntadeandalucia.es\/pre\/ceip\/?page_id=82"},"modified":"2024-06-29T23:03:49","modified_gmt":"2024-06-29T23:03:49","slug":"horarios","status":"publish","type":"page","link":"https:\/\/blogsaverroes.juntadeandalucia.es\/ceipnuevaalmeria\/horarios\/","title":{"rendered":"Horarios"},"content":{"rendered":"<p>&nbsp;<\/p>\n<p style=\"text-align: center\"><strong>HORARIO GENERAL CURSO 2024\/2025<\/strong><\/p>\n<p style=\"text-align: center\">&nbsp;<\/p>\n<p style=\"text-align: center\">Hora de&nbsp;<strong>entrada<\/strong>: 9 de la ma\u00f1ana.<\/p>\n<p style=\"text-align: center\">Hora de&nbsp;<strong>salida<\/strong>: 14:00 de la tarde.<\/p>\n<p style=\"text-align: center\">Hora de&nbsp;<strong>Tutor\u00edas<\/strong>: lunes de 16.00 a 17:00<\/p>\n<p style=\"text-align: center\">&nbsp;<\/p>\n<p><strong>ACCESO AL CENTRO<\/strong><\/p>\n<ul>\n<li><strong><u>Puerta 1<\/u><\/strong>: Educaci\u00f3n Infantil. Acceso escalonado empezando por INF 5 a\u00f1os, despu\u00e9s INF 4 a\u00f1os y por \u00faltimo INF 3 a\u00f1os.<\/li>\n<li><strong><u>Puerta 2<\/u><\/strong>: Aula TEA, Aula Espec\u00edfica, Primero, Segundo y Tercero de Primaria.<\/li>\n<li><strong><u>Puerta 3<\/u><\/strong>: Cuarto, Quinto y Sexto de Primaria.<\/li>\n<\/ul>\n<p><strong>PRIMER D\u00cdA LECTIVO 10 DE SEPTIEMBRE<\/strong><\/p>\n<ul>\n<li>Jornada de recepci\u00f3n del alumnado. <strong><u>Sin servicio de aula matinal<\/u><\/strong>.\n<ul>\n<li>Educaci\u00f3n Infantil 3 a\u00f1os a las 11:30 y hasta las 14:00.<\/li>\n<li>Educaci\u00f3n Infantil 4 \u2013 5 a\u00f1os y Educaci\u00f3n Primaria a las 11:00 y hasta las 14:00.<\/li>\n<\/ul>\n<\/li>\n<li>Servicio de comedor escolar de 14:00 a 16:00 <strong><u>(excepto 3 a\u00f1os<\/u><\/strong>).<\/li>\n<\/ul>\n<p><strong>&nbsp;<\/strong><strong>DEL 11 DE SEPTIEMBRE HASTA FINAL DE CURSO<\/strong><\/p>\n<ul>\n<li>Servicio de aula matinal de 07:30 a 09:00.<\/li>\n<li>Jornada lectiva regular de 09:00 a 14:00.<\/li>\n<li>Servicio de comedor escolar de 14:00 a 16:00.<\/li>\n<li>Para retrasos justificados del alumnado una vez que las filas hayan entrado al edificio o tr\u00e1mites de secretar\u00eda acceso por la puerta 2.<\/li>\n<\/ul>\n<p><strong>&nbsp;<\/strong><strong>DEL 1 DE OCTUBRE HASTA 31 DE MAYO<\/strong><\/p>\n<ul>\n<li>Servicio de actividades extraescolares de lunes a jueves de 16:00 a 18:00.<\/li>\n<\/ul>\n<p><strong>PERIODO ADAPTACI\u00d3N 3 A\u00d1OS<\/strong><\/p>\n<ul>\n<li>Primera semana: de 9:00 a 11:00<\/li>\n<li>Segunda semana de 9:00 a 12:00<\/li>\n<li>Tercera semana de 9:00 a 13:00<\/li>\n<\/ul>\n<p>&nbsp;<\/p>\n","protected":false},"excerpt":{"rendered":"<p>&nbsp; HORARIO GENERAL CURSO 2024\/2025 &nbsp; Hora de&nbsp;entrada: 9 de la ma\u00f1ana. Hora de&nbsp;salida: 14:00 de la tarde. Hora de&nbsp;Tutor\u00edas: lunes de 16.00 a 17:00 &nbsp; ACCESO AL CENTRO Puerta 1: Educaci\u00f3n Infantil. Acceso&#46;&#46;&#46;<\/p>\n","protected":false},"author":1,"featured_media":0,"parent":0,"menu_order":0,"comment_status":"open","ping_status":"open","template":"","meta":{"ngg_post_thumbnail":0,"footnotes":"","_mc_calendar":[]},"aioseo_notices":[],"_links":{"self":[{"href":"https:\/\/blogsaverroes.juntadeandalucia.es\/ceipnuevaalmeria\/wp-json\/wp\/v2\/pages\/82"}],"collection":[{"href":"https:\/\/blogsaverroes.juntadeandalucia.es\/ceipnuevaalmeria\/wp-json\/wp\/v2\/pages"}],"about":[{"href":"https:\/\/blogsaverroes.juntadeandalucia.es\/ceipnuevaalmeria\/wp-json\/wp\/v2\/types\/page"}],"author":[{"embeddable":true,"href":"https:\/\/blogsaverroes.juntadeandalucia.es\/ceipnuevaalmeria\/wp-json\/wp\/v2\/users\/1"}],"replies":[{"embeddable":true,"href":"https:\/\/blogsaverroes.juntadeandalucia.es\/ceipnuevaalmeria\/wp-json\/wp\/v2\/comments?post=82"}],"version-history":[{"count":10,"href":"https:\/\/blogsaverroes.juntadeandalucia.es\/ceipnuevaalmeria\/wp-json\/wp\/v2\/pages\/82\/revisions"}],"predecessor-version":[{"id":72615,"href":"https:\/\/blogsaverroes.juntadeandalucia.es\/ceipnuevaalmeria\/wp-json\/wp\/v2\/pages\/82\/revisions\/72615"}],"wp:attachment":[{"href":"https:\/\/blogsaverroes.juntadeandalucia.es\/ceipnuevaalmeria\/wp-json\/wp\/v2\/media?parent=82"}],"curies":[{"name":"wp","href":"https:\/\/api.w.org\/{rel}","templated":true}]}}