{"id":869,"date":"2015-03-16T07:03:52","date_gmt":"2015-03-16T07:03:52","guid":{"rendered":"http:\/\/blogsaverroes.juntadeandalucia.es\/pre\/ceip\/?page_id=84"},"modified":"2024-09-24T08:22:37","modified_gmt":"2024-09-24T08:22:37","slug":"calendario-escolar","status":"publish","type":"page","link":"https:\/\/blogsaverroes.juntadeandalucia.es\/ceipnuevaalmeria\/calendario-escolar\/","title":{"rendered":"Calendario escolar"},"content":{"rendered":"<p style=\"text-align: left\"><strong>&nbsp;<a href=\"https:\/\/blogsaverroes.juntadeandalucia.es\/ceipnuevaalmeria\/files\/2019\/06\/Calendario_Escolar_19_20_Almer\u00eda.pdf\"><img loading=\"lazy\" decoding=\"async\" class=\"alignnone wp-image-2261\" src=\"https:\/\/blogsaverroes.juntadeandalucia.es\/ceipnuevaalmeria\/files\/2015\/03\/pdf-icon.png\" alt=\"\" width=\"72\" height=\"72\" srcset=\"https:\/\/blogsaverroes.juntadeandalucia.es\/ceipnuevaalmeria\/files\/2015\/03\/pdf-icon.png 256w, https:\/\/blogsaverroes.juntadeandalucia.es\/ceipnuevaalmeria\/files\/2015\/03\/pdf-icon-150x150.png 150w, https:\/\/blogsaverroes.juntadeandalucia.es\/ceipnuevaalmeria\/files\/2015\/03\/pdf-icon-100x100.png 100w, https:\/\/blogsaverroes.juntadeandalucia.es\/ceipnuevaalmeria\/files\/2015\/03\/pdf-icon-160x160.png 160w, https:\/\/blogsaverroes.juntadeandalucia.es\/ceipnuevaalmeria\/files\/2015\/03\/pdf-icon-24x24.png 24w, https:\/\/blogsaverroes.juntadeandalucia.es\/ceipnuevaalmeria\/files\/2015\/03\/pdf-icon-36x36.png 36w, https:\/\/blogsaverroes.juntadeandalucia.es\/ceipnuevaalmeria\/files\/2015\/03\/pdf-icon-48x48.png 48w\" sizes=\"(max-width: 72px) 100vw, 72px\" \/><\/a><\/strong><\/p>\n<p class=\"v1MsoNormal\"><strong>Resoluci\u00f3n de la Delegaci\u00f3n Territorial de Desarrollo Educativo y Formaci\u00f3n Profesional y de Universidad, Investigaci\u00f3n e Innovaci\u00f3n en Almer\u00eda, por la que se aprueba el&nbsp;<\/strong><strong>calendario escolar en los centros docentes no universitarios, a excepci\u00f3n de los de primer ciclo de educaci\u00f3n infantil, de esta provincia para el curso acad\u00e9mico 2024-2025.<\/strong><\/p>\n<p class=\"v1MsoNormal\">\u27a1&nbsp;<a href=\"https:\/\/www.fapacealmeria.es\/wp-content\/uploads\/2024\/05\/Resolucion_calendario_escolar_24_25_AlmeriaF.pdf\">Resoluci\u00f3n_calendario_escolar_24_25_Almer\u00eda(F)<\/a><\/p>\n<p>&nbsp;<\/p>\n<p>&nbsp;<\/p>\n<p><img loading=\"lazy\" decoding=\"async\" class=\"aligncenter size-full wp-image-72626\" src=\"https:\/\/blogsaverroes.juntadeandalucia.es\/ceipnuevaalmeria\/files\/2024\/09\/Calendario_escolar_24_25_Almeria.jpg\" alt=\"\" width=\"1241\" height=\"1755\" srcset=\"https:\/\/blogsaverroes.juntadeandalucia.es\/ceipnuevaalmeria\/files\/2024\/09\/Calendario_escolar_24_25_Almeria.jpg 1131w, https:\/\/blogsaverroes.juntadeandalucia.es\/ceipnuevaalmeria\/files\/2024\/09\/Calendario_escolar_24_25_Almeria-212x300.jpg 212w, https:\/\/blogsaverroes.juntadeandalucia.es\/ceipnuevaalmeria\/files\/2024\/09\/Calendario_escolar_24_25_Almeria-724x1024.jpg 724w, https:\/\/blogsaverroes.juntadeandalucia.es\/ceipnuevaalmeria\/files\/2024\/09\/Calendario_escolar_24_25_Almeria-768x1086.jpg 768w, https:\/\/blogsaverroes.juntadeandalucia.es\/ceipnuevaalmeria\/files\/2024\/09\/Calendario_escolar_24_25_Almeria-1086x1536.jpg 1086w\" sizes=\"(max-width: 1241px) 100vw, 1241px\" \/><\/p>\n<p>&nbsp;<\/p>\n","protected":false},"excerpt":{"rendered":"<p>&nbsp; Resoluci\u00f3n de la Delegaci\u00f3n Territorial de Desarrollo Educativo y Formaci\u00f3n Profesional y de Universidad, Investigaci\u00f3n e Innovaci\u00f3n en Almer\u00eda, por la que se aprueba el&nbsp;calendario escolar en los centros docentes no universitarios, a&#46;&#46;&#46;<\/p>\n","protected":false},"author":1,"featured_media":0,"parent":0,"menu_order":0,"comment_status":"open","ping_status":"open","template":"","meta":{"ngg_post_thumbnail":0,"footnotes":"","_mc_calendar":{"weekends":"true","shortcode":"[my_calendar weekends=&quot;true&quot;]","append":""}},"aioseo_notices":[],"_links":{"self":[{"href":"https:\/\/blogsaverroes.juntadeandalucia.es\/ceipnuevaalmeria\/wp-json\/wp\/v2\/pages\/869"}],"collection":[{"href":"https:\/\/blogsaverroes.juntadeandalucia.es\/ceipnuevaalmeria\/wp-json\/wp\/v2\/pages"}],"about":[{"href":"https:\/\/blogsaverroes.juntadeandalucia.es\/ceipnuevaalmeria\/wp-json\/wp\/v2\/types\/page"}],"author":[{"embeddable":true,"href":"https:\/\/blogsaverroes.juntadeandalucia.es\/ceipnuevaalmeria\/wp-json\/wp\/v2\/users\/1"}],"replies":[{"embeddable":true,"href":"https:\/\/blogsaverroes.juntadeandalucia.es\/ceipnuevaalmeria\/wp-json\/wp\/v2\/comments?post=869"}],"version-history":[{"count":18,"href":"https:\/\/blogsaverroes.juntadeandalucia.es\/ceipnuevaalmeria\/wp-json\/wp\/v2\/pages\/869\/revisions"}],"predecessor-version":[{"id":72627,"href":"https:\/\/blogsaverroes.juntadeandalucia.es\/ceipnuevaalmeria\/wp-json\/wp\/v2\/pages\/869\/revisions\/72627"}],"wp:attachment":[{"href":"https:\/\/blogsaverroes.juntadeandalucia.es\/ceipnuevaalmeria\/wp-json\/wp\/v2\/media?parent=869"}],"curies":[{"name":"wp","href":"https:\/\/api.w.org\/{rel}","templated":true}]}}