{"id":870,"date":"2015-03-16T07:24:27","date_gmt":"2015-03-16T07:24:27","guid":{"rendered":"http:\/\/blogsaverroes.juntadeandalucia.es\/pre\/ceip\/?page_id=103"},"modified":"2023-09-03T21:43:00","modified_gmt":"2023-09-03T21:43:00","slug":"aula-matinal","status":"publish","type":"page","link":"https:\/\/blogsaverroes.juntadeandalucia.es\/ceipnuevaalmeria\/aula-matinal\/","title":{"rendered":"Aula Matinal"},"content":{"rendered":"<p style=\"text-align: center\"><a href=\"https:\/\/blogsaverroes.juntadeandalucia.es\/ceipnuevaalmeria\/files\/2015\/03\/aula_matinal-1-e1495041517180.jpg\"><img loading=\"lazy\" decoding=\"async\" class=\"alignnone size-full wp-image-2450\" src=\"https:\/\/blogsaverroes.juntadeandalucia.es\/ceipnuevaalmeria\/files\/2015\/03\/aula_matinal-1-e1495041517180.jpg\" alt=\"\" width=\"292\" height=\"128\"><\/a><\/p>\n<table border=\"0\" width=\"100%\">\n<tbody>\n<tr>\n<td style=\"border-color: #f7f7f7\" colspan=\"2\"><img decoding=\"async\" title=\"Vi\u00f1eta l\u00e1piz verde\" src=\"http:\/\/www.juntadeandalucia.es\/averroes\/centros-tic\/04006100\/helvia\/sitio\/upload\/img\/lapiz_verde.gif\" alt=\"Vi\u00f1eta l\u00e1piz verde\" border=\"0\">Entidad Gestora: JASOAL<\/td>\n<\/tr>\n<tr>\n<td style=\"border-color: #f7f7f7\" colspan=\"2\"><img decoding=\"async\" title=\"Vi\u00f1eta l\u00e1piz verde\" src=\"http:\/\/www.juntadeandalucia.es\/averroes\/centros-tic\/04006100\/helvia\/sitio\/upload\/img\/lapiz_verde.gif\" alt=\"Vi\u00f1eta l\u00e1piz verde\" border=\"0\">&nbsp;Horario: de 7:30 a 9:00<\/td>\n<\/tr>\n<tr>\n<td style=\"border-color: #f7f7f7\" colspan=\"2\"><img decoding=\"async\" title=\"Vi\u00f1eta l\u00e1piz verde\" src=\"http:\/\/www.juntadeandalucia.es\/averroes\/centros-tic\/04006100\/helvia\/sitio\/upload\/img\/lapiz_verde.gif\" alt=\"Vi\u00f1eta l\u00e1piz verde\" border=\"0\">&nbsp;Coste: 15,40\u20ac\/mes, 1,18\u20ac\/dia. Existen bonificaciones.<\/td>\n<\/tr>\n<tr>\n<td style=\"border-color: #f7f7f7\" colspan=\"2\"><img decoding=\"async\" title=\"Vi\u00f1eta l\u00e1piz verde\" src=\"http:\/\/www.juntadeandalucia.es\/averroes\/centros-tic\/04006100\/helvia\/sitio\/upload\/img\/lapiz_verde.gif\" alt=\"Vi\u00f1eta l\u00e1piz verde\" border=\"0\"> Coordinaci\u00f3n: Miguel \u00c1ngel Meg\u00eda<\/td>\n<\/tr>\n<tr>\n<td style=\"border-color: #f7f7f7\" colspan=\"2\"><img decoding=\"async\" title=\"Vi\u00f1eta l\u00e1piz verde\" src=\"http:\/\/www.juntadeandalucia.es\/averroes\/centros-tic\/04006100\/helvia\/sitio\/upload\/img\/lapiz_verde.gif\" alt=\"Vi\u00f1eta l\u00e1piz verde\" border=\"0\"> Plazo de solicitud: del 1 al 8 de Junio (Plazo de matriculaci\u00f3n). <strong><a href=\"http:\/\/www.juntadeandalucia.es\/averroes\/centros-tic\/04006100\/helvia\/sitio\/upload\/Anexo_II_Inscripcion_a_los_servicios_del_centro.pdf\" target=\"_blank\" rel=\"noopener noreferrer\">Anexo II<\/a><\/strong><\/td>\n<\/tr>\n<tr>\n<td style=\"border-color: #f7f7f7\" colspan=\"2\"><img decoding=\"async\" title=\"Vi\u00f1eta l\u00e1piz verde\" src=\"http:\/\/www.juntadeandalucia.es\/averroes\/centros-tic\/04006100\/helvia\/sitio\/upload\/img\/lapiz_verde.gif\" alt=\"Vi\u00f1eta l\u00e1piz verde\" border=\"0\"> Solicitud de bonificaciones: del 1 al 7 de septiembre. <strong><a href=\"http:\/\/www.juntadeandalucia.es\/averroes\/centros-tic\/04006100\/helvia\/sitio\/upload\/AnexoV_Solicitud_bonificacion_servicios_de_centro.pdf\" target=\"_blank\" rel=\"noopener noreferrer\">Anexo V<\/a><\/strong>.<\/td>\n<\/tr>\n<\/tbody>\n<\/table>\n<h1 style=\"text-align: center\">Informaci\u00f3n<\/h1>\n<p>Este servicio consiste en la vigilancia y atenci\u00f3n educativa de los alumnos en horario de 7,30 hasta la hora de comienzo del horario lectivo. El acceso a este servicio podr\u00e1 solicitarse para dias determinados o con car\u00e1cter continuado, ejerci\u00e9ndose la opci\u00f3n que se desee al presentar la solicitud del servicio.<\/p>\n<p>La atenci\u00f3n del alumnado en el aula matinal se realiza por personal cualificado, seg\u00fan la normativa en vigor. Actualmente se encuentran trabajando 4 monitores educativos y 1 de educaci\u00f3n especial.<\/p>\n<p>La solicitud de baja en el servicio de aula matinal se comunicar\u00e1 con una antelaci\u00f3n de al menos, una semana del inicio del mes en que se pretenda hacer efectiva la baja. Asimismo, la opci\u00f3n inicialmente elegida podr\u00e1 modificarse a lo largo del curso, lo que se comunicar\u00e1 en ese plazo.<\/p>\n<p>&nbsp;<\/p>\n<p>&nbsp;<\/p>\n<p>&nbsp;<\/p>\n","protected":false},"excerpt":{"rendered":"<p>Entidad Gestora: JASOAL &nbsp;Horario: de 7:30 a 9:00 &nbsp;Coste: 15,40\u20ac\/mes, 1,18\u20ac\/dia. Existen bonificaciones. Coordinaci\u00f3n: Miguel \u00c1ngel Meg\u00eda Plazo de solicitud: del 1 al 8 de Junio (Plazo de matriculaci\u00f3n). Anexo II Solicitud de bonificaciones:&#46;&#46;&#46;<\/p>\n","protected":false},"author":1,"featured_media":0,"parent":0,"menu_order":0,"comment_status":"open","ping_status":"open","template":"","meta":{"ngg_post_thumbnail":0,"footnotes":"","_mc_calendar":[]},"aioseo_notices":[],"_links":{"self":[{"href":"https:\/\/blogsaverroes.juntadeandalucia.es\/ceipnuevaalmeria\/wp-json\/wp\/v2\/pages\/870"}],"collection":[{"href":"https:\/\/blogsaverroes.juntadeandalucia.es\/ceipnuevaalmeria\/wp-json\/wp\/v2\/pages"}],"about":[{"href":"https:\/\/blogsaverroes.juntadeandalucia.es\/ceipnuevaalmeria\/wp-json\/wp\/v2\/types\/page"}],"author":[{"embeddable":true,"href":"https:\/\/blogsaverroes.juntadeandalucia.es\/ceipnuevaalmeria\/wp-json\/wp\/v2\/users\/1"}],"replies":[{"embeddable":true,"href":"https:\/\/blogsaverroes.juntadeandalucia.es\/ceipnuevaalmeria\/wp-json\/wp\/v2\/comments?post=870"}],"version-history":[{"count":9,"href":"https:\/\/blogsaverroes.juntadeandalucia.es\/ceipnuevaalmeria\/wp-json\/wp\/v2\/pages\/870\/revisions"}],"predecessor-version":[{"id":72280,"href":"https:\/\/blogsaverroes.juntadeandalucia.es\/ceipnuevaalmeria\/wp-json\/wp\/v2\/pages\/870\/revisions\/72280"}],"wp:attachment":[{"href":"https:\/\/blogsaverroes.juntadeandalucia.es\/ceipnuevaalmeria\/wp-json\/wp\/v2\/media?parent=870"}],"curies":[{"name":"wp","href":"https:\/\/api.w.org\/{rel}","templated":true}]}}