{"id":2326,"date":"2017-06-19T22:25:11","date_gmt":"2017-06-19T22:25:11","guid":{"rendered":"http:\/\/blogsaverroes.juntadeandalucia.es\/ceipnuevaandalucia\/?page_id=2326"},"modified":"2018-06-18T14:37:03","modified_gmt":"2018-06-18T14:37:03","slug":"rusicol","status":"publish","type":"page","link":"https:\/\/blogsaverroes.juntadeandalucia.es\/ceipnuevaandalucia\/rusicol\/","title":{"rendered":"RUSICOL"},"content":{"rendered":"<p>Aqu\u00ed os presentamos nuestra revista RUSICOL que elaboramos con mucho cari\u00f1o. Normalmente se editan tres n\u00fameros anuales&nbsp; coincidiendo con el final de cada trimestre.<\/p>\n<p>\u200b<\/p>\n<table style=\"width: 419px;border-color: #080707\">\n<tbody>\n<tr style=\"height: 226px\">\n<td style=\"width: 200px;border-color: #000000;height: 226px\"><a href=\"https:\/\/drive.google.com\/open?id=0Bzs1lNvBCyoDRnYwaGs5OGhsUm8\"><img loading=\"lazy\" decoding=\"async\" class=\"aligncenter wp-image-2354 size-full\" src=\"https:\/\/blogsaverroes.juntadeandalucia.es\/ceipnuevaandalucia\/files\/2017\/06\/rusi62.jpg\" alt=\"\" width=\"356\" height=\"506\" srcset=\"https:\/\/blogsaverroes.juntadeandalucia.es\/ceipnuevaandalucia\/files\/2017\/06\/rusi62.jpg 356w, https:\/\/blogsaverroes.juntadeandalucia.es\/ceipnuevaandalucia\/files\/2017\/06\/rusi62-211x300.jpg 211w, https:\/\/blogsaverroes.juntadeandalucia.es\/ceipnuevaandalucia\/files\/2017\/06\/rusi62-17x24.jpg 17w, https:\/\/blogsaverroes.juntadeandalucia.es\/ceipnuevaandalucia\/files\/2017\/06\/rusi62-25x36.jpg 25w, https:\/\/blogsaverroes.juntadeandalucia.es\/ceipnuevaandalucia\/files\/2017\/06\/rusi62-34x48.jpg 34w\" sizes=\"(max-width: 356px) 100vw, 356px\" \/><\/a><\/td>\n<td style=\"width: 241px;height: 226px\"><a href=\"https:\/\/drive.google.com\/open?id=0Bzs1lNvBCyoDZ2o5LXZtVUd4SzA\"><img loading=\"lazy\" decoding=\"async\" class=\"aligncenter wp-image-2356\" src=\"https:\/\/blogsaverroes.juntadeandalucia.es\/ceipnuevaandalucia\/files\/2017\/06\/rusi63.jpg\" alt=\"\" width=\"122\" height=\"177\" srcset=\"https:\/\/blogsaverroes.juntadeandalucia.es\/ceipnuevaandalucia\/files\/2017\/06\/rusi63.jpg 345w, https:\/\/blogsaverroes.juntadeandalucia.es\/ceipnuevaandalucia\/files\/2017\/06\/rusi63-206x300.jpg 206w, https:\/\/blogsaverroes.juntadeandalucia.es\/ceipnuevaandalucia\/files\/2017\/06\/rusi63-16x24.jpg 16w, https:\/\/blogsaverroes.juntadeandalucia.es\/ceipnuevaandalucia\/files\/2017\/06\/rusi63-25x36.jpg 25w, https:\/\/blogsaverroes.juntadeandalucia.es\/ceipnuevaandalucia\/files\/2017\/06\/rusi63-33x48.jpg 33w\" sizes=\"(max-width: 122px) 100vw, 122px\" \/><\/a><\/td>\n<td style=\"width: 190px;height: 226px\"><a href=\"https:\/\/drive.google.com\/open?id=0Bzs1lNvBCyoDRFVzNGdfLWtOMzA\"><img loading=\"lazy\" decoding=\"async\" class=\"aligncenter wp-image-2357\" src=\"https:\/\/blogsaverroes.juntadeandalucia.es\/ceipnuevaandalucia\/files\/2017\/06\/rusi64.jpg\" alt=\"\" width=\"146\" height=\"212\" srcset=\"https:\/\/blogsaverroes.juntadeandalucia.es\/ceipnuevaandalucia\/files\/2017\/06\/rusi64.jpg 438w, https:\/\/blogsaverroes.juntadeandalucia.es\/ceipnuevaandalucia\/files\/2017\/06\/rusi64-207x300.jpg 207w, https:\/\/blogsaverroes.juntadeandalucia.es\/ceipnuevaandalucia\/files\/2017\/06\/rusi64-17x24.jpg 17w, https:\/\/blogsaverroes.juntadeandalucia.es\/ceipnuevaandalucia\/files\/2017\/06\/rusi64-25x36.jpg 25w, https:\/\/blogsaverroes.juntadeandalucia.es\/ceipnuevaandalucia\/files\/2017\/06\/rusi64-33x48.jpg 33w\" sizes=\"(max-width: 146px) 100vw, 146px\" \/><\/a><\/td>\n<\/tr>\n<tr style=\"height: 24px\">\n<td style=\"width: 200px;border-color: #000000;height: 24px\"><a href=\"https:\/\/drive.google.com\/open?id=0Bzs1lNvBCyoDRnYwaGs5OGhsUm8\" target=\"_blank\" rel=\"noopener\">RUSICOL 62<\/a><\/td>\n<td style=\"width: 241px;height: 24px\"><a href=\"https:\/\/drive.google.com\/open?id=0Bzs1lNvBCyoDZ2o5LXZtVUd4SzA\" target=\"_blank\" rel=\"noopener\">RUSICOL 63<\/a><\/td>\n<td style=\"width: 190px;height: 24px\"><a href=\"https:\/\/drive.google.com\/open?id=0Bzs1lNvBCyoDRFVzNGdfLWtOMzA\" target=\"_blank\" rel=\"noopener\">RUSICOL 64<\/a><\/td>\n<\/tr>\n<tr style=\"height: 24px\">\n<td style=\"width: 200px;border-color: #000000;height: 24px\"><a href=\"https:\/\/drive.google.com\/open?id=1hN0vJeHQ8o1zOe4tltTCfzdcmm0aK9-U\"><img loading=\"lazy\" decoding=\"async\" class=\"aligncenter wp-image-2362 size-large\" src=\"https:\/\/blogsaverroes.juntadeandalucia.es\/ceipnuevaandalucia\/files\/2017\/06\/rusicol65-713x1024.jpg\" alt=\"\" width=\"660\" height=\"948\" srcset=\"https:\/\/blogsaverroes.juntadeandalucia.es\/ceipnuevaandalucia\/files\/2017\/06\/rusicol65-713x1024.jpg 713w, https:\/\/blogsaverroes.juntadeandalucia.es\/ceipnuevaandalucia\/files\/2017\/06\/rusicol65-209x300.jpg 209w, https:\/\/blogsaverroes.juntadeandalucia.es\/ceipnuevaandalucia\/files\/2017\/06\/rusicol65-700x1005.jpg 700w, https:\/\/blogsaverroes.juntadeandalucia.es\/ceipnuevaandalucia\/files\/2017\/06\/rusicol65-17x24.jpg 17w, https:\/\/blogsaverroes.juntadeandalucia.es\/ceipnuevaandalucia\/files\/2017\/06\/rusicol65-25x36.jpg 25w, https:\/\/blogsaverroes.juntadeandalucia.es\/ceipnuevaandalucia\/files\/2017\/06\/rusicol65-33x48.jpg 33w, https:\/\/blogsaverroes.juntadeandalucia.es\/ceipnuevaandalucia\/files\/2017\/06\/rusicol65.jpg 2008w\" sizes=\"(max-width: 660px) 100vw, 660px\" \/><\/a><\/td>\n<td style=\"width: 241px;height: 24px\"><a href=\"https:\/\/drive.google.com\/file\/d\/1lEDCSy1vFEWi71g13ob7FezzrurXV9YQ\/view?usp=sharing\"><img loading=\"lazy\" decoding=\"async\" class=\"aligncenter wp-image-2386\" src=\"https:\/\/blogsaverroes.juntadeandalucia.es\/ceipnuevaandalucia\/files\/2017\/06\/portada-1.jpg\" alt=\"\" width=\"124\" height=\"180\" srcset=\"https:\/\/blogsaverroes.juntadeandalucia.es\/ceipnuevaandalucia\/files\/2017\/06\/portada-1.jpg 557w, https:\/\/blogsaverroes.juntadeandalucia.es\/ceipnuevaandalucia\/files\/2017\/06\/portada-1-206x300.jpg 206w, https:\/\/blogsaverroes.juntadeandalucia.es\/ceipnuevaandalucia\/files\/2017\/06\/portada-1-16x24.jpg 16w, https:\/\/blogsaverroes.juntadeandalucia.es\/ceipnuevaandalucia\/files\/2017\/06\/portada-1-25x36.jpg 25w, https:\/\/blogsaverroes.juntadeandalucia.es\/ceipnuevaandalucia\/files\/2017\/06\/portada-1-33x48.jpg 33w\" sizes=\"(max-width: 124px) 100vw, 124px\" \/><\/a><\/td>\n<td style=\"width: 190px;height: 24px\"><a href=\"https:\/\/drive.google.com\/file\/d\/1M98mTsyXdq6wpIUjOO56euyC9kDl-Pf0\/view?usp=sharing\"><img loading=\"lazy\" decoding=\"async\" class=\"aligncenter wp-image-2399 size-full\" src=\"https:\/\/blogsaverroes.juntadeandalucia.es\/ceipnuevaandalucia\/files\/2017\/06\/portada.jpg\" alt=\"\" width=\"218\" height=\"315\" srcset=\"https:\/\/blogsaverroes.juntadeandalucia.es\/ceipnuevaandalucia\/files\/2017\/06\/portada.jpg 218w, https:\/\/blogsaverroes.juntadeandalucia.es\/ceipnuevaandalucia\/files\/2017\/06\/portada-208x300.jpg 208w, https:\/\/blogsaverroes.juntadeandalucia.es\/ceipnuevaandalucia\/files\/2017\/06\/portada-17x24.jpg 17w, https:\/\/blogsaverroes.juntadeandalucia.es\/ceipnuevaandalucia\/files\/2017\/06\/portada-25x36.jpg 25w, https:\/\/blogsaverroes.juntadeandalucia.es\/ceipnuevaandalucia\/files\/2017\/06\/portada-33x48.jpg 33w\" sizes=\"(max-width: 218px) 100vw, 218px\" \/><\/a><\/td>\n<\/tr>\n<tr style=\"height: 24px\">\n<td style=\"width: 200px;border-color: #000000;height: 24px\"><a href=\"https:\/\/drive.google.com\/open?id=1lEDCSy1vFEWi71g13ob7FezzrurXV9YQ\">RUSICOL 65<\/a><\/td>\n<td style=\"width: 241px;height: 24px\">&nbsp;<a href=\"https:\/\/drive.google.com\/file\/d\/1lEDCSy1vFEWi71g13ob7FezzrurXV9YQ\/view?usp=sharing\">RUSICOL 66<\/a><\/td>\n<td style=\"width: 190px;height: 24px\">&nbsp;<a href=\"https:\/\/drive.google.com\/file\/d\/1M98mTsyXdq6wpIUjOO56euyC9kDl-Pf0\/view?usp=sharing\">RUSICOL 67<\/a><\/td>\n<\/tr>\n<tr style=\"height: 24px\">\n<td style=\"width: 200px;border-color: #000000;height: 24px\">&nbsp;<\/td>\n<td style=\"width: 241px;height: 24px\">&nbsp;<\/td>\n<td style=\"width: 190px;height: 24px\">&nbsp;<\/td>\n<\/tr>\n<\/tbody>\n<\/table>\n<p>&nbsp;<\/p>\n<p>&nbsp;<\/p>\n<p>&nbsp;<\/p>\n<p>&nbsp;<\/p>\n","protected":false},"excerpt":{"rendered":"<p>Aqu\u00ed os presentamos nuestra revista RUSICOL que elaboramos con mucho cari\u00f1o. Normalmente se editan tres n\u00fameros anuales&nbsp; coincidiendo con el final de cada trimestre. \u200b RUSICOL 62 RUSICOL 63 RUSICOL 64 RUSICOL 65 &nbsp;RUSICOL&#46;&#46;&#46;<\/p>\n","protected":false},"author":2765,"featured_media":0,"parent":0,"menu_order":0,"comment_status":"closed","ping_status":"closed","template":"","meta":{"ngg_post_thumbnail":0,"footnotes":"","_mc_calendar":[]},"aioseo_notices":[],"_links":{"self":[{"href":"https:\/\/blogsaverroes.juntadeandalucia.es\/ceipnuevaandalucia\/wp-json\/wp\/v2\/pages\/2326"}],"collection":[{"href":"https:\/\/blogsaverroes.juntadeandalucia.es\/ceipnuevaandalucia\/wp-json\/wp\/v2\/pages"}],"about":[{"href":"https:\/\/blogsaverroes.juntadeandalucia.es\/ceipnuevaandalucia\/wp-json\/wp\/v2\/types\/page"}],"author":[{"embeddable":true,"href":"https:\/\/blogsaverroes.juntadeandalucia.es\/ceipnuevaandalucia\/wp-json\/wp\/v2\/users\/2765"}],"replies":[{"embeddable":true,"href":"https:\/\/blogsaverroes.juntadeandalucia.es\/ceipnuevaandalucia\/wp-json\/wp\/v2\/comments?post=2326"}],"version-history":[{"count":32,"href":"https:\/\/blogsaverroes.juntadeandalucia.es\/ceipnuevaandalucia\/wp-json\/wp\/v2\/pages\/2326\/revisions"}],"predecessor-version":[{"id":2411,"href":"https:\/\/blogsaverroes.juntadeandalucia.es\/ceipnuevaandalucia\/wp-json\/wp\/v2\/pages\/2326\/revisions\/2411"}],"wp:attachment":[{"href":"https:\/\/blogsaverroes.juntadeandalucia.es\/ceipnuevaandalucia\/wp-json\/wp\/v2\/media?parent=2326"}],"curies":[{"name":"wp","href":"https:\/\/api.w.org\/{rel}","templated":true}]}}