{"id":35,"date":"2015-03-13T08:21:43","date_gmt":"2015-03-13T08:21:43","guid":{"rendered":"http:\/\/blogsaverroes.juntadeandalucia.es\/pre\/ceip\/?page_id=35"},"modified":"2017-11-26T09:33:33","modified_gmt":"2017-11-26T09:33:33","slug":"el-centro-2","status":"publish","type":"page","link":"https:\/\/blogsaverroes.juntadeandalucia.es\/ceipnuevaandalucia\/el-centro-2\/","title":{"rendered":"Datos del centro"},"content":{"rendered":"<h4><strong>Datos de contacto<\/strong><\/h4>\n<p><em><strong>C.E.I.P. NUEVA ANDALUC\u00cdA<\/strong><\/em><\/p>\n<p><strong>Direcci\u00f3n:<\/strong> &nbsp;Calle Zigotal, 2&nbsp;&nbsp;23430 &#8211; RUS (Ja\u00e9n)<\/p>\n<p><strong>Tel\u00e9fono \/ FAX:<\/strong> 953779927 \/ 953779929<br \/>\n<strong>Email:<\/strong>&nbsp;23003442.edu@juntadeandalucia.es<\/p>\n<h4><strong>Horarios<\/strong><\/h4>\n<p><strong>Horario lectivo<\/strong>: De 9 a 14 horas. Todos los d\u00edas de lunes a viernes.<br \/>\n<strong>Horario no lectivo<\/strong>: Lunes de 16 a 18 horas.<br \/>\nMartes de 14 a 15 horas.<br \/>\nSeptiembre de 14 a 15 horas.<\/p>\n<p><strong>Comedor Escolar: D<\/strong>e 14 a 16 horas. Todos los d\u00edas de lunes a viernes.<\/p>\n<p><strong>Actividades Extraescolares: <\/strong>De 16 a 18 horas. De lunes a jueves.<\/p>\n<p><strong>Escuelas Deportivas:&nbsp;<\/strong>De 16 a 18 horas. Jueves y viernes.<\/p>\n<p>&nbsp;<\/p>\n<h4><strong>Oferta educativa<\/strong><\/h4>\n<p>En el centro se imparte Educaci\u00f3n Infantil y Primaria. Tiene dos l\u00edneas completas desde Infantil hasta 6\u00ba de Primaria (aunque este curso tenemos una sola unidad de Infantil de 4 a\u00f1os y otra sola de 5 a\u00f1os). Adem\u00e1s hay una unidad de Educaci\u00f3n Especial (Apoyo Integraci\u00f3n).<br \/>\nEl alumnado se encuentra repartido en dos recintos, situados en distintas ubicaciones dentro del pueblo. Uno para Infantil y otro para Primaria.<\/p>\n<p>Es un centro de Puertas Abiertas con Comedor Escolar y Actividades Extraescolares, no tiene Aula Matinal.<\/p>\n<p>Se encuentra dentro del Programa de Escuelas Deportivas por d\u00e9cimo a\u00f1o.<\/p>\n<p>Es un centro biling\u00fce, siendo este el cuarto curso en el que todas sus unidades son biling\u00fces. Este curso se imparte el 2\u00ba Idioma (Franc\u00e9s) de 3\u00ba a 6\u00ba de Primaria.<\/p>\n<p>&nbsp;<\/p>\n<h4>Instalaciones<\/h4>\n<p><!-- default-view.php -->\n<div\n\tclass=\"ngg-galleryoverview default-view\n\t ngg-ajax-pagination-none\t\"\n\tid=\"ngg-gallery-8eacc003a879a62e6c3163a2eaee9d8b-1\">\n\n\t\t<!-- Thumbnails -->\n\t\t\t\t<div id=\"ngg-image-0\" class=\"ngg-gallery-thumbnail-box\n\t\t\t\t\t\t\t\tngg-2-columns\t\t\t\"\n\t\t\t>\n\t\t\t\t\t\t<div class=\"ngg-gallery-thumbnail\">\n\t\t\t<a href=\"https:\/\/blogsaverroes.juntadeandalucia.es\/ceipnuevaandalucia\/wp-content\/uploads\/sites\/792\/nggallery\/instalaciones\/DSCI1230.JPG\"\n\t\t\t\ttitle=\"\"\n\t\t\t\tdata-src=\"https:\/\/blogsaverroes.juntadeandalucia.es\/ceipnuevaandalucia\/wp-content\/uploads\/sites\/792\/nggallery\/instalaciones\/DSCI1230.JPG\"\n\t\t\t\tdata-thumbnail=\"https:\/\/blogsaverroes.juntadeandalucia.es\/ceipnuevaandalucia\/wp-content\/uploads\/sites\/792\/nggallery\/instalaciones\/thumbs\/thumbs_DSCI1230.JPG\"\n\t\t\t\tdata-image-id=\"16\"\n\t\t\t\tdata-title=\"DSCI1230\"\n\t\t\t\tdata-description=\"\"\n\t\t\t\tdata-image-slug=\"dsci1230\"\n\t\t\t\tclass=\"ngg-fancybox\" rel=\"8eacc003a879a62e6c3163a2eaee9d8b\">\n\t\t\t\t<img\n\t\t\t\t\ttitle=\"DSCI1230\"\n\t\t\t\t\talt=\"DSCI1230\"\n\t\t\t\t\tsrc=\"https:\/\/blogsaverroes.juntadeandalucia.es\/ceipnuevaandalucia\/wp-content\/uploads\/sites\/792\/nggallery\/instalaciones\/thumbs\/thumbs_DSCI1230.JPG\"\n\t\t\t\t\twidth=\"120\"\n\t\t\t\t\theight=\"90\"\n\t\t\t\t\tstyle=\"max-width:100%;\"\n\t\t\t\t\/>\n\t\t\t<\/a>\n\t\t<\/div>\n\t\t\t\t\t\t\t<\/div>\n\t\t\t\n\t\t\t\t<div id=\"ngg-image-1\" class=\"ngg-gallery-thumbnail-box\n\t\t\t\t\t\t\t\tngg-2-columns\t\t\t\"\n\t\t\t>\n\t\t\t\t\t\t<div class=\"ngg-gallery-thumbnail\">\n\t\t\t<a href=\"https:\/\/blogsaverroes.juntadeandalucia.es\/ceipnuevaandalucia\/wp-content\/uploads\/sites\/792\/nggallery\/instalaciones\/DSCI1187.JPG\"\n\t\t\t\ttitle=\"\"\n\t\t\t\tdata-src=\"https:\/\/blogsaverroes.juntadeandalucia.es\/ceipnuevaandalucia\/wp-content\/uploads\/sites\/792\/nggallery\/instalaciones\/DSCI1187.JPG\"\n\t\t\t\tdata-thumbnail=\"https:\/\/blogsaverroes.juntadeandalucia.es\/ceipnuevaandalucia\/wp-content\/uploads\/sites\/792\/nggallery\/instalaciones\/thumbs\/thumbs_DSCI1187.JPG\"\n\t\t\t\tdata-image-id=\"17\"\n\t\t\t\tdata-title=\"DSCI1187\"\n\t\t\t\tdata-description=\"\"\n\t\t\t\tdata-image-slug=\"dsci1187\"\n\t\t\t\tclass=\"ngg-fancybox\" rel=\"8eacc003a879a62e6c3163a2eaee9d8b\">\n\t\t\t\t<img\n\t\t\t\t\ttitle=\"DSCI1187\"\n\t\t\t\t\talt=\"DSCI1187\"\n\t\t\t\t\tsrc=\"https:\/\/blogsaverroes.juntadeandalucia.es\/ceipnuevaandalucia\/wp-content\/uploads\/sites\/792\/nggallery\/instalaciones\/thumbs\/thumbs_DSCI1187.JPG\"\n\t\t\t\t\twidth=\"120\"\n\t\t\t\t\theight=\"90\"\n\t\t\t\t\tstyle=\"max-width:100%;\"\n\t\t\t\t\/>\n\t\t\t<\/a>\n\t\t<\/div>\n\t\t\t\t\t\t\t<\/div>\n\t\t\t\n\t\n\t<br style=\"clear: both\" \/>\n\n\t\t<div class=\"slideshowlink\">\n\t\t<a href='https:\/\/blogsaverroes.juntadeandalucia.es\/ceipnuevaandalucia\/el-centro-2\/nggallery\/slideshow'>[Mostrar presentaci\u00f3n de diapositivas]<\/a>\n\n\t<\/div>\n\t\n\t\t<!-- Pagination -->\n\t\t<div class='ngg-navigation'><span class='current'>1<\/span>\n<a class='page-numbers' data-pageid='2' href='https:\/\/blogsaverroes.juntadeandalucia.es\/ceipnuevaandalucia\/el-centro-2\/nggallery\/page\/2'>2<\/a>\n<a class='page-numbers' data-pageid='3' href='https:\/\/blogsaverroes.juntadeandalucia.es\/ceipnuevaandalucia\/el-centro-2\/nggallery\/page\/3'>3<\/a>\n<a class='prev' href='https:\/\/blogsaverroes.juntadeandalucia.es\/ceipnuevaandalucia\/el-centro-2\/nggallery\/page\/2' data-pageid=2>&#9658;<\/a><\/div>\t<\/div>\n<\/p>\n","protected":false},"excerpt":{"rendered":"<p>Datos de contacto C.E.I.P. NUEVA ANDALUC\u00cdA Direcci\u00f3n: &nbsp;Calle Zigotal, 2&nbsp;&nbsp;23430 &#8211; RUS (Ja\u00e9n) Tel\u00e9fono \/ FAX: 953779927 \/ 953779929 Email:&nbsp;23003442.edu@juntadeandalucia.es Horarios Horario lectivo: De 9 a 14 horas. Todos los d\u00edas de lunes a&#46;&#46;&#46;<\/p>\n","protected":false},"author":1,"featured_media":0,"parent":0,"menu_order":0,"comment_status":"closed","ping_status":"open","template":"","meta":{"ngg_post_thumbnail":0,"footnotes":"","_mc_calendar":[]},"aioseo_notices":[],"_links":{"self":[{"href":"https:\/\/blogsaverroes.juntadeandalucia.es\/ceipnuevaandalucia\/wp-json\/wp\/v2\/pages\/35"}],"collection":[{"href":"https:\/\/blogsaverroes.juntadeandalucia.es\/ceipnuevaandalucia\/wp-json\/wp\/v2\/pages"}],"about":[{"href":"https:\/\/blogsaverroes.juntadeandalucia.es\/ceipnuevaandalucia\/wp-json\/wp\/v2\/types\/page"}],"author":[{"embeddable":true,"href":"https:\/\/blogsaverroes.juntadeandalucia.es\/ceipnuevaandalucia\/wp-json\/wp\/v2\/users\/1"}],"replies":[{"embeddable":true,"href":"https:\/\/blogsaverroes.juntadeandalucia.es\/ceipnuevaandalucia\/wp-json\/wp\/v2\/comments?post=35"}],"version-history":[{"count":14,"href":"https:\/\/blogsaverroes.juntadeandalucia.es\/ceipnuevaandalucia\/wp-json\/wp\/v2\/pages\/35\/revisions"}],"predecessor-version":[{"id":2333,"href":"https:\/\/blogsaverroes.juntadeandalucia.es\/ceipnuevaandalucia\/wp-json\/wp\/v2\/pages\/35\/revisions\/2333"}],"wp:attachment":[{"href":"https:\/\/blogsaverroes.juntadeandalucia.es\/ceipnuevaandalucia\/wp-json\/wp\/v2\/media?parent=35"}],"curies":[{"name":"wp","href":"https:\/\/api.w.org\/{rel}","templated":true}]}}