{"id":77,"date":"2015-03-16T06:54:56","date_gmt":"2015-03-16T06:54:56","guid":{"rendered":"http:\/\/blogsaverroes.juntadeandalucia.es\/pre\/ceip\/?page_id=77"},"modified":"2017-12-24T11:23:03","modified_gmt":"2017-12-24T11:23:03","slug":"secretaria","status":"publish","type":"page","link":"https:\/\/blogsaverroes.juntadeandalucia.es\/ceipnuevaandalucia\/secretaria\/","title":{"rendered":"Secretar\u00eda"},"content":{"rendered":"<p>El horario de <strong>Secretar\u00eda<\/strong> coincide con el horario lectivo , es decir,<strong> de 9 a 14 horas de lunes a viernes.<\/strong><\/p>\n<p>En dicho horario se pueden realizar todos los tr\u00e1mites necesarios: documentaci\u00f3n, matriculaci\u00f3n, pagos&#8230;<\/p>\n<p>Procuramos llevar a cabo todas estas tareas con la mayor agilidad, transparencia y eficacia posible.<\/p>\n","protected":false},"excerpt":{"rendered":"<p>El horario de Secretar\u00eda coincide con el horario lectivo , es decir, de 9 a 14 horas de lunes a viernes. En dicho horario se pueden realizar todos los tr\u00e1mites necesarios: documentaci\u00f3n, matriculaci\u00f3n, pagos&#8230;&#46;&#46;&#46;<\/p>\n","protected":false},"author":1,"featured_media":0,"parent":0,"menu_order":0,"comment_status":"closed","ping_status":"open","template":"","meta":{"ngg_post_thumbnail":0,"footnotes":"","_mc_calendar":[]},"aioseo_notices":[],"_links":{"self":[{"href":"https:\/\/blogsaverroes.juntadeandalucia.es\/ceipnuevaandalucia\/wp-json\/wp\/v2\/pages\/77"}],"collection":[{"href":"https:\/\/blogsaverroes.juntadeandalucia.es\/ceipnuevaandalucia\/wp-json\/wp\/v2\/pages"}],"about":[{"href":"https:\/\/blogsaverroes.juntadeandalucia.es\/ceipnuevaandalucia\/wp-json\/wp\/v2\/types\/page"}],"author":[{"embeddable":true,"href":"https:\/\/blogsaverroes.juntadeandalucia.es\/ceipnuevaandalucia\/wp-json\/wp\/v2\/users\/1"}],"replies":[{"embeddable":true,"href":"https:\/\/blogsaverroes.juntadeandalucia.es\/ceipnuevaandalucia\/wp-json\/wp\/v2\/comments?post=77"}],"version-history":[{"count":4,"href":"https:\/\/blogsaverroes.juntadeandalucia.es\/ceipnuevaandalucia\/wp-json\/wp\/v2\/pages\/77\/revisions"}],"predecessor-version":[{"id":2364,"href":"https:\/\/blogsaverroes.juntadeandalucia.es\/ceipnuevaandalucia\/wp-json\/wp\/v2\/pages\/77\/revisions\/2364"}],"wp:attachment":[{"href":"https:\/\/blogsaverroes.juntadeandalucia.es\/ceipnuevaandalucia\/wp-json\/wp\/v2\/media?parent=77"}],"curies":[{"name":"wp","href":"https:\/\/api.w.org\/{rel}","templated":true}]}}