{"id":113,"date":"2015-03-16T08:06:00","date_gmt":"2015-03-16T08:06:00","guid":{"rendered":"http:\/\/blogsaverroes.juntadeandalucia.es\/pre\/ceip\/?page_id=113"},"modified":"2024-10-30T18:44:40","modified_gmt":"2024-10-30T18:44:40","slug":"biblioteca","status":"publish","type":"page","link":"https:\/\/blogsaverroes.juntadeandalucia.es\/ceipobispoosio\/biblioteca\/","title":{"rendered":"Biblioteca"},"content":{"rendered":"<h5>BIBLIOTECA \u00abMAESTRO JUAN MU\u00d1OZ\u00bb<\/h5>\n<p>Biblioteca Escolar que rinde homenaje al maestro Juan Mu\u00f1oz tras m\u00e1s de 34 a\u00f1os de dedicaci\u00f3n en el centro escolar CEIP Obispo Osio.<\/p>\n<h5><a href=\"https:\/\/blogsaverroes.juntadeandalucia.es\/ceipobispoosio\/files\/2015\/03\/IMG_20170619_095927.jpg\"><img loading=\"lazy\" decoding=\"async\" class=\"alignnone size-medium wp-image-2747\" src=\"https:\/\/blogsaverroes.juntadeandalucia.es\/ceipobispoosio\/files\/2015\/03\/IMG_20170619_095927-300x225.jpg\" alt=\"\" width=\"300\" height=\"225\" srcset=\"https:\/\/blogsaverroes.juntadeandalucia.es\/ceipobispoosio\/files\/2015\/03\/IMG_20170619_095927-300x225.jpg 300w, https:\/\/blogsaverroes.juntadeandalucia.es\/ceipobispoosio\/files\/2015\/03\/IMG_20170619_095927-768x576.jpg 768w, https:\/\/blogsaverroes.juntadeandalucia.es\/ceipobispoosio\/files\/2015\/03\/IMG_20170619_095927-1024x768.jpg 1024w, https:\/\/blogsaverroes.juntadeandalucia.es\/ceipobispoosio\/files\/2015\/03\/IMG_20170619_095927-700x525.jpg 700w, https:\/\/blogsaverroes.juntadeandalucia.es\/ceipobispoosio\/files\/2015\/03\/IMG_20170619_095927-24x18.jpg 24w, https:\/\/blogsaverroes.juntadeandalucia.es\/ceipobispoosio\/files\/2015\/03\/IMG_20170619_095927-36x27.jpg 36w, https:\/\/blogsaverroes.juntadeandalucia.es\/ceipobispoosio\/files\/2015\/03\/IMG_20170619_095927-48x36.jpg 48w, https:\/\/blogsaverroes.juntadeandalucia.es\/ceipobispoosio\/files\/2015\/03\/IMG_20170619_095927.jpg 1600w\" sizes=\"(max-width: 300px) 100vw, 300px\" \/><\/a><a href=\"https:\/\/blogsaverroes.juntadeandalucia.es\/ceipobispoosio\/files\/2015\/03\/alfombra.jpg\"><img loading=\"lazy\" decoding=\"async\" class=\"alignnone size-medium wp-image-2751\" src=\"https:\/\/blogsaverroes.juntadeandalucia.es\/ceipobispoosio\/files\/2015\/03\/alfombra-300x225.jpg\" alt=\"\" width=\"300\" height=\"225\" srcset=\"https:\/\/blogsaverroes.juntadeandalucia.es\/ceipobispoosio\/files\/2015\/03\/alfombra-300x225.jpg 300w, https:\/\/blogsaverroes.juntadeandalucia.es\/ceipobispoosio\/files\/2015\/03\/alfombra-768x576.jpg 768w, https:\/\/blogsaverroes.juntadeandalucia.es\/ceipobispoosio\/files\/2015\/03\/alfombra-1024x768.jpg 1024w, https:\/\/blogsaverroes.juntadeandalucia.es\/ceipobispoosio\/files\/2015\/03\/alfombra-700x525.jpg 700w, https:\/\/blogsaverroes.juntadeandalucia.es\/ceipobispoosio\/files\/2015\/03\/alfombra-24x18.jpg 24w, https:\/\/blogsaverroes.juntadeandalucia.es\/ceipobispoosio\/files\/2015\/03\/alfombra-36x27.jpg 36w, https:\/\/blogsaverroes.juntadeandalucia.es\/ceipobispoosio\/files\/2015\/03\/alfombra-48x36.jpg 48w, https:\/\/blogsaverroes.juntadeandalucia.es\/ceipobispoosio\/files\/2015\/03\/alfombra.jpg 1600w\" sizes=\"(max-width: 300px) 100vw, 300px\" \/><\/a><a href=\"https:\/\/blogsaverroes.juntadeandalucia.es\/ceipobispoosio\/files\/2015\/03\/IMG_20170619_100755-1.jpg\"><img loading=\"lazy\" decoding=\"async\" class=\"alignnone size-medium wp-image-2755\" src=\"https:\/\/blogsaverroes.juntadeandalucia.es\/ceipobispoosio\/files\/2015\/03\/IMG_20170619_100755-1-300x225.jpg\" alt=\"\" width=\"300\" height=\"225\" srcset=\"https:\/\/blogsaverroes.juntadeandalucia.es\/ceipobispoosio\/files\/2015\/03\/IMG_20170619_100755-1-300x225.jpg 300w, https:\/\/blogsaverroes.juntadeandalucia.es\/ceipobispoosio\/files\/2015\/03\/IMG_20170619_100755-1-768x576.jpg 768w, https:\/\/blogsaverroes.juntadeandalucia.es\/ceipobispoosio\/files\/2015\/03\/IMG_20170619_100755-1-1024x768.jpg 1024w, https:\/\/blogsaverroes.juntadeandalucia.es\/ceipobispoosio\/files\/2015\/03\/IMG_20170619_100755-1-700x525.jpg 700w, https:\/\/blogsaverroes.juntadeandalucia.es\/ceipobispoosio\/files\/2015\/03\/IMG_20170619_100755-1-24x18.jpg 24w, https:\/\/blogsaverroes.juntadeandalucia.es\/ceipobispoosio\/files\/2015\/03\/IMG_20170619_100755-1-36x27.jpg 36w, https:\/\/blogsaverroes.juntadeandalucia.es\/ceipobispoosio\/files\/2015\/03\/IMG_20170619_100755-1-48x36.jpg 48w, https:\/\/blogsaverroes.juntadeandalucia.es\/ceipobispoosio\/files\/2015\/03\/IMG_20170619_100755-1.jpg 1600w\" sizes=\"(max-width: 300px) 100vw, 300px\" \/><\/a><a href=\"https:\/\/blogsaverroes.juntadeandalucia.es\/ceipobispoosio\/files\/2015\/03\/IMG_20170619_100607-1.jpg\"><img loading=\"lazy\" decoding=\"async\" class=\"alignnone size-medium wp-image-2754\" src=\"https:\/\/blogsaverroes.juntadeandalucia.es\/ceipobispoosio\/files\/2015\/03\/IMG_20170619_100607-1-300x225.jpg\" alt=\"\" width=\"300\" height=\"225\" srcset=\"https:\/\/blogsaverroes.juntadeandalucia.es\/ceipobispoosio\/files\/2015\/03\/IMG_20170619_100607-1-300x225.jpg 300w, https:\/\/blogsaverroes.juntadeandalucia.es\/ceipobispoosio\/files\/2015\/03\/IMG_20170619_100607-1-768x576.jpg 768w, https:\/\/blogsaverroes.juntadeandalucia.es\/ceipobispoosio\/files\/2015\/03\/IMG_20170619_100607-1-1024x768.jpg 1024w, https:\/\/blogsaverroes.juntadeandalucia.es\/ceipobispoosio\/files\/2015\/03\/IMG_20170619_100607-1-700x525.jpg 700w, https:\/\/blogsaverroes.juntadeandalucia.es\/ceipobispoosio\/files\/2015\/03\/IMG_20170619_100607-1-24x18.jpg 24w, https:\/\/blogsaverroes.juntadeandalucia.es\/ceipobispoosio\/files\/2015\/03\/IMG_20170619_100607-1-36x27.jpg 36w, https:\/\/blogsaverroes.juntadeandalucia.es\/ceipobispoosio\/files\/2015\/03\/IMG_20170619_100607-1-48x36.jpg 48w, https:\/\/blogsaverroes.juntadeandalucia.es\/ceipobispoosio\/files\/2015\/03\/IMG_20170619_100607-1.jpg 1600w\" sizes=\"(max-width: 300px) 100vw, 300px\" \/><\/a> <a href=\"https:\/\/blogsaverroes.juntadeandalucia.es\/ceipobispoosio\/files\/2015\/03\/IMG_20170619_100626.jpg\"><img loading=\"lazy\" decoding=\"async\" class=\"alignnone size-medium wp-image-2749\" src=\"https:\/\/blogsaverroes.juntadeandalucia.es\/ceipobispoosio\/files\/2015\/03\/IMG_20170619_100626-300x225.jpg\" alt=\"\" width=\"300\" height=\"225\" srcset=\"https:\/\/blogsaverroes.juntadeandalucia.es\/ceipobispoosio\/files\/2015\/03\/IMG_20170619_100626-300x225.jpg 300w, https:\/\/blogsaverroes.juntadeandalucia.es\/ceipobispoosio\/files\/2015\/03\/IMG_20170619_100626-768x576.jpg 768w, https:\/\/blogsaverroes.juntadeandalucia.es\/ceipobispoosio\/files\/2015\/03\/IMG_20170619_100626-1024x768.jpg 1024w, https:\/\/blogsaverroes.juntadeandalucia.es\/ceipobispoosio\/files\/2015\/03\/IMG_20170619_100626-700x525.jpg 700w, https:\/\/blogsaverroes.juntadeandalucia.es\/ceipobispoosio\/files\/2015\/03\/IMG_20170619_100626-24x18.jpg 24w, https:\/\/blogsaverroes.juntadeandalucia.es\/ceipobispoosio\/files\/2015\/03\/IMG_20170619_100626-36x27.jpg 36w, https:\/\/blogsaverroes.juntadeandalucia.es\/ceipobispoosio\/files\/2015\/03\/IMG_20170619_100626-48x36.jpg 48w, https:\/\/blogsaverroes.juntadeandalucia.es\/ceipobispoosio\/files\/2015\/03\/IMG_20170619_100626.jpg 1600w\" sizes=\"(max-width: 300px) 100vw, 300px\" \/><\/a><img loading=\"lazy\" decoding=\"async\" class=\"alignnone size-medium wp-image-2750\" style=\"font-family: 'Open Sans', sans-serif;font-size: 15px\" src=\"https:\/\/blogsaverroes.juntadeandalucia.es\/ceipobispoosio\/files\/2015\/03\/IMG_20170619_100755-300x225.jpg\" alt=\"\" width=\"300\" height=\"225\" srcset=\"https:\/\/blogsaverroes.juntadeandalucia.es\/ceipobispoosio\/files\/2015\/03\/IMG_20170619_100755-300x225.jpg 300w, https:\/\/blogsaverroes.juntadeandalucia.es\/ceipobispoosio\/files\/2015\/03\/IMG_20170619_100755-768x576.jpg 768w, https:\/\/blogsaverroes.juntadeandalucia.es\/ceipobispoosio\/files\/2015\/03\/IMG_20170619_100755-1024x768.jpg 1024w, https:\/\/blogsaverroes.juntadeandalucia.es\/ceipobispoosio\/files\/2015\/03\/IMG_20170619_100755-700x525.jpg 700w, https:\/\/blogsaverroes.juntadeandalucia.es\/ceipobispoosio\/files\/2015\/03\/IMG_20170619_100755-24x18.jpg 24w, https:\/\/blogsaverroes.juntadeandalucia.es\/ceipobispoosio\/files\/2015\/03\/IMG_20170619_100755-36x27.jpg 36w, https:\/\/blogsaverroes.juntadeandalucia.es\/ceipobispoosio\/files\/2015\/03\/IMG_20170619_100755-48x36.jpg 48w, https:\/\/blogsaverroes.juntadeandalucia.es\/ceipobispoosio\/files\/2015\/03\/IMG_20170619_100755.jpg 1600w\" sizes=\"(max-width: 300px) 100vw, 300px\" \/><a style=\"font-family: Oswald, sans-serif;font-size: 16px;font-weight: 300\" href=\"https:\/\/blogsaverroes.juntadeandalucia.es\/ceipobispoosio\/files\/2015\/03\/IMG_20170619_100607.jpg\"><img loading=\"lazy\" decoding=\"async\" class=\"alignnone size-medium wp-image-2748\" src=\"https:\/\/blogsaverroes.juntadeandalucia.es\/ceipobispoosio\/files\/2015\/03\/IMG_20170619_100607-300x225.jpg\" alt=\"\" width=\"300\" height=\"225\" srcset=\"https:\/\/blogsaverroes.juntadeandalucia.es\/ceipobispoosio\/files\/2015\/03\/IMG_20170619_100607-300x225.jpg 300w, https:\/\/blogsaverroes.juntadeandalucia.es\/ceipobispoosio\/files\/2015\/03\/IMG_20170619_100607-768x576.jpg 768w, https:\/\/blogsaverroes.juntadeandalucia.es\/ceipobispoosio\/files\/2015\/03\/IMG_20170619_100607-1024x768.jpg 1024w, https:\/\/blogsaverroes.juntadeandalucia.es\/ceipobispoosio\/files\/2015\/03\/IMG_20170619_100607-700x525.jpg 700w, https:\/\/blogsaverroes.juntadeandalucia.es\/ceipobispoosio\/files\/2015\/03\/IMG_20170619_100607-24x18.jpg 24w, https:\/\/blogsaverroes.juntadeandalucia.es\/ceipobispoosio\/files\/2015\/03\/IMG_20170619_100607-36x27.jpg 36w, https:\/\/blogsaverroes.juntadeandalucia.es\/ceipobispoosio\/files\/2015\/03\/IMG_20170619_100607-48x36.jpg 48w, https:\/\/blogsaverroes.juntadeandalucia.es\/ceipobispoosio\/files\/2015\/03\/IMG_20170619_100607.jpg 1600w\" sizes=\"(max-width: 300px) 100vw, 300px\" \/><\/a><\/h5>\n<p>Si quer\u00e9is ver todas las actividades realizadas desde la biblioteca escolar, pod\u00e9is haberlo con la etiqueta biblioteca.<\/p>\n","protected":false},"excerpt":{"rendered":"<p>BIBLIOTECA \u00abMAESTRO JUAN MU\u00d1OZ\u00bb Biblioteca Escolar que rinde homenaje al maestro Juan Mu\u00f1oz tras m\u00e1s de 34 a\u00f1os de dedicaci\u00f3n en el centro escolar CEIP Obispo Osio. Si quer\u00e9is ver todas las actividades realizadas&#46;&#46;&#46;<\/p>\n","protected":false},"author":1,"featured_media":2747,"parent":0,"menu_order":0,"comment_status":"closed","ping_status":"open","template":"","meta":{"ngg_post_thumbnail":0,"footnotes":"","_mc_calendar":[]},"aioseo_notices":[],"_links":{"self":[{"href":"https:\/\/blogsaverroes.juntadeandalucia.es\/ceipobispoosio\/wp-json\/wp\/v2\/pages\/113"}],"collection":[{"href":"https:\/\/blogsaverroes.juntadeandalucia.es\/ceipobispoosio\/wp-json\/wp\/v2\/pages"}],"about":[{"href":"https:\/\/blogsaverroes.juntadeandalucia.es\/ceipobispoosio\/wp-json\/wp\/v2\/types\/page"}],"author":[{"embeddable":true,"href":"https:\/\/blogsaverroes.juntadeandalucia.es\/ceipobispoosio\/wp-json\/wp\/v2\/users\/1"}],"replies":[{"embeddable":true,"href":"https:\/\/blogsaverroes.juntadeandalucia.es\/ceipobispoosio\/wp-json\/wp\/v2\/comments?post=113"}],"version-history":[{"count":8,"href":"https:\/\/blogsaverroes.juntadeandalucia.es\/ceipobispoosio\/wp-json\/wp\/v2\/pages\/113\/revisions"}],"predecessor-version":[{"id":5250,"href":"https:\/\/blogsaverroes.juntadeandalucia.es\/ceipobispoosio\/wp-json\/wp\/v2\/pages\/113\/revisions\/5250"}],"wp:featuredmedia":[{"embeddable":true,"href":"https:\/\/blogsaverroes.juntadeandalucia.es\/ceipobispoosio\/wp-json\/wp\/v2\/media\/2747"}],"wp:attachment":[{"href":"https:\/\/blogsaverroes.juntadeandalucia.es\/ceipobispoosio\/wp-json\/wp\/v2\/media?parent=113"}],"curies":[{"name":"wp","href":"https:\/\/api.w.org\/{rel}","templated":true}]}}