{"id":141,"date":"2020-03-14T07:13:24","date_gmt":"2020-03-14T07:13:24","guid":{"rendered":"http:\/\/blogsaverroes.juntadeandalucia.es\/pre\/ceip\/?page_id=141"},"modified":"2020-03-14T18:38:14","modified_gmt":"2020-03-14T18:38:14","slug":"escolarizacion","status":"publish","type":"page","link":"https:\/\/blogsaverroes.juntadeandalucia.es\/ceipobispoosio\/escolarizacion\/","title":{"rendered":"Escolarizaci\u00f3n"},"content":{"rendered":"<p>Situados en la calle Sagrada Familia de C\u00f3rdoba, nuestra nueva zona de influencia est\u00e1 en \u00abMiralbaida-Arroyo del Moro-Brillante\u00bb<\/p>\n<p><a href=\"https:\/\/blogsaverroes.juntadeandalucia.es\/ceipobispoosio\/files\/2020\/03\/mapa-escolarizacion.jpg\"><img loading=\"lazy\" decoding=\"async\" class=\"alignnone size-full wp-image-3807\" src=\"https:\/\/blogsaverroes.juntadeandalucia.es\/ceipobispoosio\/files\/2020\/03\/mapa-escolarizacion.jpg\" alt=\"\" width=\"800\" height=\"985\" srcset=\"https:\/\/blogsaverroes.juntadeandalucia.es\/ceipobispoosio\/files\/2020\/03\/mapa-escolarizacion.jpg 800w, https:\/\/blogsaverroes.juntadeandalucia.es\/ceipobispoosio\/files\/2020\/03\/mapa-escolarizacion-244x300.jpg 244w, https:\/\/blogsaverroes.juntadeandalucia.es\/ceipobispoosio\/files\/2020\/03\/mapa-escolarizacion-768x946.jpg 768w, https:\/\/blogsaverroes.juntadeandalucia.es\/ceipobispoosio\/files\/2020\/03\/mapa-escolarizacion-700x862.jpg 700w, https:\/\/blogsaverroes.juntadeandalucia.es\/ceipobispoosio\/files\/2020\/03\/mapa-escolarizacion-19x24.jpg 19w, https:\/\/blogsaverroes.juntadeandalucia.es\/ceipobispoosio\/files\/2020\/03\/mapa-escolarizacion-29x36.jpg 29w, https:\/\/blogsaverroes.juntadeandalucia.es\/ceipobispoosio\/files\/2020\/03\/mapa-escolarizacion-39x48.jpg 39w\" sizes=\"(max-width: 800px) 100vw, 800px\" \/><\/a><\/p>\n<h2>Aqu\u00ed ten\u00e9is un v\u00eddeo explicativo de c\u00f3mo se debe realizar el tr\u00e1mite de escolarizaci\u00f3n de manera telem\u00e1tica si no pod\u00e9is acercaros al centro escolar.<\/h2>\n<p><iframe loading=\"lazy\" src=\"https:\/\/www.youtube.com\/embed\/ksm-g4kbVnQ\" width=\"560\" height=\"315\" frameborder=\"0\"><\/iframe><\/p>\n<p><a style=\"font-family: Oswald, sans-serif;font-size: 32px;font-weight: 300;letter-spacing: 1px\" title=\"Portal escolarizaci\u00f3n\" href=\"https:\/\/www.juntadeandalucia.es\/educacion\/secretariavirtual\/accesoTramite\/439\/\" target=\"_blank\" rel=\"noopener noreferrer\">Enlace al portal de escolarizaci\u00f3n telem\u00e1tica.<\/a><\/p>\n<p><a href=\"https:\/\/www.juntadeandalucia.es\/educacion\/secretariavirtual\/accesoTramite\/439\/\"><img loading=\"lazy\" decoding=\"async\" class=\"alignnone wp-image-3829 size-large\" src=\"https:\/\/blogsaverroes.juntadeandalucia.es\/ceipobispoosio\/files\/2020\/03\/enlace-matriculacion-1024x490.jpg\" alt=\"\" width=\"660\" height=\"316\" srcset=\"https:\/\/blogsaverroes.juntadeandalucia.es\/ceipobispoosio\/files\/2020\/03\/enlace-matriculacion-1024x490.jpg 1024w, https:\/\/blogsaverroes.juntadeandalucia.es\/ceipobispoosio\/files\/2020\/03\/enlace-matriculacion-300x144.jpg 300w, https:\/\/blogsaverroes.juntadeandalucia.es\/ceipobispoosio\/files\/2020\/03\/enlace-matriculacion-768x368.jpg 768w, https:\/\/blogsaverroes.juntadeandalucia.es\/ceipobispoosio\/files\/2020\/03\/enlace-matriculacion-700x335.jpg 700w, https:\/\/blogsaverroes.juntadeandalucia.es\/ceipobispoosio\/files\/2020\/03\/enlace-matriculacion-24x11.jpg 24w, https:\/\/blogsaverroes.juntadeandalucia.es\/ceipobispoosio\/files\/2020\/03\/enlace-matriculacion-36x17.jpg 36w, https:\/\/blogsaverroes.juntadeandalucia.es\/ceipobispoosio\/files\/2020\/03\/enlace-matriculacion-48x23.jpg 48w, https:\/\/blogsaverroes.juntadeandalucia.es\/ceipobispoosio\/files\/2020\/03\/enlace-matriculacion.jpg 1197w\" sizes=\"(max-width: 660px) 100vw, 660px\" \/><\/a><\/p>\n<p>&nbsp;<\/p>\n","protected":false},"excerpt":{"rendered":"<p>Situados en la calle Sagrada Familia de C\u00f3rdoba, nuestra nueva zona de influencia est\u00e1 en \u00abMiralbaida-Arroyo del Moro-Brillante\u00bb Aqu\u00ed ten\u00e9is un v\u00eddeo explicativo de c\u00f3mo se debe realizar el tr\u00e1mite de escolarizaci\u00f3n de manera&#46;&#46;&#46;<\/p>\n","protected":false},"author":1,"featured_media":3828,"parent":0,"menu_order":0,"comment_status":"closed","ping_status":"open","template":"","meta":{"ngg_post_thumbnail":0,"footnotes":"","_mc_calendar":[]},"aioseo_notices":[],"_links":{"self":[{"href":"https:\/\/blogsaverroes.juntadeandalucia.es\/ceipobispoosio\/wp-json\/wp\/v2\/pages\/141"}],"collection":[{"href":"https:\/\/blogsaverroes.juntadeandalucia.es\/ceipobispoosio\/wp-json\/wp\/v2\/pages"}],"about":[{"href":"https:\/\/blogsaverroes.juntadeandalucia.es\/ceipobispoosio\/wp-json\/wp\/v2\/types\/page"}],"author":[{"embeddable":true,"href":"https:\/\/blogsaverroes.juntadeandalucia.es\/ceipobispoosio\/wp-json\/wp\/v2\/users\/1"}],"replies":[{"embeddable":true,"href":"https:\/\/blogsaverroes.juntadeandalucia.es\/ceipobispoosio\/wp-json\/wp\/v2\/comments?post=141"}],"version-history":[{"count":8,"href":"https:\/\/blogsaverroes.juntadeandalucia.es\/ceipobispoosio\/wp-json\/wp\/v2\/pages\/141\/revisions"}],"predecessor-version":[{"id":3831,"href":"https:\/\/blogsaverroes.juntadeandalucia.es\/ceipobispoosio\/wp-json\/wp\/v2\/pages\/141\/revisions\/3831"}],"wp:featuredmedia":[{"embeddable":true,"href":"https:\/\/blogsaverroes.juntadeandalucia.es\/ceipobispoosio\/wp-json\/wp\/v2\/media\/3828"}],"wp:attachment":[{"href":"https:\/\/blogsaverroes.juntadeandalucia.es\/ceipobispoosio\/wp-json\/wp\/v2\/media?parent=141"}],"curies":[{"name":"wp","href":"https:\/\/api.w.org\/{rel}","templated":true}]}}