{"id":144,"date":"2015-03-17T07:46:28","date_gmt":"2015-03-17T07:46:28","guid":{"rendered":"http:\/\/blogsaverroes.juntadeandalucia.es\/pre\/ceip\/?page_id=144"},"modified":"2018-10-23T07:39:55","modified_gmt":"2018-10-23T07:39:55","slug":"orientacion","status":"publish","type":"page","link":"https:\/\/blogsaverroes.juntadeandalucia.es\/ceipobispoosio\/orientacion\/","title":{"rendered":"E.O.E"},"content":{"rendered":"<p>Componentes y horarios EOE<\/p>\n<p>Referente: M\u00aa Dolores Bl\u00e1zquez Baena (Martes de 9:00 a 14:15)<\/p>\n<p>M\u00e9dico: Fco. Jos\u00e9 Mont\u00e1vez Mart\u00edn (A demanda)<\/p>\n<p>AL: Inmaculada De Lara Berm\u00fadez (A demanda)<\/p>\n<p>Trabajadora Social: Juana Zamora Casta\u00f1o (A demanda)<\/p>\n","protected":false},"excerpt":{"rendered":"<p>Componentes y horarios EOE Referente: M\u00aa Dolores Bl\u00e1zquez Baena (Martes de 9:00 a 14:15) M\u00e9dico: Fco. Jos\u00e9 Mont\u00e1vez Mart\u00edn (A demanda) AL: Inmaculada De Lara Berm\u00fadez (A demanda) Trabajadora Social: Juana Zamora Casta\u00f1o (A&#46;&#46;&#46;<\/p>\n","protected":false},"author":1,"featured_media":0,"parent":0,"menu_order":0,"comment_status":"closed","ping_status":"open","template":"","meta":{"ngg_post_thumbnail":0,"footnotes":"","_mc_calendar":[]},"aioseo_notices":[],"_links":{"self":[{"href":"https:\/\/blogsaverroes.juntadeandalucia.es\/ceipobispoosio\/wp-json\/wp\/v2\/pages\/144"}],"collection":[{"href":"https:\/\/blogsaverroes.juntadeandalucia.es\/ceipobispoosio\/wp-json\/wp\/v2\/pages"}],"about":[{"href":"https:\/\/blogsaverroes.juntadeandalucia.es\/ceipobispoosio\/wp-json\/wp\/v2\/types\/page"}],"author":[{"embeddable":true,"href":"https:\/\/blogsaverroes.juntadeandalucia.es\/ceipobispoosio\/wp-json\/wp\/v2\/users\/1"}],"replies":[{"embeddable":true,"href":"https:\/\/blogsaverroes.juntadeandalucia.es\/ceipobispoosio\/wp-json\/wp\/v2\/comments?post=144"}],"version-history":[{"count":3,"href":"https:\/\/blogsaverroes.juntadeandalucia.es\/ceipobispoosio\/wp-json\/wp\/v2\/pages\/144\/revisions"}],"predecessor-version":[{"id":2819,"href":"https:\/\/blogsaverroes.juntadeandalucia.es\/ceipobispoosio\/wp-json\/wp\/v2\/pages\/144\/revisions\/2819"}],"wp:attachment":[{"href":"https:\/\/blogsaverroes.juntadeandalucia.es\/ceipobispoosio\/wp-json\/wp\/v2\/media?parent=144"}],"curies":[{"name":"wp","href":"https:\/\/api.w.org\/{rel}","templated":true}]}}