{"id":2018,"date":"2015-06-08T12:56:23","date_gmt":"2015-06-08T12:56:23","guid":{"rendered":"http:\/\/blogsaverroes.juntadeandalucia.es\/ceip\/?page_id=2018"},"modified":"2018-11-27T12:45:19","modified_gmt":"2018-11-27T12:45:19","slug":"calendario","status":"publish","type":"page","link":"https:\/\/blogsaverroes.juntadeandalucia.es\/ceipobispoosio\/calendario\/","title":{"rendered":"Pr\u00f3ximas actividades"},"content":{"rendered":"<h3>SALIDA A ZOO DEL ALUMNADO DE 2\u00ba CICLO<\/h3>\n<h3>LA CONSTITUCI\u00d3N-&gt; D\u00cdA 5 DE DICIEMBRE<\/h3>\n<h3>D\u00cdA DE LA LECTURA EN ANDALUC\u00cdA-&gt; 14 DE DICIEMBRE<\/h3>\n<h3>SEMANA DE LA EXPRESI\u00d3N-&gt; DE 18 AL 22 DE DICIEMBRE<\/h3>\n<h3>FIESTA DE NAVIDAD-&gt; 22 DE DICIEMBRE<\/h3>\n","protected":false},"excerpt":{"rendered":"<p>SALIDA A ZOO DEL ALUMNADO DE 2\u00ba CICLO LA CONSTITUCI\u00d3N-&gt; D\u00cdA 5 DE DICIEMBRE D\u00cdA DE LA LECTURA EN ANDALUC\u00cdA-&gt; 14 DE DICIEMBRE SEMANA DE LA EXPRESI\u00d3N-&gt; DE 18 AL 22 DE DICIEMBRE FIESTA&#46;&#46;&#46;<\/p>\n","protected":false},"author":1,"featured_media":0,"parent":0,"menu_order":0,"comment_status":"closed","ping_status":"closed","template":"","meta":{"ngg_post_thumbnail":0,"footnotes":"","_mc_calendar":[]},"aioseo_notices":[],"_links":{"self":[{"href":"https:\/\/blogsaverroes.juntadeandalucia.es\/ceipobispoosio\/wp-json\/wp\/v2\/pages\/2018"}],"collection":[{"href":"https:\/\/blogsaverroes.juntadeandalucia.es\/ceipobispoosio\/wp-json\/wp\/v2\/pages"}],"about":[{"href":"https:\/\/blogsaverroes.juntadeandalucia.es\/ceipobispoosio\/wp-json\/wp\/v2\/types\/page"}],"author":[{"embeddable":true,"href":"https:\/\/blogsaverroes.juntadeandalucia.es\/ceipobispoosio\/wp-json\/wp\/v2\/users\/1"}],"replies":[{"embeddable":true,"href":"https:\/\/blogsaverroes.juntadeandalucia.es\/ceipobispoosio\/wp-json\/wp\/v2\/comments?post=2018"}],"version-history":[{"count":5,"href":"https:\/\/blogsaverroes.juntadeandalucia.es\/ceipobispoosio\/wp-json\/wp\/v2\/pages\/2018\/revisions"}],"predecessor-version":[{"id":3116,"href":"https:\/\/blogsaverroes.juntadeandalucia.es\/ceipobispoosio\/wp-json\/wp\/v2\/pages\/2018\/revisions\/3116"}],"wp:attachment":[{"href":"https:\/\/blogsaverroes.juntadeandalucia.es\/ceipobispoosio\/wp-json\/wp\/v2\/media?parent=2018"}],"curies":[{"name":"wp","href":"https:\/\/api.w.org\/{rel}","templated":true}]}}