{"id":35,"date":"2015-03-13T08:21:43","date_gmt":"2015-03-13T08:21:43","guid":{"rendered":"http:\/\/blogsaverroes.juntadeandalucia.es\/pre\/ceip\/?page_id=35"},"modified":"2018-10-20T11:38:23","modified_gmt":"2018-10-20T11:38:23","slug":"el-centro-2","status":"publish","type":"page","link":"https:\/\/blogsaverroes.juntadeandalucia.es\/ceipobispoosio\/el-centro-2\/","title":{"rendered":"Datos del centro"},"content":{"rendered":"<p><iframe loading=\"lazy\" src=\"https:\/\/www.google.com\/maps\/embed?pb=!1m18!1m12!1m3!1d3148.661007903824!2d-4.797981261122459!3d37.89160970188602!2m3!1f0!2f0!3f0!3m2!1i1024!2i768!4f13.1!3m3!1m2!1s0xd6cdf44d6d364b7%3A0x750bf2ba8e976265!2sCEIP+Obispo+Osio!5e0!3m2!1ses!2ses!4v1539948042228\" width=\"600\" height=\"450\" frameborder=\"0\"><\/iframe><\/p>\n<h4><strong>Datos de contacto<\/strong><\/h4>\n<p>CEIP Obispo Osio<\/p>\n<p><strong>Direcci\u00f3n:<\/strong>&nbsp; Sagrada Familia s\/n<\/p>\n<p><strong>Tel\u00e9fono \/ FAX: <\/strong>957379963<br \/>\n<strong>Email:<\/strong>&nbsp;14001578.edu@juntadeandalucia.es<\/p>\n<h4><strong>Horarios<\/strong><\/h4>\n<p>Aula matinal: 7.30 a 9:00<\/p>\n<p>Actividades lectivas: 9.00 a 14.00<\/p>\n<p>Comedor: 14.00 a 16.00<\/p>\n<p>Plan de Apertura. Extraescolares: 16.00 a 18.00<\/p>\n<h4><strong>Oferta educativa<\/strong><\/h4>\n<p>Centro de Educaci\u00f3n Infantil (3 a 5 a\u00f1os) y Educaci\u00f3n Primaria (6 a 12 a\u00f1os)<\/p>\n<h4><strong>Instalaciones<\/strong><\/h4>\n\n\t\t<style>\n\t\t\t#gallery-1 {\n\t\t\t\tmargin: auto;\n\t\t\t}\n\t\t\t#gallery-1 .gallery-item {\n\t\t\t\tfloat: left;\n\t\t\t\tmargin-top: 10px;\n\t\t\t\ttext-align: center;\n\t\t\t\twidth: 50%;\n\t\t\t}\n\t\t\t#gallery-1 img {\n\t\t\t\tborder: 2px solid #cfcfcf;\n\t\t\t}\n\t\t\t#gallery-1 .gallery-caption {\n\t\t\t\tmargin-left: 0;\n\t\t\t}\n\t\t\t\/* see gallery_shortcode() in wp-includes\/media.php *\/\n\t\t<\/style>\n\t\t<div id='gallery-1' class='gallery galleryid-35 gallery-columns-2 gallery-size-medium'><dl class='gallery-item'>\n\t\t\t<dt class='gallery-icon landscape'>\n\t\t\t\t<a href='https:\/\/blogsaverroes.juntadeandalucia.es\/ceipobispoosio\/el-centro-2\/colegio-3\/'><img loading=\"lazy\" decoding=\"async\" width=\"300\" height=\"222\" src=\"https:\/\/blogsaverroes.juntadeandalucia.es\/ceipobispoosio\/files\/2015\/03\/Colegio-300x222.jpg\" class=\"attachment-medium size-medium\" alt=\"\" aria-describedby=\"gallery-1-2707\" srcset=\"https:\/\/blogsaverroes.juntadeandalucia.es\/ceipobispoosio\/files\/2015\/03\/Colegio-300x222.jpg 300w, https:\/\/blogsaverroes.juntadeandalucia.es\/ceipobispoosio\/files\/2015\/03\/Colegio-768x569.jpg 768w, https:\/\/blogsaverroes.juntadeandalucia.es\/ceipobispoosio\/files\/2015\/03\/Colegio.jpg 1024w, https:\/\/blogsaverroes.juntadeandalucia.es\/ceipobispoosio\/files\/2015\/03\/Colegio-700x519.jpg 700w, https:\/\/blogsaverroes.juntadeandalucia.es\/ceipobispoosio\/files\/2015\/03\/Colegio-24x18.jpg 24w, https:\/\/blogsaverroes.juntadeandalucia.es\/ceipobispoosio\/files\/2015\/03\/Colegio-36x27.jpg 36w, https:\/\/blogsaverroes.juntadeandalucia.es\/ceipobispoosio\/files\/2015\/03\/Colegio-48x36.jpg 48w\" sizes=\"(max-width: 300px) 100vw, 300px\" \/><\/a>\n\t\t\t<\/dt>\n\t\t\t\t<dd class='wp-caption-text gallery-caption' id='gallery-1-2707'>\n\t\t\t\tCentro Escolar\n\t\t\t\t<\/dd><\/dl><dl class='gallery-item'>\n\t\t\t<dt class='gallery-icon landscape'>\n\t\t\t\t<a href='https:\/\/blogsaverroes.juntadeandalucia.es\/ceipobispoosio\/el-centro-2\/aulas-primaria\/'><img loading=\"lazy\" decoding=\"async\" width=\"300\" height=\"102\" src=\"https:\/\/blogsaverroes.juntadeandalucia.es\/ceipobispoosio\/files\/2015\/03\/aulas-primaria-300x102.jpg\" class=\"attachment-medium size-medium\" alt=\"\" aria-describedby=\"gallery-1-2705\" srcset=\"https:\/\/blogsaverroes.juntadeandalucia.es\/ceipobispoosio\/files\/2015\/03\/aulas-primaria-300x102.jpg 300w, https:\/\/blogsaverroes.juntadeandalucia.es\/ceipobispoosio\/files\/2015\/03\/aulas-primaria-768x262.jpg 768w, https:\/\/blogsaverroes.juntadeandalucia.es\/ceipobispoosio\/files\/2015\/03\/aulas-primaria-1024x349.jpg 1024w, https:\/\/blogsaverroes.juntadeandalucia.es\/ceipobispoosio\/files\/2015\/03\/aulas-primaria-700x239.jpg 700w, https:\/\/blogsaverroes.juntadeandalucia.es\/ceipobispoosio\/files\/2015\/03\/aulas-primaria-24x8.jpg 24w, https:\/\/blogsaverroes.juntadeandalucia.es\/ceipobispoosio\/files\/2015\/03\/aulas-primaria-36x12.jpg 36w, https:\/\/blogsaverroes.juntadeandalucia.es\/ceipobispoosio\/files\/2015\/03\/aulas-primaria-48x16.jpg 48w, https:\/\/blogsaverroes.juntadeandalucia.es\/ceipobispoosio\/files\/2015\/03\/aulas-primaria.jpg 1600w\" sizes=\"(max-width: 300px) 100vw, 300px\" \/><\/a>\n\t\t\t<\/dt>\n\t\t\t\t<dd class='wp-caption-text gallery-caption' id='gallery-1-2705'>\n\t\t\t\tAulas de Primaria\n\t\t\t\t<\/dd><\/dl><br style=\"clear: both\" \/><dl class='gallery-item'>\n\t\t\t<dt class='gallery-icon landscape'>\n\t\t\t\t<a href='https:\/\/blogsaverroes.juntadeandalucia.es\/ceipobispoosio\/el-centro-2\/infantil\/'><img loading=\"lazy\" decoding=\"async\" width=\"300\" height=\"229\" src=\"https:\/\/blogsaverroes.juntadeandalucia.es\/ceipobispoosio\/files\/2015\/03\/Infantil-300x229.jpg\" class=\"attachment-medium size-medium\" alt=\"\" aria-describedby=\"gallery-1-2709\" srcset=\"https:\/\/blogsaverroes.juntadeandalucia.es\/ceipobispoosio\/files\/2015\/03\/Infantil-300x229.jpg 300w, https:\/\/blogsaverroes.juntadeandalucia.es\/ceipobispoosio\/files\/2015\/03\/Infantil-768x586.jpg 768w, https:\/\/blogsaverroes.juntadeandalucia.es\/ceipobispoosio\/files\/2015\/03\/Infantil-1024x781.jpg 1024w, https:\/\/blogsaverroes.juntadeandalucia.es\/ceipobispoosio\/files\/2015\/03\/Infantil-700x534.jpg 700w, https:\/\/blogsaverroes.juntadeandalucia.es\/ceipobispoosio\/files\/2015\/03\/Infantil-24x18.jpg 24w, https:\/\/blogsaverroes.juntadeandalucia.es\/ceipobispoosio\/files\/2015\/03\/Infantil-36x27.jpg 36w, https:\/\/blogsaverroes.juntadeandalucia.es\/ceipobispoosio\/files\/2015\/03\/Infantil-48x37.jpg 48w, https:\/\/blogsaverroes.juntadeandalucia.es\/ceipobispoosio\/files\/2015\/03\/Infantil.jpg 1600w\" sizes=\"(max-width: 300px) 100vw, 300px\" \/><\/a>\n\t\t\t<\/dt>\n\t\t\t\t<dd class='wp-caption-text gallery-caption' id='gallery-1-2709'>\n\t\t\t\tAulas de Infantil\n\t\t\t\t<\/dd><\/dl><dl class='gallery-item'>\n\t\t\t<dt class='gallery-icon landscape'>\n\t\t\t\t<a href='https:\/\/blogsaverroes.juntadeandalucia.es\/ceipobispoosio\/el-centro-2\/biblioteca-2\/'><img loading=\"lazy\" decoding=\"async\" width=\"300\" height=\"114\" src=\"https:\/\/blogsaverroes.juntadeandalucia.es\/ceipobispoosio\/files\/2015\/03\/biblioteca-300x114.jpg\" class=\"attachment-medium size-medium\" alt=\"\" aria-describedby=\"gallery-1-2706\" srcset=\"https:\/\/blogsaverroes.juntadeandalucia.es\/ceipobispoosio\/files\/2015\/03\/biblioteca-300x114.jpg 300w, https:\/\/blogsaverroes.juntadeandalucia.es\/ceipobispoosio\/files\/2015\/03\/biblioteca-768x291.jpg 768w, https:\/\/blogsaverroes.juntadeandalucia.es\/ceipobispoosio\/files\/2015\/03\/biblioteca-1024x388.jpg 1024w, https:\/\/blogsaverroes.juntadeandalucia.es\/ceipobispoosio\/files\/2015\/03\/biblioteca-700x265.jpg 700w, https:\/\/blogsaverroes.juntadeandalucia.es\/ceipobispoosio\/files\/2015\/03\/biblioteca-24x9.jpg 24w, https:\/\/blogsaverroes.juntadeandalucia.es\/ceipobispoosio\/files\/2015\/03\/biblioteca-36x14.jpg 36w, https:\/\/blogsaverroes.juntadeandalucia.es\/ceipobispoosio\/files\/2015\/03\/biblioteca-48x18.jpg 48w, https:\/\/blogsaverroes.juntadeandalucia.es\/ceipobispoosio\/files\/2015\/03\/biblioteca.jpg 1600w\" sizes=\"(max-width: 300px) 100vw, 300px\" \/><\/a>\n\t\t\t<\/dt>\n\t\t\t\t<dd class='wp-caption-text gallery-caption' id='gallery-1-2706'>\n\t\t\t\tBiblioteca Escolar\n\t\t\t\t<\/dd><\/dl><br style=\"clear: both\" \/><dl class='gallery-item'>\n\t\t\t<dt class='gallery-icon landscape'>\n\t\t\t\t<a href='https:\/\/blogsaverroes.juntadeandalucia.es\/ceipobispoosio\/el-centro-2\/al\/'><img loading=\"lazy\" decoding=\"async\" width=\"300\" height=\"180\" src=\"https:\/\/blogsaverroes.juntadeandalucia.es\/ceipobispoosio\/files\/2015\/03\/AL-300x180.jpg\" class=\"attachment-medium size-medium\" alt=\"\" aria-describedby=\"gallery-1-2704\" srcset=\"https:\/\/blogsaverroes.juntadeandalucia.es\/ceipobispoosio\/files\/2015\/03\/AL-300x180.jpg 300w, https:\/\/blogsaverroes.juntadeandalucia.es\/ceipobispoosio\/files\/2015\/03\/AL-768x460.jpg 768w, https:\/\/blogsaverroes.juntadeandalucia.es\/ceipobispoosio\/files\/2015\/03\/AL-1024x614.jpg 1024w, https:\/\/blogsaverroes.juntadeandalucia.es\/ceipobispoosio\/files\/2015\/03\/AL-700x420.jpg 700w, https:\/\/blogsaverroes.juntadeandalucia.es\/ceipobispoosio\/files\/2015\/03\/AL-24x14.jpg 24w, https:\/\/blogsaverroes.juntadeandalucia.es\/ceipobispoosio\/files\/2015\/03\/AL-36x22.jpg 36w, https:\/\/blogsaverroes.juntadeandalucia.es\/ceipobispoosio\/files\/2015\/03\/AL-48x29.jpg 48w, https:\/\/blogsaverroes.juntadeandalucia.es\/ceipobispoosio\/files\/2015\/03\/AL.jpg 1600w\" sizes=\"(max-width: 300px) 100vw, 300px\" \/><\/a>\n\t\t\t<\/dt>\n\t\t\t\t<dd class='wp-caption-text gallery-caption' id='gallery-1-2704'>\n\t\t\t\tAula AL\n\t\t\t\t<\/dd><\/dl><dl class='gallery-item'>\n\t\t\t<dt class='gallery-icon landscape'>\n\t\t\t\t<a href='https:\/\/blogsaverroes.juntadeandalucia.es\/ceipobispoosio\/el-centro-2\/gimnasio-y-recreo\/'><img loading=\"lazy\" decoding=\"async\" width=\"300\" height=\"102\" src=\"https:\/\/blogsaverroes.juntadeandalucia.es\/ceipobispoosio\/files\/2015\/03\/gimnasio-y-recreo-300x102.jpg\" class=\"attachment-medium size-medium\" alt=\"\" aria-describedby=\"gallery-1-2708\" srcset=\"https:\/\/blogsaverroes.juntadeandalucia.es\/ceipobispoosio\/files\/2015\/03\/gimnasio-y-recreo-300x102.jpg 300w, https:\/\/blogsaverroes.juntadeandalucia.es\/ceipobispoosio\/files\/2015\/03\/gimnasio-y-recreo-768x262.jpg 768w, https:\/\/blogsaverroes.juntadeandalucia.es\/ceipobispoosio\/files\/2015\/03\/gimnasio-y-recreo-1024x349.jpg 1024w, https:\/\/blogsaverroes.juntadeandalucia.es\/ceipobispoosio\/files\/2015\/03\/gimnasio-y-recreo-700x239.jpg 700w, https:\/\/blogsaverroes.juntadeandalucia.es\/ceipobispoosio\/files\/2015\/03\/gimnasio-y-recreo-24x8.jpg 24w, https:\/\/blogsaverroes.juntadeandalucia.es\/ceipobispoosio\/files\/2015\/03\/gimnasio-y-recreo-36x12.jpg 36w, https:\/\/blogsaverroes.juntadeandalucia.es\/ceipobispoosio\/files\/2015\/03\/gimnasio-y-recreo-48x16.jpg 48w, https:\/\/blogsaverroes.juntadeandalucia.es\/ceipobispoosio\/files\/2015\/03\/gimnasio-y-recreo.jpg 1600w\" sizes=\"(max-width: 300px) 100vw, 300px\" \/><\/a>\n\t\t\t<\/dt>\n\t\t\t\t<dd class='wp-caption-text gallery-caption' id='gallery-1-2708'>\n\t\t\t\tGimnasio y patio\n\t\t\t\t<\/dd><\/dl><br style=\"clear: both\" \/><dl class='gallery-item'>\n\t\t\t<dt class='gallery-icon landscape'>\n\t\t\t\t<a href='https:\/\/blogsaverroes.juntadeandalucia.es\/ceipobispoosio\/el-centro-2\/pt\/'><img loading=\"lazy\" decoding=\"async\" width=\"300\" height=\"180\" src=\"https:\/\/blogsaverroes.juntadeandalucia.es\/ceipobispoosio\/files\/2015\/03\/PT-300x180.jpg\" class=\"attachment-medium size-medium\" alt=\"\" aria-describedby=\"gallery-1-2710\" srcset=\"https:\/\/blogsaverroes.juntadeandalucia.es\/ceipobispoosio\/files\/2015\/03\/PT-300x180.jpg 300w, https:\/\/blogsaverroes.juntadeandalucia.es\/ceipobispoosio\/files\/2015\/03\/PT-768x460.jpg 768w, https:\/\/blogsaverroes.juntadeandalucia.es\/ceipobispoosio\/files\/2015\/03\/PT-1024x613.jpg 1024w, https:\/\/blogsaverroes.juntadeandalucia.es\/ceipobispoosio\/files\/2015\/03\/PT-700x419.jpg 700w, https:\/\/blogsaverroes.juntadeandalucia.es\/ceipobispoosio\/files\/2015\/03\/PT-24x14.jpg 24w, https:\/\/blogsaverroes.juntadeandalucia.es\/ceipobispoosio\/files\/2015\/03\/PT-36x22.jpg 36w, https:\/\/blogsaverroes.juntadeandalucia.es\/ceipobispoosio\/files\/2015\/03\/PT-48x29.jpg 48w, https:\/\/blogsaverroes.juntadeandalucia.es\/ceipobispoosio\/files\/2015\/03\/PT.jpg 1480w\" sizes=\"(max-width: 300px) 100vw, 300px\" \/><\/a>\n\t\t\t<\/dt>\n\t\t\t\t<dd class='wp-caption-text gallery-caption' id='gallery-1-2710'>\n\t\t\t\tAula PT\n\t\t\t\t<\/dd><\/dl>\n\t\t\t<br style='clear: both' \/>\n\t\t<\/div>\n\n","protected":false},"excerpt":{"rendered":"<p>Datos de contacto CEIP Obispo Osio Direcci\u00f3n:&nbsp; Sagrada Familia s\/n Tel\u00e9fono \/ FAX: 957379963 Email:&nbsp;14001578.edu@juntadeandalucia.es Horarios Aula matinal: 7.30 a 9:00 Actividades lectivas: 9.00 a 14.00 Comedor: 14.00 a 16.00 Plan de Apertura. Extraescolares:&#46;&#46;&#46;<\/p>\n","protected":false},"author":1,"featured_media":0,"parent":0,"menu_order":0,"comment_status":"closed","ping_status":"open","template":"","meta":{"ngg_post_thumbnail":0,"footnotes":"","_mc_calendar":[]},"aioseo_notices":[],"_links":{"self":[{"href":"https:\/\/blogsaverroes.juntadeandalucia.es\/ceipobispoosio\/wp-json\/wp\/v2\/pages\/35"}],"collection":[{"href":"https:\/\/blogsaverroes.juntadeandalucia.es\/ceipobispoosio\/wp-json\/wp\/v2\/pages"}],"about":[{"href":"https:\/\/blogsaverroes.juntadeandalucia.es\/ceipobispoosio\/wp-json\/wp\/v2\/types\/page"}],"author":[{"embeddable":true,"href":"https:\/\/blogsaverroes.juntadeandalucia.es\/ceipobispoosio\/wp-json\/wp\/v2\/users\/1"}],"replies":[{"embeddable":true,"href":"https:\/\/blogsaverroes.juntadeandalucia.es\/ceipobispoosio\/wp-json\/wp\/v2\/comments?post=35"}],"version-history":[{"count":12,"href":"https:\/\/blogsaverroes.juntadeandalucia.es\/ceipobispoosio\/wp-json\/wp\/v2\/pages\/35\/revisions"}],"predecessor-version":[{"id":2718,"href":"https:\/\/blogsaverroes.juntadeandalucia.es\/ceipobispoosio\/wp-json\/wp\/v2\/pages\/35\/revisions\/2718"}],"wp:attachment":[{"href":"https:\/\/blogsaverroes.juntadeandalucia.es\/ceipobispoosio\/wp-json\/wp\/v2\/media?parent=35"}],"curies":[{"name":"wp","href":"https:\/\/api.w.org\/{rel}","templated":true}]}}