{"id":434,"date":"2015-03-20T07:07:50","date_gmt":"2015-03-20T07:07:50","guid":{"rendered":"http:\/\/blogsaverroes.juntadeandalucia.es\/pre\/ceip\/?page_id=434"},"modified":"2020-04-08T15:24:01","modified_gmt":"2020-04-08T15:24:01","slug":"materiales-recursos","status":"publish","type":"page","link":"https:\/\/blogsaverroes.juntadeandalucia.es\/ceipobispoosio\/ed-primaria-2o-ciclo\/materiales-recursos\/","title":{"rendered":"E.P. 2\u00ba ciclo. Materiales, recursos&#8230;"},"content":{"rendered":"<h4>Juegos de repaso de Lengua<\/h4>\n<p><a href=\"http:\/\/www.educa.jcyl.es\/educacyl\/cm\/gallery\/Recursos_MundoPrimaria\/cyl-2018-lengua\/lengua\/index.html\"><img decoding=\"async\" src=\"https:\/\/1.bp.blogspot.com\/-7m5kI8P61MA\/XoG6ODqPrmI\/AAAAAAAAPnc\/8ATsvQKFmLUJ51Jm-cuiUrONKp2SyMGBgCLcBGAsYHQ\/s400\/Captura%2Bde%2Bpantalla%2B2020-03-30%2Ba%2Blas%2B11.21.41.png\"><\/a><\/p>\n<h4>Juegos de repaso de Matem\u00e1ticas<\/h4>\n<p><a href=\"http:\/\/www.educa.jcyl.es\/educacyl\/cm\/gallery\/Recursos_Mundoprimaria\/primaria\/index.html\"><img decoding=\"async\" src=\"https:\/\/1.bp.blogspot.com\/-upgWP4d4gW0\/XoG6ajfoBeI\/AAAAAAAAPng\/V2VVxNsglLkjbUtfaIquzfx0UQOtArP_wCLcBGAsYHQ\/s400\/Captura%2Bde%2Bpantalla%2B2020-03-30%2Ba%2Blas%2B11.22.38.png\"><\/a><\/p>\n<h4>Juegos de repaso de Ingl\u00e9s<\/h4>\n<p><a href=\"http:\/\/www.educa.jcyl.es\/educacyl\/cm\/gallery\/Recursos_MundoPrimaria\/cyl-2018-ingles\/ingles\/index.html\"><img decoding=\"async\" src=\"https:\/\/1.bp.blogspot.com\/-iABjBlsBjcI\/XoG6qkvwFCI\/AAAAAAAAPns\/XvsV3t_3J8Y2YZZIMxFZsPXUldPmtM79wCLcBGAsYHQ\/s400\/Captura%2Bde%2Bpantalla%2B2020-03-30%2Ba%2Blas%2B11.23.43.png\"><\/a><\/p>\n<h4>18 juegos para aprender y repasar las reglas de acentuaci\u00f3n (agudas, llanas y esdr\u00fajulas)<\/h4>\n<p><a href=\"http:\/\/www.ayudaparamaestros.com\/2016\/04\/18-juegos-para-aprender-y-repasar-las.html\"><img loading=\"lazy\" decoding=\"async\" class=\"\" src=\"https:\/\/3.bp.blogspot.com\/-yPn-NQ7X9Bg\/VySzQKa3NKI\/AAAAAAAAFiM\/Qp6qFmZ_BZ84LnClfWadM3LrXTRyvIZEwCLcB\/s640\/AAA.jpg\" width=\"472\" height=\"157\"><\/a><\/p>\n<h4>El espacio. El Sistema Solar<\/h4>\n<p><a title=\"Sistema Solar\" href=\"http:\/\/agrega.juntadeandalucia.es\/visualizador-1\/Visualizar\/Visualizar.do?identificador=es-an_2015020913_9142518&amp;secuencia=true&amp;idioma=es\" target=\"_blank\" rel=\"noopener noreferrer\"><img loading=\"lazy\" decoding=\"async\" class=\"alignnone size-medium wp-image-1597\" src=\"http:\/\/blogsaverroes.juntadeandalucia.es\/temapinboard\/files\/2015\/03\/sistema_solar-300x188.jpg\" alt=\"sistema_solar\" width=\"300\" height=\"188\" srcset=\"https:\/\/blogsaverroes.juntadeandalucia.es\/ceipobispoosio\/files\/2015\/03\/sistema_solar-300x188.jpg 300w, https:\/\/blogsaverroes.juntadeandalucia.es\/ceipobispoosio\/files\/2015\/03\/sistema_solar-332x209.jpg 332w, https:\/\/blogsaverroes.juntadeandalucia.es\/ceipobispoosio\/files\/2015\/03\/sistema_solar.jpg 640w\" sizes=\"(max-width: 300px) 100vw, 300px\" \/><\/a><\/p>\n<h4>Juego de palabras<\/h4>\n<p><a href=\"http:\/\/www.educa.jcyl.es\/educacyl\/cm\/gallery\/Recursos%20Boecillo\/lengua\/Cofre2\/index.htm\"><img decoding=\"async\" src=\"https:\/\/4.bp.blogspot.com\/-qm1lmKA2h8I\/VnL7to_8YdI\/AAAAAAAAEEw\/oP-4So030kg\/s320\/aaa.JPG\"><\/a><\/p>\n<h4>Juego de Franc\u00e9s<\/h4>\n<p><a href=\"http:\/\/www.educa.jcyl.es\/educacyl\/cm\/gallery\/Recursos%20Infinity\/juegos_jcyl\/cualesfrance\/cualesfrance.html\"><img decoding=\"async\" src=\"http:\/\/2.bp.blogspot.com\/-s88j8DKYBJE\/UXbCt3GhNbI\/AAAAAAAADfo\/yjFKxz4Z4ck\/s400\/aaa.JPG\"><\/a><\/p>\n","protected":false},"excerpt":{"rendered":"<p>Juegos de repaso de Lengua Juegos de repaso de Matem\u00e1ticas Juegos de repaso de Ingl\u00e9s 18 juegos para aprender y repasar las reglas de acentuaci\u00f3n (agudas, llanas y esdr\u00fajulas) El espacio. El Sistema Solar&#46;&#46;&#46;<\/p>\n","protected":false},"author":1,"featured_media":0,"parent":432,"menu_order":0,"comment_status":"closed","ping_status":"open","template":"","meta":{"ngg_post_thumbnail":0,"footnotes":"","_mc_calendar":[]},"aioseo_notices":[],"_links":{"self":[{"href":"https:\/\/blogsaverroes.juntadeandalucia.es\/ceipobispoosio\/wp-json\/wp\/v2\/pages\/434"}],"collection":[{"href":"https:\/\/blogsaverroes.juntadeandalucia.es\/ceipobispoosio\/wp-json\/wp\/v2\/pages"}],"about":[{"href":"https:\/\/blogsaverroes.juntadeandalucia.es\/ceipobispoosio\/wp-json\/wp\/v2\/types\/page"}],"author":[{"embeddable":true,"href":"https:\/\/blogsaverroes.juntadeandalucia.es\/ceipobispoosio\/wp-json\/wp\/v2\/users\/1"}],"replies":[{"embeddable":true,"href":"https:\/\/blogsaverroes.juntadeandalucia.es\/ceipobispoosio\/wp-json\/wp\/v2\/comments?post=434"}],"version-history":[{"count":6,"href":"https:\/\/blogsaverroes.juntadeandalucia.es\/ceipobispoosio\/wp-json\/wp\/v2\/pages\/434\/revisions"}],"predecessor-version":[{"id":3892,"href":"https:\/\/blogsaverroes.juntadeandalucia.es\/ceipobispoosio\/wp-json\/wp\/v2\/pages\/434\/revisions\/3892"}],"up":[{"embeddable":true,"href":"https:\/\/blogsaverroes.juntadeandalucia.es\/ceipobispoosio\/wp-json\/wp\/v2\/pages\/432"}],"wp:attachment":[{"href":"https:\/\/blogsaverroes.juntadeandalucia.es\/ceipobispoosio\/wp-json\/wp\/v2\/media?parent=434"}],"curies":[{"name":"wp","href":"https:\/\/api.w.org\/{rel}","templated":true}]}}