{"id":44,"date":"2015-03-13T08:42:15","date_gmt":"2015-03-13T08:42:15","guid":{"rendered":"http:\/\/blogsaverroes.juntadeandalucia.es\/pre\/ceip\/?page_id=44"},"modified":"2018-10-20T12:06:00","modified_gmt":"2018-10-20T12:06:00","slug":"planes-y-proyectos","status":"publish","type":"page","link":"https:\/\/blogsaverroes.juntadeandalucia.es\/ceipobispoosio\/planes-y-proyectos\/","title":{"rendered":"Planes y Programas"},"content":{"rendered":"<p><img loading=\"lazy\" decoding=\"async\" class=\"alignnone size-medium wp-image-1667\" src=\"http:\/\/blogsaverroes.juntadeandalucia.es\/temapinboard\/files\/2015\/03\/planes-300x150.png\" alt=\"planes\" width=\"300\" height=\"150\" srcset=\"https:\/\/blogsaverroes.juntadeandalucia.es\/ceipobispoosio\/files\/2015\/03\/planes-300x150.png 300w, https:\/\/blogsaverroes.juntadeandalucia.es\/ceipobispoosio\/files\/2015\/03\/planes-332x166.png 332w, https:\/\/blogsaverroes.juntadeandalucia.es\/ceipobispoosio\/files\/2015\/03\/planes.png 640w\" sizes=\"(max-width: 300px) 100vw, 300px\" \/><\/p>\n<p>Cada centro personaliza y adapta su Proyecto Educativo adheri\u00e9ndose a diferentes <strong>Planes y Programas<\/strong> promovidos desde la Consejer\u00eda de Educaci\u00f3n, Cultura y Deporte.<\/p>\n<p>En este apartado se recogen los planes y programas desarrollados en el centro durante el curso escolar 2018\/2019.<\/p>\n<ul>\n<li><strong>Plan de Igualdad entre hombres y mujeres en educaci\u00f3n.<\/strong><\/li>\n<li><strong>Plan de Apertura (Aula matinal, comedor, PROA&#8230;)<\/strong><\/li>\n<li><strong>Plan Creciendo en Salud. (Intervenci\u00f3n en estilos de vida saludable y educaci\u00f3n Emocional)<\/strong><\/li>\n<li><strong>Plan de Lecturas y Bibliotecas Escolares.<\/strong><\/li>\n<li><strong>Proyecto TIC 2.0.<\/strong><\/li>\n<li><strong>Plan de Autoprotecci\u00f3n.<\/strong><\/li>\n<li><strong>Programa AulaDCine.<\/strong><\/li>\n<li><strong>Plan de Compensatoria Educativa.<\/strong><\/li>\n<li><strong>Programa Aldea (Modealidad Recapacicla y Ecohuerto)<\/strong><br \/>\n<h3>&nbsp;<\/h3>\n<\/li>\n<\/ul>\n<p>&nbsp;<\/p>\n","protected":false},"excerpt":{"rendered":"<p>Cada centro personaliza y adapta su Proyecto Educativo adheri\u00e9ndose a diferentes Planes y Programas promovidos desde la Consejer\u00eda de Educaci\u00f3n, Cultura y Deporte. En este apartado se recogen los planes y programas desarrollados en&#46;&#46;&#46;<\/p>\n","protected":false},"author":1,"featured_media":0,"parent":0,"menu_order":0,"comment_status":"closed","ping_status":"closed","template":"template-full-width.php","meta":{"ngg_post_thumbnail":0,"footnotes":"","_mc_calendar":[]},"aioseo_notices":[],"_links":{"self":[{"href":"https:\/\/blogsaverroes.juntadeandalucia.es\/ceipobispoosio\/wp-json\/wp\/v2\/pages\/44"}],"collection":[{"href":"https:\/\/blogsaverroes.juntadeandalucia.es\/ceipobispoosio\/wp-json\/wp\/v2\/pages"}],"about":[{"href":"https:\/\/blogsaverroes.juntadeandalucia.es\/ceipobispoosio\/wp-json\/wp\/v2\/types\/page"}],"author":[{"embeddable":true,"href":"https:\/\/blogsaverroes.juntadeandalucia.es\/ceipobispoosio\/wp-json\/wp\/v2\/users\/1"}],"replies":[{"embeddable":true,"href":"https:\/\/blogsaverroes.juntadeandalucia.es\/ceipobispoosio\/wp-json\/wp\/v2\/comments?post=44"}],"version-history":[{"count":13,"href":"https:\/\/blogsaverroes.juntadeandalucia.es\/ceipobispoosio\/wp-json\/wp\/v2\/pages\/44\/revisions"}],"predecessor-version":[{"id":2730,"href":"https:\/\/blogsaverroes.juntadeandalucia.es\/ceipobispoosio\/wp-json\/wp\/v2\/pages\/44\/revisions\/2730"}],"wp:attachment":[{"href":"https:\/\/blogsaverroes.juntadeandalucia.es\/ceipobispoosio\/wp-json\/wp\/v2\/media?parent=44"}],"curies":[{"name":"wp","href":"https:\/\/api.w.org\/{rel}","templated":true}]}}