{"id":49,"date":"2015-03-13T08:47:05","date_gmt":"2015-03-13T08:47:05","guid":{"rendered":"http:\/\/blogsaverroes.juntadeandalucia.es\/pre\/ceip\/?page_id=49"},"modified":"2021-02-15T19:09:28","modified_gmt":"2021-02-15T19:09:28","slug":"proyecto-educativo","status":"publish","type":"page","link":"https:\/\/blogsaverroes.juntadeandalucia.es\/ceipobispoosio\/proyecto-educativo\/","title":{"rendered":"Documentos Oficiales"},"content":{"rendered":"<p>Un centro se define en gran medida por su <strong>Proyecto Educativo<\/strong>. En \u00e9l se plasma el modelo educativo y la concreci\u00f3n de la normativa que un centro realiza respecto a las ense\u00f1anzas que imparte. Aspectos tales como las finales educativas, objetivos, atenci\u00f3n a la diversidad, etc.<\/p>\n<p>Este espacio mostramos los enlaces para su descarga en PDF de cada uno de los documentos oficiales. Pinchar sobre cada imagen para acceder a cada documentaci\u00f3n.<\/p>\n<div id=\"attachment_4136\" style=\"width: 160px\" class=\"wp-caption alignnone\"><a href=\"https:\/\/drive.google.com\/file\/d\/15x6hKnr0DqvhPCi78_YKbb3hHt_AkEEh\/view?usp=sharing\"><img loading=\"lazy\" decoding=\"async\" aria-describedby=\"caption-attachment-4136\" class=\"wp-image-4136 size-thumbnail\" style=\"font-family: 'Open Sans', sans-serif;font-size: 15px;font-style: normal;font-weight: 400\" src=\"https:\/\/blogsaverroes.juntadeandalucia.es\/ceipobispoosio\/files\/2021\/02\/documentacion-150x150.png\" alt=\"\" width=\"150\" height=\"150\" srcset=\"https:\/\/blogsaverroes.juntadeandalucia.es\/ceipobispoosio\/files\/2021\/02\/documentacion-150x150.png 150w, https:\/\/blogsaverroes.juntadeandalucia.es\/ceipobispoosio\/files\/2021\/02\/documentacion-300x300.png 300w, https:\/\/blogsaverroes.juntadeandalucia.es\/ceipobispoosio\/files\/2021\/02\/documentacion-432x432.png 432w, https:\/\/blogsaverroes.juntadeandalucia.es\/ceipobispoosio\/files\/2021\/02\/documentacion-268x268.png 268w, https:\/\/blogsaverroes.juntadeandalucia.es\/ceipobispoosio\/files\/2021\/02\/documentacion.png 512w\" sizes=\"(max-width: 150px) 100vw, 150px\" \/><\/a><p id=\"caption-attachment-4136\" class=\"wp-caption-text\">Proyecto Educativo<\/p><\/div>\n<div id=\"attachment_4135\" style=\"width: 160px\" class=\"wp-caption alignnone\"><a href=\"https:\/\/drive.google.com\/file\/d\/1L7RH-HBuwoGhwvdiJypNZYShutHMN7o_\/view?usp=sharing\"><img loading=\"lazy\" decoding=\"async\" aria-describedby=\"caption-attachment-4135\" class=\"wp-image-4135 size-thumbnail\" src=\"https:\/\/blogsaverroes.juntadeandalucia.es\/ceipobispoosio\/files\/2021\/02\/organizar-150x150.png\" alt=\"\" width=\"150\" height=\"150\" srcset=\"https:\/\/blogsaverroes.juntadeandalucia.es\/ceipobispoosio\/files\/2021\/02\/organizar-150x150.png 150w, https:\/\/blogsaverroes.juntadeandalucia.es\/ceipobispoosio\/files\/2021\/02\/organizar-300x300.png 300w, https:\/\/blogsaverroes.juntadeandalucia.es\/ceipobispoosio\/files\/2021\/02\/organizar-432x432.png 432w, https:\/\/blogsaverroes.juntadeandalucia.es\/ceipobispoosio\/files\/2021\/02\/organizar-268x268.png 268w, https:\/\/blogsaverroes.juntadeandalucia.es\/ceipobispoosio\/files\/2021\/02\/organizar.png 512w\" sizes=\"(max-width: 150px) 100vw, 150px\" \/><\/a><p id=\"caption-attachment-4135\" class=\"wp-caption-text\">Plan de Mejora<\/p><\/div>\n<div id=\"attachment_4134\" style=\"width: 160px\" class=\"wp-caption alignnone\"><a href=\"https:\/\/drive.google.com\/file\/d\/1L7RH-HBuwoGhwvdiJypNZYShutHMN7o_\/view?usp=sharing\"><img loading=\"lazy\" decoding=\"async\" aria-describedby=\"caption-attachment-4134\" class=\"wp-image-4134 size-thumbnail\" style=\"font-family: 'Open Sans', sans-serif;font-size: 15px\" src=\"https:\/\/blogsaverroes.juntadeandalucia.es\/ceipobispoosio\/files\/2021\/02\/manual-medico-150x150.png\" alt=\"\" width=\"150\" height=\"150\" srcset=\"https:\/\/blogsaverroes.juntadeandalucia.es\/ceipobispoosio\/files\/2021\/02\/manual-medico-150x150.png 150w, https:\/\/blogsaverroes.juntadeandalucia.es\/ceipobispoosio\/files\/2021\/02\/manual-medico-298x300.png 298w, https:\/\/blogsaverroes.juntadeandalucia.es\/ceipobispoosio\/files\/2021\/02\/manual-medico-432x432.png 432w, https:\/\/blogsaverroes.juntadeandalucia.es\/ceipobispoosio\/files\/2021\/02\/manual-medico-268x268.png 268w, https:\/\/blogsaverroes.juntadeandalucia.es\/ceipobispoosio\/files\/2021\/02\/manual-medico.png 512w\" sizes=\"(max-width: 150px) 100vw, 150px\" \/><\/a><p id=\"caption-attachment-4134\" class=\"wp-caption-text\">Protocolo COVID19<\/p><\/div>\n<div id=\"attachment_4143\" style=\"width: 160px\" class=\"wp-caption alignnone\"><a href=\"https:\/\/drive.google.com\/file\/d\/1SN3nwKegW7z0wXkPsxklvicxrrEXq5dz\/view?usp=sharing\"><img loading=\"lazy\" decoding=\"async\" aria-describedby=\"caption-attachment-4143\" class=\"wp-image-4143 size-thumbnail\" src=\"https:\/\/blogsaverroes.juntadeandalucia.es\/ceipobispoosio\/files\/2021\/02\/aprendizaje-digital-150x150.png\" alt=\"\" width=\"150\" height=\"150\" srcset=\"https:\/\/blogsaverroes.juntadeandalucia.es\/ceipobispoosio\/files\/2021\/02\/aprendizaje-digital-150x150.png 150w, https:\/\/blogsaverroes.juntadeandalucia.es\/ceipobispoosio\/files\/2021\/02\/aprendizaje-digital-300x300.png 300w, https:\/\/blogsaverroes.juntadeandalucia.es\/ceipobispoosio\/files\/2021\/02\/aprendizaje-digital-432x432.png 432w, https:\/\/blogsaverroes.juntadeandalucia.es\/ceipobispoosio\/files\/2021\/02\/aprendizaje-digital-268x268.png 268w, https:\/\/blogsaverroes.juntadeandalucia.es\/ceipobispoosio\/files\/2021\/02\/aprendizaje-digital.png 512w\" sizes=\"(max-width: 150px) 100vw, 150px\" \/><\/a><p id=\"caption-attachment-4143\" class=\"wp-caption-text\">Plan Digital Educativo<\/p><\/div>\n<div id=\"attachment_4142\" style=\"width: 160px\" class=\"wp-caption alignnone\"><a href=\"https:\/\/drive.google.com\/file\/d\/11aI00UGF4SAYYwCyxskXr01kimbjJzQN\/view?usp=sharing\"><img loading=\"lazy\" decoding=\"async\" aria-describedby=\"caption-attachment-4142\" class=\"wp-image-4142 size-thumbnail\" src=\"https:\/\/blogsaverroes.juntadeandalucia.es\/ceipobispoosio\/files\/2021\/02\/resolucion-150x150.png\" alt=\"\" width=\"150\" height=\"150\" srcset=\"https:\/\/blogsaverroes.juntadeandalucia.es\/ceipobispoosio\/files\/2021\/02\/resolucion-150x150.png 150w, https:\/\/blogsaverroes.juntadeandalucia.es\/ceipobispoosio\/files\/2021\/02\/resolucion-300x300.png 300w, https:\/\/blogsaverroes.juntadeandalucia.es\/ceipobispoosio\/files\/2021\/02\/resolucion-432x432.png 432w, https:\/\/blogsaverroes.juntadeandalucia.es\/ceipobispoosio\/files\/2021\/02\/resolucion-268x268.png 268w, https:\/\/blogsaverroes.juntadeandalucia.es\/ceipobispoosio\/files\/2021\/02\/resolucion.png 512w\" sizes=\"(max-width: 150px) 100vw, 150px\" \/><\/a><p id=\"caption-attachment-4142\" class=\"wp-caption-text\">Plan de Convivencia<\/p><\/div>\n<p>&nbsp;<\/p>\n<p>&nbsp;<\/p>\n<p>&nbsp;<\/p>\n<p>&nbsp;<\/p>\n","protected":false},"excerpt":{"rendered":"<p>Un centro se define en gran medida por su Proyecto Educativo. En \u00e9l se plasma el modelo educativo y la concreci\u00f3n de la normativa que un centro realiza respecto a las ense\u00f1anzas que imparte.&#46;&#46;&#46;<\/p>\n","protected":false},"author":1,"featured_media":0,"parent":0,"menu_order":0,"comment_status":"closed","ping_status":"open","template":"","meta":{"ngg_post_thumbnail":0,"footnotes":"","_mc_calendar":[]},"aioseo_notices":[],"_links":{"self":[{"href":"https:\/\/blogsaverroes.juntadeandalucia.es\/ceipobispoosio\/wp-json\/wp\/v2\/pages\/49"}],"collection":[{"href":"https:\/\/blogsaverroes.juntadeandalucia.es\/ceipobispoosio\/wp-json\/wp\/v2\/pages"}],"about":[{"href":"https:\/\/blogsaverroes.juntadeandalucia.es\/ceipobispoosio\/wp-json\/wp\/v2\/types\/page"}],"author":[{"embeddable":true,"href":"https:\/\/blogsaverroes.juntadeandalucia.es\/ceipobispoosio\/wp-json\/wp\/v2\/users\/1"}],"replies":[{"embeddable":true,"href":"https:\/\/blogsaverroes.juntadeandalucia.es\/ceipobispoosio\/wp-json\/wp\/v2\/comments?post=49"}],"version-history":[{"count":10,"href":"https:\/\/blogsaverroes.juntadeandalucia.es\/ceipobispoosio\/wp-json\/wp\/v2\/pages\/49\/revisions"}],"predecessor-version":[{"id":2725,"href":"https:\/\/blogsaverroes.juntadeandalucia.es\/ceipobispoosio\/wp-json\/wp\/v2\/pages\/49\/revisions\/2725"}],"wp:attachment":[{"href":"https:\/\/blogsaverroes.juntadeandalucia.es\/ceipobispoosio\/wp-json\/wp\/v2\/media?parent=49"}],"curies":[{"name":"wp","href":"https:\/\/api.w.org\/{rel}","templated":true}]}}