{"id":77,"date":"2015-03-16T06:54:56","date_gmt":"2015-03-16T06:54:56","guid":{"rendered":"http:\/\/blogsaverroes.juntadeandalucia.es\/pre\/ceip\/?page_id=77"},"modified":"2021-02-15T19:00:29","modified_gmt":"2021-02-15T19:00:29","slug":"secretaria","status":"publish","type":"page","link":"https:\/\/blogsaverroes.juntadeandalucia.es\/ceipobispoosio\/secretaria\/","title":{"rendered":"Claustro"},"content":{"rendered":"<table>\n<tbody>\n<tr>\n<td colspan=\"2\" width=\"566\">\n<h3><strong>Curso 2019\/2020<\/strong><\/h3>\n<\/td>\n<\/tr>\n<tr>\n<td width=\"283\">\n<h3>Infantil&nbsp;<\/h3>\n<\/td>\n<td width=\"283\">\n<h3>Gema<\/h3>\n<\/td>\n<\/tr>\n<tr>\n<td width=\"283\">\n<h3>&nbsp;<\/h3>\n<\/td>\n<td width=\"283\">\n<h3>&nbsp;<\/h3>\n<\/td>\n<\/tr>\n<tr>\n<td width=\"283\">\n<h3>1\u00ba Primaria<\/h3>\n<\/td>\n<td width=\"283\">\n<h3>Inmaculada Vaquero<\/h3>\n<\/td>\n<\/tr>\n<tr>\n<td width=\"283\">\n<h3>2\u00ba Primaria<\/h3>\n<\/td>\n<td width=\"283\">\n<h3>Fran Arroyo<\/h3>\n<\/td>\n<\/tr>\n<tr>\n<td width=\"283\">\n<h3>3\u00ba Primaria<\/h3>\n<\/td>\n<td width=\"283\">\n<h3>Roc\u00edo<\/h3>\n<\/td>\n<\/tr>\n<tr>\n<td width=\"283\">\n<h3>4\u00ba Primaria<\/h3>\n<\/td>\n<td width=\"283\">\n<h3>Inma Barberena<\/h3>\n<\/td>\n<\/tr>\n<tr>\n<td width=\"283\">\n<h3>5\u00ba Primaria<\/h3>\n<\/td>\n<td width=\"283\">\n<h3>Miguel Angel<\/h3>\n<\/td>\n<\/tr>\n<tr>\n<td width=\"283\">\n<h3>6\u00baA Primaria<\/h3>\n<\/td>\n<td width=\"283\">\n<h3>Antonio Santos<\/h3>\n<\/td>\n<\/tr>\n<tr>\n<td width=\"283\">\n<h3>6B\u00ba Primaria<\/h3>\n<\/td>\n<td width=\"283\">\n<h3>David Ochoa<\/h3>\n<\/td>\n<\/tr>\n<tr>\n<td width=\"283\">\n<h3>Lengua Extranjera<\/h3>\n<\/td>\n<td width=\"283\">\n<h3>Inmaculada Rojas (ingl\u00e9s)<\/h3>\n<h3>David Ochoa (franc\u00e9s)<\/h3>\n<\/td>\n<\/tr>\n<tr>\n<td width=\"283\">\n<h3>M\u00fasica<\/h3>\n<\/td>\n<td width=\"283\">\n<h3>M\u00aa Jos\u00e9 Fern\u00e1ndez<\/h3>\n<\/td>\n<\/tr>\n<tr>\n<td width=\"283\">\n<h3>Audici\u00f3n y Lenguaje<\/h3>\n<\/td>\n<td width=\"283\">\n<h3>Victoria Raya y Maria Jos\u00e9<\/h3>\n<\/td>\n<\/tr>\n<tr>\n<td width=\"283\">\n<h3>Compensatoria<\/h3>\n<\/td>\n<td width=\"283\">\n<h3>Elena<\/h3>\n<\/td>\n<\/tr>\n<tr>\n<td width=\"283\">\n<h3>Religi\u00f3n<\/h3>\n<\/td>\n<td width=\"283\">\n<h3>Ram\u00f3n Fern\u00e1ndez (cat\u00f3lica) &nbsp;<\/h3>\n<h3>Rocio Santiago (evang\u00e9lica)<\/h3>\n<\/td>\n<\/tr>\n<tr>\n<td width=\"283\">\n<h3>Pedagog\u00eda Terap\u00e9utica<\/h3>\n<\/td>\n<td width=\"283\">\n<h3>Isabel<\/h3>\n<\/td>\n<\/tr>\n<tr>\n<td width=\"283\">\n<h3>Monitora Escolar<\/h3>\n<\/td>\n<td width=\"283\">\n<h3>Ana L\u00f3pez<\/h3>\n<\/td>\n<\/tr>\n<\/tbody>\n<\/table>\n<p>&nbsp;<\/p>\n","protected":false},"excerpt":{"rendered":"<p>Curso 2019\/2020 Infantil&nbsp; Gema &nbsp; &nbsp; 1\u00ba Primaria Inmaculada Vaquero 2\u00ba Primaria Fran Arroyo 3\u00ba Primaria Roc\u00edo 4\u00ba Primaria Inma Barberena 5\u00ba Primaria Miguel Angel 6\u00baA Primaria Antonio Santos 6B\u00ba Primaria David Ochoa Lengua&#46;&#46;&#46;<\/p>\n","protected":false},"author":1,"featured_media":0,"parent":0,"menu_order":0,"comment_status":"closed","ping_status":"open","template":"","meta":{"ngg_post_thumbnail":0,"footnotes":"","_mc_calendar":[]},"aioseo_notices":[],"_links":{"self":[{"href":"https:\/\/blogsaverroes.juntadeandalucia.es\/ceipobispoosio\/wp-json\/wp\/v2\/pages\/77"}],"collection":[{"href":"https:\/\/blogsaverroes.juntadeandalucia.es\/ceipobispoosio\/wp-json\/wp\/v2\/pages"}],"about":[{"href":"https:\/\/blogsaverroes.juntadeandalucia.es\/ceipobispoosio\/wp-json\/wp\/v2\/types\/page"}],"author":[{"embeddable":true,"href":"https:\/\/blogsaverroes.juntadeandalucia.es\/ceipobispoosio\/wp-json\/wp\/v2\/users\/1"}],"replies":[{"embeddable":true,"href":"https:\/\/blogsaverroes.juntadeandalucia.es\/ceipobispoosio\/wp-json\/wp\/v2\/comments?post=77"}],"version-history":[{"count":6,"href":"https:\/\/blogsaverroes.juntadeandalucia.es\/ceipobispoosio\/wp-json\/wp\/v2\/pages\/77\/revisions"}],"predecessor-version":[{"id":4141,"href":"https:\/\/blogsaverroes.juntadeandalucia.es\/ceipobispoosio\/wp-json\/wp\/v2\/pages\/77\/revisions\/4141"}],"wp:attachment":[{"href":"https:\/\/blogsaverroes.juntadeandalucia.es\/ceipobispoosio\/wp-json\/wp\/v2\/media?parent=77"}],"curies":[{"name":"wp","href":"https:\/\/api.w.org\/{rel}","templated":true}]}}