{"id":42,"date":"2015-03-13T08:40:47","date_gmt":"2015-03-13T08:40:47","guid":{"rendered":"http:\/\/blogsaverroes.juntadeandalucia.es\/pre\/ceip\/?page_id=42"},"modified":"2022-09-28T16:26:21","modified_gmt":"2022-09-28T16:26:21","slug":"equipo-directivo","status":"publish","type":"page","link":"https:\/\/blogsaverroes.juntadeandalucia.es\/ceiporgiva\/equipo-directivo\/","title":{"rendered":"Equipo directivo"},"content":{"rendered":"<p><strong><span style=\"text-decoration: underline\">Direcci\u00f3n:<\/span><\/strong>&nbsp; <strong><em>Antonio M. Martin Amat<\/em><\/strong><\/p>\n<p><span style=\"text-decoration: underline\"><strong>Jefatura de Estudios:<\/strong>&nbsp;<\/span> &nbsp;<strong><em>M. \u00c1ngeles Iglesias&nbsp;Ib\u00e1\u00f1ez<\/em><\/strong><\/p>\n<p><strong><span style=\"text-decoration: underline\">Secretar\u00eda:&nbsp;<\/span> <em>Francisca Salguero Rodr\u00edguez<\/em><\/strong><\/p>\n","protected":false},"excerpt":{"rendered":"<p>Direcci\u00f3n:&nbsp; Antonio M. Martin Amat Jefatura de Estudios:&nbsp; &nbsp;M. \u00c1ngeles Iglesias&nbsp;Ib\u00e1\u00f1ez Secretar\u00eda:&nbsp; Francisca Salguero Rodr\u00edguez<\/p>\n","protected":false},"author":1,"featured_media":0,"parent":0,"menu_order":0,"comment_status":"closed","ping_status":"open","template":"","meta":{"ngg_post_thumbnail":0,"footnotes":"","_mc_calendar":[]},"aioseo_notices":[],"_links":{"self":[{"href":"https:\/\/blogsaverroes.juntadeandalucia.es\/ceiporgiva\/wp-json\/wp\/v2\/pages\/42"}],"collection":[{"href":"https:\/\/blogsaverroes.juntadeandalucia.es\/ceiporgiva\/wp-json\/wp\/v2\/pages"}],"about":[{"href":"https:\/\/blogsaverroes.juntadeandalucia.es\/ceiporgiva\/wp-json\/wp\/v2\/types\/page"}],"author":[{"embeddable":true,"href":"https:\/\/blogsaverroes.juntadeandalucia.es\/ceiporgiva\/wp-json\/wp\/v2\/users\/1"}],"replies":[{"embeddable":true,"href":"https:\/\/blogsaverroes.juntadeandalucia.es\/ceiporgiva\/wp-json\/wp\/v2\/comments?post=42"}],"version-history":[{"count":8,"href":"https:\/\/blogsaverroes.juntadeandalucia.es\/ceiporgiva\/wp-json\/wp\/v2\/pages\/42\/revisions"}],"predecessor-version":[{"id":2228,"href":"https:\/\/blogsaverroes.juntadeandalucia.es\/ceiporgiva\/wp-json\/wp\/v2\/pages\/42\/revisions\/2228"}],"wp:attachment":[{"href":"https:\/\/blogsaverroes.juntadeandalucia.es\/ceiporgiva\/wp-json\/wp\/v2\/media?parent=42"}],"curies":[{"name":"wp","href":"https:\/\/api.w.org\/{rel}","templated":true}]}}