{"id":198,"date":"2015-03-17T09:55:36","date_gmt":"2015-03-17T09:55:36","guid":{"rendered":"http:\/\/blogsaverroes.juntadeandalucia.es\/pre\/ceip\/?page_id=198"},"modified":"2017-07-20T23:54:25","modified_gmt":"2017-07-20T23:54:25","slug":"que-es-el-ampa","status":"publish","type":"page","link":"https:\/\/blogsaverroes.juntadeandalucia.es\/ceiporomana\/que-es-el-ampa\/","title":{"rendered":"\u00bfQU\u00c9 ES EL AMPA?"},"content":{"rendered":"<p style=\"text-align: left\"><a href=\"https:\/\/blogsaverroes.juntadeandalucia.es\/ceiporomana\/files\/2015\/03\/logo-ampasur.jpg\"><img loading=\"lazy\" decoding=\"async\" class=\"alignnone size-medium wp-image-2312 aligncenter\" src=\"https:\/\/blogsaverroes.juntadeandalucia.es\/ceiporomana\/files\/2015\/03\/logo-ampasur-300x184.jpg\" alt=\"\" width=\"300\" height=\"184\" srcset=\"https:\/\/blogsaverroes.juntadeandalucia.es\/ceiporomana\/files\/2015\/03\/logo-ampasur-300x184.jpg 300w, https:\/\/blogsaverroes.juntadeandalucia.es\/ceiporomana\/files\/2015\/03\/logo-ampasur-332x205.jpg 332w, https:\/\/blogsaverroes.juntadeandalucia.es\/ceiporomana\/files\/2015\/03\/logo-ampasur-268x164.jpg 268w, https:\/\/blogsaverroes.juntadeandalucia.es\/ceiporomana\/files\/2015\/03\/logo-ampasur-700x428.jpg 700w, https:\/\/blogsaverroes.juntadeandalucia.es\/ceiporomana\/files\/2015\/03\/logo-ampasur-24x15.jpg 24w, https:\/\/blogsaverroes.juntadeandalucia.es\/ceiporomana\/files\/2015\/03\/logo-ampasur-36x22.jpg 36w, https:\/\/blogsaverroes.juntadeandalucia.es\/ceiporomana\/files\/2015\/03\/logo-ampasur-48x29.jpg 48w, https:\/\/blogsaverroes.juntadeandalucia.es\/ceiporomana\/files\/2015\/03\/logo-ampasur.jpg 760w\" sizes=\"(max-width: 300px) 100vw, 300px\" \/><\/a><strong><br \/>\nAMPASUR<\/strong> es la Asociaci\u00f3n de madres y padres de alumnos de nuestro cole. Es una asociaci\u00f3n sin \u00e1nimo de lucro formada por los padres y madres de todo el alumnado del Colegio, convirti\u00e9ndose en&nbsp;un punto de encuentro y de trabajo independiente, abierto y plural.<\/p>\n<p>Desde el <strong>AMPA<\/strong>&nbsp;contribu\u00edmos a la mejora de la calidad de la educaci\u00f3n, la convivencia del centro y de las instalaciones, colaborando con el centro en la mejora de sus infraestructuras.<\/p>\n<h3>\u00bfPOR QU\u00c9 ES IMPORTANTE VUESTRA PARTICIPACI\u00d3N?<\/h3>\n<p>En el colegio existen distintos espacios de participaci\u00f3n, siendo el AMPA &nbsp;el \u00fanico espacio de participaci\u00f3n aut\u00f3nomo de padres y madres. El AMPA es importante porque:<\/p>\n<ul>\n<li>Somos corresponsables de la educaci\u00f3n que nuestros hijos\/as reciben en el colegio.<\/li>\n<li>Es un espacio para aportar iniciativas y trabajar con la direcci\u00f3n del Centro, sin depender de esta.<\/li>\n<\/ul>\n<h3>\u00bfC\u00d3MO PUEDES PARTICIPAR?<\/h3>\n<p>Participar en el AMPA es muy f\u00e1cil y cada uno decide el nivel de implicaci\u00f3n.<\/p>\n<ul>\n<li>Podemos asociarnos en cualquier momento, aunque se entrega a las familias una ficha de inscripci\u00f3n con la matr\u00edcula en la que se indica la cuota anual por cada familia (la cuota es por familia no por ni\u00f1o\/a)<\/li>\n<li>Podemos tambi\u00e9n participar a trav\u00e9s de las asambleas, incorpor\u00e1ndote a las reuniones&nbsp;abiertas que se convoquen.<\/li>\n<li>Podemos colaborar en los diferentes grupos de trabajo o&nbsp;en actividades puntuales que se organizan desde el AMPA a lo largo del curso.<\/li>\n<li>Podemos proponer iniciativas, plantear temas de debate, organizar actividades, etc.<\/li>\n<\/ul>\n<p>Como ves, hay muchas formas de participar y es muy importante que m\u00e1s padres y madres pasemos a la participa-ACCI\u00d3N,&nbsp;&nbsp;de forma activa y colectiva.<\/p>\n<h3>\u00bfPARA QU\u00c9 SIRVE?<\/h3>\n<ul style=\"list-style-type: disc\">\n<li>Para defender y velar por el derecho a una educaci\u00f3n de calidad, democr\u00e1tica, atendiendo a las necesidades de todos los ni\u00f1os\/as &nbsp;y cr\u00edtica.<\/li>\n<li>Para promover la participaci\u00f3n de padres y madres en la vida del centro, defendiendo los intereses del alumnado y de toda la comunidad educativa.<\/li>\n<li>Para buscar soluciones de forma colectiva a temas relacionados con la ense\u00f1anza y educaci\u00f3n de nuestros hijos\/as.<\/li>\n<li>Para crear espacios de encuentro y trabajo en el resto de la comunidad educativa y con el entorno.<\/li>\n<li>Para crear espacios de reflexi\u00f3n y participaci\u00f3n compartida sobre la educaci\u00f3n de nuestros hijos\/as<\/li>\n<li>Para participar en la gesti\u00f3n del colegio.<\/li>\n<\/ul>\n<h3>\u00bfC\u00d3MO SE FINANCIA?<\/h3>\n<p>El AMPA &nbsp;se financia a trav\u00e9s de las cuotas de socios\/as.<br \/>\nLa cuota de socios\/as es el \u00fanico pago que realizan las familias y que gestiona el AMPA para el beneficio exclusivo de la comunidad educativa y en definitiva de la educaci\u00f3n que reciben&nbsp; nuestros hijos\/as en el centro.<\/p>\n","protected":false},"excerpt":{"rendered":"<p>AMPASUR es la Asociaci\u00f3n de madres y padres de alumnos de nuestro cole. Es una asociaci\u00f3n sin \u00e1nimo de lucro formada por los padres y&hellip;<\/p>\n","protected":false},"author":1,"featured_media":0,"parent":0,"menu_order":0,"comment_status":"closed","ping_status":"open","template":"","meta":{"ngg_post_thumbnail":0,"footnotes":"","_mc_calendar":[]},"aioseo_notices":[],"_links":{"self":[{"href":"https:\/\/blogsaverroes.juntadeandalucia.es\/ceiporomana\/wp-json\/wp\/v2\/pages\/198"}],"collection":[{"href":"https:\/\/blogsaverroes.juntadeandalucia.es\/ceiporomana\/wp-json\/wp\/v2\/pages"}],"about":[{"href":"https:\/\/blogsaverroes.juntadeandalucia.es\/ceiporomana\/wp-json\/wp\/v2\/types\/page"}],"author":[{"embeddable":true,"href":"https:\/\/blogsaverroes.juntadeandalucia.es\/ceiporomana\/wp-json\/wp\/v2\/users\/1"}],"replies":[{"embeddable":true,"href":"https:\/\/blogsaverroes.juntadeandalucia.es\/ceiporomana\/wp-json\/wp\/v2\/comments?post=198"}],"version-history":[{"count":6,"href":"https:\/\/blogsaverroes.juntadeandalucia.es\/ceiporomana\/wp-json\/wp\/v2\/pages\/198\/revisions"}],"predecessor-version":[{"id":2361,"href":"https:\/\/blogsaverroes.juntadeandalucia.es\/ceiporomana\/wp-json\/wp\/v2\/pages\/198\/revisions\/2361"}],"wp:attachment":[{"href":"https:\/\/blogsaverroes.juntadeandalucia.es\/ceiporomana\/wp-json\/wp\/v2\/media?parent=198"}],"curies":[{"name":"wp","href":"https:\/\/api.w.org\/{rel}","templated":true}]}}