{"id":2273,"date":"2017-07-03T12:43:29","date_gmt":"2017-07-03T12:43:29","guid":{"rendered":"http:\/\/blogsaverroes.juntadeandalucia.es\/ceiporomana\/?page_id=2273"},"modified":"2020-09-07T23:20:41","modified_gmt":"2020-09-07T22:20:41","slug":"documentos-2","status":"publish","type":"page","link":"https:\/\/blogsaverroes.juntadeandalucia.es\/ceiporomana\/documentos-2\/","title":{"rendered":"DOCUMENTOS"},"content":{"rendered":"<p>IMPRESOS MATR\u00cdCULA:<\/p>\n<ul>\n<li><a href=\"https:\/\/www.juntadeandalucia.es\/educacion\/portals\/delegate\/content\/d26442b2-4b4a-433a-9c1e-e1790a29f781\/ANEXO%20IV\"><strong><em>Impreso matr\u00edcula Educaci\u00f3n Infantil<\/em><\/strong><\/a><\/li>\n<li><a href=\"https:\/\/www.juntadeandalucia.es\/educacion\/portals\/delegate\/content\/55fad88e-7bb3-40e3-bbe4-198107487345\/ANEXO%20V\"><strong><em>Impreso matr\u00edcula Educaci\u00f3n Primaria<\/em><\/strong><\/a><\/li>\n<li><a href=\"https:\/\/www.juntadeandalucia.es\/educacion\/portals\/delegate\/content\/84909c76-f6af-4eaa-8a6a-7345b62b1645\/ANEXO%20VI\"><strong><em>Impreso matr\u00edcula Aula Espec\u00edfica<\/em><\/strong><\/a><\/li>\n<li><a href=\"https:\/\/www.juntadeandalucia.es\/educacion\/portals\/delegate\/content\/1d7012de-7ef5-4a96-8001-d57e08200894\/ANEXO%20VII\"><strong><em>Impreso matr\u00edcula Educaci\u00f3n Secundaria Obligatoria<\/em><\/strong><\/a><\/li>\n<li><a href=\"https:\/\/www.juntadeandalucia.es\/educacion\/portals\/delegate\/content\/12c1f402-4ea8-4a01-a921-5baa061cc442\/ANEXO%20-%20RELIGI%C3%93N\"><strong><em>Solicitud para cursar la ense\u00f1anza de religi\u00f3n<\/em><\/strong><\/a><\/li>\n<\/ul>\n<p>SOLICITUDES SERVICIOS COMPLEMENTARIOS:<\/p>\n<ul>\n<li><strong><em><a href=\"https:\/\/www.juntadeandalucia.es\/educacion\/portals\/delegate\/content\/6c4342f7-1581-4c26-bc7e-2e49b4b64cee\/Anexo%20II.-%20Servicio%20de%20Aula%20Matinal,%20Comedor%20Escolar%20y%20actividades%20Extraescolares\">Impreso solicitud aula matinal y comedor<\/a><\/em><\/strong><\/li>\n<li><strong><em><a href=\"https:\/\/www.juntadeandalucia.es\/educacion\/portals\/delegate\/content\/fcc8b9c5-53ad-46ca-9098-80d7b3c81097\/Anexo%20V.-%20Gratuidad\/bonificaci%C3%B3n%20del%20precio%20p%C3%BAblico%20por%20los%20servicios%20complementarios%20de%20Aula%20Matinal,%20Comedor%20Escolar%20y%20Actividades%20Extraescolares\">Impreso solicitud bonificaci\u00f3n \/ gratuidad aula matinal y comedor<\/a><\/em><\/strong><\/li>\n<li><a href=\"https:\/\/drive.google.com\/file\/d\/19T_Wm3V7gLGux14e5yychBpermQAhNWY\/view?usp=sharing\"><em><strong>Impreso de baja en el servicio de aula matinal y\/o comedor<\/strong><\/em><\/a><\/li>\n<\/ul>\n<p>&nbsp;<\/p>\n","protected":false},"excerpt":{"rendered":"<p>IMPRESOS MATR\u00cdCULA: Impreso matr\u00edcula Educaci\u00f3n Infantil Impreso matr\u00edcula Educaci\u00f3n Primaria Impreso matr\u00edcula Aula Espec\u00edfica Impreso matr\u00edcula Educaci\u00f3n Secundaria Obligatoria Solicitud para cursar la ense\u00f1anza de&hellip;<\/p>\n","protected":false},"author":2151,"featured_media":0,"parent":0,"menu_order":0,"comment_status":"closed","ping_status":"closed","template":"","meta":{"ngg_post_thumbnail":0,"footnotes":"","_mc_calendar":[]},"aioseo_notices":[],"_links":{"self":[{"href":"https:\/\/blogsaverroes.juntadeandalucia.es\/ceiporomana\/wp-json\/wp\/v2\/pages\/2273"}],"collection":[{"href":"https:\/\/blogsaverroes.juntadeandalucia.es\/ceiporomana\/wp-json\/wp\/v2\/pages"}],"about":[{"href":"https:\/\/blogsaverroes.juntadeandalucia.es\/ceiporomana\/wp-json\/wp\/v2\/types\/page"}],"author":[{"embeddable":true,"href":"https:\/\/blogsaverroes.juntadeandalucia.es\/ceiporomana\/wp-json\/wp\/v2\/users\/2151"}],"replies":[{"embeddable":true,"href":"https:\/\/blogsaverroes.juntadeandalucia.es\/ceiporomana\/wp-json\/wp\/v2\/comments?post=2273"}],"version-history":[{"count":16,"href":"https:\/\/blogsaverroes.juntadeandalucia.es\/ceiporomana\/wp-json\/wp\/v2\/pages\/2273\/revisions"}],"predecessor-version":[{"id":3483,"href":"https:\/\/blogsaverroes.juntadeandalucia.es\/ceiporomana\/wp-json\/wp\/v2\/pages\/2273\/revisions\/3483"}],"wp:attachment":[{"href":"https:\/\/blogsaverroes.juntadeandalucia.es\/ceiporomana\/wp-json\/wp\/v2\/media?parent=2273"}],"curies":[{"name":"wp","href":"https:\/\/api.w.org\/{rel}","templated":true}]}}