{"id":3116,"date":"2019-10-16T21:48:52","date_gmt":"2019-10-16T21:48:52","guid":{"rendered":"https:\/\/blogsaverroes.juntadeandalucia.es\/ceiporomana\/?page_id=3116"},"modified":"2025-09-25T19:31:13","modified_gmt":"2025-09-25T18:31:13","slug":"crit-eval-prim","status":"publish","type":"page","link":"https:\/\/blogsaverroes.juntadeandalucia.es\/ceiporomana\/crit-eval-prim\/","title":{"rendered":"Criterios de primaria"},"content":{"rendered":"<p>Estos son los criterios de evaluaci\u00f3n para cada curso de cada \u00e1rea de Educaci\u00f3n Primaria.<\/p>\n<p><a href=\"https:\/\/drive.google.com\/drive\/folders\/1iWEXQfxwWoNE33aWzzOQEbVl_CNpMhXM?usp=sharing\"><em><strong>Acceso a los criterios de evaluaci\u00f3n de Primaria del CEIP Oromana<\/strong><\/em><\/a><\/p>\n","protected":false},"excerpt":{"rendered":"<p>Estos son los criterios de evaluaci\u00f3n para cada curso de cada \u00e1rea de Educaci\u00f3n Primaria. Acceso a los criterios de evaluaci\u00f3n de Primaria del CEIP&hellip;<\/p>\n","protected":false},"author":2151,"featured_media":0,"parent":0,"menu_order":0,"comment_status":"closed","ping_status":"closed","template":"","meta":{"ngg_post_thumbnail":0,"footnotes":"","_mc_calendar":[]},"aioseo_notices":[],"_links":{"self":[{"href":"https:\/\/blogsaverroes.juntadeandalucia.es\/ceiporomana\/wp-json\/wp\/v2\/pages\/3116"}],"collection":[{"href":"https:\/\/blogsaverroes.juntadeandalucia.es\/ceiporomana\/wp-json\/wp\/v2\/pages"}],"about":[{"href":"https:\/\/blogsaverroes.juntadeandalucia.es\/ceiporomana\/wp-json\/wp\/v2\/types\/page"}],"author":[{"embeddable":true,"href":"https:\/\/blogsaverroes.juntadeandalucia.es\/ceiporomana\/wp-json\/wp\/v2\/users\/2151"}],"replies":[{"embeddable":true,"href":"https:\/\/blogsaverroes.juntadeandalucia.es\/ceiporomana\/wp-json\/wp\/v2\/comments?post=3116"}],"version-history":[{"count":10,"href":"https:\/\/blogsaverroes.juntadeandalucia.es\/ceiporomana\/wp-json\/wp\/v2\/pages\/3116\/revisions"}],"predecessor-version":[{"id":4536,"href":"https:\/\/blogsaverroes.juntadeandalucia.es\/ceiporomana\/wp-json\/wp\/v2\/pages\/3116\/revisions\/4536"}],"wp:attachment":[{"href":"https:\/\/blogsaverroes.juntadeandalucia.es\/ceiporomana\/wp-json\/wp\/v2\/media?parent=3116"}],"curies":[{"name":"wp","href":"https:\/\/api.w.org\/{rel}","templated":true}]}}