{"id":3143,"date":"2019-10-16T22:32:50","date_gmt":"2019-10-16T22:32:50","guid":{"rendered":"https:\/\/blogsaverroes.juntadeandalucia.es\/ceiporomana\/?page_id=3143"},"modified":"2023-11-01T12:05:14","modified_gmt":"2023-11-01T11:05:14","slug":"consideraciones","status":"publish","type":"page","link":"https:\/\/blogsaverroes.juntadeandalucia.es\/ceiporomana\/consideraciones\/","title":{"rendered":"Consideraciones"},"content":{"rendered":"<p style=\"text-align: justify\">La evaluaci\u00f3n del alumnado&nbsp; tendr\u00e1 como referente los <strong>criterios de evaluaci\u00f3n<\/strong> de las diferentes \u00e1reas curriculares, a trav\u00e9s de los cuales se medir\u00e1 el grado de consecuci\u00f3n de las <strong>competencias espec\u00edficas.<\/strong><\/p>\n<p style=\"text-align: justify\">El profesorado llevar\u00e1 a cabo esta evaluaci\u00f3n, preferentemente, a trav\u00e9s de la&nbsp; <strong>observaci\u00f3n&nbsp;<\/strong>continuada, directa y sistem\u00e1tica que constituir\u00e1 la principal t\u00e9cnica de evaluaci\u00f3n.<\/p>\n<p style=\"text-align: justify\">Para la evaluaci\u00f3n del alumnado se utilizar\u00e1n diferentes <strong>instrumentos<\/strong> <strong>de evaluaci\u00f3n<\/strong>, como escalas de observaci\u00f3n, anecdotario, listas de control, portfolios, presentaciones, exposiciones orales, edici\u00f3n de documentos, pruebas orales o escritas, r\u00fabricas, entre otros, coherentes, todos ellos, con los criterios de evaluaci\u00f3n y plasmados en las programaciones did\u00e1cticas del profesorado.<\/p>\n","protected":false},"excerpt":{"rendered":"<p>La evaluaci\u00f3n del alumnado&nbsp; tendr\u00e1 como referente los criterios de evaluaci\u00f3n de las diferentes \u00e1reas curriculares, a trav\u00e9s de los cuales se medir\u00e1 el grado&hellip;<\/p>\n","protected":false},"author":2151,"featured_media":0,"parent":0,"menu_order":0,"comment_status":"closed","ping_status":"closed","template":"","meta":{"ngg_post_thumbnail":0,"footnotes":"","_mc_calendar":[]},"aioseo_notices":[],"_links":{"self":[{"href":"https:\/\/blogsaverroes.juntadeandalucia.es\/ceiporomana\/wp-json\/wp\/v2\/pages\/3143"}],"collection":[{"href":"https:\/\/blogsaverroes.juntadeandalucia.es\/ceiporomana\/wp-json\/wp\/v2\/pages"}],"about":[{"href":"https:\/\/blogsaverroes.juntadeandalucia.es\/ceiporomana\/wp-json\/wp\/v2\/types\/page"}],"author":[{"embeddable":true,"href":"https:\/\/blogsaverroes.juntadeandalucia.es\/ceiporomana\/wp-json\/wp\/v2\/users\/2151"}],"replies":[{"embeddable":true,"href":"https:\/\/blogsaverroes.juntadeandalucia.es\/ceiporomana\/wp-json\/wp\/v2\/comments?post=3143"}],"version-history":[{"count":8,"href":"https:\/\/blogsaverroes.juntadeandalucia.es\/ceiporomana\/wp-json\/wp\/v2\/pages\/3143\/revisions"}],"predecessor-version":[{"id":4338,"href":"https:\/\/blogsaverroes.juntadeandalucia.es\/ceiporomana\/wp-json\/wp\/v2\/pages\/3143\/revisions\/4338"}],"wp:attachment":[{"href":"https:\/\/blogsaverroes.juntadeandalucia.es\/ceiporomana\/wp-json\/wp\/v2\/media?parent=3143"}],"curies":[{"name":"wp","href":"https:\/\/api.w.org\/{rel}","templated":true}]}}