{"id":3149,"date":"2019-10-16T22:49:33","date_gmt":"2019-10-16T22:49:33","guid":{"rendered":"https:\/\/blogsaverroes.juntadeandalucia.es\/ceiporomana\/?page_id=3149"},"modified":"2019-10-16T22:56:43","modified_gmt":"2019-10-16T22:56:43","slug":"numero-1","status":"publish","type":"page","link":"https:\/\/blogsaverroes.juntadeandalucia.es\/ceiporomana\/numero-1\/","title":{"rendered":"N\u00famero 1"},"content":{"rendered":"<p>Accede al primer n\u00famero de nuestro peri\u00f3dico Cr\u00f3nicas de Oromana, publicado en marzo de 2019.<\/p>\n<p><a href=\"https:\/\/view.genial.ly\/5c6343b37d15495764d911ef\/interactive-content-cronicas-oromana-no1-marzo-2019\"><img loading=\"lazy\" decoding=\"async\" class=\"aligncenter size-large wp-image-2990\" src=\"https:\/\/blogsaverroes.juntadeandalucia.es\/ceiporomana\/files\/2019\/03\/1.Cr\u00f3nicas-Oromana-1024x577.jpg\" alt=\"\" width=\"660\" height=\"372\" srcset=\"https:\/\/blogsaverroes.juntadeandalucia.es\/ceiporomana\/files\/2019\/03\/1.Cr\u00f3nicas-Oromana-1024x577.jpg 1024w, https:\/\/blogsaverroes.juntadeandalucia.es\/ceiporomana\/files\/2019\/03\/1.Cr\u00f3nicas-Oromana-300x169.jpg 300w, https:\/\/blogsaverroes.juntadeandalucia.es\/ceiporomana\/files\/2019\/03\/1.Cr\u00f3nicas-Oromana-768x433.jpg 768w, https:\/\/blogsaverroes.juntadeandalucia.es\/ceiporomana\/files\/2019\/03\/1.Cr\u00f3nicas-Oromana-700x393.jpg 700w, https:\/\/blogsaverroes.juntadeandalucia.es\/ceiporomana\/files\/2019\/03\/1.Cr\u00f3nicas-Oromana-24x14.jpg 24w, https:\/\/blogsaverroes.juntadeandalucia.es\/ceiporomana\/files\/2019\/03\/1.Cr\u00f3nicas-Oromana-36x20.jpg 36w, https:\/\/blogsaverroes.juntadeandalucia.es\/ceiporomana\/files\/2019\/03\/1.Cr\u00f3nicas-Oromana-48x27.jpg 48w, https:\/\/blogsaverroes.juntadeandalucia.es\/ceiporomana\/files\/2019\/03\/1.Cr\u00f3nicas-Oromana.jpg 1179w\" sizes=\"(max-width: 660px) 100vw, 660px\" \/><\/a><\/p>\n","protected":false},"excerpt":{"rendered":"<p>Accede al primer n\u00famero de nuestro peri\u00f3dico Cr\u00f3nicas de Oromana, publicado en marzo de 2019.<\/p>\n","protected":false},"author":2151,"featured_media":0,"parent":0,"menu_order":0,"comment_status":"closed","ping_status":"closed","template":"","meta":{"ngg_post_thumbnail":0,"footnotes":"","_mc_calendar":[]},"aioseo_notices":[],"_links":{"self":[{"href":"https:\/\/blogsaverroes.juntadeandalucia.es\/ceiporomana\/wp-json\/wp\/v2\/pages\/3149"}],"collection":[{"href":"https:\/\/blogsaverroes.juntadeandalucia.es\/ceiporomana\/wp-json\/wp\/v2\/pages"}],"about":[{"href":"https:\/\/blogsaverroes.juntadeandalucia.es\/ceiporomana\/wp-json\/wp\/v2\/types\/page"}],"author":[{"embeddable":true,"href":"https:\/\/blogsaverroes.juntadeandalucia.es\/ceiporomana\/wp-json\/wp\/v2\/users\/2151"}],"replies":[{"embeddable":true,"href":"https:\/\/blogsaverroes.juntadeandalucia.es\/ceiporomana\/wp-json\/wp\/v2\/comments?post=3149"}],"version-history":[{"count":4,"href":"https:\/\/blogsaverroes.juntadeandalucia.es\/ceiporomana\/wp-json\/wp\/v2\/pages\/3149\/revisions"}],"predecessor-version":[{"id":3158,"href":"https:\/\/blogsaverroes.juntadeandalucia.es\/ceiporomana\/wp-json\/wp\/v2\/pages\/3149\/revisions\/3158"}],"wp:attachment":[{"href":"https:\/\/blogsaverroes.juntadeandalucia.es\/ceiporomana\/wp-json\/wp\/v2\/media?parent=3149"}],"curies":[{"name":"wp","href":"https:\/\/api.w.org\/{rel}","templated":true}]}}