{"id":3267,"date":"2020-02-21T13:44:24","date_gmt":"2020-02-21T13:44:24","guid":{"rendered":"https:\/\/blogsaverroes.juntadeandalucia.es\/ceiporomana\/?page_id=3267"},"modified":"2020-02-21T13:48:53","modified_gmt":"2020-02-21T13:48:53","slug":"numero-3","status":"publish","type":"page","link":"https:\/\/blogsaverroes.juntadeandalucia.es\/ceiporomana\/numero-3\/","title":{"rendered":"N\u00famero 3"},"content":{"rendered":"<p>Pinchando en la fotograf\u00eda podr\u00e1s acceder a la tercera edici\u00f3n de nuestro peri\u00f3dico, lanzada en febrero de 2020.<\/p>\n<p><a href=\"https:\/\/view.genial.ly\/5dde7143a8cf0d0f3ae8a09a\"><img loading=\"lazy\" decoding=\"async\" class=\"aligncenter size-full wp-image-3261\" src=\"https:\/\/blogsaverroes.juntadeandalucia.es\/ceiporomana\/files\/2020\/02\/Peri\u00f3dico-3.jpg\" alt=\"\" width=\"827\" height=\"465\" srcset=\"https:\/\/blogsaverroes.juntadeandalucia.es\/ceiporomana\/files\/2020\/02\/Peri\u00f3dico-3.jpg 827w, https:\/\/blogsaverroes.juntadeandalucia.es\/ceiporomana\/files\/2020\/02\/Peri\u00f3dico-3-300x169.jpg 300w, https:\/\/blogsaverroes.juntadeandalucia.es\/ceiporomana\/files\/2020\/02\/Peri\u00f3dico-3-768x432.jpg 768w, https:\/\/blogsaverroes.juntadeandalucia.es\/ceiporomana\/files\/2020\/02\/Peri\u00f3dico-3-700x393.jpg 700w, https:\/\/blogsaverroes.juntadeandalucia.es\/ceiporomana\/files\/2020\/02\/Peri\u00f3dico-3-24x13.jpg 24w, https:\/\/blogsaverroes.juntadeandalucia.es\/ceiporomana\/files\/2020\/02\/Peri\u00f3dico-3-36x20.jpg 36w, https:\/\/blogsaverroes.juntadeandalucia.es\/ceiporomana\/files\/2020\/02\/Peri\u00f3dico-3-48x27.jpg 48w\" sizes=\"(max-width: 827px) 100vw, 827px\" \/><\/a><\/p>\n","protected":false},"excerpt":{"rendered":"<p>Pinchando en la fotograf\u00eda podr\u00e1s acceder a la tercera edici\u00f3n de nuestro peri\u00f3dico, lanzada en febrero de 2020.<\/p>\n","protected":false},"author":2151,"featured_media":0,"parent":0,"menu_order":0,"comment_status":"closed","ping_status":"closed","template":"","meta":{"ngg_post_thumbnail":0,"footnotes":"","_mc_calendar":[]},"aioseo_notices":[],"_links":{"self":[{"href":"https:\/\/blogsaverroes.juntadeandalucia.es\/ceiporomana\/wp-json\/wp\/v2\/pages\/3267"}],"collection":[{"href":"https:\/\/blogsaverroes.juntadeandalucia.es\/ceiporomana\/wp-json\/wp\/v2\/pages"}],"about":[{"href":"https:\/\/blogsaverroes.juntadeandalucia.es\/ceiporomana\/wp-json\/wp\/v2\/types\/page"}],"author":[{"embeddable":true,"href":"https:\/\/blogsaverroes.juntadeandalucia.es\/ceiporomana\/wp-json\/wp\/v2\/users\/2151"}],"replies":[{"embeddable":true,"href":"https:\/\/blogsaverroes.juntadeandalucia.es\/ceiporomana\/wp-json\/wp\/v2\/comments?post=3267"}],"version-history":[{"count":3,"href":"https:\/\/blogsaverroes.juntadeandalucia.es\/ceiporomana\/wp-json\/wp\/v2\/pages\/3267\/revisions"}],"predecessor-version":[{"id":3271,"href":"https:\/\/blogsaverroes.juntadeandalucia.es\/ceiporomana\/wp-json\/wp\/v2\/pages\/3267\/revisions\/3271"}],"wp:attachment":[{"href":"https:\/\/blogsaverroes.juntadeandalucia.es\/ceiporomana\/wp-json\/wp\/v2\/media?parent=3267"}],"curies":[{"name":"wp","href":"https:\/\/api.w.org\/{rel}","templated":true}]}}