{"id":3399,"date":"2020-05-17T18:07:41","date_gmt":"2020-05-17T17:07:41","guid":{"rendered":"https:\/\/blogsaverroes.juntadeandalucia.es\/ceiporomana\/?page_id=3399"},"modified":"2020-05-17T18:32:11","modified_gmt":"2020-05-17T17:32:11","slug":"secretaria-virtual-de-los-centros","status":"publish","type":"page","link":"https:\/\/blogsaverroes.juntadeandalucia.es\/ceiporomana\/secretaria-virtual-de-los-centros\/","title":{"rendered":"Secretar\u00eda virtual de los centros"},"content":{"rendered":"<p><a href=\"https:\/\/www.juntadeandalucia.es\/educacion\/secretariavirtual\/solicitudes\/\"><em><strong>Desde aqu\u00ed podr\u00e1 realizar tr\u00e1mites telem\u00e1ticos con las secretar\u00edas de los centros de ense\u00f1anza de Andaluc\u00eda.<\/strong><\/em><\/a><\/p>\n<p>Entre ellos destacamos la solicitud de plaza escolar, la matriculaci\u00f3n y otros tr\u00e1mites que necesiten ser registrados.<\/p>\n","protected":false},"excerpt":{"rendered":"<p>Desde aqu\u00ed podr\u00e1 realizar tr\u00e1mites telem\u00e1ticos con las secretar\u00edas de los centros de ense\u00f1anza de Andaluc\u00eda. Entre ellos destacamos la solicitud de plaza escolar, la&hellip;<\/p>\n","protected":false},"author":2151,"featured_media":0,"parent":0,"menu_order":0,"comment_status":"closed","ping_status":"closed","template":"","meta":{"ngg_post_thumbnail":0,"footnotes":"","_mc_calendar":[]},"aioseo_notices":[],"_links":{"self":[{"href":"https:\/\/blogsaverroes.juntadeandalucia.es\/ceiporomana\/wp-json\/wp\/v2\/pages\/3399"}],"collection":[{"href":"https:\/\/blogsaverroes.juntadeandalucia.es\/ceiporomana\/wp-json\/wp\/v2\/pages"}],"about":[{"href":"https:\/\/blogsaverroes.juntadeandalucia.es\/ceiporomana\/wp-json\/wp\/v2\/types\/page"}],"author":[{"embeddable":true,"href":"https:\/\/blogsaverroes.juntadeandalucia.es\/ceiporomana\/wp-json\/wp\/v2\/users\/2151"}],"replies":[{"embeddable":true,"href":"https:\/\/blogsaverroes.juntadeandalucia.es\/ceiporomana\/wp-json\/wp\/v2\/comments?post=3399"}],"version-history":[{"count":3,"href":"https:\/\/blogsaverroes.juntadeandalucia.es\/ceiporomana\/wp-json\/wp\/v2\/pages\/3399\/revisions"}],"predecessor-version":[{"id":3416,"href":"https:\/\/blogsaverroes.juntadeandalucia.es\/ceiporomana\/wp-json\/wp\/v2\/pages\/3399\/revisions\/3416"}],"wp:attachment":[{"href":"https:\/\/blogsaverroes.juntadeandalucia.es\/ceiporomana\/wp-json\/wp\/v2\/media?parent=3399"}],"curies":[{"name":"wp","href":"https:\/\/api.w.org\/{rel}","templated":true}]}}