{"id":3996,"date":"2022-03-31T10:02:01","date_gmt":"2022-03-31T09:02:01","guid":{"rendered":"https:\/\/blogsaverroes.juntadeandalucia.es\/ceiporomana\/?page_id=3996"},"modified":"2024-06-19T17:28:52","modified_gmt":"2024-06-19T16:28:52","slug":"language-assistants","status":"publish","type":"page","link":"https:\/\/blogsaverroes.juntadeandalucia.es\/ceiporomana\/language-assistants\/","title":{"rendered":"LANGUAGE ASSISTANTS"},"content":{"rendered":"<p style=\"text-align: center\"><span style=\"text-decoration: underline\"><strong>INFORMATION SHEET FOR LANGUAGE ASSISTANTS<\/strong><\/span><\/p>\n<p><a href=\"https:\/\/blogsaverroes.juntadeandalucia.es\/ceiporomana\/files\/2023\/03\/Information-Sheet-for-LANGUAGE-Assistant-CEIP-Oromana.pdf\">Information Sheet for LANGUAGE Assistant CEIP Oromana<\/a><\/p>\n<p><span style=\"text-decoration: underline\"><strong>SCHOOL DATA:<\/strong><\/span><\/p>\n<ul>\n<li>Schoolname: CEIP Oromana<\/li>\n<li>Full address: C\/ Cardenal Amigo Vallejo, 1. 41500 Alcal\u00e1 de Guadaira (Sevilla)<\/li>\n<li>Telephone number: 955512026 \/\/ 600147510<\/li>\n<li>Email: <a href=\"mailto:secretaria@ceiporomana.com\">secretaria@ceiporomana.com<\/a>; <a href=\"mailto:41017144.edu@juntadeandalucia.es\">41017144.edu@juntadeandalucia.es<\/a><\/li>\n<li>Location link on Google Maps: <a href=\"https:\/\/goo.gl\/maps\/LCCFTzP9dyUJswYz7\">https:\/\/goo.gl\/maps\/LCCFTzP9dyUJswYz7<\/a><\/li>\n<\/ul>\n<p><span style=\"text-decoration: underline\"><strong>CONTACT OF THE REFERENCE PERSONS:<\/strong><\/span><\/p>\n<ul>\n<li>Email of the teacher coordinating the program: <a href=\"mailto:miriam.martinez@ceiporomana.com\">miriam.martinez@ceiporomana.com<\/a><\/li>\n<li>Email of a member of the management team: <a href=\"mailto:direcci\u00f3n@ceiporomana.com\">direcci\u00f3n@ceiporomana.com <\/a><a href=\"mailto:jefaturadeestudios@ceiporomana.com\">jefaturadeestudios@ceiporomana.com<\/a><\/li>\n<\/ul>\n<p><span style=\"text-decoration: underline\"><strong>EDUCATION LEVEL:<\/strong><\/span><\/p>\n<ul>\n<li>Infant Education (3 to 6 years old)<\/li>\n<li>Primary school (6 to 12 years old)<\/li>\n<\/ul>\n<p><span style=\"text-decoration: underline\"><strong>MODULES OF THE LANGUAGE ASSISTANT:<\/strong><\/span><\/p>\n<ul>\n<li>Natural Sciences<\/li>\n<li>Social Sciences<\/li>\n<\/ul>\n<p><strong>LANGUAGE ASSISTANTS PROGRAMME GUIDE<\/strong>:<\/p>\n<p><a href=\"https:\/\/www.educacionfpydeportes.gob.es\/eeuu\/dam\/jcr:930cd2df-283a-43c1-8d58-38ef2a5c8562\/language-assistants-in-spain-guide-2024-2025.pdf\"><img loading=\"lazy\" decoding=\"async\" class=\"alignnone size-medium wp-image-4441\" src=\"https:\/\/blogsaverroes.juntadeandalucia.es\/ceiporomana\/files\/2024\/06\/LGE-ASS-GUIDE-24-25-211x300.png\" alt=\"\" width=\"211\" height=\"300\" srcset=\"https:\/\/blogsaverroes.juntadeandalucia.es\/ceiporomana\/files\/2024\/06\/LGE-ASS-GUIDE-24-25-211x300.png 211w, https:\/\/blogsaverroes.juntadeandalucia.es\/ceiporomana\/files\/2024\/06\/LGE-ASS-GUIDE-24-25.png 555w\" sizes=\"(max-width: 211px) 100vw, 211px\" \/><\/a><\/p>\n<p><strong><span style=\"text-decoration: underline\">INFORMATION ABOUT THE TOWN:<\/span><\/strong><\/p>\n<ul>\n<li><a href=\"https:\/\/www.turismoalcaladeguadaira.es\/en\/\/\/\">https:\/\/www.turismoalcaladeguadaira.es\/en\/\/\/<\/a><\/li>\n<li><a href=\"https:\/\/www.alcaladeguadaira.es\/la-ciudad\">https:\/\/www.alcaladeguadaira.es\/la-ciudad<\/a><\/li>\n<\/ul>\n<p><span style=\"text-decoration: underline\"><strong>GETTING TO SCHOOL:<\/strong><\/span><\/p>\n<ul>\n<li>Link to the website of public metropolitan transport companies: <a href=\"https:\/\/siu.ctas.ctan.es\/es\/index.php\">https:\/\/siu.ctas.ctan.es\/es\/index.php<\/a><\/li>\n<li>Link to the website of local transport companies: <a href=\"http:\/\/busalcala.com\/lineas-y-rutas\">http:\/\/busalcala.com\/lineas-y-rutas<\/a><\/li>\n<\/ul>\n<p style=\"text-align: center\"><a href=\"https:\/\/blogsaverroes.juntadeandalucia.es\/ceiporomana\/files\/2022\/03\/l\u00ednea-autob\u00fas-Alcal\u00e1-de-Guada\u00edra.jpg\"><img loading=\"lazy\" decoding=\"async\" class=\"alignnone size-medium wp-image-4001\" src=\"https:\/\/blogsaverroes.juntadeandalucia.es\/ceiporomana\/files\/2022\/03\/l\u00ednea-autob\u00fas-Alcal\u00e1-de-Guada\u00edra-241x300.jpg\" alt=\"\" width=\"241\" height=\"300\" srcset=\"https:\/\/blogsaverroes.juntadeandalucia.es\/ceiporomana\/files\/2022\/03\/l\u00ednea-autob\u00fas-Alcal\u00e1-de-Guada\u00edra-241x300.jpg 241w, https:\/\/blogsaverroes.juntadeandalucia.es\/ceiporomana\/files\/2022\/03\/l\u00ednea-autob\u00fas-Alcal\u00e1-de-Guada\u00edra.jpg 588w\" sizes=\"(max-width: 241px) 100vw, 241px\" \/><\/a><\/p>\n<p><span style=\"text-decoration: underline\"><strong>ACCOMMODATION:<\/strong><\/span><\/p>\n<p>Some language assistants look for accomodation in Seville, some others prefer staying in Alcal\u00e1 to avoid commiting everyday.<\/p>\n<p>Where to live in town?<\/p>\n<ul>\n<li><a href=\"https:\/\/www.airbnb.es\/s\/alcal%C3%A1-de-guadaira\/homes?tab_id=home_tab&amp;refinement_paths%5B%5D=%2Fhomes&amp;flexible_trip_dates%5B%5D=april&amp;flexible_trip_dates%5B%5D=may&amp;flexible_trip_lengths%5B%5D=weekend_trip&amp;date_picker_type=calendar&amp;source=structured_search_input_header&amp;search_type=search_query\">Airbnb<\/a><\/li>\n<li><a href=\"https:\/\/www.milanuncios.com\/alquiler-de-pisos-en-alcala-de-guadaira-sevilla\/?orden=relevance&amp;fromSearch=1\">MilAnuncios<\/a><\/li>\n<li><a href=\"https:\/\/www.facebook.com\/groups\/erasmuss\/?locale=es_LA\">Sharing a flat in Sevilla -Facebook group<\/a><\/li>\n<\/ul>\n<p>&nbsp;<\/p>\n<p><strong><span style=\"text-decoration: underline\">CONTACT WITH PREVIOUS LANGUAGE ASSISTANTS:<\/span><\/strong><\/p>\n<p>This is the contact of assistants who have previously been collaborating in the CEIP Oromana:<\/p>\n<ul>\n<li>Luis Alfonso Duluc (19\/20 y 20\/21): <a href=\"mailto:alfonso.duluc@ceiporomana.com\">alfonso.duluc@ceiporomana.com<\/a><\/li>\n<li>Ethan Selig (21\/22): <a href=\"mailto:ethancselig@gmail.com\">ethancselig@gmail.com<\/a><\/li>\n<li>Jordan (22\/23): <a href=\"jordan.lehman@ceiporomana.com\">jordan.lehman@ceiporomana.com<\/a><\/li>\n<li>Jesse Lee (22\/23): <a href=\"jessica.lee@ceiporomana.com\">jessica.lee@ceiporomana.com<\/a><\/li>\n<li>Moriah Reid (23\/24): <a href=\"mailto:moriah.reid@ceiporomana.com\">moriah.reid@ceiporomana.com<\/a>, <a href=\"mailto:moriahreid@gmail.com\">moriahreid@gmail.com<\/a><\/li>\n<\/ul>\n<p><a href=\"https:\/\/docs.google.com\/presentation\/d\/e\/2PACX-1vTKSe472ylv0lp3kDdrW23gdxI9oNu-M4owKarlJm7u6dEQ7aEC26jbAcw5syRTUiLtKThZGc58cpMH\/pub?start=false&amp;loop=false&amp;delayms=60000&amp;slide=id.g4dfce81f19_0_45\"><img loading=\"lazy\" decoding=\"async\" class=\"alignnone  wp-image-4439\" src=\"https:\/\/blogsaverroes.juntadeandalucia.es\/ceiporomana\/files\/2024\/06\/Moriah-present-300x168.png\" alt=\"\" width=\"587\" height=\"338\" \/><\/a><\/p>\n","protected":false},"excerpt":{"rendered":"<p>INFORMATION SHEET FOR LANGUAGE ASSISTANTS Information Sheet for LANGUAGE Assistant CEIP Oromana SCHOOL DATA: Schoolname: CEIP Oromana Full address: C\/ Cardenal Amigo Vallejo, 1. 41500&hellip;<\/p>\n","protected":false},"author":13923,"featured_media":0,"parent":0,"menu_order":0,"comment_status":"closed","ping_status":"closed","template":"","meta":{"ngg_post_thumbnail":0,"footnotes":"","_mc_calendar":[]},"aioseo_notices":[],"_links":{"self":[{"href":"https:\/\/blogsaverroes.juntadeandalucia.es\/ceiporomana\/wp-json\/wp\/v2\/pages\/3996"}],"collection":[{"href":"https:\/\/blogsaverroes.juntadeandalucia.es\/ceiporomana\/wp-json\/wp\/v2\/pages"}],"about":[{"href":"https:\/\/blogsaverroes.juntadeandalucia.es\/ceiporomana\/wp-json\/wp\/v2\/types\/page"}],"author":[{"embeddable":true,"href":"https:\/\/blogsaverroes.juntadeandalucia.es\/ceiporomana\/wp-json\/wp\/v2\/users\/13923"}],"replies":[{"embeddable":true,"href":"https:\/\/blogsaverroes.juntadeandalucia.es\/ceiporomana\/wp-json\/wp\/v2\/comments?post=3996"}],"version-history":[{"count":14,"href":"https:\/\/blogsaverroes.juntadeandalucia.es\/ceiporomana\/wp-json\/wp\/v2\/pages\/3996\/revisions"}],"predecessor-version":[{"id":4442,"href":"https:\/\/blogsaverroes.juntadeandalucia.es\/ceiporomana\/wp-json\/wp\/v2\/pages\/3996\/revisions\/4442"}],"wp:attachment":[{"href":"https:\/\/blogsaverroes.juntadeandalucia.es\/ceiporomana\/wp-json\/wp\/v2\/media?parent=3996"}],"curies":[{"name":"wp","href":"https:\/\/api.w.org\/{rel}","templated":true}]}}