{"id":4040,"date":"2022-05-04T16:38:30","date_gmt":"2022-05-04T15:38:30","guid":{"rendered":"https:\/\/blogsaverroes.juntadeandalucia.es\/ceiporomana\/?page_id=4040"},"modified":"2022-09-29T17:43:57","modified_gmt":"2022-09-29T16:43:57","slug":"erasmus-2","status":"publish","type":"page","link":"https:\/\/blogsaverroes.juntadeandalucia.es\/ceiporomana\/erasmus-2\/","title":{"rendered":"ERASMUS+"},"content":{"rendered":"<p style=\"text-align: justify\">Nuestro cole participa en el proyecto Erasmus + KA229, bajo el t\u00edtulo <strong><em>\u201cOur life in our hands\u201d<\/em><\/strong>, que se desarrollar\u00e1 durante los cursos 2020-23, junto con los siguientes centros educativos:<\/p>\n<ul style=\"text-align: justify\">\n<li><em>Agrupamento de Escolas de Mosteiro e C\u00e1vado<\/em>, Braga, PORTUGAL<\/li>\n<li><em>Klaip\u0117dos \u201eVersm\u0117s\u201c progimnazija<\/em>, Klaip\u0117da, LITUANIA<\/li>\n<li><em>O\u0160 Vrpolje<\/em>, \u0160ibenik, CROACIA<\/li>\n<li><em>Szko\u0142a Podstawowa w Klimontowie<\/em>, Klimont\u00f3w, POLONIA<\/li>\n<li><em>\u00d6zel Tekden Ortaokulu<\/em>, Talas, TURQU\u00cdA<\/li>\n<\/ul>\n<p style=\"text-align: justify\">Las Asociaciones de Intercambio Escolar KA229 (Acci\u00f3n Clave 2) tienen por objeto fomentar, a escala europea, la cooperaci\u00f3n, el aprendizaje entre iguales y el intercambio de experiencias entre centros escolares. Nuestro proyecto \u201cOur life in our hands\u201d tiene la intenci\u00f3n de promover, adem\u00e1s, estilos de vida saludables, equilibrados y activos, as\u00ed como la inclusi\u00f3n social, mediante la creaci\u00f3n de una metodolog\u00eda de intervenci\u00f3n que ayude a mejorar los h\u00e1bitos alimenticios, las habilidades sociales, la salud f\u00edsica del alumnado y el cuidado del medioambiente.<\/p>\n<p>M\u00e1s informaci\u00f3n en la siguiente presentaci\u00f3n:<\/p>\n<p><a href=\"https:\/\/view.genial.ly\/5fd276d1d292600d903d16fd\/\"><img loading=\"lazy\" decoding=\"async\" class=\"alignnone  wp-image-4119\" src=\"https:\/\/blogsaverroes.juntadeandalucia.es\/ceiporomana\/files\/2022\/09\/e-300x169.png\" alt=\"\" width=\"670\" height=\"388\" \/><\/a><\/p>\n<p>&nbsp;<\/p>\n","protected":false},"excerpt":{"rendered":"<p>Nuestro cole participa en el proyecto Erasmus + KA229, bajo el t\u00edtulo \u201cOur life in our hands\u201d, que se desarrollar\u00e1 durante los cursos 2020-23, junto&hellip;<\/p>\n","protected":false},"author":13923,"featured_media":0,"parent":0,"menu_order":0,"comment_status":"closed","ping_status":"closed","template":"","meta":{"ngg_post_thumbnail":0,"footnotes":"","_mc_calendar":[]},"aioseo_notices":[],"_links":{"self":[{"href":"https:\/\/blogsaverroes.juntadeandalucia.es\/ceiporomana\/wp-json\/wp\/v2\/pages\/4040"}],"collection":[{"href":"https:\/\/blogsaverroes.juntadeandalucia.es\/ceiporomana\/wp-json\/wp\/v2\/pages"}],"about":[{"href":"https:\/\/blogsaverroes.juntadeandalucia.es\/ceiporomana\/wp-json\/wp\/v2\/types\/page"}],"author":[{"embeddable":true,"href":"https:\/\/blogsaverroes.juntadeandalucia.es\/ceiporomana\/wp-json\/wp\/v2\/users\/13923"}],"replies":[{"embeddable":true,"href":"https:\/\/blogsaverroes.juntadeandalucia.es\/ceiporomana\/wp-json\/wp\/v2\/comments?post=4040"}],"version-history":[{"count":8,"href":"https:\/\/blogsaverroes.juntadeandalucia.es\/ceiporomana\/wp-json\/wp\/v2\/pages\/4040\/revisions"}],"predecessor-version":[{"id":4121,"href":"https:\/\/blogsaverroes.juntadeandalucia.es\/ceiporomana\/wp-json\/wp\/v2\/pages\/4040\/revisions\/4121"}],"wp:attachment":[{"href":"https:\/\/blogsaverroes.juntadeandalucia.es\/ceiporomana\/wp-json\/wp\/v2\/media?parent=4040"}],"curies":[{"name":"wp","href":"https:\/\/api.w.org\/{rel}","templated":true}]}}