{"id":4251,"date":"2023-07-02T12:16:40","date_gmt":"2023-07-02T11:16:40","guid":{"rendered":"https:\/\/blogsaverroes.juntadeandalucia.es\/ceiporomana\/?page_id=4251"},"modified":"2023-07-14T16:01:47","modified_gmt":"2023-07-14T15:01:47","slug":"andalucia-profundiza","status":"publish","type":"page","link":"https:\/\/blogsaverroes.juntadeandalucia.es\/ceiporomana\/andalucia-profundiza\/","title":{"rendered":"ANDALUC\u00cdA PROFUNDIZA"},"content":{"rendered":"<p style=\"text-align: justify\">En nuestra escuela seguimos el camino hacia la innovaci\u00f3n educativa, y para ello, este programa de la Consejer\u00eda de Educaci\u00f3n y Deportes, nos brinda nuevas oportunidades para seguir construyendo nuestra identidad y la puesta en pr\u00e1ctica de metodolog\u00edas activas que pasan de lo extraordinario a lo ordinario.&nbsp;<\/p>\n<p style=\"text-align: justify\">Durante los \u00faltimos curso, la maestra Maru y el maestro Jos\u00e9 Ram\u00f3n, han venido realizando dos proyectos a la vez, que se han centrado en el teatro, la radio y lo audiovisual. &nbsp;Los proyectos, su evoluci\u00f3n y sesiones las pod\u00e9is seguir pinchando <span style=\"text-decoration: underline;color: #0000ff\"><strong><a style=\"color: #0000ff;text-decoration: underline\" href=\"https:\/\/sites.google.com\/ceiporomana.com\/oromanaprofundiza\/inicio\">AQU\u00cd<\/a><\/strong><\/span>.<\/p>\n<p style=\"text-align: justify\">El alumnado de la maestra Maru, una vez m\u00e1s su alumnado nos brinda con una obra de teatro magistral en la fiesta fin de curso de nuestra escuela. Por otro lado, os dejamos el producto final del proyecto de 5\u00baEP. Os esperamos para el pr\u00f3ximo curso.&nbsp;<\/p>\n<p style=\"text-align: center\"><iframe loading=\"lazy\" src=\"https:\/\/www.youtube.com\/embed\/Oh2jZuRql3M\" width=\"560\" height=\"315\" frameborder=\"0\"><\/iframe><br \/>\n&nbsp;<\/p>\n","protected":false},"excerpt":{"rendered":"<p>En nuestra escuela seguimos el camino hacia la innovaci\u00f3n educativa, y para ello, este programa de la Consejer\u00eda de Educaci\u00f3n y Deportes, nos brinda nuevas&hellip;<\/p>\n","protected":false},"author":13975,"featured_media":0,"parent":0,"menu_order":0,"comment_status":"closed","ping_status":"closed","template":"","meta":{"ngg_post_thumbnail":0,"footnotes":"","_mc_calendar":[]},"aioseo_notices":[],"_links":{"self":[{"href":"https:\/\/blogsaverroes.juntadeandalucia.es\/ceiporomana\/wp-json\/wp\/v2\/pages\/4251"}],"collection":[{"href":"https:\/\/blogsaverroes.juntadeandalucia.es\/ceiporomana\/wp-json\/wp\/v2\/pages"}],"about":[{"href":"https:\/\/blogsaverroes.juntadeandalucia.es\/ceiporomana\/wp-json\/wp\/v2\/types\/page"}],"author":[{"embeddable":true,"href":"https:\/\/blogsaverroes.juntadeandalucia.es\/ceiporomana\/wp-json\/wp\/v2\/users\/13975"}],"replies":[{"embeddable":true,"href":"https:\/\/blogsaverroes.juntadeandalucia.es\/ceiporomana\/wp-json\/wp\/v2\/comments?post=4251"}],"version-history":[{"count":3,"href":"https:\/\/blogsaverroes.juntadeandalucia.es\/ceiporomana\/wp-json\/wp\/v2\/pages\/4251\/revisions"}],"predecessor-version":[{"id":4271,"href":"https:\/\/blogsaverroes.juntadeandalucia.es\/ceiporomana\/wp-json\/wp\/v2\/pages\/4251\/revisions\/4271"}],"wp:attachment":[{"href":"https:\/\/blogsaverroes.juntadeandalucia.es\/ceiporomana\/wp-json\/wp\/v2\/media?parent=4251"}],"curies":[{"name":"wp","href":"https:\/\/api.w.org\/{rel}","templated":true}]}}