{"id":44,"date":"2015-03-13T08:42:15","date_gmt":"2015-03-13T08:42:15","guid":{"rendered":"http:\/\/blogsaverroes.juntadeandalucia.es\/pre\/ceip\/?page_id=44"},"modified":"2022-12-20T13:15:04","modified_gmt":"2022-12-20T12:15:04","slug":"planes-y-proyectos","status":"publish","type":"page","link":"https:\/\/blogsaverroes.juntadeandalucia.es\/ceiporomana\/planes-y-proyectos\/","title":{"rendered":"Planes y Programas"},"content":{"rendered":"<p><img loading=\"lazy\" decoding=\"async\" class=\"alignnone size-medium wp-image-1667\" src=\"http:\/\/blogsaverroes.juntadeandalucia.es\/ceiporomana\/files\/2015\/03\/planes-300x150.png\" alt=\"planes\" width=\"300\" height=\"150\" srcset=\"https:\/\/blogsaverroes.juntadeandalucia.es\/ceiporomana\/files\/2015\/03\/planes-300x150.png 300w, https:\/\/blogsaverroes.juntadeandalucia.es\/ceiporomana\/files\/2015\/03\/planes-332x166.png 332w, https:\/\/blogsaverroes.juntadeandalucia.es\/ceiporomana\/files\/2015\/03\/planes.png 640w\" sizes=\"(max-width: 300px) 100vw, 300px\" \/><\/p>\n<p>Cada centro personaliza y adapta su Proyecto Educativo adheriendose a diferentes <strong>Planes y Programas<\/strong> promovidos desde la Consejer\u00eda de Educaci\u00f3n y Deporte.<\/p>\n<p>&nbsp;A continuaci\u00f3n se muestran algunos de ellos.<\/p>\n<p><span style=\"text-decoration: underline\"><strong>PLANES ESTRAT\u00c9GICOS:<\/strong><\/span><\/p>\n<ul>\n<li><strong>Plan de apertura (aula matinal y comedor).<\/strong><\/li>\n<li><strong>Centro biling\u00fce.<\/strong><\/li>\n<li><strong>TDE. CompidigEDU<\/strong><\/li>\n<\/ul>\n<p><span style=\"text-decoration: underline\"><strong>RESTO DE PLANES EDUCATIVOS<\/strong><\/span><\/p>\n<ul>\n<li><strong>Plan de igualdad (Coeducaci\u00f3n).<\/strong><\/li>\n<li><strong>Plan de prevenci\u00f3n de la violencia de g\u00e9nero<\/strong><\/li>\n<li><strong>Programa Comunica<\/strong><\/li>\n<li><strong>Escuela Espacio de Paz<\/strong><\/li>\n<\/ul>\n<p><span style=\"text-decoration: underline\"><strong>PLANES Y PROYECTOS DE INNOVACI\u00d3N EDUCATIVA<\/strong><\/span><\/p>\n<ul>\n<li>Programa de habitos de vida saludable<\/li>\n<li>Programa de Educaci\u00f3n Ambiental Aldea. Ecohuerto<\/li>\n<li>Proyecto de Innovaci\u00f3n \u00abAndaluc\u00eda Profundiza\u00bb<\/li>\n<\/ul>\n<p><span style=\"text-decoration: underline\"><strong>PROYECTO PROPIO DEL CENTRO<\/strong><\/span><\/p>\n<ul>\n<li>Proyecto Ludia (promoci\u00f3n y gesti\u00f3n del tiempo libre y la inclusi\u00f3n en los distintos tiempos pedag\u00f3gicos)<\/li>\n<\/ul>\n","protected":false},"excerpt":{"rendered":"<p>Cada centro personaliza y adapta su Proyecto Educativo adheriendose a diferentes Planes y Programas promovidos desde la Consejer\u00eda de Educaci\u00f3n y Deporte. &nbsp;A continuaci\u00f3n se&hellip;<\/p>\n","protected":false},"author":1,"featured_media":0,"parent":0,"menu_order":0,"comment_status":"closed","ping_status":"closed","template":"template-full-width.php","meta":{"ngg_post_thumbnail":0,"footnotes":"","_mc_calendar":[]},"aioseo_notices":[],"_links":{"self":[{"href":"https:\/\/blogsaverroes.juntadeandalucia.es\/ceiporomana\/wp-json\/wp\/v2\/pages\/44"}],"collection":[{"href":"https:\/\/blogsaverroes.juntadeandalucia.es\/ceiporomana\/wp-json\/wp\/v2\/pages"}],"about":[{"href":"https:\/\/blogsaverroes.juntadeandalucia.es\/ceiporomana\/wp-json\/wp\/v2\/types\/page"}],"author":[{"embeddable":true,"href":"https:\/\/blogsaverroes.juntadeandalucia.es\/ceiporomana\/wp-json\/wp\/v2\/users\/1"}],"replies":[{"embeddable":true,"href":"https:\/\/blogsaverroes.juntadeandalucia.es\/ceiporomana\/wp-json\/wp\/v2\/comments?post=44"}],"version-history":[{"count":15,"href":"https:\/\/blogsaverroes.juntadeandalucia.es\/ceiporomana\/wp-json\/wp\/v2\/pages\/44\/revisions"}],"predecessor-version":[{"id":4163,"href":"https:\/\/blogsaverroes.juntadeandalucia.es\/ceiporomana\/wp-json\/wp\/v2\/pages\/44\/revisions\/4163"}],"wp:attachment":[{"href":"https:\/\/blogsaverroes.juntadeandalucia.es\/ceiporomana\/wp-json\/wp\/v2\/media?parent=44"}],"curies":[{"name":"wp","href":"https:\/\/api.w.org\/{rel}","templated":true}]}}