{"id":49,"date":"2015-03-13T08:47:05","date_gmt":"2015-03-13T08:47:05","guid":{"rendered":"http:\/\/blogsaverroes.juntadeandalucia.es\/pre\/ceip\/?page_id=49"},"modified":"2026-02-09T17:43:04","modified_gmt":"2026-02-09T16:43:04","slug":"proyecto-educativo","status":"publish","type":"page","link":"https:\/\/blogsaverroes.juntadeandalucia.es\/ceiporomana\/proyecto-educativo\/","title":{"rendered":"Plan de Centro"},"content":{"rendered":"<p>El Plan de Centro se compone de tres documentos b\u00e1sicos, el Proyecto Educativo, el Reglamento de Organizaci\u00f3n y Funcionamiento y el Proyecto de Gesti\u00f3n:<\/p>\n<p>Un centro se define en gran medida por su <a href=\"https:\/\/drive.google.com\/file\/d\/1CWsGHsb7nc-lDngBeaY-d-YIwUL0stH5\/view?usp=drive_link\"><em><strong>Proyecto Educativo<\/strong><\/em>.<\/a> El Proyecto Educativo refleja las se\u00f1as de identidad del centro docente y expresa la educaci\u00f3n que desea y como la va a desarrollar. Deber\u00e1 contemplar los valores, los objetivos y l\u00edneas de actuaci\u00f3n, no limit\u00e1ndose s\u00f3lo a los aspectos curriculares, sino tambi\u00e9n a aquellos otros que, desde un punto de vista cultural, hacen del centro un elemento dinamizador de la zona donde est\u00e1 ubicado.<\/p>\n<p>Por su parte el <a href=\"https:\/\/drive.google.com\/file\/d\/1Xa_d_H2qmjTU98NSamL8AGa_nvCmMWHP\/view?usp=drive_link\"><em><strong>Reglamento de Organizaci\u00f3n y Funcionamiento (ROF)<\/strong><\/em> <\/a>recoger\u00e1 las normas organizativas y funcionales que faciliten la consecuci\u00f3n del clima adecuado para alcanzar los objetivos que el centro se haya propuesto y permitan mantener un ambiente de respeto, confianza y colaboraci\u00f3n entre todos los sectores de la comunidad educativa.<\/p>\n<p>Por \u00faltimo el <a href=\"https:\/\/drive.google.com\/file\/d\/1o40iMq610naEE0SE9sy6Os55bu2-W3Ga\/view?usp=drive_link\"><em><strong>Proyecto de Gesti\u00f3n<\/strong><\/em>&nbsp;<\/a>recoge la ordenaci\u00f3n y utilizaci\u00f3n de los recursos del centro, tanto materiales como humanos.<\/p>\n<p>Que la web de un centro informe de su Plan de Centro es una apuesta clara por la <strong>transparencia<\/strong>.<\/p>\n<p><span style=\"font-size: 12pt\"><b><i><a href=\"https:\/\/drive.google.com\/file\/d\/1CWsGHsb7nc-lDngBeaY-d-YIwUL0stH5\/view?usp=drive_link\">1.PROYECTO EDUCATIVO<\/a> <\/i><\/b><\/span><\/p>\n<p><span style=\"font-size: 12pt\"><b><i><a href=\"https:\/\/drive.google.com\/file\/d\/1Xa_d_H2qmjTU98NSamL8AGa_nvCmMWHP\/view?usp=drive_link\">2. REGLAMENTO DE ORGANIZACI\u00d3N Y FUNCIONAMIENTO<\/a> <\/i><\/b><\/span><\/p>\n<p class=\"Default\" style=\"margin-bottom: 15.3pt\"><span style=\"font-size: 12pt\"><b><i><a href=\"https:\/\/drive.google.com\/file\/d\/1o40iMq610naEE0SE9sy6Os55bu2-W3Ga\/view?usp=drive_link\">3. PROYECTO DE GESTI\u00d3N<\/a> <\/i><\/b><\/span><\/p>\n<p>Los presentes documentos se actualizaron y aprobaron por el Consejo Escolar el 11 de noviembre de 2025.<\/p>\n<p>&nbsp;<\/p>\n<p>&nbsp;<\/p>\n","protected":false},"excerpt":{"rendered":"<p>El Plan de Centro se compone de tres documentos b\u00e1sicos, el Proyecto Educativo, el Reglamento de Organizaci\u00f3n y Funcionamiento y el Proyecto de Gesti\u00f3n: Un&hellip;<\/p>\n","protected":false},"author":1,"featured_media":0,"parent":0,"menu_order":0,"comment_status":"closed","ping_status":"open","template":"","meta":{"ngg_post_thumbnail":0,"footnotes":"","_mc_calendar":[]},"aioseo_notices":[],"_links":{"self":[{"href":"https:\/\/blogsaverroes.juntadeandalucia.es\/ceiporomana\/wp-json\/wp\/v2\/pages\/49"}],"collection":[{"href":"https:\/\/blogsaverroes.juntadeandalucia.es\/ceiporomana\/wp-json\/wp\/v2\/pages"}],"about":[{"href":"https:\/\/blogsaverroes.juntadeandalucia.es\/ceiporomana\/wp-json\/wp\/v2\/types\/page"}],"author":[{"embeddable":true,"href":"https:\/\/blogsaverroes.juntadeandalucia.es\/ceiporomana\/wp-json\/wp\/v2\/users\/1"}],"replies":[{"embeddable":true,"href":"https:\/\/blogsaverroes.juntadeandalucia.es\/ceiporomana\/wp-json\/wp\/v2\/comments?post=49"}],"version-history":[{"count":17,"href":"https:\/\/blogsaverroes.juntadeandalucia.es\/ceiporomana\/wp-json\/wp\/v2\/pages\/49\/revisions"}],"predecessor-version":[{"id":4601,"href":"https:\/\/blogsaverroes.juntadeandalucia.es\/ceiporomana\/wp-json\/wp\/v2\/pages\/49\/revisions\/4601"}],"wp:attachment":[{"href":"https:\/\/blogsaverroes.juntadeandalucia.es\/ceiporomana\/wp-json\/wp\/v2\/media?parent=49"}],"curies":[{"name":"wp","href":"https:\/\/api.w.org\/{rel}","templated":true}]}}