{"id":870,"date":"2015-03-16T07:24:27","date_gmt":"2015-03-16T07:24:27","guid":{"rendered":"http:\/\/blogsaverroes.juntadeandalucia.es\/pre\/ceip\/?page_id=103"},"modified":"2017-07-20T23:35:50","modified_gmt":"2017-07-20T23:35:50","slug":"aula-matinal","status":"publish","type":"page","link":"https:\/\/blogsaverroes.juntadeandalucia.es\/ceiporomana\/aula-matinal\/","title":{"rendered":"Aula Matinal"},"content":{"rendered":"<p><img loading=\"lazy\" decoding=\"async\" class=\" size-medium wp-image-226 alignleft\" src=\"http:\/\/blogsaverroes.juntadeandalucia.es\/pre\/ceip\/files\/2015\/03\/aula_matinal-300x186.jpg\" alt=\"aula_matinal\" width=\"300\" height=\"186\" srcset=\"https:\/\/blogsaverroes.juntadeandalucia.es\/ceiporomana\/files\/2015\/03\/aula_matinal-300x186.jpg 300w, https:\/\/blogsaverroes.juntadeandalucia.es\/ceiporomana\/files\/2015\/03\/aula_matinal-700x433.jpg 700w, https:\/\/blogsaverroes.juntadeandalucia.es\/ceiporomana\/files\/2015\/03\/aula_matinal-332x206.jpg 332w, https:\/\/blogsaverroes.juntadeandalucia.es\/ceiporomana\/files\/2015\/03\/aula_matinal.jpg 709w\" sizes=\"(max-width: 300px) 100vw, 300px\" \/><\/p>\n<p>El <strong>Aula Matinal<\/strong> abre a las 7.30 horas de lunes a viernes, ofreciendo actividades diversas a los estudiantes hasta el comienzo del horario lectivo. Por razones de funcionamiento y atenci\u00f3n a los menores las puertas se abrir\u00e1n cada 20 minutos, pudiendo acceder al servicio en los siguientes momentos:<\/p>\n<p>7:30<\/p>\n<p>7:50<\/p>\n<p>8:10<\/p>\n<p>8:30<\/p>\n<p><strong><em>Seg\u00fan la normativa vigente la ausencia sin justificar durante 5 d\u00edas consecutivos conllevar\u00e1 la p\u00e9rdida de la condici\u00f3n de usuario.<\/em><\/strong><\/p>\n<p><strong>Los impresos de solicitud y acceso a bonificaci\u00f3n pueden encontrarlo en la secci\u00f3n \u00abDocumentos\u00bb<\/strong><\/p>\n<p>&nbsp;<\/p>\n<p>&nbsp;<\/p>\n","protected":false},"excerpt":{"rendered":"<p>El Aula Matinal abre a las 7.30 horas de lunes a viernes, ofreciendo actividades diversas a los estudiantes hasta el comienzo del horario lectivo. Por&hellip;<\/p>\n","protected":false},"author":1,"featured_media":0,"parent":0,"menu_order":0,"comment_status":"closed","ping_status":"open","template":"","meta":{"ngg_post_thumbnail":0,"footnotes":"","_mc_calendar":[]},"aioseo_notices":[],"_links":{"self":[{"href":"https:\/\/blogsaverroes.juntadeandalucia.es\/ceiporomana\/wp-json\/wp\/v2\/pages\/870"}],"collection":[{"href":"https:\/\/blogsaverroes.juntadeandalucia.es\/ceiporomana\/wp-json\/wp\/v2\/pages"}],"about":[{"href":"https:\/\/blogsaverroes.juntadeandalucia.es\/ceiporomana\/wp-json\/wp\/v2\/types\/page"}],"author":[{"embeddable":true,"href":"https:\/\/blogsaverroes.juntadeandalucia.es\/ceiporomana\/wp-json\/wp\/v2\/users\/1"}],"replies":[{"embeddable":true,"href":"https:\/\/blogsaverroes.juntadeandalucia.es\/ceiporomana\/wp-json\/wp\/v2\/comments?post=870"}],"version-history":[{"count":4,"href":"https:\/\/blogsaverroes.juntadeandalucia.es\/ceiporomana\/wp-json\/wp\/v2\/pages\/870\/revisions"}],"predecessor-version":[{"id":2354,"href":"https:\/\/blogsaverroes.juntadeandalucia.es\/ceiporomana\/wp-json\/wp\/v2\/pages\/870\/revisions\/2354"}],"wp:attachment":[{"href":"https:\/\/blogsaverroes.juntadeandalucia.es\/ceiporomana\/wp-json\/wp\/v2\/media?parent=870"}],"curies":[{"name":"wp","href":"https:\/\/api.w.org\/{rel}","templated":true}]}}