{"id":99,"date":"2015-03-16T07:22:54","date_gmt":"2015-03-16T07:22:54","guid":{"rendered":"http:\/\/blogsaverroes.juntadeandalucia.es\/pre\/ceip\/?page_id=99"},"modified":"2018-09-06T13:08:29","modified_gmt":"2018-09-06T13:08:29","slug":"comedor-escolar","status":"publish","type":"page","link":"https:\/\/blogsaverroes.juntadeandalucia.es\/ceiporomana\/comedor-escolar\/","title":{"rendered":"Comedor escolar"},"content":{"rendered":"<h4>&nbsp;<\/h4>\n<p>&nbsp;<\/p>\n<p>La empresa de catering que gestiona el servicio es ARAMARK.<\/p>\n<p>Las AUSENCIAS \/ PRESENCIAS del Servicio de Comedor podr\u00e1n ser comunicadas v\u00eda telem\u00e1tica, a trav\u00e9s la App M\u00f3vil \u201cEl Gusto de Crecer\u201d y\/o de la P\u00e1gina Web <a href=\"https:\/\/www.elgustodecrecer.es\/\">www.elgustodecrecer.es<\/a>&nbsp; antes de las 09:30 horas del mismo d\u00eda. Para acceder a las plataformas, se tendr\u00e1 que registrar a trav\u00e9s del men\u00fa Reg\u00edstrate. En ambas plataformas, existe un manual de instrucciones, para realizar las comunicaciones correctamente. Pasada esa hora no se justificar\u00e1 la ausencia ni se podr\u00e1 dar de alta la presencia para el mismo d\u00eda, ya que el sistema no lo permite.<\/p>\n<p><strong><em>Seg\u00fan la normativa vigente la ausencia sin justificar durante 5 d\u00edas consecutivos conllevar\u00e1 la p\u00e9rdida de la condici\u00f3n de usuario.<\/em><\/strong><\/p>\n<p><strong>Puede descargar la solicitud para acceder al comedor y la solicitud de bonificaci\u00f3n en el apartado \u00abDocumentos\u00bb de nuestra p\u00e1gina web.<\/strong><\/p>\n<p>&nbsp;<\/p>\n","protected":false},"excerpt":{"rendered":"<p>&nbsp; &nbsp; La empresa de catering que gestiona el servicio es ARAMARK. Las AUSENCIAS \/ PRESENCIAS del Servicio de Comedor podr\u00e1n ser comunicadas v\u00eda telem\u00e1tica,&hellip;<\/p>\n","protected":false},"author":1,"featured_media":0,"parent":0,"menu_order":0,"comment_status":"closed","ping_status":"open","template":"","meta":{"ngg_post_thumbnail":0,"footnotes":"","_mc_calendar":[]},"aioseo_notices":[],"_links":{"self":[{"href":"https:\/\/blogsaverroes.juntadeandalucia.es\/ceiporomana\/wp-json\/wp\/v2\/pages\/99"}],"collection":[{"href":"https:\/\/blogsaverroes.juntadeandalucia.es\/ceiporomana\/wp-json\/wp\/v2\/pages"}],"about":[{"href":"https:\/\/blogsaverroes.juntadeandalucia.es\/ceiporomana\/wp-json\/wp\/v2\/types\/page"}],"author":[{"embeddable":true,"href":"https:\/\/blogsaverroes.juntadeandalucia.es\/ceiporomana\/wp-json\/wp\/v2\/users\/1"}],"replies":[{"embeddable":true,"href":"https:\/\/blogsaverroes.juntadeandalucia.es\/ceiporomana\/wp-json\/wp\/v2\/comments?post=99"}],"version-history":[{"count":8,"href":"https:\/\/blogsaverroes.juntadeandalucia.es\/ceiporomana\/wp-json\/wp\/v2\/pages\/99\/revisions"}],"predecessor-version":[{"id":2838,"href":"https:\/\/blogsaverroes.juntadeandalucia.es\/ceiporomana\/wp-json\/wp\/v2\/pages\/99\/revisions\/2838"}],"wp:attachment":[{"href":"https:\/\/blogsaverroes.juntadeandalucia.es\/ceiporomana\/wp-json\/wp\/v2\/media?parent=99"}],"curies":[{"name":"wp","href":"https:\/\/api.w.org\/{rel}","templated":true}]}}