{"id":141,"date":"2015-03-17T07:13:24","date_gmt":"2015-03-17T07:13:24","guid":{"rendered":"http:\/\/blogsaverroes.juntadeandalucia.es\/pre\/ceip\/?page_id=141"},"modified":"2025-05-25T12:01:49","modified_gmt":"2025-05-25T12:01:49","slug":"escolarizacion","status":"publish","type":"page","link":"https:\/\/blogsaverroes.juntadeandalucia.es\/ceippablogarciabaena\/escolarizacion\/","title":{"rendered":"Escolarizaci\u00f3n"},"content":{"rendered":"<p style=\"text-align: center\">&nbsp;<\/p>\n<p style=\"text-align: center\">&nbsp;<\/p>\n<p><img loading=\"lazy\" decoding=\"async\" class=\"aligncenter\" src=\"https:\/\/blogsaverroes.juntadeandalucia.es\/ceippablogarciabaena\/files\/2018\/12\/cropped-PUERTA-COLEGIO-1.jpg\" alt=\"CEIP Pablo Garc\u00eda Baena |\" width=\"592\" height=\"276\"><\/p>\n<h2 style=\"text-align: center\"><span style=\"color: #000000\"><a style=\"color: #000000\" href=\"https:\/\/www.youtube.com\/watch?v=KN2fZLAXtAc\" target=\"_blank\" rel=\"noopener noreferrer\"><span style=\"color: #0000ff\">CONOZCA NUESTRO CENTRO<\/span><\/a><\/span><\/h2>\n<h2 style=\"text-align: center\"><a href=\"https:\/\/blogsaverroes.juntadeandalucia.es\/ceippablogarciabaena\/files\/2015\/03\/escolarizaci\u00f3n-19-20.png\"><img decoding=\"async\" src=\"https:\/\/www.juntadeandalucia.es\/educacion\/portals\/image\/layout_set_logo?img_id=22116&amp;t=1535166049534\"><\/a><\/h2>\n<p style=\"text-align: center\"><a href=\"https:\/\/blogsaverroes.juntadeandalucia.es\/ceippablogarciabaena\/files\/2024\/03\/Cartel-admisi\u00f3n.jpg\"><img loading=\"lazy\" decoding=\"async\" class=\"aligncenter wp-image-2791\" src=\"https:\/\/blogsaverroes.juntadeandalucia.es\/ceippablogarciabaena\/files\/2024\/03\/Cartel-admisi\u00f3n.jpg\" alt=\"\" width=\"303\" height=\"425\"><\/a><strong><span style=\"color: #000000\"><a style=\"color: #000000\" title=\"Portal escolarizaci\u00f3n\" href=\"https:\/\/www.juntadeandalucia.es\/educacion\/portales\/es\/web\/escolarizacion\" target=\"_blank\" rel=\"noopener noreferrer\"><span style=\"color: #0000ff\">Enlace<\/span> al portal de escolarizaci\u00f3n.<\/a><\/span><\/strong><\/p>\n<p style=\"text-align: center\"><a href=\"https:\/\/drive.google.com\/file\/d\/1bNKZDOEcHL5OX15wzsmdXsJ4GWSwNgBt\/view?usp=sharing\" target=\"_blank\" rel=\"noopener noreferrer\"><strong><span style=\"color: #000000\"><span style=\"color: #0000ff\">Enlace<\/span> para obtener el impreso solicitud admisi\u00f3n 2025-26<\/span>.<\/strong><\/a><\/p>\n<p style=\"text-align: center\"><span style=\"color: #000000\"><strong><a style=\"color: #000000\" title=\"Presentaci\u00f3n telem\u00e1tica de la solicitud de admisi\u00f3n.\" href=\"https:\/\/www.juntadeandalucia.es\/educacion\/secretariavirtual\/accesoTramite\/543\/\" target=\"_blank\" rel=\"noopener noreferrer\"><span style=\"color: #0000ff\">Presentaci\u00f3n telem\u00e1tica<\/span> de la solicitud de admisi\u00f3n.<\/a><\/strong><\/span><\/p>\n<h3 style=\"text-align: center\"><strong>Otros documentos de inter\u00e9s:<\/strong><\/h3>\n<p style=\"text-align: center\"><strong><a href=\"https:\/\/drive.google.com\/file\/d\/1WAxwSsxRq0eTaBVHAHUmt3OTCN0uy_8n\/view?usp=drive_link\" target=\"_blank\" rel=\"noopener noreferrer\"><span style=\"color: #0000ff\">Nota informativa<\/span><\/a> para las familias solicitantes de puesto escolar.<\/strong><\/p>\n<p style=\"text-align: center\"><strong><a href=\"https:\/\/drive.google.com\/file\/d\/1YlBc1lIebzPd6NAjoJ1vMSE8vDkNj3kF\/view?usp=sharing\" target=\"_blank\" rel=\"noopener noreferrer\"><span style=\"color: #0000ff\">Cuadro informativo<\/span><\/a> con criterios de admisi\u00f3n.<\/strong><\/p>\n<p style=\"text-align: center\"><strong><a href=\"https:\/\/drive.google.com\/file\/d\/1sitjnkqD1UPFUwrOjXbFxXahWUoUqK4i\/view?usp=sharing\" target=\"_blank\" rel=\"noopener noreferrer\"><span style=\"color: #0000ff\">Nota informativa<\/span> <\/a>sobre ampliaciones de ratio.<\/strong><\/p>\n<p style=\"text-align: center\"><strong><a href=\"https:\/\/drive.google.com\/file\/d\/1SlZ70pYrHFGC92jotR9-hyBH0MjrOy2J\/view?usp=sharing\" target=\"_blank\" rel=\"noopener noreferrer\"><span style=\"color: #0000ff\">Aclaraciones<\/span><\/a> en relaci\u00f3n a la publicaci\u00f3n de las calles que delimitan las \u00e1reas de influencia y lim\u00edtrofes de los centros docentes p\u00fablicos y privados concertados.<\/strong><\/p>\n<h2 style=\"text-align: center\"><span style=\"color: #ff0000\"><strong>Matriculaci\u00f3n (1 al 9 de junio de 2025)<\/strong><\/span><\/h2>\n<p style=\"text-align: center\"><strong><a href=\"https:\/\/drive.google.com\/file\/d\/14OKDE8SwNO6BPWSiGd7GjkVqKZAulTFC\/view?usp=drive_link\" target=\"_blank\" rel=\"noopener noreferrer\"><span style=\"color: #0000ff\">Nota informativa<\/span><\/a> referida al proceso de matriculaci\u00f3n.<\/strong><\/p>\n<p style=\"text-align: center\"><strong><span style=\"color: #000000\"><a style=\"color: #000000\" href=\"https:\/\/www.juntadeandalucia.es\/educacion\/secretariavirtual\/solicitudes\/\" target=\"_blank\" rel=\"noopener noreferrer\"><span style=\"color: #0000ff\">Presentaci\u00f3n telem\u00e1tica de <\/span>matriculaci\u00f3n.<\/a><\/span><\/strong><\/p>\n<p style=\"text-align: center\"><span style=\"color: #000000\"><a style=\"color: #000000\" href=\"https:\/\/www.juntadeandalucia.es\/educacion\/portales\/documents\/100629\/669349\/4_Anexo%20IV_002536_4.pdf\/2857e311-abaf-10f1-c03a-b980ff594de5?version=1.0\" target=\"_blank\" rel=\"noopener noreferrer\"><strong><span style=\"color: #0000ff\">Impreso<\/span> de matr\u00edcula para Educaci\u00f3n Infantil.<\/strong><\/a><\/span><\/p>\n<p style=\"text-align: center\"><strong><a href=\"https:\/\/www.juntadeandalucia.es\/educacion\/portales\/documents\/100629\/669349\/5_Anexo%20V_002537_4.pdf\/acd7344a-e127-4e2c-5be7-b1f12b0a07c2?version=1.1\"><span style=\"color: #0000ff\">Impreso<\/span><\/a> de matr\u00edcula para Educaci\u00f3n Primaria.<\/strong><\/p>\n<p style=\"text-align: center\"><strong><a href=\"https:\/\/www.juntadeandalucia.es\/educacion\/portales\/documents\/100629\/669349\/6_Anexo%20VI_002538_4.pdf\/f1ed4477-b8d8-c190-5578-7125d1ab2074?version=1.0\"><span style=\"color: #0000ff\">Impreso<\/span><\/a> de matr\u00edcula para Educaci\u00f3n Especial.<\/strong><\/p>\n<p style=\"text-align: center\"><strong><span style=\"color: #ff0000\">DOCUMENTOS A ENTREGAR JUNTO CON LA MATR\u00cdCULA<\/span><\/strong><\/p>\n<p style=\"text-align: center\"><strong><a href=\"https:\/\/www.juntadeandalucia.es\/educacion\/portales\/documents\/100629\/669355\/Anexo%20Religio%C2%BFn.pdf\/c9b72559-ae2b-45b4-746c-8c63fda85020?version=1.1\" target=\"_blank\" rel=\"noopener noreferrer\"><span style=\"color: #0000ff\">Anexo<\/span> <span style=\"color: #000000\">para solicitar la ense\u00f1anza religiosa o la alternativa (Atenci\u00f3n educativa). Solo el nuevo alumnado o el que desee cambiar de optativa.<\/span><\/a><\/strong><\/p>\n<p style=\"text-align: center\"><strong><span style=\"color: #000000\"><a style=\"color: #000000\" href=\"https:\/\/drive.google.com\/file\/d\/1tYJsGUSbvI-GKNGqOG2el6uypJI2JsyC\/view?usp=share_link\" target=\"_blank\" rel=\"noopener noreferrer\"><span style=\"color: #0000ff\">Autorizaci\u00f3n<\/span> para recogida del alumnado. Solo el nuevo alumnado o el que desee cambiar los datos registrados de cursos anteriores.<\/a><\/span><\/strong><\/p>\n<p style=\"text-align: center\"><strong><span style=\"color: #000000\"><a style=\"color: #000000\" href=\"https:\/\/drive.google.com\/file\/d\/1GGpLqGGD49ggBiXszW8_lansdDI-YO_Q\/view?usp=share_link\" target=\"_blank\" rel=\"noopener noreferrer\"><span style=\"color: #0000ff\">Ficha personal<\/span> del alumno\/a. Solo nuevo alumnado.<\/a><\/span><\/strong><\/p>\n<p style=\"text-align: center\"><strong><span style=\"color: #000000\"><a style=\"color: #000000\" href=\"https:\/\/drive.google.com\/file\/d\/11s3_Gfj9GQNEDgOOmbD3PpO58eSwljik\/view?usp=share_link\" target=\"_blank\" rel=\"noopener noreferrer\"><span style=\"color: #0000ff\">Autorizaci\u00f3n<\/span> para el uso de la plataforma Gsuite. Solo nuevo alumnado de Primaria.<\/a><\/span><\/strong><\/p>\n<h3 style=\"text-align: center\"><strong>SERVICIOS COMPLEMENTARIOS (AULA MATINAL, COMEDOR ESCOLAR Y ACTIVIDADES EXTRAESCOLARES).&nbsp; Plazo de presentaci\u00f3n de solicitudes del 1 al 10 de junio<\/strong><\/h3>\n<p style=\"text-align: center\"><strong><span style=\"color: #000000\"><a style=\"color: #000000\" title=\"Nota informativa sobre servicios complementarios\" href=\"https:\/\/drive.google.com\/file\/d\/17hn7f72jzWwi9AaYoW9KfgghvqOdKnjM\/view?usp=drive_link\" target=\"_blank\" rel=\"noopener noreferrer\"><span style=\"color: #0000ff\">Nota informativa<\/span> sobre los servicio complementarios que oferta del Centro.<\/a><\/span><\/strong><\/p>\n<p style=\"text-align: center\"><strong><span style=\"color: #000000\"><a style=\"color: #000000\" href=\"https:\/\/www.juntadeandalucia.es\/educacion\/portales\/documents\/20123\/837342\/ANEXO%20II%20corregido.pdf\/d8acfa29-d283-43ee-81e0-f6aa57ecfe56?version=1.0\" target=\"_blank\" rel=\"noopener noreferrer\"><span style=\"color: #0000ff\">Impreso<\/span> para solicitar los servicios complementarios (aula matinal, comedor y actividades extraescolares).<\/a><\/span><\/strong><\/p>\n<p style=\"text-align: center\"><strong><span style=\"color: #000000\"><a style=\"color: #000000\" href=\"https:\/\/www.juntadeandalucia.es\/educacion\/portales\/documents\/20123\/837342\/02052024_ANEXO_V.pdf\/ae6d7cc2-28bf-2701-eca8-a72f3ccd517c?version=1.0\" target=\"_blank\" rel=\"noopener noreferrer\"><span style=\"color: #0000ff\">Impreso<\/span> para solicitar bonificaciones para los servicios complementarios.<\/a><\/span><\/strong><\/p>\n<p style=\"text-align: center\"><strong><a href=\"https:\/\/drive.google.com\/file\/d\/1rEjzdzMRCf3ioDaIZAdqggep8H-RTku4\/view?usp=drive_link\" target=\"_blank\" rel=\"noopener noreferrer\"><span style=\"color: #0000ff\">Impreso<\/span><\/a> para autorizar la recogida del alumnado del comedor escolar por parte de otras personas diferentes a padres\/madres\/tutores legales.<\/strong><\/p>\n","protected":false},"excerpt":{"rendered":"<p>&nbsp; &nbsp; CONOZCA NUESTRO CENTRO Enlace al portal de escolarizaci\u00f3n. Enlace para obtener el impreso solicitud admisi\u00f3n 2025-26. Presentaci\u00f3n telem\u00e1tica de la solicitud de admisi\u00f3n. Otros documentos de inter\u00e9s: Nota informativa para las familias&#46;&#46;&#46;<\/p>\n","protected":false},"author":1,"featured_media":0,"parent":0,"menu_order":0,"comment_status":"closed","ping_status":"open","template":"","meta":{"ngg_post_thumbnail":0,"footnotes":"","_mc_calendar":[]},"aioseo_notices":[],"_links":{"self":[{"href":"https:\/\/blogsaverroes.juntadeandalucia.es\/ceippablogarciabaena\/wp-json\/wp\/v2\/pages\/141"}],"collection":[{"href":"https:\/\/blogsaverroes.juntadeandalucia.es\/ceippablogarciabaena\/wp-json\/wp\/v2\/pages"}],"about":[{"href":"https:\/\/blogsaverroes.juntadeandalucia.es\/ceippablogarciabaena\/wp-json\/wp\/v2\/types\/page"}],"author":[{"embeddable":true,"href":"https:\/\/blogsaverroes.juntadeandalucia.es\/ceippablogarciabaena\/wp-json\/wp\/v2\/users\/1"}],"replies":[{"embeddable":true,"href":"https:\/\/blogsaverroes.juntadeandalucia.es\/ceippablogarciabaena\/wp-json\/wp\/v2\/comments?post=141"}],"version-history":[{"count":37,"href":"https:\/\/blogsaverroes.juntadeandalucia.es\/ceippablogarciabaena\/wp-json\/wp\/v2\/pages\/141\/revisions"}],"predecessor-version":[{"id":2868,"href":"https:\/\/blogsaverroes.juntadeandalucia.es\/ceippablogarciabaena\/wp-json\/wp\/v2\/pages\/141\/revisions\/2868"}],"wp:attachment":[{"href":"https:\/\/blogsaverroes.juntadeandalucia.es\/ceippablogarciabaena\/wp-json\/wp\/v2\/media?parent=141"}],"curies":[{"name":"wp","href":"https:\/\/api.w.org\/{rel}","templated":true}]}}