{"id":2018,"date":"2015-06-08T12:56:23","date_gmt":"2015-06-08T12:56:23","guid":{"rendered":"http:\/\/blogsaverroes.juntadeandalucia.es\/ceip\/?page_id=2018"},"modified":"2026-01-29T11:58:47","modified_gmt":"2026-01-29T11:58:47","slug":"calendario","status":"publish","type":"page","link":"https:\/\/blogsaverroes.juntadeandalucia.es\/ceippablogarciabaena\/calendario\/","title":{"rendered":"Calendario"},"content":{"rendered":"<p><img decoding=\"async\" src=\"https:\/\/www.fsieandalucia.es\/documentos\/Noticias_provinciales\/Cordoba\/BORRADOR_CALENDARIO_COLOR_2025-2026.jpg\" alt=\"BORRADOR CALENDARIO COLOR 2025 2026\"><\/p>\n<h3 style=\"text-align: left\">Habr\u00eda que a\u00f1adir tres d\u00edas no lectivos:<\/h3>\n<h3 style=\"text-align: left\">&#8211; La festividad local de San Rafael (28 de octubre).<\/h3>\n<h3 style=\"text-align: left\">&#8211; Los dos d\u00edas (jueves y viernes) de la feria Nuestra Se\u00f1ora de la Salud.<\/h3>\n<p>&nbsp;<\/p>\n","protected":false},"excerpt":{"rendered":"<p>Habr\u00eda que a\u00f1adir tres d\u00edas no lectivos: &#8211; La festividad local de San Rafael (28 de octubre). &#8211; Los dos d\u00edas (jueves y viernes) de la feria Nuestra Se\u00f1ora de la Salud. &nbsp;<\/p>\n","protected":false},"author":1,"featured_media":0,"parent":0,"menu_order":0,"comment_status":"closed","ping_status":"closed","template":"","meta":{"ngg_post_thumbnail":0,"footnotes":"","_mc_calendar":[]},"aioseo_notices":[],"_links":{"self":[{"href":"https:\/\/blogsaverroes.juntadeandalucia.es\/ceippablogarciabaena\/wp-json\/wp\/v2\/pages\/2018"}],"collection":[{"href":"https:\/\/blogsaverroes.juntadeandalucia.es\/ceippablogarciabaena\/wp-json\/wp\/v2\/pages"}],"about":[{"href":"https:\/\/blogsaverroes.juntadeandalucia.es\/ceippablogarciabaena\/wp-json\/wp\/v2\/types\/page"}],"author":[{"embeddable":true,"href":"https:\/\/blogsaverroes.juntadeandalucia.es\/ceippablogarciabaena\/wp-json\/wp\/v2\/users\/1"}],"replies":[{"embeddable":true,"href":"https:\/\/blogsaverroes.juntadeandalucia.es\/ceippablogarciabaena\/wp-json\/wp\/v2\/comments?post=2018"}],"version-history":[{"count":7,"href":"https:\/\/blogsaverroes.juntadeandalucia.es\/ceippablogarciabaena\/wp-json\/wp\/v2\/pages\/2018\/revisions"}],"predecessor-version":[{"id":2980,"href":"https:\/\/blogsaverroes.juntadeandalucia.es\/ceippablogarciabaena\/wp-json\/wp\/v2\/pages\/2018\/revisions\/2980"}],"wp:attachment":[{"href":"https:\/\/blogsaverroes.juntadeandalucia.es\/ceippablogarciabaena\/wp-json\/wp\/v2\/media?parent=2018"}],"curies":[{"name":"wp","href":"https:\/\/api.w.org\/{rel}","templated":true}]}}