{"id":2839,"date":"2025-03-04T11:45:59","date_gmt":"2025-03-04T11:45:59","guid":{"rendered":"https:\/\/blogsaverroes.juntadeandalucia.es\/ceippablogarciabaena\/?page_id=2839"},"modified":"2025-11-03T17:42:49","modified_gmt":"2025-11-03T17:42:49","slug":"bilinguismo","status":"publish","type":"page","link":"https:\/\/blogsaverroes.juntadeandalucia.es\/ceippablogarciabaena\/bilinguismo\/","title":{"rendered":"Biling\u00fcismo"},"content":{"rendered":"<p><img loading=\"lazy\" decoding=\"async\" class=\"aligncenter wp-image-2854 size-full\" src=\"https:\/\/blogsaverroes.juntadeandalucia.es\/ceippablogarciabaena\/files\/2025\/03\/welcome.jpg\" alt=\"\" width=\"720\" height=\"302\" srcset=\"https:\/\/blogsaverroes.juntadeandalucia.es\/ceippablogarciabaena\/files\/2025\/03\/welcome.jpg 720w, https:\/\/blogsaverroes.juntadeandalucia.es\/ceippablogarciabaena\/files\/2025\/03\/welcome-300x126.jpg 300w, https:\/\/blogsaverroes.juntadeandalucia.es\/ceippablogarciabaena\/files\/2025\/03\/welcome-700x294.jpg 700w\" sizes=\"(max-width: 720px) 100vw, 720px\" \/><\/p>\n<h3 style=\"text-align: center\">Si est\u00e1s interesado en formar parte del C.E.I.P. Pablo Garc\u00eda Baena como auxiliar de conversaci\u00f3n, aqu\u00ed tienes toda la informaci\u00f3n que puedes necesitar.<\/h3>\n<h3 style=\"text-align: center\">\u00a1Te esperamos!<\/h3>\n<p><a href=\"https:\/\/drive.google.com\/file\/d\/19afBio6jaYWeLGcHyDxUJGmYaiKL3aWx\/view?usp=drive_link\" target=\"_blank\" rel=\"noopener\"><img loading=\"lazy\" decoding=\"async\" class=\"aligncenter wp-image-2855 size-full\" title=\"Ficha registro RICE\" src=\"https:\/\/blogsaverroes.juntadeandalucia.es\/ceippablogarciabaena\/files\/2025\/03\/Icono.jpg\" alt=\"\" width=\"219\" height=\"166\"><\/a><\/p>\n<p style=\"text-align: center\">Ficha registro RICE<\/p>\n<p>&nbsp;<\/p>\n<div id=\"attachment_2853\" style=\"width: 670px\" class=\"wp-caption aligncenter\"><a href=\"https:\/\/drive.google.com\/file\/d\/1cUKiciOlAZp_PntD63RlDFsOcBPLvjz9\/view?usp=drive_link\" target=\"_blank\" rel=\"noopener\"><img loading=\"lazy\" decoding=\"async\" aria-describedby=\"caption-attachment-2853\" class=\"wp-image-2853 size-large\" src=\"https:\/\/blogsaverroes.juntadeandalucia.es\/ceippablogarciabaena\/files\/2025\/03\/Ellie-1024x771.jpg\" alt=\"\" width=\"660\" height=\"497\" srcset=\"https:\/\/blogsaverroes.juntadeandalucia.es\/ceippablogarciabaena\/files\/2025\/03\/Ellie-1024x771.jpg 1024w, https:\/\/blogsaverroes.juntadeandalucia.es\/ceippablogarciabaena\/files\/2025\/03\/Ellie-300x226.jpg 300w, https:\/\/blogsaverroes.juntadeandalucia.es\/ceippablogarciabaena\/files\/2025\/03\/Ellie-768x578.jpg 768w, https:\/\/blogsaverroes.juntadeandalucia.es\/ceippablogarciabaena\/files\/2025\/03\/Ellie-1536x1157.jpg 1536w, https:\/\/blogsaverroes.juntadeandalucia.es\/ceippablogarciabaena\/files\/2025\/03\/Ellie-2048x1542.jpg 2048w, https:\/\/blogsaverroes.juntadeandalucia.es\/ceippablogarciabaena\/files\/2025\/03\/Ellie-700x527.jpg 700w, https:\/\/blogsaverroes.juntadeandalucia.es\/ceippablogarciabaena\/files\/2025\/03\/Ellie.jpg 1600w\" sizes=\"(max-width: 660px) 100vw, 660px\" \/><\/a><p id=\"caption-attachment-2853\" class=\"wp-caption-text\">Elli, nuestra auxiliar de conversaci\u00f3n (curso 2024\/25). Si quieres conocer m\u00e1s sobre ella pulsa sobre la imagen.<\/p><\/div>\n","protected":false},"excerpt":{"rendered":"<p>Si est\u00e1s interesado en formar parte del C.E.I.P. Pablo Garc\u00eda Baena como auxiliar de conversaci\u00f3n, aqu\u00ed tienes toda la informaci\u00f3n que puedes necesitar. \u00a1Te esperamos! Ficha registro RICE &nbsp;<\/p>\n","protected":false},"author":6781,"featured_media":0,"parent":0,"menu_order":0,"comment_status":"closed","ping_status":"closed","template":"","meta":{"ngg_post_thumbnail":0,"footnotes":"","_mc_calendar":[]},"aioseo_notices":[],"_links":{"self":[{"href":"https:\/\/blogsaverroes.juntadeandalucia.es\/ceippablogarciabaena\/wp-json\/wp\/v2\/pages\/2839"}],"collection":[{"href":"https:\/\/blogsaverroes.juntadeandalucia.es\/ceippablogarciabaena\/wp-json\/wp\/v2\/pages"}],"about":[{"href":"https:\/\/blogsaverroes.juntadeandalucia.es\/ceippablogarciabaena\/wp-json\/wp\/v2\/types\/page"}],"author":[{"embeddable":true,"href":"https:\/\/blogsaverroes.juntadeandalucia.es\/ceippablogarciabaena\/wp-json\/wp\/v2\/users\/6781"}],"replies":[{"embeddable":true,"href":"https:\/\/blogsaverroes.juntadeandalucia.es\/ceippablogarciabaena\/wp-json\/wp\/v2\/comments?post=2839"}],"version-history":[{"count":5,"href":"https:\/\/blogsaverroes.juntadeandalucia.es\/ceippablogarciabaena\/wp-json\/wp\/v2\/pages\/2839\/revisions"}],"predecessor-version":[{"id":2873,"href":"https:\/\/blogsaverroes.juntadeandalucia.es\/ceippablogarciabaena\/wp-json\/wp\/v2\/pages\/2839\/revisions\/2873"}],"wp:attachment":[{"href":"https:\/\/blogsaverroes.juntadeandalucia.es\/ceippablogarciabaena\/wp-json\/wp\/v2\/media?parent=2839"}],"curies":[{"name":"wp","href":"https:\/\/api.w.org\/{rel}","templated":true}]}}