{"id":2229,"date":"2021-05-27T00:00:51","date_gmt":"2021-05-26T22:00:51","guid":{"rendered":"http:\/\/blogsaverroes.juntadeandalucia.es\/ceippablopicasso\/?page_id=2229"},"modified":"2023-06-01T10:36:18","modified_gmt":"2023-06-01T08:36:18","slug":"matriculacion","status":"publish","type":"page","link":"https:\/\/blogsaverroes.juntadeandalucia.es\/ceippablopicasso\/matriculacion\/","title":{"rendered":"Matriculaci\u00f3n 2023 -2024"},"content":{"rendered":"<h4 style=\"text-align: center\"><span style=\"color: #0000ff\"><strong>PROCESO DE MATRICULACI\u00d3N<\/strong><\/span><\/h4>\n<h3 style=\"text-align: center\"><strong><span style=\"color: #3366ff\">Del 1 al 8 de junio ambos inclusive<\/span><\/strong><\/h3>\n<p><strong>Se recomienda realizar los tr\u00e1mites de forma telem\u00e1tica<\/strong>. Para facilitarles el proceso le adjuntamos el siguiente genially.<\/p>\n<div style=\"width: 100%\">\n<div style=\"padding-bottom: 56.25%;padding-top: 0;height: 0\"><iframe src=\"https:\/\/view.genial.ly\/628fc5b41a98760011cab863\" width=\"600\" height=\"500\" frameborder=\"0\" scrolling=\"yes\"><span data-mce-type=\"bookmark\" style=\"width: 0px;overflow: hidden;line-height: 0\" class=\"mce_SELRES_start\">\ufeff<\/span><\/iframe><\/div>\n<\/div>\n<p>&nbsp;<\/p>\n<p>&nbsp;<\/p>\n<p>&nbsp;<\/p>\n<p>&nbsp;<\/p>\n<p>&nbsp;<\/p>\n<p>Adem\u00e1s os dejamos por aqu\u00ed un video explicativo de c\u00f3mo realizar la matr\u00edcula.<\/p>\n<p><iframe title=\"Sobre Electr\u00f3nico de Matr\u00edcula 2022 \ud83d\udce7 \ud83d\udce7\" width=\"500\" height=\"281\" src=\"https:\/\/www.youtube.com\/embed\/VCcL3E5x7lk?feature=oembed&#038;wmode=opaque\" frameborder=\"0\" allow=\"accelerometer; autoplay; clipboard-write; encrypted-media; gyroscope; picture-in-picture; web-share\" referrerpolicy=\"strict-origin-when-cross-origin\" allowfullscreen><\/iframe><\/p>\n<p>&nbsp;<\/p>\n<p style=\"text-align: justify\">PARA REALIZAR LA MATR\u00cdCULA DE VUESTROS HIJOS E HIJAS PARA EL PR\u00d3XIMO CURSO 2023\/24. Acceda a la Secretaria Virtual del&nbsp; en el siguiente enlace:<\/p>\n<h2 style=\"text-align: center\"><a href=\"https:\/\/blogsaverroes.juntadeandalucia.es\/ceippablopicasso\/files\/2023\/06\/enlace.png\"><img decoding=\"async\" class=\"wp-image-5619 alignnone\" src=\"https:\/\/blogsaverroes.juntadeandalucia.es\/ceippablopicasso\/files\/2023\/06\/enlace.png\" alt=\"\" width=\"44\" height=\"44\"\/><\/a><a href=\"https:\/\/www.juntadeandalucia.es\/educacion\/secretariavirtual\/solicitudes\/#Infantil_Primaria_ESO_Bachiller\">&nbsp;SECRETARIA VIRTUAL<\/a><\/h2>\n<h3 style=\"text-align: center\"><span style=\"color: #0000ff\">Estar\u00e1 activo a partir del d\u00eda 1de junio hasta el 8 de junio<\/span><\/h3>\n<p><a href=\"https:\/\/blogsaverroes.juntadeandalucia.es\/ceippablopicasso\/files\/2020\/05\/Captura-de-pantalla-2020-05-29-a-las-18.09.36.png\"><img fetchpriority=\"high\" decoding=\"async\" class=\"alignnone size-full wp-image-2972\" src=\"https:\/\/blogsaverroes.juntadeandalucia.es\/ceippablopicasso\/files\/2020\/05\/Captura-de-pantalla-2020-05-29-a-las-18.09.36.png\" alt=\"\" width=\"1130\" height=\"512\" srcset=\"https:\/\/blogsaverroes.juntadeandalucia.es\/ceippablopicasso\/files\/2020\/05\/Captura-de-pantalla-2020-05-29-a-las-18.09.36.png 1130w, https:\/\/blogsaverroes.juntadeandalucia.es\/ceippablopicasso\/files\/2020\/05\/Captura-de-pantalla-2020-05-29-a-las-18.09.36-300x136.png 300w, https:\/\/blogsaverroes.juntadeandalucia.es\/ceippablopicasso\/files\/2020\/05\/Captura-de-pantalla-2020-05-29-a-las-18.09.36-768x348.png 768w, https:\/\/blogsaverroes.juntadeandalucia.es\/ceippablopicasso\/files\/2020\/05\/Captura-de-pantalla-2020-05-29-a-las-18.09.36-1024x464.png 1024w, https:\/\/blogsaverroes.juntadeandalucia.es\/ceippablopicasso\/files\/2020\/05\/Captura-de-pantalla-2020-05-29-a-las-18.09.36-700x317.png 700w, https:\/\/blogsaverroes.juntadeandalucia.es\/ceippablopicasso\/files\/2020\/05\/Captura-de-pantalla-2020-05-29-a-las-18.09.36-332x150.png 332w, https:\/\/blogsaverroes.juntadeandalucia.es\/ceippablopicasso\/files\/2020\/05\/Captura-de-pantalla-2020-05-29-a-las-18.09.36-24x11.png 24w, https:\/\/blogsaverroes.juntadeandalucia.es\/ceippablopicasso\/files\/2020\/05\/Captura-de-pantalla-2020-05-29-a-las-18.09.36-36x16.png 36w, https:\/\/blogsaverroes.juntadeandalucia.es\/ceippablopicasso\/files\/2020\/05\/Captura-de-pantalla-2020-05-29-a-las-18.09.36-48x22.png 48w\" sizes=\"(max-width: 1130px) 100vw, 1130px\" \/><\/a><\/p>\n<p style=\"text-align: justify\"><b>Os recordamos que solo estar\u00e1 activa del 1 al 8 de junio para Infantil y Primaria y ESO.<\/b><\/p>\n<p style=\"text-align: justify\"><b>Los alumnos que van al IES Almunia, realizar\u00e1n la matr\u00edcula del 1 al 10 del julio.<\/b><\/p>\n<h3 style=\"text-align: center\"><a href=\"https:\/\/blogsaverroes.juntadeandalucia.es\/ceippablopicasso\/files\/2021\/05\/organizaci\u00f3n-proceso-matricula.jpg\">ORGANIZACI\u00d3N DEL PROCESO<\/a><\/h3>\n<p><span style=\"color: #0000ff\"><strong style=\"letter-spacing: 1px\">D\u00cdAS DE AYUDA Y DE CONSULTA EN SECRETARIA PARA LA MATRICULACI\u00d3N.<\/strong><\/span><\/p>\n<h4>*VIERNES 2 DE JUNIO- INFANTIL Y 1ER CICLO.<\/h4>\n<h4>*LUNES 5 DE JUNIO- 2\u00ba Y 3ER CICLO.<\/h4>\n<h4>* MI\u00c9RCOLES 7 DE JUNIO- SECUNDARIA. DUDAS CICLOS ANTERIORES.<\/h4>\n<h4>* JUEVES 8 DE JUNIO- \u00daLTIMO D\u00cdA MATRICULACI\u00d3N TELEM\u00c1TICA.<\/h4>\n<h4>HORARIO DE 9 A 12.00 HORAS<\/h4>\n<p>22 DE JUNIO- Se publicar\u00e1n las vacantes del centro tras la certificaci\u00f3n de matr\u00edculas<\/p>\n<p>DEL 22 AL 23 DE JUNIO- Matriculaci\u00f3n con ocasi\u00f3n de las vacantes.<\/p>\n<p>24 DE JUNIO- Comienzo matriculaci\u00f3n extraordinaria Anexo IX.&nbsp;<\/p>\n","protected":false},"excerpt":{"rendered":"<p>PROCESO DE MATRICULACI\u00d3N Del 1 al 8 de junio ambos inclusive Se recomienda realizar los tr\u00e1mites de forma telem\u00e1tica. Para facilitarles el proceso le adjuntamos el siguiente genially. \ufeff &nbsp; &nbsp; &nbsp; &nbsp; &nbsp;&#46;&#46;&#46;<\/p>\n","protected":false},"author":3441,"featured_media":0,"parent":0,"menu_order":0,"comment_status":"closed","ping_status":"closed","template":"","meta":{"ngg_post_thumbnail":0,"footnotes":"","_mc_calendar":[]},"aioseo_notices":[],"_links":{"self":[{"href":"https:\/\/blogsaverroes.juntadeandalucia.es\/ceippablopicasso\/wp-json\/wp\/v2\/pages\/2229"}],"collection":[{"href":"https:\/\/blogsaverroes.juntadeandalucia.es\/ceippablopicasso\/wp-json\/wp\/v2\/pages"}],"about":[{"href":"https:\/\/blogsaverroes.juntadeandalucia.es\/ceippablopicasso\/wp-json\/wp\/v2\/types\/page"}],"author":[{"embeddable":true,"href":"https:\/\/blogsaverroes.juntadeandalucia.es\/ceippablopicasso\/wp-json\/wp\/v2\/users\/3441"}],"replies":[{"embeddable":true,"href":"https:\/\/blogsaverroes.juntadeandalucia.es\/ceippablopicasso\/wp-json\/wp\/v2\/comments?post=2229"}],"version-history":[{"count":49,"href":"https:\/\/blogsaverroes.juntadeandalucia.es\/ceippablopicasso\/wp-json\/wp\/v2\/pages\/2229\/revisions"}],"predecessor-version":[{"id":5620,"href":"https:\/\/blogsaverroes.juntadeandalucia.es\/ceippablopicasso\/wp-json\/wp\/v2\/pages\/2229\/revisions\/5620"}],"wp:attachment":[{"href":"https:\/\/blogsaverroes.juntadeandalucia.es\/ceippablopicasso\/wp-json\/wp\/v2\/media?parent=2229"}],"curies":[{"name":"wp","href":"https:\/\/api.w.org\/{rel}","templated":true}]}}