{"id":2370,"date":"2021-03-10T19:48:08","date_gmt":"2021-03-10T17:48:08","guid":{"rendered":"http:\/\/blogsaverroes.juntadeandalucia.es\/ceippablopicasso\/?page_id=2370"},"modified":"2024-02-29T11:00:59","modified_gmt":"2024-02-29T09:00:59","slug":"admision","status":"publish","type":"page","link":"https:\/\/blogsaverroes.juntadeandalucia.es\/ceippablopicasso\/matriculacion\/admision\/","title":{"rendered":"PROCESO ADMISI\u00d3N 1 Marzo AL 1 Abril"},"content":{"rendered":"<p style=\"text-align: left\">Llega el mes de marzo y con \u00e9l el proceso de admisi\u00f3n para el alumnado de nuevo ingreso en nuestro centro<strong>. <\/strong>El alumnado que promociona a <strong>3\u00ba de ESO<\/strong>&nbsp; tiene reservada la plaza en el IES Almunia, no obstante las familias que quieran otro instituto tiene que hacer reserva en \u00e9l del 1 de marzo al 1 de abril.<\/p>\n<p><a href=\"https:\/\/www.juntadeandalucia.es\/educacion\/portals\/web\/escolarizacion\"><img fetchpriority=\"high\" decoding=\"async\" class=\"aligncenter size-medium wp-image-3760\" src=\"https:\/\/blogsaverroes.juntadeandalucia.es\/ceippablopicasso\/files\/2022\/02\/escolarizaci\u00f3n-300x300.jpg\" alt=\"\" width=\"300\" height=\"300\" srcset=\"https:\/\/blogsaverroes.juntadeandalucia.es\/ceippablopicasso\/files\/2022\/02\/escolarizaci\u00f3n.jpg 300w, https:\/\/blogsaverroes.juntadeandalucia.es\/ceippablopicasso\/files\/2022\/02\/escolarizaci\u00f3n-150x150.jpg 150w, https:\/\/blogsaverroes.juntadeandalucia.es\/ceippablopicasso\/files\/2022\/02\/escolarizaci\u00f3n-268x268.jpg 268w\" sizes=\"(max-width: 300px) 100vw, 300px\" \/><\/a><\/p>\n<p style=\"text-align: left\">Pinchando la imagen de arriba acceder\u00e1 al portal de la&nbsp; de la Consejer\u00eda De Educaci\u00f3n y a toda la informaci\u00f3n que necesita conocer sobre el proceso de admisi\u00f3n.<\/p>\n<p><a href=\"https:\/\/blogsaverroes.juntadeandalucia.es\/ceippablopicasso\/files\/2024\/02\/Cartel-Admisi\u00f3n.jpg\"><img decoding=\"async\" class=\"alignleft size-medium wp-image-6423\" src=\"https:\/\/blogsaverroes.juntadeandalucia.es\/ceippablopicasso\/files\/2024\/02\/Cartel-Admisi\u00f3n-240x300.jpg\" alt=\"\" width=\"240\" height=\"300\" srcset=\"https:\/\/blogsaverroes.juntadeandalucia.es\/ceippablopicasso\/files\/2024\/02\/Cartel-Admisi\u00f3n-240x300.jpg 240w, https:\/\/blogsaverroes.juntadeandalucia.es\/ceippablopicasso\/files\/2024\/02\/Cartel-Admisi\u00f3n-818x1024.jpg 818w, https:\/\/blogsaverroes.juntadeandalucia.es\/ceippablopicasso\/files\/2024\/02\/Cartel-Admisi\u00f3n-768x961.jpg 768w, https:\/\/blogsaverroes.juntadeandalucia.es\/ceippablopicasso\/files\/2024\/02\/Cartel-Admisi\u00f3n-700x876.jpg 700w, https:\/\/blogsaverroes.juntadeandalucia.es\/ceippablopicasso\/files\/2024\/02\/Cartel-Admisi\u00f3n.jpg 1023w\" sizes=\"(max-width: 240px) 100vw, 240px\" \/><\/a><\/p>\n<p>&nbsp;<\/p>\n<p>&nbsp;<\/p>\n<p>&nbsp;<\/p>\n<p>&nbsp;<\/p>\n<p>&nbsp;<\/p>\n<p>&nbsp;<\/p>\n<p>&nbsp;<\/p>\n<p>Visita nuestro centro.<\/p>\n<h4 style=\"text-align: center\"><span style=\"color: #000000\"><strong>GU\u00cdA INFORMATIVA PARA LAS FAMILIAS SOLICITANTES DE PUESTO ESCOLAR<\/strong><\/span><\/h4>\n<p><span style=\"color: #000000\">El registro de la solicitud ser\u00e1<strong>&nbsp;<\/strong><\/span><strong>preferentemente telem\u00e1tico<\/strong>&nbsp; . Solo en casos excepcionales se realizar\u00e1 de manera presencial.&nbsp;<\/p>\n<p><span style=\"color: #3366ff\"><span style=\"color: #000000\">Las familias solicitantes podr\u00e1n solicitar puesto escolar mediante solicitud \u00fanica<\/span><span style=\"color: #000080\"> <strong>(<a style=\"color: #000080\" href=\"https:\/\/www.juntadeandalucia.es\/educacion\/portals\/delegate\/content\/7e1d7b27-eaa4-42e7-bfa3-ac436db80ed6\/ANEXO%20III\">ANEXO III<\/a>)&nbsp;<\/strong><\/span><\/span><\/p>\n<h2><span style=\"color: #000000\"><strong>MODOS DE ACCESO AL TR\u00c1MITE:<\/strong><\/span><\/h2>\n<ul style=\"list-style-type: circle\">\n<li><span style=\"color: #000000\">Usando la clave <\/span><span style=\"color: #22bf3a\"><strong><span style=\"color: #000000\">iANDE<\/span>.<\/strong><\/span>&nbsp;&nbsp;&nbsp;<strong> <a href=\"https:\/\/www.juntadeandalucia.es\/educacion\/secretariavirtual\/autenticacion\/autenticacioniANDE\/\">ACCEDER<\/a>. Si no la encuentras o no la tienes contacta con el centro.&nbsp;<\/strong><\/li>\n<li><span style=\"color: #22bf3a\"><span style=\"color: #000000\">Cumplimentando la solicitud<\/span><\/span> <span style=\"color: #000000\">sin necesidad de identificaci\u00f3n previa. Obtendr\u00e1 un <\/span><span style=\"color: #22bf3a\"><span style=\"color: #000000\">fichero<\/span> <span style=\"color: #000000\">pdf<\/span><\/span> que deber\u00e1 imprimir y presentar en el centro educativo seleccionado o Delegaci\u00f3n Territorial, seg\u00fan corresponda, para que su solicitud tenga validez&nbsp; &nbsp;&nbsp;<strong> <a href=\"https:\/\/www.juntadeandalucia.es\/educacion\/secretariavirtual\/accesoTramite\/543\/\">ACCEDER<\/a><\/strong><\/li>\n<\/ul>\n<h3>En caso de necesitar rellenar la documentaci\u00f3n presencialmente pida <strong>CITA PREVIA<\/strong><\/h3>\n<ul style=\"list-style-type: disc\">\n<li>\n<h3><strong>Tel\u00e9fono: 856811960\/697950586<\/strong><\/h3>\n<\/li>\n<\/ul>\n<h2><strong>Otras cuestiones importantes<\/strong><\/h2>\n<p><a href=\"https:\/\/blogsaverroes.juntadeandalucia.es\/ceippablopicasso\/files\/2021\/03\/parte1.png\"><img decoding=\"async\" class=\"wp-image-3387 size-full aligncenter\" src=\"https:\/\/blogsaverroes.juntadeandalucia.es\/ceippablopicasso\/files\/2021\/03\/parte1.png\" alt=\"\" width=\"712\" height=\"462\" srcset=\"https:\/\/blogsaverroes.juntadeandalucia.es\/ceippablopicasso\/files\/2021\/03\/parte1.png 712w, https:\/\/blogsaverroes.juntadeandalucia.es\/ceippablopicasso\/files\/2021\/03\/parte1-300x195.png 300w, https:\/\/blogsaverroes.juntadeandalucia.es\/ceippablopicasso\/files\/2021\/03\/parte1-700x454.png 700w, https:\/\/blogsaverroes.juntadeandalucia.es\/ceippablopicasso\/files\/2021\/03\/parte1-332x215.png 332w\" sizes=\"(max-width: 712px) 100vw, 712px\" \/><\/a>Fechas importantes:<\/p>\n<ul>\n<li><strong>1 de marzo<\/strong>:&nbsp;<strong>Presentaci\u00f3n de solicitudes<\/strong>&nbsp;para centros de ciclo Infantil a Bachillerato. Se podr\u00e1n presentar&nbsp;<strong>hasta Principio del mes siguiente, lunes 1 de abril<\/strong>. Se recomienda que la presencia sea telem\u00e1tica, aunque si tiene alguna duda o quiere rellenarla en el centro se tiene ajustar al horario y los d\u00edas que estar\u00e1 abierto.<\/li>\n<li><strong>10 de abril<\/strong>:&nbsp;<strong>Relaci\u00f3n baremada<\/strong>&nbsp;de cada alumno solicitante. Los centros tendr\u00e1n <strong>hasta el 18 de abril<\/strong>&nbsp;para publicar el listado.<\/li>\n<li><strong>19 de abril<\/strong>: Se abre el&nbsp;<strong>periodo de audiencia<\/strong>&nbsp;para las familias que no est\u00e9n de acuerdo con su puntuaci\u00f3n. Este periodo llegar\u00e1 <strong>hasta el 3 de mayo<\/strong>.<\/li>\n<li><strong>15 de mayo<\/strong>: <strong>Sorteo p\u00fablico para decidir los empates de puntuaci\u00f3n.<\/strong><\/li>\n<li><strong>16 de mayo<\/strong>: <strong>Listado de los alumnos admitidos<\/strong>&nbsp;en los colegios e institutos elegidos.<\/li>\n<li><strong>26 de mayo<\/strong>: Se publica el&nbsp;<strong>listado con el destino de los alumnos que no hayan obtenido plaza en su primera opci\u00f3n de centro<\/strong>.<\/li>\n<li><strong>27 de mayo<\/strong>: Se abre un&nbsp;<strong>periodo de reclamaciones\/recursos de alzada<\/strong>&nbsp;que se prolongar\u00e1 durante un mes,&nbsp;<strong>hasta el 26 de junio<\/strong>.<\/li>\n<\/ul>\n<p><a href=\"https:\/\/blogsaverroes.juntadeandalucia.es\/ceippablopicasso\/files\/2021\/03\/Captura-4.png\"><img loading=\"lazy\" decoding=\"async\" class=\"alignnone wp-image-3396 size-full\" src=\"https:\/\/blogsaverroes.juntadeandalucia.es\/ceippablopicasso\/files\/2021\/03\/Captura-4.png\" alt=\"\" width=\"1063\" height=\"198\" srcset=\"https:\/\/blogsaverroes.juntadeandalucia.es\/ceippablopicasso\/files\/2021\/03\/Captura-4.png 1063w, https:\/\/blogsaverroes.juntadeandalucia.es\/ceippablopicasso\/files\/2021\/03\/Captura-4-300x56.png 300w, https:\/\/blogsaverroes.juntadeandalucia.es\/ceippablopicasso\/files\/2021\/03\/Captura-4-1024x191.png 1024w, https:\/\/blogsaverroes.juntadeandalucia.es\/ceippablopicasso\/files\/2021\/03\/Captura-4-768x143.png 768w, https:\/\/blogsaverroes.juntadeandalucia.es\/ceippablopicasso\/files\/2021\/03\/Captura-4-700x130.png 700w, https:\/\/blogsaverroes.juntadeandalucia.es\/ceippablopicasso\/files\/2021\/03\/Captura-4-332x62.png 332w\" sizes=\"(max-width: 1063px) 100vw, 1063px\" \/><\/a><\/p>\n<p><strong>Descargue la app iEscolariza&nbsp;<\/strong><\/p>\n<p><a href=\"https:\/\/itunes.apple.com\/es\/app\/iescolariza\/id606516551?l=en&amp;mt=8\" target=\"_blank\" rel=\"noopener noreferrer\"><img decoding=\"async\" title=\"App Store Banner\" src=\"https:\/\/www.juntadeandalucia.es\/educacion\/portals\/ishare-servlet\/content\/9b0d9e97-8617-4bbf-a014-2cdfdf74383b\" alt=\"App Store Banner\"\/><\/a>&nbsp;<img decoding=\"async\" src=\"https:\/\/www.juntadeandalucia.es\/educacion\/portals\/ishare-servlet\/content\/23c0f2b9-0283-458a-91ab-91125f5e4080\"\/>&nbsp;<a href=\"https:\/\/play.google.com\/store\/apps\/details?id=es.juntadeandalucia.ced.escolarizacion\" target=\"_blank\" rel=\"noopener noreferrer\"><img decoding=\"async\" title=\"Google Play Banner\" src=\"https:\/\/www.juntadeandalucia.es\/educacion\/portals\/ishare-servlet\/content\/5b54ea6f-31a2-47ed-aabf-3538155bfd86\" alt=\"Google Play Banner\"\/><\/a><\/p>\n<h1><strong>CONOZCA NUESTRO CENTRO<\/strong>.<\/h1>\n<p>Os invitamos a visitar nuestro centro, aunque aqu\u00ed os dejamos un \u00abaperitivo\u00bb<\/p>\n<div style=\"width: 100%\">\n<div style=\"padding-bottom: 56.25%;padding-top: 0;height: 0\"><iframe src=\"https:\/\/view.genial.ly\/6215104fadc80d0012bbcd93\" width=\"700\" height=\"450\" frameborder=\"0\" scrolling=\"yes\"><\/iframe><\/div>\n<\/div>\n","protected":false},"excerpt":{"rendered":"<p>Llega el mes de marzo y con \u00e9l el proceso de admisi\u00f3n para el alumnado de nuevo ingreso en nuestro centro. El alumnado que promociona a 3\u00ba de ESO&nbsp; tiene reservada la plaza en&#46;&#46;&#46;<\/p>\n","protected":false},"author":3441,"featured_media":6423,"parent":2229,"menu_order":0,"comment_status":"closed","ping_status":"closed","template":"","meta":{"ngg_post_thumbnail":0,"footnotes":"","_mc_calendar":[]},"aioseo_notices":[],"_links":{"self":[{"href":"https:\/\/blogsaverroes.juntadeandalucia.es\/ceippablopicasso\/wp-json\/wp\/v2\/pages\/2370"}],"collection":[{"href":"https:\/\/blogsaverroes.juntadeandalucia.es\/ceippablopicasso\/wp-json\/wp\/v2\/pages"}],"about":[{"href":"https:\/\/blogsaverroes.juntadeandalucia.es\/ceippablopicasso\/wp-json\/wp\/v2\/types\/page"}],"author":[{"embeddable":true,"href":"https:\/\/blogsaverroes.juntadeandalucia.es\/ceippablopicasso\/wp-json\/wp\/v2\/users\/3441"}],"replies":[{"embeddable":true,"href":"https:\/\/blogsaverroes.juntadeandalucia.es\/ceippablopicasso\/wp-json\/wp\/v2\/comments?post=2370"}],"version-history":[{"count":44,"href":"https:\/\/blogsaverroes.juntadeandalucia.es\/ceippablopicasso\/wp-json\/wp\/v2\/pages\/2370\/revisions"}],"predecessor-version":[{"id":3393,"href":"https:\/\/blogsaverroes.juntadeandalucia.es\/ceippablopicasso\/wp-json\/wp\/v2\/pages\/2370\/revisions\/3393"}],"up":[{"embeddable":true,"href":"https:\/\/blogsaverroes.juntadeandalucia.es\/ceippablopicasso\/wp-json\/wp\/v2\/pages\/2229"}],"wp:featuredmedia":[{"embeddable":true,"href":"https:\/\/blogsaverroes.juntadeandalucia.es\/ceippablopicasso\/wp-json\/wp\/v2\/media\/6423"}],"wp:attachment":[{"href":"https:\/\/blogsaverroes.juntadeandalucia.es\/ceippablopicasso\/wp-json\/wp\/v2\/media?parent=2370"}],"curies":[{"name":"wp","href":"https:\/\/api.w.org\/{rel}","templated":true}]}}