{"id":3051,"date":"2020-09-05T18:28:37","date_gmt":"2020-09-05T16:28:37","guid":{"rendered":"http:\/\/blogsaverroes.juntadeandalucia.es\/ceippablopicasso\/?page_id=3051"},"modified":"2026-04-13T09:13:39","modified_gmt":"2026-04-13T07:13:39","slug":"equipo-docente","status":"publish","type":"page","link":"https:\/\/blogsaverroes.juntadeandalucia.es\/ceippablopicasso\/equipo-docente\/","title":{"rendered":"Equipo Docente 25\/26"},"content":{"rendered":"<h3><span style=\"color: #3366ff\">Tutor\u00edas Educaci\u00f3n Infantil<\/span><\/h3>\n<div class=\"page\" title=\"Page 1\">\n<div class=\"section\">\n<div class=\"layoutArea\">\n<div class=\"column\">\n<p><strong>Tutora 3 a\u00f1os<\/strong>: <em>Mar\u00eda Jes\u00fas del R\u00edo Mej\u00edas <\/em><\/p>\n<p><strong>Tutora 4 a\u00f1os<\/strong>:<em>&nbsp;<\/em><em>Isabel Mar\u00eda&nbsp;Mar\u00edn Herrero<\/em><\/p>\n<p><strong>Tutora 5 a\u00f1os<\/strong>: <em>Mar\u00eda de los \u00c1ngeles R\u00edo Rodr\u00edguez<\/em><\/p>\n<h3><span style=\"color: #3366ff\">Tutor\u00edas Educaci\u00f3n Primaria<\/span><\/h3>\n<div class=\"page\" title=\"Page 1\">\n<div class=\"section\">\n<div class=\"layoutArea\">\n<div class=\"column\">\n<p><strong>Tutora 1\u00ba Primaria<\/strong>: <em>M\u00aa Paloma Garc\u00eda Chaves<br \/>\n<\/em><\/p>\n<p><strong>Tutor 2\u00ba Primaria<\/strong>: <em>Nieves S\u00e1nchez Rueda<\/em><\/p>\n<p><strong>Tutor 3\u00ba Primaria<\/strong>: <em>Sonia Su\u00e1rez Torres<\/em><\/p>\n<p><strong>Tutora 4\u00ba Primaria<\/strong>:&nbsp; <em>Inma Luque V\u00e1zquez<br \/>\n<\/em><\/p>\n<p><strong>Tutor 5\u00ba Primaria<\/strong>: <em>Estefan\u00eda Pe\u00f1a Bustillo (Especialista Ingl\u00e9s primaria)<\/em><em><br \/>\n<\/em><\/p>\n<p><strong>Tutora 6\u00ba Primaria<\/strong>: <em>&nbsp;Bernardo Oneto Castilla (Especialista Educaci\u00f3n F\u00edsica primaria)<br \/>\n<\/em><\/p>\n<h3><span style=\"color: #3366ff\">Tutor\u00edas Educaci\u00f3n Secundaria:<\/span><\/h3>\n<div class=\"page\" title=\"Page 1\">\n<div class=\"section\">\n<div class=\"layoutArea\">\n<div class=\"column\">\n<p><strong>Tutora 1\u00ba ESO <\/strong><em>Cristina Salvador Amedey (Especialista de Matem\u00e1ticas)<\/em><em><br \/>\n<\/em><\/p>\n<p><strong>Tutor 2\u00ba ESO<\/strong>: <em>Paula Rom\u00e1n V\u00e1zquez (Especialista de Geograf\u00eda e Historia)<br \/>\n<\/em><\/p>\n<h3><span style=\"color: #3366ff\">Especialistas&nbsp;<\/span><\/h3>\n<p><span style=\"color: #3366ff\">Especialistas ESO\/Primaria (no tutores de grupo)<\/span><\/p>\n<p><span style=\"color: #000000\"><strong>Educaci\u00f3n F\u00edsica (Primaria y secundaria)<\/strong>:<\/span> <em>M\u00aa Jos\u00e9 Albacete Romero<\/em><em><span style=\"font-family: 'Open Sans', sans-serif;font-size: 15px\"><br \/>\n<\/span><\/em><\/p>\n<p><strong>M\u00fasica<\/strong>: <em>Cristina Dom\u00ednguez Lebrero<\/em><\/p>\n<p><strong>Ingl\u00e9s (Secundaria)<\/strong>: <em>Marcos Clavijo Garc\u00eda<br \/>\n<\/em><\/p>\n<p><strong>Ingl\u00e9s (Infantil y primaria):<\/strong>&nbsp;<em>Mar\u00eda Jes\u00fas Cruz P\u00e9rez<\/em><\/p>\n<p><strong>Lengua (Secundaria): <\/strong><em>Marcos Clavijo Garc\u00eda (1\u00ba ESO) y Manuela Galeano Villegas (2\u00ba ESO)<\/em><\/p>\n<p><strong>Franc\u00e9s: <\/strong><em>Manuela Galeano Villegas (Primaria\/ Secundaria)<\/em><\/p>\n<p><strong>Religi\u00f3n<\/strong>:&nbsp;<em><span style=\"font-family: 'Open Sans', sans-serif;font-size: 15px\">Mar\u00eda&nbsp;<\/span>Rosado Verano (Infantil \/ Primaria)<\/em><\/p>\n<p><strong>Religi\u00f3n<\/strong>:&nbsp;<em><span style=\"font-family: 'Open Sans', sans-serif;font-size: 15px\">Mar\u00eda Luisa<\/span>&nbsp;Jurado Ortega (Secundaria)<\/em><\/p>\n<p style=\"font-style: normal\"><span style=\"color: #3366ff\">Pedagog\u00eda Terap\u00e9utica:<\/span><\/p>\n<p style=\"font-style: normal\"><span style=\"color: #000000\"><strong>Educaci\u00f3n Secundaria<\/strong>:&nbsp;<\/span><span style=\"font-family: 'Open Sans', sans-serif;font-size: 15px;font-style: normal\">&nbsp;<\/span><em><span style=\"font-family: 'Open Sans', sans-serif;font-size: 15px\">Mar\u00eda Morales Holgado<\/span><\/em><\/p>\n<p style=\"font-style: normal\"><span style=\"color: #000000\"><strong>Educaci\u00f3n Infantil \/ Primaria<\/strong>:&nbsp; <em>Ana<\/em> <\/span><em><span style=\"font-family: 'Open Sans', sans-serif;font-size: 15px\">Lorena Ram\u00f3n Rivera<br \/>\n<\/span><\/em><\/p>\n<\/div>\n<\/div>\n<\/div>\n<\/div>\n<\/div>\n<\/div>\n<\/div>\n<\/div>\n<\/div>\n<\/div>\n<\/div>\n<\/div>\n","protected":false},"excerpt":{"rendered":"<p>Tutor\u00edas Educaci\u00f3n Infantil Tutora 3 a\u00f1os: Mar\u00eda Jes\u00fas del R\u00edo Mej\u00edas Tutora 4 a\u00f1os:&nbsp;Isabel Mar\u00eda&nbsp;Mar\u00edn Herrero Tutora 5 a\u00f1os: Mar\u00eda de los \u00c1ngeles R\u00edo Rodr\u00edguez Tutor\u00edas Educaci\u00f3n Primaria Tutora 1\u00ba Primaria: M\u00aa Paloma Garc\u00eda&#46;&#46;&#46;<\/p>\n","protected":false},"author":3441,"featured_media":0,"parent":0,"menu_order":0,"comment_status":"closed","ping_status":"closed","template":"","meta":{"ngg_post_thumbnail":0,"footnotes":"","_mc_calendar":[]},"aioseo_notices":[],"_links":{"self":[{"href":"https:\/\/blogsaverroes.juntadeandalucia.es\/ceippablopicasso\/wp-json\/wp\/v2\/pages\/3051"}],"collection":[{"href":"https:\/\/blogsaverroes.juntadeandalucia.es\/ceippablopicasso\/wp-json\/wp\/v2\/pages"}],"about":[{"href":"https:\/\/blogsaverroes.juntadeandalucia.es\/ceippablopicasso\/wp-json\/wp\/v2\/types\/page"}],"author":[{"embeddable":true,"href":"https:\/\/blogsaverroes.juntadeandalucia.es\/ceippablopicasso\/wp-json\/wp\/v2\/users\/3441"}],"replies":[{"embeddable":true,"href":"https:\/\/blogsaverroes.juntadeandalucia.es\/ceippablopicasso\/wp-json\/wp\/v2\/comments?post=3051"}],"version-history":[{"count":20,"href":"https:\/\/blogsaverroes.juntadeandalucia.es\/ceippablopicasso\/wp-json\/wp\/v2\/pages\/3051\/revisions"}],"predecessor-version":[{"id":7173,"href":"https:\/\/blogsaverroes.juntadeandalucia.es\/ceippablopicasso\/wp-json\/wp\/v2\/pages\/3051\/revisions\/7173"}],"wp:attachment":[{"href":"https:\/\/blogsaverroes.juntadeandalucia.es\/ceippablopicasso\/wp-json\/wp\/v2\/media?parent=3051"}],"curies":[{"name":"wp","href":"https:\/\/api.w.org\/{rel}","templated":true}]}}